{"id":7288,"date":"2017-01-25T20:03:29","date_gmt":"2017-01-25T20:03:29","guid":{"rendered":"https:\/\/1aa340fc3d.nxcli.io\/\/stagingget-in-touch\/join-our-panel\/"},"modified":"2024-01-09T14:08:56","modified_gmt":"2024-01-09T19:08:56","slug":"rejoignez-notre-panel","status":"publish","type":"page","link":"https:\/\/staging.sago.com\/fr\/get-in-touch\/rejoignez-notre-panel\/","title":{"rendered":"Join Our Panel"},"content":{"rendered":"<div class=\"wpb-content-wrapper\"><p>[vc_row section_skin=\u00a0\u00bbquaternary\u00a0\u00bb animation_type=\u00a0\u00bbfadeInUp\u00a0\u00bb css=\u00a0\u00bb.vc_custom_1676659771219{padding-top: 50px !important;padding-bottom: 50px !important;}\u00a0\u00bb conditional_render=\u00a0\u00bb%5B%7B%22value_role%22%3A%22administrator%22%7D%5D\u00a0\u00bb][vc_column conditional_render=\u00a0\u00bb%5B%7B%22value_role%22%3A%22administrator%22%7D%5D\u00a0\u00bb][vc_row_inner equal_height=\u00a0\u00bbyes\u00a0\u00bb][vc_column_inner width=\u00a0\u00bb1\/3&Prime;][vc_column_text el_class=\u00a0\u00bbsago-green-block\u00a0\u00bb]<\/p>\n<div><img  title=\"\"  alt=\"sago\" decoding=\"async\" class=\"iconsarea\" src=\"https:\/\/staging.sago.com\/wp-content\/uploads\/2023\/02\/AudienceIcon.png\" \/><\/div>\n<h3 class=\"imp-question\">Qui peut rejondre notre panel ?<\/h3>\n<p class=\"imp-para\">Nous sommes toujours \u00e0 la recherche de gens honn\u00eates et enthousiastes et nous recherchons des:<\/p>\n<ul class=\"imp-para-ul\">\n<li>Consommateurs<\/li>\n<li>Chefs d\u2019entreprise<\/li>\n<li>Professionnels de sant\u00e9<\/li>\n<li>Patients<\/li>\n<li>Aidants<\/li>\n<\/ul>\n<p>[\/vc_column_text][\/vc_column_inner][vc_column_inner width=\u00a0\u00bb1\/3&Prime;][vc_column_text el_class=\u00a0\u00bbsago-green-block\u00a0\u00bb]<\/p>\n<div><img  title=\"\"  alt=\"sago\" decoding=\"async\" class=\"iconsarea\" src=\"https:\/\/staging.sago.com\/wp-content\/uploads\/2023\/02\/QualitativeIcon.png\" \/><\/div>\n<h3 class=\"imp-question\">Comment Participer ?<\/h3>\n<p class=\"imp-para\">Les membres de notre panel participent \u00e0 des \u00e9tudes de march\u00e9 de plusieurs fa\u00e7ons.<\/p>\n<ul class=\"imp-para-ul\">\n<li>En ligne<\/li>\n<li>Par t\u00e9l\u00e9phone, \u00e0 un horaire fix\u00e9<\/li>\n<li>Groupes de discussion ou entretiens en face \u00e0 face<\/li>\n<li>En tant que membre d\u2019une communaut\u00e9 en ligne<\/li>\n<li>En recevant des produits \u00e0 tester<\/li>\n<\/ul>\n<p>[\/vc_column_text][\/vc_column_inner][vc_column_inner width=\u00a0\u00bb1\/3&Prime;][vc_column_text el_class=\u00a0\u00bbsago-green-block\u00a0\u00bb]<\/p>\n<div><img  title=\"\"  alt=\"sago\" decoding=\"async\" class=\"iconsarea\" src=\"https:\/\/staging.sago.com\/wp-content\/uploads\/2023\/02\/QualitativeIcon.png\" \/><\/div>\n<h3 class=\"imp-question\">Pr\u00eat \u00e0 nous rejoindre ?<\/h3>\n<p class=\"imp-para\">Vous pouvez egalement mettre a jour votre profil ou vous desinscrire en suivant les liens ci-dessous.<\/p>\n<p>[\/vc_column_text][\/vc_column_inner][\/vc_row_inner][\/vc_column][\/vc_row][vc_row full_width=\u00a0\u00bbstretch_row\u00a0\u00bb gap=\u00a0\u00bb35&Prime; css=\u00a0\u00bb.vc_custom_1676748099548{padding-top: 50px !important;padding-bottom: 50px !important;}\u00a0\u00bb conditional_render=\u00a0\u00bb%5B%7B%22value_role%22%3A%22administrator%22%7D%5D\u00a0\u00bb][vc_column][vc_row_inner css=\u00a0\u00bb.vc_custom_1676635359167{padding-bottom: 25px !important;}\u00a0\u00bb][vc_column_inner width=\u00a0\u00bb1\/4&Prime;][vc_column_text]<\/p>\n<p style=\"text-align: left;\"><strong>FRANCE<\/strong><\/p>\n<p><img  title=\"\" loading=\"lazy\" decoding=\"async\" class=\"alignnone wp-image-52432\" src=\"https:\/\/staging.sago.com\/wp-content\/uploads\/2023\/02\/Opinions-Partagees-e1676634518887-300x28.png\"  alt=\"sago\"  width=\"255\" height=\"24\" \/><\/p>\n<p><a class=\"button\" href=\"https:\/\/www.opinionspartagees.fr\/Account\/Join?source=49836\">Rejoindre notre panel<\/a>[\/vc_column_text][\/vc_column_inner][vc_column_inner width=\u00a0\u00bb1\/4&Prime;][vc_column_text]<\/p>\n<p style=\"text-align: left;\"><strong>CANADA<\/strong><\/p>\n<p><img  title=\"\" loading=\"lazy\" decoding=\"async\" class=\"alignnone wp-image-52420\" src=\"https:\/\/staging.sago.com\/wp-content\/uploads\/2023\/02\/Asking-Canadians-e1676634265568-300x30.png\"  alt=\"sago\"  width=\"239\" height=\"24\" \/><\/p>\n<p><a class=\"button\" href=\"https:\/\/portal.askingcanadiansprojects.com\/register\">Rejoindre notre panel<\/a>[\/vc_column_text][\/vc_column_inner][vc_column_inner width=\u00a0\u00bb1\/4&Prime;][vc_column_text]<\/p>\n<p style=\"text-align: left;\"><strong>USA<\/strong><\/p>\n<p><img  title=\"\" loading=\"lazy\" decoding=\"async\" class=\"wp-image-52424 alignnone\" src=\"https:\/\/staging.sago.com\/wp-content\/uploads\/2023\/02\/Focus-Group-e1676634137536-300x39.png\"  alt=\"sago\"  width=\"182\" height=\"24\" \/><\/p>\n<p><a class=\"button\" href=\"https:\/\/www.focusgroup.com\/Account\/Join?source=49836\">Rejoindre notre panel<\/a>[\/vc_column_text][\/vc_column_inner][vc_column_inner width=\u00a0\u00bb1\/4&Prime;][vc_column_text]<\/p>\n<p style=\"text-align: left;\"><strong>UNITED KINGDOM<\/strong><\/p>\n<p><img  title=\"\" loading=\"lazy\" decoding=\"async\" class=\"wp-image-52428 alignnone\" src=\"https:\/\/staging.sago.com\/wp-content\/uploads\/2023\/02\/Inspired-Opinions-e1676634411975-300x31.png\"  alt=\"sago\"  width=\"235\" height=\"24\" \/><\/p>\n<p><a class=\"button\" href=\"https:\/\/www.inspiredopinions.co.uk\/Account\/Join?source=49836\">Rejoindre notre panel<\/a>[\/vc_column_text][\/vc_column_inner][\/vc_row_inner][vc_row_inner css=\u00a0\u00bb.vc_custom_1676631905511{padding-top: 25px !important;}\u00a0\u00bb][vc_column_inner width=\u00a0\u00bb1\/4&Prime;][vc_column_text]<\/p>\n<p style=\"text-align: left;\"><strong>GERMANY<\/strong><\/p>\n<p><img  title=\"\" loading=\"lazy\" decoding=\"async\" class=\"alignnone wp-image-52440\" src=\"https:\/\/staging.sago.com\/wp-content\/uploads\/2023\/02\/Sag-uns-die-meinung--e1676634635945-300x26.png\"  alt=\"sago\"  width=\"275\" height=\"24\" \/><\/p>\n<p style=\"text-align: left;\"><a class=\"button\" href=\"https:\/\/www.sagunsdiemeinung.de\/Account\/Join?source=49836\">Rejoindre notre panel<\/a><\/p>\n<p>[\/vc_column_text][\/vc_column_inner][vc_column_inner width=\u00a0\u00bb1\/4&Prime;][vc_column_text]<\/p>\n<p style=\"text-align: left;\"><strong>SPAIN<\/strong><\/p>\n<p><img  title=\"\" loading=\"lazy\" decoding=\"async\" class=\"alignnone wp-image-52436\" src=\"https:\/\/staging.sago.com\/wp-content\/uploads\/2023\/02\/Personas-con-opinions-300x24.png\"  alt=\"sago\"  width=\"300\" height=\"24\" \/><\/p>\n<p><a class=\"button\" href=\"https:\/\/www.personasconopinion.com\/Account\/Join?source=49836\">Rejoindre notre panel<\/a>[\/vc_column_text][\/vc_column_inner][vc_column_inner width=\u00a0\u00bb1\/4&Prime;][\/vc_column_inner][vc_column_inner width=\u00a0\u00bb1\/4&Prime;][\/vc_column_inner][\/vc_row_inner][\/vc_column][\/vc_row][vc_row gap=\u00a0\u00bb35&Prime; equal_height=\u00a0\u00bbyes\u00a0\u00bb conditional_render=\u00a0\u00bb%5B%7B%22value_role%22%3A%22administrator%22%7D%5D\u00a0\u00bb css=\u00a0\u00bb.vc_custom_1676920465274{padding-top: 50px !important;padding-bottom: 50px !important;}\u00a0\u00bb][vc_column width=\u00a0\u00bb1\/2&Prime; css=\u00a0\u00bb.vc_custom_1676239417174{padding-right: 0px !important;padding-left: 0px !important;}\u00a0\u00bb conditional_render=\u00a0\u00bb%5B%7B%22value_role%22%3A%22administrator%22%7D%5D\u00a0\u00bb][vc_column_text el_class=\u00a0\u00bbcalloutmatte\u00a0\u00bb]<\/p>\n<h3 style=\"text-align: left;\">Don&rsquo;t see your country listed here?<\/h3>\n<p style=\"text-align: left;\">Check out our global panel, SayMore.<\/p>\n<p style=\"text-align: left;\"><a class=\"button\" href=\"https:\/\/www.saymore.io\/Account\/Join\">Learn more<\/a><\/p>\n<p>[\/vc_column_text][vc_row_inner][vc_column_inner][\/vc_column_inner][\/vc_row_inner][\/vc_column][vc_column width=\u00a0\u00bb1\/2&Prime;][vc_column_text el_class=\u00a0\u00bbcalloutmatte\u00a0\u00bb]<\/p>\n<h3>Attention aux fraudeurs<\/h3>\n<p>Apprenez les bases pour vous prot\u00e9ger des arnaques dans vos \u00e9tudes de march\u00e9.<\/p>\n<p style=\"text-align: left;\"><a class=\"button\" href=\"https:\/\/staging.sago.com\/fr\/recognize-fraud-in-marketing-research\/\">En savoir plus<\/a><\/p>\n<p>[\/vc_column_text][\/vc_column][\/vc_row]<\/p>\n<\/div>","protected":false},"excerpt":{"rendered":"<p>[vc_row section_skin=\u00a0\u00bbquaternary\u00a0\u00bb animation_type=\u00a0\u00bbfadeInUp\u00a0\u00bb css=\u00a0\u00bb.vc_custom_1676659771219{padding-top: 50px !important;padding-bottom: 50px !important;}\u00a0\u00bb conditional_render=\u00a0\u00bb%5B%7B%22value_role%22%3A%22administrator%22%7D%5D\u00a0\u00bb][vc_column conditional_render=\u00a0\u00bb%5B%7B%22value_role%22%3A%22administrator%22%7D%5D\u00a0\u00bb][vc_row_inner equal_height=\u00a0\u00bbyes\u00a0\u00bb][vc_column_inner width=\u00a0\u00bb1\/3&Prime;][vc_column_text el_class=\u00a0\u00bbsago-green-block\u00a0\u00bb] Qui peut rejondre notre panel ? Nous sommes toujours \u00e0 la recherche de gens honn\u00eates et enthousiastes et nous recherchons des: Consommateurs Chefs d\u2019entreprise Professionnels de sant\u00e9 Patients Aidants [\/vc_column_text][\/vc_column_inner][vc_column_inner width=\u00a0\u00bb1\/3&Prime;][vc_column_text el_class=\u00a0\u00bbsago-green-block\u00a0\u00bb] Comment Participer ? Les membres de notre panel participent \u00e0 [&hellip;]<\/p>\n","protected":false},"author":6,"featured_media":49823,"parent":7268,"menu_order":4,"comment_status":"closed","ping_status":"closed","template":"who-we-are.php","meta":{"_acf_changed":false,"content-type":"","footnotes":""},"categories":[],"tags":[],"city":[],"class_list":["post-7288","page","type-page","status-publish","has-post-thumbnail","hentry"],"acf":[],"yoast_head":"<!-- This site is optimized with the Yoast SEO Premium plugin v19.7 (Yoast SEO v27.3) - https:\/\/yoast.com\/product\/yoast-seo-premium-wordpress\/ -->\n<title>Join Our Panel | Sago<\/title>\n<meta name=\"robots\" content=\"noindex, follow, max-snippet:-1, max-image-preview:large, max-video-preview:-1\" \/>\n<meta property=\"og:locale\" content=\"fr_FR\" \/>\n<meta property=\"og:type\" content=\"article\" \/>\n<meta property=\"og:title\" content=\"Join Our Panel\" \/>\n<meta property=\"og:description\" content=\"[vc_row section_skin=\u00a0\u00bbquaternary\u00a0\u00bb animation_type=\u00a0\u00bbfadeInUp\u00a0\u00bb css=\u00a0\u00bb.vc_custom_1676659771219{padding-top: 50px !important;padding-bottom: 50px !important;}\u00a0\u00bb conditional_render=\u00a0\u00bb%5B%7B%22value_role%22%3A%22administrator%22%7D%5D\u00a0\u00bb][vc_column conditional_render=\u00a0\u00bb%5B%7B%22value_role%22%3A%22administrator%22%7D%5D\u00a0\u00bb][vc_row_inner equal_height=\u00a0\u00bbyes\u00a0\u00bb][vc_column_inner width=\u00a0\u00bb1\/3&Prime;][vc_column_text el_class=\u00a0\u00bbsago-green-block\u00a0\u00bb] Qui peut rejondre notre panel ? Nous sommes toujours \u00e0 la recherche de gens honn\u00eates et enthousiastes et nous recherchons des: Consommateurs Chefs d\u2019entreprise Professionnels de sant\u00e9 Patients Aidants [\/vc_column_text][\/vc_column_inner][vc_column_inner width=\u00a0\u00bb1\/3&Prime;][vc_column_text el_class=\u00a0\u00bbsago-green-block\u00a0\u00bb] Comment Participer ? Les membres de notre panel participent \u00e0 [&hellip;]\" \/>\n<meta property=\"og:url\" content=\"https:\/\/staging.sago.com\/fr\/get-in-touch\/rejoignez-notre-panel\/\" \/>\n<meta property=\"og:site_name\" content=\"Sago\" \/>\n<meta property=\"article:publisher\" content=\"https:\/\/www.facebook.com\/sagomrx\" \/>\n<meta property=\"article:modified_time\" content=\"2024-01-09T19:08:56+00:00\" \/>\n<meta property=\"og:image\" content=\"https:\/\/staging.sago.com\/wp-content\/uploads\/2023\/01\/shutterstock_708814942.jpg\" \/>\n\t<meta property=\"og:image:width\" content=\"800\" \/>\n\t<meta property=\"og:image:height\" content=\"533\" \/>\n\t<meta property=\"og:image:type\" content=\"image\/jpeg\" \/>\n<meta name=\"twitter:card\" content=\"summary_large_image\" \/>\n<meta name=\"twitter:site\" content=\"@sagomrx\" \/>\n<meta name=\"twitter:label1\" content=\"Dur\u00e9e de lecture estim\u00e9e\" \/>\n\t<meta name=\"twitter:data1\" content=\"4 minutes\" \/>\n<script type=\"application\/ld+json\" class=\"yoast-schema-graph\">{\"@context\":\"https:\\\/\\\/schema.org\",\"@graph\":[{\"@type\":\"WebPage\",\"@id\":\"https:\\\/\\\/staging.sago.com\\\/fr\\\/get-in-touch\\\/rejoignez-notre-panel\\\/\",\"url\":\"https:\\\/\\\/staging.sago.com\\\/fr\\\/get-in-touch\\\/rejoignez-notre-panel\\\/\",\"name\":\"Join Our Panel | Sago\",\"isPartOf\":{\"@id\":\"https:\\\/\\\/staging.sago.com\\\/fr\\\/#website\"},\"primaryImageOfPage\":{\"@id\":\"https:\\\/\\\/staging.sago.com\\\/fr\\\/get-in-touch\\\/rejoignez-notre-panel\\\/#primaryimage\"},\"image\":{\"@id\":\"https:\\\/\\\/staging.sago.com\\\/fr\\\/get-in-touch\\\/rejoignez-notre-panel\\\/#primaryimage\"},\"thumbnailUrl\":\"https:\\\/\\\/staging.sago.com\\\/wp-content\\\/uploads\\\/2023\\\/01\\\/shutterstock_708814942.jpg\",\"datePublished\":\"2017-01-25T20:03:29+00:00\",\"dateModified\":\"2024-01-09T19:08:56+00:00\",\"breadcrumb\":{\"@id\":\"https:\\\/\\\/staging.sago.com\\\/fr\\\/get-in-touch\\\/rejoignez-notre-panel\\\/#breadcrumb\"},\"inLanguage\":\"fr-FR\",\"potentialAction\":[{\"@type\":\"ReadAction\",\"target\":[\"https:\\\/\\\/staging.sago.com\\\/fr\\\/get-in-touch\\\/rejoignez-notre-panel\\\/\"]}]},{\"@type\":\"ImageObject\",\"inLanguage\":\"fr-FR\",\"@id\":\"https:\\\/\\\/staging.sago.com\\\/fr\\\/get-in-touch\\\/rejoignez-notre-panel\\\/#primaryimage\",\"url\":\"https:\\\/\\\/staging.sago.com\\\/wp-content\\\/uploads\\\/2023\\\/01\\\/shutterstock_708814942.jpg\",\"contentUrl\":\"https:\\\/\\\/staging.sago.com\\\/wp-content\\\/uploads\\\/2023\\\/01\\\/shutterstock_708814942.jpg\",\"width\":800,\"height\":533},{\"@type\":\"BreadcrumbList\",\"@id\":\"https:\\\/\\\/staging.sago.com\\\/fr\\\/get-in-touch\\\/rejoignez-notre-panel\\\/#breadcrumb\",\"itemListElement\":[{\"@type\":\"ListItem\",\"position\":1,\"name\":\"Home\",\"item\":\"https:\\\/\\\/staging.sago.com\\\/fr\\\/\"},{\"@type\":\"ListItem\",\"position\":2,\"name\":\"Join Our Panel\"}]},{\"@type\":\"WebSite\",\"@id\":\"https:\\\/\\\/staging.sago.com\\\/fr\\\/#website\",\"url\":\"https:\\\/\\\/staging.sago.com\\\/fr\\\/\",\"name\":\"Sago\",\"description\":\"Adaptable Solutions. Confident Decisions.\",\"publisher\":{\"@id\":\"https:\\\/\\\/staging.sago.com\\\/fr\\\/#organization\"},\"potentialAction\":[{\"@type\":\"SearchAction\",\"target\":{\"@type\":\"EntryPoint\",\"urlTemplate\":\"https:\\\/\\\/staging.sago.com\\\/fr\\\/?s={search_term_string}\"},\"query-input\":{\"@type\":\"PropertyValueSpecification\",\"valueRequired\":true,\"valueName\":\"search_term_string\"}}],\"inLanguage\":\"fr-FR\"},{\"@type\":\"Organization\",\"@id\":\"https:\\\/\\\/staging.sago.com\\\/fr\\\/#organization\",\"name\":\"Sago\",\"url\":\"https:\\\/\\\/staging.sago.com\\\/fr\\\/\",\"logo\":{\"@type\":\"ImageObject\",\"inLanguage\":\"fr-FR\",\"@id\":\"https:\\\/\\\/staging.sago.com\\\/fr\\\/#\\\/schema\\\/logo\\\/image\\\/\",\"url\":\"https:\\\/\\\/3c98cd88ae.nxcli.io\\\/wp-content\\\/uploads\\\/2023\\\/02\\\/Sago-Standard-Logo.jpg\",\"contentUrl\":\"https:\\\/\\\/3c98cd88ae.nxcli.io\\\/wp-content\\\/uploads\\\/2023\\\/02\\\/Sago-Standard-Logo.jpg\",\"width\":200,\"height\":200,\"caption\":\"Sago\"},\"image\":{\"@id\":\"https:\\\/\\\/staging.sago.com\\\/fr\\\/#\\\/schema\\\/logo\\\/image\\\/\"},\"sameAs\":[\"https:\\\/\\\/www.facebook.com\\\/sagomrx\",\"https:\\\/\\\/x.com\\\/sagomrx\",\"https:\\\/\\\/www.instagram.com\\\/sagomrx\\\/\",\"https:\\\/\\\/www.youtube.com\\\/@sago-mrx\",\"https:\\\/\\\/www.linkedin.com\\\/company\\\/sago-mrx\\\/\",\"https:\\\/\\\/vimeo.com\\\/sagomrx\"]}]}<\/script>\n<!-- \/ Yoast SEO Premium plugin. -->","yoast_head_json":{"title":"Join Our Panel | Sago","robots":{"index":"noindex","follow":"follow","max-snippet":"max-snippet:-1","max-image-preview":"max-image-preview:large","max-video-preview":"max-video-preview:-1"},"og_locale":"fr_FR","og_type":"article","og_title":"Join Our Panel","og_description":"[vc_row section_skin=\u00a0\u00bbquaternary\u00a0\u00bb animation_type=\u00a0\u00bbfadeInUp\u00a0\u00bb css=\u00a0\u00bb.vc_custom_1676659771219{padding-top: 50px !important;padding-bottom: 50px !important;}\u00a0\u00bb conditional_render=\u00a0\u00bb%5B%7B%22value_role%22%3A%22administrator%22%7D%5D\u00a0\u00bb][vc_column conditional_render=\u00a0\u00bb%5B%7B%22value_role%22%3A%22administrator%22%7D%5D\u00a0\u00bb][vc_row_inner equal_height=\u00a0\u00bbyes\u00a0\u00bb][vc_column_inner width=\u00a0\u00bb1\/3&Prime;][vc_column_text el_class=\u00a0\u00bbsago-green-block\u00a0\u00bb] Qui peut rejondre notre panel ? Nous sommes toujours \u00e0 la recherche de gens honn\u00eates et enthousiastes et nous recherchons des: Consommateurs Chefs d\u2019entreprise Professionnels de sant\u00e9 Patients Aidants [\/vc_column_text][\/vc_column_inner][vc_column_inner width=\u00a0\u00bb1\/3&Prime;][vc_column_text el_class=\u00a0\u00bbsago-green-block\u00a0\u00bb] Comment Participer ? Les membres de notre panel participent \u00e0 [&hellip;]","og_url":"https:\/\/staging.sago.com\/fr\/get-in-touch\/rejoignez-notre-panel\/","og_site_name":"Sago","article_publisher":"https:\/\/www.facebook.com\/sagomrx","article_modified_time":"2024-01-09T19:08:56+00:00","og_image":[{"width":800,"height":533,"url":"https:\/\/staging.sago.com\/wp-content\/uploads\/2023\/01\/shutterstock_708814942.jpg","type":"image\/jpeg"}],"twitter_card":"summary_large_image","twitter_site":"@sagomrx","twitter_misc":{"Dur\u00e9e de lecture estim\u00e9e":"4 minutes"},"schema":{"@context":"https:\/\/schema.org","@graph":[{"@type":"WebPage","@id":"https:\/\/staging.sago.com\/fr\/get-in-touch\/rejoignez-notre-panel\/","url":"https:\/\/staging.sago.com\/fr\/get-in-touch\/rejoignez-notre-panel\/","name":"Join Our Panel | Sago","isPartOf":{"@id":"https:\/\/staging.sago.com\/fr\/#website"},"primaryImageOfPage":{"@id":"https:\/\/staging.sago.com\/fr\/get-in-touch\/rejoignez-notre-panel\/#primaryimage"},"image":{"@id":"https:\/\/staging.sago.com\/fr\/get-in-touch\/rejoignez-notre-panel\/#primaryimage"},"thumbnailUrl":"https:\/\/staging.sago.com\/wp-content\/uploads\/2023\/01\/shutterstock_708814942.jpg","datePublished":"2017-01-25T20:03:29+00:00","dateModified":"2024-01-09T19:08:56+00:00","breadcrumb":{"@id":"https:\/\/staging.sago.com\/fr\/get-in-touch\/rejoignez-notre-panel\/#breadcrumb"},"inLanguage":"fr-FR","potentialAction":[{"@type":"ReadAction","target":["https:\/\/staging.sago.com\/fr\/get-in-touch\/rejoignez-notre-panel\/"]}]},{"@type":"ImageObject","inLanguage":"fr-FR","@id":"https:\/\/staging.sago.com\/fr\/get-in-touch\/rejoignez-notre-panel\/#primaryimage","url":"https:\/\/staging.sago.com\/wp-content\/uploads\/2023\/01\/shutterstock_708814942.jpg","contentUrl":"https:\/\/staging.sago.com\/wp-content\/uploads\/2023\/01\/shutterstock_708814942.jpg","width":800,"height":533},{"@type":"BreadcrumbList","@id":"https:\/\/staging.sago.com\/fr\/get-in-touch\/rejoignez-notre-panel\/#breadcrumb","itemListElement":[{"@type":"ListItem","position":1,"name":"Home","item":"https:\/\/staging.sago.com\/fr\/"},{"@type":"ListItem","position":2,"name":"Join Our Panel"}]},{"@type":"WebSite","@id":"https:\/\/staging.sago.com\/fr\/#website","url":"https:\/\/staging.sago.com\/fr\/","name":"Sago","description":"Adaptable Solutions. Confident Decisions.","publisher":{"@id":"https:\/\/staging.sago.com\/fr\/#organization"},"potentialAction":[{"@type":"SearchAction","target":{"@type":"EntryPoint","urlTemplate":"https:\/\/staging.sago.com\/fr\/?s={search_term_string}"},"query-input":{"@type":"PropertyValueSpecification","valueRequired":true,"valueName":"search_term_string"}}],"inLanguage":"fr-FR"},{"@type":"Organization","@id":"https:\/\/staging.sago.com\/fr\/#organization","name":"Sago","url":"https:\/\/staging.sago.com\/fr\/","logo":{"@type":"ImageObject","inLanguage":"fr-FR","@id":"https:\/\/staging.sago.com\/fr\/#\/schema\/logo\/image\/","url":"https:\/\/3c98cd88ae.nxcli.io\/wp-content\/uploads\/2023\/02\/Sago-Standard-Logo.jpg","contentUrl":"https:\/\/3c98cd88ae.nxcli.io\/wp-content\/uploads\/2023\/02\/Sago-Standard-Logo.jpg","width":200,"height":200,"caption":"Sago"},"image":{"@id":"https:\/\/staging.sago.com\/fr\/#\/schema\/logo\/image\/"},"sameAs":["https:\/\/www.facebook.com\/sagomrx","https:\/\/x.com\/sagomrx","https:\/\/www.instagram.com\/sagomrx\/","https:\/\/www.youtube.com\/@sago-mrx","https:\/\/www.linkedin.com\/company\/sago-mrx\/","https:\/\/vimeo.com\/sagomrx"]}]}},"_links":{"self":[{"href":"https:\/\/staging.sago.com\/fr\/wp-json\/wp\/v2\/pages\/7288","targetHints":{"allow":["GET"]}}],"collection":[{"href":"https:\/\/staging.sago.com\/fr\/wp-json\/wp\/v2\/pages"}],"about":[{"href":"https:\/\/staging.sago.com\/fr\/wp-json\/wp\/v2\/types\/page"}],"author":[{"embeddable":true,"href":"https:\/\/staging.sago.com\/fr\/wp-json\/wp\/v2\/users\/6"}],"replies":[{"embeddable":true,"href":"https:\/\/staging.sago.com\/fr\/wp-json\/wp\/v2\/comments?post=7288"}],"version-history":[{"count":0,"href":"https:\/\/staging.sago.com\/fr\/wp-json\/wp\/v2\/pages\/7288\/revisions"}],"up":[{"embeddable":true,"href":"https:\/\/staging.sago.com\/fr\/wp-json\/wp\/v2\/pages\/7268"}],"wp:featuredmedia":[{"embeddable":true,"href":"https:\/\/staging.sago.com\/fr\/wp-json\/wp\/v2\/media\/49823"}],"wp:attachment":[{"href":"https:\/\/staging.sago.com\/fr\/wp-json\/wp\/v2\/media?parent=7288"}],"wp:term":[{"taxonomy":"category","embeddable":true,"href":"https:\/\/staging.sago.com\/fr\/wp-json\/wp\/v2\/categories?post=7288"},{"taxonomy":"post_tag","embeddable":true,"href":"https:\/\/staging.sago.com\/fr\/wp-json\/wp\/v2\/tags?post=7288"},{"taxonomy":"city","embeddable":true,"href":"https:\/\/staging.sago.com\/fr\/wp-json\/wp\/v2\/city?post=7288"}],"curies":[{"name":"wp","href":"https:\/\/api.w.org\/{rel}","templated":true}]}}