{"id":7272,"date":"2017-01-25T20:00:22","date_gmt":"2017-01-25T20:00:22","guid":{"rendered":"https:\/\/1aa340fc3d.nxcli.io\/\/stagingget-in-touch\/request-a-bid\/"},"modified":"2025-12-22T02:13:33","modified_gmt":"2025-12-22T07:13:33","slug":"demander-un-devis","status":"publish","type":"page","link":"https:\/\/staging.sago.com\/fr\/get-in-touch\/demander-un-devis\/","title":{"rendered":"Demander un devis"},"content":{"rendered":"<div class=\"wpb-content-wrapper\"><p>[vc_row full_width=\u00a0\u00bbstretch_row\u00a0\u00bb gap=\u00a0\u00bb35&Prime; first_background_type=\u00a0\u00bbimage\u00a0\u00bb first_background_position=\u00a0\u00bbbottom-right\u00a0\u00bb first_background_size=\u00a0\u00bbcontain\u00a0\u00bb css=\u00a0\u00bb.vc_custom_1676985684334{padding-top: 120px !important;background-color: #6bc073 !important;}\u00a0\u00bb conditional_render=\u00a0\u00bb%5B%7B%22value_role%22%3A%22administrator%22%7D%5D\u00a0\u00bb el_class=\u00a0\u00bbformmainrow\u00a0\u00bb][vc_column width=\u00a0\u00bb1\/2&Prime;][vc_column_text css=\u00a0\u00bb.vc_custom_1676984436479{padding-right: 20px !important;padding-left: 20px !important;}\u00a0\u00bb]<\/p>\n<h1 class=\"white-text\">Proposition commerciale<\/h1>\n<h2 class=\"white-text\">Le point de d\u00e9part de donn\u00e9es de qualit\u00e9<\/h2>\n<p class=\"white-text\">Nous serions ravis de vous fournir un devis pour une \u00e9tude \u00e0 venir.\u00a0 Veuillez remplir les informations demand\u00e9es ci-dessous afin que nous puissions vous envoyer rapidement un devis et vous indiquer la faisabilit\u00e9 de votre \u00e9tude.<\/p>\n<p>[\/vc_column_text][\/vc_column][vc_column width=\u00a0\u00bb1\/2&Prime;][vc_raw_js]JTNDc2NyaXB0JTIwc3JjJTNEJTIyaHR0cHMlM0ElMkYlMkZqcy1uYTIuaHNmb3Jtcy5uZXQlMkZmb3JtcyUyRmVtYmVkJTJGZGV2ZWxvcGVyJTJGMjQzNjk3MzM2LmpzJTIyJTIwZGVmZXIlM0UlM0MlMkZzY3JpcHQlM0UlMEQlMEElM0NkaXYlMjBjbGFzcyUzRCUyMmhzLWZvcm0taHRtbCUyMiUyMGRhdGEtcmVnaW9uJTNEJTIybmEyJTIyJTIwZGF0YS1mb3JtLWlkJTNEJTIyOTBmOGI5NjctNzJiYy00ZDc0LWFmMTgtYWEzYzQ3ZDU0MmEzJTIyJTIwZGF0YS1wb3J0YWwtaWQlM0QlMjIyNDM2OTczMzYlMjIlM0UlM0MlMkZkaXYlM0U=[\/vc_raw_js][\/vc_column][\/vc_row]<\/p>\n<\/div>","protected":false},"excerpt":{"rendered":"<p>[vc_row full_width=\u00a0\u00bbstretch_row\u00a0\u00bb gap=\u00a0\u00bb35&Prime; first_background_type=\u00a0\u00bbimage\u00a0\u00bb first_background_position=\u00a0\u00bbbottom-right\u00a0\u00bb first_background_size=\u00a0\u00bbcontain\u00a0\u00bb css=\u00a0\u00bb.vc_custom_1676985684334{padding-top: 120px !important;background-color: #6bc073 !important;}\u00a0\u00bb conditional_render=\u00a0\u00bb%5B%7B%22value_role%22%3A%22administrator%22%7D%5D\u00a0\u00bb el_class=\u00a0\u00bbformmainrow\u00a0\u00bb][vc_column width=\u00a0\u00bb1\/2&Prime;][vc_column_text css=\u00a0\u00bb.vc_custom_1676984436479{padding-right: 20px !important;padding-left: 20px !important;}\u00a0\u00bb] Proposition commerciale Le point de d\u00e9part de donn\u00e9es de qualit\u00e9 Nous serions ravis de vous fournir un devis pour une \u00e9tude \u00e0 venir.\u00a0 Veuillez remplir les informations demand\u00e9es ci-dessous afin que nous puissions vous envoyer rapidement [&hellip;]<\/p>\n","protected":false},"author":6,"featured_media":51329,"parent":7268,"menu_order":2,"comment_status":"closed","ping_status":"closed","template":"","meta":{"_acf_changed":false,"content-type":"","footnotes":""},"categories":[],"tags":[],"city":[],"class_list":["post-7272","page","type-page","status-publish","has-post-thumbnail","hentry"],"acf":[],"yoast_head":"<!-- This site is optimized with the Yoast SEO Premium plugin v19.7 (Yoast SEO v27.3) - https:\/\/yoast.com\/product\/yoast-seo-premium-wordpress\/ -->\n<title>Demander un devis | Sago<\/title>\n<meta name=\"robots\" content=\"noindex, follow, max-snippet:-1, max-image-preview:large, max-video-preview:-1\" \/>\n<meta property=\"og:locale\" content=\"fr_FR\" \/>\n<meta property=\"og:type\" content=\"article\" \/>\n<meta property=\"og:title\" content=\"Demander un devis\" \/>\n<meta property=\"og:description\" content=\"[vc_row full_width=\u00a0\u00bbstretch_row\u00a0\u00bb gap=\u00a0\u00bb35&Prime; first_background_type=\u00a0\u00bbimage\u00a0\u00bb first_background_position=\u00a0\u00bbbottom-right\u00a0\u00bb first_background_size=\u00a0\u00bbcontain\u00a0\u00bb css=\u00a0\u00bb.vc_custom_1676985684334{padding-top: 120px !important;background-color: #6bc073 !important;}\u00a0\u00bb conditional_render=\u00a0\u00bb%5B%7B%22value_role%22%3A%22administrator%22%7D%5D\u00a0\u00bb el_class=\u00a0\u00bbformmainrow\u00a0\u00bb][vc_column width=\u00a0\u00bb1\/2&Prime;][vc_column_text css=\u00a0\u00bb.vc_custom_1676984436479{padding-right: 20px !important;padding-left: 20px !important;}\u00a0\u00bb] Proposition commerciale Le point de d\u00e9part de donn\u00e9es de qualit\u00e9 Nous serions ravis de vous fournir un devis pour une \u00e9tude \u00e0 venir.\u00a0 Veuillez remplir les informations demand\u00e9es ci-dessous afin que nous puissions vous envoyer rapidement [&hellip;]\" \/>\n<meta property=\"og:url\" content=\"https:\/\/staging.sago.com\/fr\/get-in-touch\/demander-un-devis\/\" \/>\n<meta property=\"og:site_name\" content=\"Sago\" \/>\n<meta property=\"article:publisher\" content=\"https:\/\/www.facebook.com\/sagomrx\" \/>\n<meta property=\"article:modified_time\" content=\"2025-12-22T07:13:33+00:00\" \/>\n<meta property=\"og:image\" content=\"https:\/\/staging.sago.com\/wp-content\/uploads\/2023\/02\/Sago-Standard-Logo.jpg\" \/>\n\t<meta property=\"og:image:width\" content=\"200\" \/>\n\t<meta property=\"og:image:height\" content=\"200\" \/>\n\t<meta property=\"og:image:type\" content=\"image\/jpeg\" \/>\n<meta name=\"twitter:card\" content=\"summary_large_image\" \/>\n<meta name=\"twitter:site\" content=\"@sagomrx\" \/>\n<meta name=\"twitter:label1\" content=\"Dur\u00e9e de lecture estim\u00e9e\" \/>\n\t<meta name=\"twitter:data1\" content=\"1 minute\" \/>\n<script type=\"application\/ld+json\" class=\"yoast-schema-graph\">{\"@context\":\"https:\\\/\\\/schema.org\",\"@graph\":[{\"@type\":\"WebPage\",\"@id\":\"https:\\\/\\\/staging.sago.com\\\/fr\\\/get-in-touch\\\/demander-un-devis\\\/\",\"url\":\"https:\\\/\\\/staging.sago.com\\\/fr\\\/get-in-touch\\\/demander-un-devis\\\/\",\"name\":\"Demander un devis | Sago\",\"isPartOf\":{\"@id\":\"https:\\\/\\\/staging.sago.com\\\/fr\\\/#website\"},\"primaryImageOfPage\":{\"@id\":\"https:\\\/\\\/staging.sago.com\\\/fr\\\/get-in-touch\\\/demander-un-devis\\\/#primaryimage\"},\"image\":{\"@id\":\"https:\\\/\\\/staging.sago.com\\\/fr\\\/get-in-touch\\\/demander-un-devis\\\/#primaryimage\"},\"thumbnailUrl\":\"https:\\\/\\\/staging.sago.com\\\/wp-content\\\/uploads\\\/2023\\\/02\\\/Sago-Standard-Logo.jpg\",\"datePublished\":\"2017-01-25T20:00:22+00:00\",\"dateModified\":\"2025-12-22T07:13:33+00:00\",\"breadcrumb\":{\"@id\":\"https:\\\/\\\/staging.sago.com\\\/fr\\\/get-in-touch\\\/demander-un-devis\\\/#breadcrumb\"},\"inLanguage\":\"fr-FR\",\"potentialAction\":[{\"@type\":\"ReadAction\",\"target\":[\"https:\\\/\\\/staging.sago.com\\\/fr\\\/get-in-touch\\\/demander-un-devis\\\/\"]}]},{\"@type\":\"ImageObject\",\"inLanguage\":\"fr-FR\",\"@id\":\"https:\\\/\\\/staging.sago.com\\\/fr\\\/get-in-touch\\\/demander-un-devis\\\/#primaryimage\",\"url\":\"https:\\\/\\\/staging.sago.com\\\/wp-content\\\/uploads\\\/2023\\\/02\\\/Sago-Standard-Logo.jpg\",\"contentUrl\":\"https:\\\/\\\/staging.sago.com\\\/wp-content\\\/uploads\\\/2023\\\/02\\\/Sago-Standard-Logo.jpg\",\"width\":200,\"height\":200,\"caption\":\"logo\"},{\"@type\":\"BreadcrumbList\",\"@id\":\"https:\\\/\\\/staging.sago.com\\\/fr\\\/get-in-touch\\\/demander-un-devis\\\/#breadcrumb\",\"itemListElement\":[{\"@type\":\"ListItem\",\"position\":1,\"name\":\"Home\",\"item\":\"https:\\\/\\\/staging.sago.com\\\/fr\\\/\"},{\"@type\":\"ListItem\",\"position\":2,\"name\":\"Demander un devis\"}]},{\"@type\":\"WebSite\",\"@id\":\"https:\\\/\\\/staging.sago.com\\\/fr\\\/#website\",\"url\":\"https:\\\/\\\/staging.sago.com\\\/fr\\\/\",\"name\":\"Sago\",\"description\":\"Adaptable Solutions. Confident Decisions.\",\"publisher\":{\"@id\":\"https:\\\/\\\/staging.sago.com\\\/fr\\\/#organization\"},\"potentialAction\":[{\"@type\":\"SearchAction\",\"target\":{\"@type\":\"EntryPoint\",\"urlTemplate\":\"https:\\\/\\\/staging.sago.com\\\/fr\\\/?s={search_term_string}\"},\"query-input\":{\"@type\":\"PropertyValueSpecification\",\"valueRequired\":true,\"valueName\":\"search_term_string\"}}],\"inLanguage\":\"fr-FR\"},{\"@type\":\"Organization\",\"@id\":\"https:\\\/\\\/staging.sago.com\\\/fr\\\/#organization\",\"name\":\"Sago\",\"url\":\"https:\\\/\\\/staging.sago.com\\\/fr\\\/\",\"logo\":{\"@type\":\"ImageObject\",\"inLanguage\":\"fr-FR\",\"@id\":\"https:\\\/\\\/staging.sago.com\\\/fr\\\/#\\\/schema\\\/logo\\\/image\\\/\",\"url\":\"https:\\\/\\\/3c98cd88ae.nxcli.io\\\/wp-content\\\/uploads\\\/2023\\\/02\\\/Sago-Standard-Logo.jpg\",\"contentUrl\":\"https:\\\/\\\/3c98cd88ae.nxcli.io\\\/wp-content\\\/uploads\\\/2023\\\/02\\\/Sago-Standard-Logo.jpg\",\"width\":200,\"height\":200,\"caption\":\"Sago\"},\"image\":{\"@id\":\"https:\\\/\\\/staging.sago.com\\\/fr\\\/#\\\/schema\\\/logo\\\/image\\\/\"},\"sameAs\":[\"https:\\\/\\\/www.facebook.com\\\/sagomrx\",\"https:\\\/\\\/x.com\\\/sagomrx\",\"https:\\\/\\\/www.instagram.com\\\/sagomrx\\\/\",\"https:\\\/\\\/www.youtube.com\\\/@sago-mrx\",\"https:\\\/\\\/www.linkedin.com\\\/company\\\/sago-mrx\\\/\",\"https:\\\/\\\/vimeo.com\\\/sagomrx\"]}]}<\/script>\n<!-- \/ Yoast SEO Premium plugin. -->","yoast_head_json":{"title":"Demander un devis | Sago","robots":{"index":"noindex","follow":"follow","max-snippet":"max-snippet:-1","max-image-preview":"max-image-preview:large","max-video-preview":"max-video-preview:-1"},"og_locale":"fr_FR","og_type":"article","og_title":"Demander un devis","og_description":"[vc_row full_width=\u00a0\u00bbstretch_row\u00a0\u00bb gap=\u00a0\u00bb35&Prime; first_background_type=\u00a0\u00bbimage\u00a0\u00bb first_background_position=\u00a0\u00bbbottom-right\u00a0\u00bb first_background_size=\u00a0\u00bbcontain\u00a0\u00bb css=\u00a0\u00bb.vc_custom_1676985684334{padding-top: 120px !important;background-color: #6bc073 !important;}\u00a0\u00bb conditional_render=\u00a0\u00bb%5B%7B%22value_role%22%3A%22administrator%22%7D%5D\u00a0\u00bb el_class=\u00a0\u00bbformmainrow\u00a0\u00bb][vc_column width=\u00a0\u00bb1\/2&Prime;][vc_column_text css=\u00a0\u00bb.vc_custom_1676984436479{padding-right: 20px !important;padding-left: 20px !important;}\u00a0\u00bb] Proposition commerciale Le point de d\u00e9part de donn\u00e9es de qualit\u00e9 Nous serions ravis de vous fournir un devis pour une \u00e9tude \u00e0 venir.\u00a0 Veuillez remplir les informations demand\u00e9es ci-dessous afin que nous puissions vous envoyer rapidement [&hellip;]","og_url":"https:\/\/staging.sago.com\/fr\/get-in-touch\/demander-un-devis\/","og_site_name":"Sago","article_publisher":"https:\/\/www.facebook.com\/sagomrx","article_modified_time":"2025-12-22T07:13:33+00:00","og_image":[{"width":200,"height":200,"url":"https:\/\/staging.sago.com\/wp-content\/uploads\/2023\/02\/Sago-Standard-Logo.jpg","type":"image\/jpeg"}],"twitter_card":"summary_large_image","twitter_site":"@sagomrx","twitter_misc":{"Dur\u00e9e de lecture estim\u00e9e":"1 minute"},"schema":{"@context":"https:\/\/schema.org","@graph":[{"@type":"WebPage","@id":"https:\/\/staging.sago.com\/fr\/get-in-touch\/demander-un-devis\/","url":"https:\/\/staging.sago.com\/fr\/get-in-touch\/demander-un-devis\/","name":"Demander un devis | Sago","isPartOf":{"@id":"https:\/\/staging.sago.com\/fr\/#website"},"primaryImageOfPage":{"@id":"https:\/\/staging.sago.com\/fr\/get-in-touch\/demander-un-devis\/#primaryimage"},"image":{"@id":"https:\/\/staging.sago.com\/fr\/get-in-touch\/demander-un-devis\/#primaryimage"},"thumbnailUrl":"https:\/\/staging.sago.com\/wp-content\/uploads\/2023\/02\/Sago-Standard-Logo.jpg","datePublished":"2017-01-25T20:00:22+00:00","dateModified":"2025-12-22T07:13:33+00:00","breadcrumb":{"@id":"https:\/\/staging.sago.com\/fr\/get-in-touch\/demander-un-devis\/#breadcrumb"},"inLanguage":"fr-FR","potentialAction":[{"@type":"ReadAction","target":["https:\/\/staging.sago.com\/fr\/get-in-touch\/demander-un-devis\/"]}]},{"@type":"ImageObject","inLanguage":"fr-FR","@id":"https:\/\/staging.sago.com\/fr\/get-in-touch\/demander-un-devis\/#primaryimage","url":"https:\/\/staging.sago.com\/wp-content\/uploads\/2023\/02\/Sago-Standard-Logo.jpg","contentUrl":"https:\/\/staging.sago.com\/wp-content\/uploads\/2023\/02\/Sago-Standard-Logo.jpg","width":200,"height":200,"caption":"logo"},{"@type":"BreadcrumbList","@id":"https:\/\/staging.sago.com\/fr\/get-in-touch\/demander-un-devis\/#breadcrumb","itemListElement":[{"@type":"ListItem","position":1,"name":"Home","item":"https:\/\/staging.sago.com\/fr\/"},{"@type":"ListItem","position":2,"name":"Demander un devis"}]},{"@type":"WebSite","@id":"https:\/\/staging.sago.com\/fr\/#website","url":"https:\/\/staging.sago.com\/fr\/","name":"Sago","description":"Adaptable Solutions. Confident Decisions.","publisher":{"@id":"https:\/\/staging.sago.com\/fr\/#organization"},"potentialAction":[{"@type":"SearchAction","target":{"@type":"EntryPoint","urlTemplate":"https:\/\/staging.sago.com\/fr\/?s={search_term_string}"},"query-input":{"@type":"PropertyValueSpecification","valueRequired":true,"valueName":"search_term_string"}}],"inLanguage":"fr-FR"},{"@type":"Organization","@id":"https:\/\/staging.sago.com\/fr\/#organization","name":"Sago","url":"https:\/\/staging.sago.com\/fr\/","logo":{"@type":"ImageObject","inLanguage":"fr-FR","@id":"https:\/\/staging.sago.com\/fr\/#\/schema\/logo\/image\/","url":"https:\/\/3c98cd88ae.nxcli.io\/wp-content\/uploads\/2023\/02\/Sago-Standard-Logo.jpg","contentUrl":"https:\/\/3c98cd88ae.nxcli.io\/wp-content\/uploads\/2023\/02\/Sago-Standard-Logo.jpg","width":200,"height":200,"caption":"Sago"},"image":{"@id":"https:\/\/staging.sago.com\/fr\/#\/schema\/logo\/image\/"},"sameAs":["https:\/\/www.facebook.com\/sagomrx","https:\/\/x.com\/sagomrx","https:\/\/www.instagram.com\/sagomrx\/","https:\/\/www.youtube.com\/@sago-mrx","https:\/\/www.linkedin.com\/company\/sago-mrx\/","https:\/\/vimeo.com\/sagomrx"]}]}},"_links":{"self":[{"href":"https:\/\/staging.sago.com\/fr\/wp-json\/wp\/v2\/pages\/7272","targetHints":{"allow":["GET"]}}],"collection":[{"href":"https:\/\/staging.sago.com\/fr\/wp-json\/wp\/v2\/pages"}],"about":[{"href":"https:\/\/staging.sago.com\/fr\/wp-json\/wp\/v2\/types\/page"}],"author":[{"embeddable":true,"href":"https:\/\/staging.sago.com\/fr\/wp-json\/wp\/v2\/users\/6"}],"replies":[{"embeddable":true,"href":"https:\/\/staging.sago.com\/fr\/wp-json\/wp\/v2\/comments?post=7272"}],"version-history":[{"count":0,"href":"https:\/\/staging.sago.com\/fr\/wp-json\/wp\/v2\/pages\/7272\/revisions"}],"up":[{"embeddable":true,"href":"https:\/\/staging.sago.com\/fr\/wp-json\/wp\/v2\/pages\/7268"}],"wp:featuredmedia":[{"embeddable":true,"href":"https:\/\/staging.sago.com\/fr\/wp-json\/wp\/v2\/media\/51329"}],"wp:attachment":[{"href":"https:\/\/staging.sago.com\/fr\/wp-json\/wp\/v2\/media?parent=7272"}],"wp:term":[{"taxonomy":"category","embeddable":true,"href":"https:\/\/staging.sago.com\/fr\/wp-json\/wp\/v2\/categories?post=7272"},{"taxonomy":"post_tag","embeddable":true,"href":"https:\/\/staging.sago.com\/fr\/wp-json\/wp\/v2\/tags?post=7272"},{"taxonomy":"city","embeddable":true,"href":"https:\/\/staging.sago.com\/fr\/wp-json\/wp\/v2\/city?post=7272"}],"curies":[{"name":"wp","href":"https:\/\/api.w.org\/{rel}","templated":true}]}}