{"id":7268,"date":"2016-11-11T20:04:16","date_gmt":"2016-11-11T20:04:16","guid":{"rendered":"https:\/\/1aa340fc3d.nxcli.io\/\/stagingget-in-touch\/"},"modified":"2023-03-15T15:15:18","modified_gmt":"2023-03-15T19:15:18","slug":"get-in-touch","status":"publish","type":"page","link":"https:\/\/staging.sago.com\/fr\/get-in-touch\/","title":{"rendered":"GET IN TOUCH"},"content":{"rendered":"<div class=\"wpb-content-wrapper\"><p>[vc_row full_width=\u00a0\u00bbstretch_row\u00a0\u00bb equal_height=\u00a0\u00bbyes\u00a0\u00bb content_placement=\u00a0\u00bbtop\u00a0\u00bb first_background_type=\u00a0\u00bbimage\u00a0\u00bb first_background_image=\u00a0\u00bb5103&Prime; first_background_position=\u00a0\u00bbbottom-right\u00a0\u00bb first_background_size=\u00a0\u00bbcontain\u00a0\u00bb conditional_render=\u00a0\u00bb%5B%7B%22value_role%22%3A%22administrator%22%7D%5D\u00a0\u00bb css=\u00a0\u00bb.vc_custom_1677179247436{padding-top: 120px !important;padding-bottom: 75px !important;background-color: #6bc073 !important;}\u00a0\u00bb][vc_column width=\u00a0\u00bb1\/2&Prime; conditional_render=\u00a0\u00bb%5B%7B%22value_role%22%3A%22administrator%22%7D%5D\u00a0\u00bb css=\u00a0\u00bb.vc_custom_1677179325923{padding-right: 25px !important;padding-left: 25px !important;}\u00a0\u00bb][vc_column_text]<\/p>\n<h1>Se connecter<\/h1>\n<p>Si vous souhaitez participer \u00e0 une \u00e9tude de march\u00e9, si vous avez des questions sur un projet auquel vous avez d\u00e9j\u00e0 particip\u00e9 ou si vous voulez en savoir plus sur la fa\u00e7on dont Sago peut vous aider \u00e0 mener votre prochaine \u00e9tude de march\u00e9, vous \u00eates au bon endroit. Discutons-en !<\/p>\n<h4>Vous souhaitez participer \u00e0 un projet<\/h4>\n<p><a class=\"buttongray\" href=\"https:\/\/staging.sago.com\/fr\/get-in-touch\/rejoignez-notre-panel\/\">Rejoignez notre panel<\/a><\/p>\n<h4>Vous souhaitez faire carri\u00e8re dans les \u00e9tudes de march\u00e9 ?<\/h4>\n<p><a class=\"buttongray\" href=\"https:\/\/staging.sago.com\/fr\/carrieres\/\">Rejoignez notre \u00e9quipe<\/a>[\/vc_column_text][\/vc_column][vc_column width=\u00a0\u00bb1\/2&Prime; css=\u00a0\u00bb.vc_custom_1675787200917{padding-right: 25px !important;padding-left: 25px !important;}\u00a0\u00bb conditional_render=\u00a0\u00bb%5B%7B%22value_role%22%3A%22administrator%22%7D%5D\u00a0\u00bb][vc_raw_html]JTNDc2NyaXB0JTIwc3JjJTNEJTIyJTJGJTJGZGlzY292ZXIuc2Fnby5jb20lMkZqcyUyRmZvcm1zMiUyRmpzJTJGZm9ybXMyLm1pbi5qcyUyMiUzRSUzQyUyRnNjcmlwdCUzRSUyMCUzQ2Zvcm0lMjBpZCUzRCUyMm1rdG9Gb3JtXzE1NzMlMjIlM0UlM0MlMkZmb3JtJTNFJTIwJTNDc2NyaXB0JTNFTWt0b0Zvcm1zMi5sb2FkRm9ybSUyOCUyMiUyRiUyRmRpc2NvdmVyLnNhZ28uY29tJTIyJTJDJTIwJTIyNzc1LU9NTi04NjElMjIlMkMlMjAxNTczJTI5JTNCJTNDJTJGc2NyaXB0JTNF[\/vc_raw_html][\/vc_column][\/vc_row]<\/p>\n<\/div>","protected":false},"excerpt":{"rendered":"<p>[vc_row full_width=\u00a0\u00bbstretch_row\u00a0\u00bb equal_height=\u00a0\u00bbyes\u00a0\u00bb content_placement=\u00a0\u00bbtop\u00a0\u00bb first_background_type=\u00a0\u00bbimage\u00a0\u00bb first_background_image=\u00a0\u00bb5103&Prime; first_background_position=\u00a0\u00bbbottom-right\u00a0\u00bb first_background_size=\u00a0\u00bbcontain\u00a0\u00bb conditional_render=\u00a0\u00bb%5B%7B%22value_role%22%3A%22administrator%22%7D%5D\u00a0\u00bb css=\u00a0\u00bb.vc_custom_1677179247436{padding-top: 120px !important;padding-bottom: 75px !important;background-color: #6bc073 !important;}\u00a0\u00bb][vc_column width=\u00a0\u00bb1\/2&Prime; conditional_render=\u00a0\u00bb%5B%7B%22value_role%22%3A%22administrator%22%7D%5D\u00a0\u00bb css=\u00a0\u00bb.vc_custom_1677179325923{padding-right: 25px !important;padding-left: 25px !important;}\u00a0\u00bb][vc_column_text] Se connecter Si vous souhaitez participer \u00e0 une \u00e9tude de march\u00e9, si vous avez des questions sur un projet auquel vous avez d\u00e9j\u00e0 particip\u00e9 ou si vous voulez en savoir plus sur [&hellip;]<\/p>\n","protected":false},"author":6,"featured_media":51329,"parent":0,"menu_order":0,"comment_status":"closed","ping_status":"closed","template":"","meta":{"_acf_changed":false,"content-type":"","footnotes":""},"categories":[],"tags":[],"city":[],"class_list":["post-7268","page","type-page","status-publish","has-post-thumbnail","hentry"],"acf":[],"yoast_head":"<!-- This site is optimized with the Yoast SEO Premium plugin v19.7 (Yoast SEO v27.3) - https:\/\/yoast.com\/product\/yoast-seo-premium-wordpress\/ -->\n<title>Get in Touch | Sago | Your Global Research Provider<\/title>\n<meta name=\"description\" content=\"Sago is the leading data collection and research services company offering comprehensive qualitative and quantitative research solutions.\" \/>\n<meta name=\"robots\" content=\"noindex, follow, max-snippet:-1, max-image-preview:large, max-video-preview:-1\" \/>\n<meta property=\"og:locale\" content=\"fr_FR\" \/>\n<meta property=\"og:type\" content=\"article\" \/>\n<meta property=\"og:title\" content=\"GET IN TOUCH\" \/>\n<meta property=\"og:description\" content=\"Sago is the leading data collection and research services company offering comprehensive qualitative and quantitative research solutions.\" \/>\n<meta property=\"og:url\" content=\"https:\/\/staging.sago.com\/fr\/get-in-touch\/\" \/>\n<meta property=\"og:site_name\" content=\"Sago\" \/>\n<meta property=\"article:publisher\" content=\"https:\/\/www.facebook.com\/sagomrx\" \/>\n<meta property=\"article:modified_time\" content=\"2023-03-15T19:15:18+00:00\" \/>\n<meta property=\"og:image\" content=\"https:\/\/staging.sago.com\/wp-content\/uploads\/2023\/02\/Sago-Standard-Logo.jpg\" \/>\n\t<meta property=\"og:image:width\" content=\"200\" \/>\n\t<meta property=\"og:image:height\" content=\"200\" \/>\n\t<meta property=\"og:image:type\" content=\"image\/jpeg\" \/>\n<meta name=\"twitter:card\" content=\"summary_large_image\" \/>\n<meta name=\"twitter:site\" content=\"@sagomrx\" \/>\n<meta name=\"twitter:label1\" content=\"Dur\u00e9e de lecture estim\u00e9e\" \/>\n\t<meta name=\"twitter:data1\" content=\"1 minute\" \/>\n<script type=\"application\/ld+json\" class=\"yoast-schema-graph\">{\"@context\":\"https:\\\/\\\/schema.org\",\"@graph\":[{\"@type\":\"WebPage\",\"@id\":\"https:\\\/\\\/staging.sago.com\\\/fr\\\/get-in-touch\\\/\",\"url\":\"https:\\\/\\\/staging.sago.com\\\/fr\\\/get-in-touch\\\/\",\"name\":\"Get in Touch | Sago | Your Global Research Provider\",\"isPartOf\":{\"@id\":\"https:\\\/\\\/staging.sago.com\\\/fr\\\/#website\"},\"primaryImageOfPage\":{\"@id\":\"https:\\\/\\\/staging.sago.com\\\/fr\\\/get-in-touch\\\/#primaryimage\"},\"image\":{\"@id\":\"https:\\\/\\\/staging.sago.com\\\/fr\\\/get-in-touch\\\/#primaryimage\"},\"thumbnailUrl\":\"https:\\\/\\\/staging.sago.com\\\/wp-content\\\/uploads\\\/2023\\\/02\\\/Sago-Standard-Logo.jpg\",\"datePublished\":\"2016-11-11T20:04:16+00:00\",\"dateModified\":\"2023-03-15T19:15:18+00:00\",\"description\":\"Sago is the leading data collection and research services company offering comprehensive qualitative and quantitative research solutions.\",\"breadcrumb\":{\"@id\":\"https:\\\/\\\/staging.sago.com\\\/fr\\\/get-in-touch\\\/#breadcrumb\"},\"inLanguage\":\"fr-FR\",\"potentialAction\":[{\"@type\":\"ReadAction\",\"target\":[\"https:\\\/\\\/staging.sago.com\\\/fr\\\/get-in-touch\\\/\"]}]},{\"@type\":\"ImageObject\",\"inLanguage\":\"fr-FR\",\"@id\":\"https:\\\/\\\/staging.sago.com\\\/fr\\\/get-in-touch\\\/#primaryimage\",\"url\":\"https:\\\/\\\/staging.sago.com\\\/wp-content\\\/uploads\\\/2023\\\/02\\\/Sago-Standard-Logo.jpg\",\"contentUrl\":\"https:\\\/\\\/staging.sago.com\\\/wp-content\\\/uploads\\\/2023\\\/02\\\/Sago-Standard-Logo.jpg\",\"width\":200,\"height\":200,\"caption\":\"logo\"},{\"@type\":\"BreadcrumbList\",\"@id\":\"https:\\\/\\\/staging.sago.com\\\/fr\\\/get-in-touch\\\/#breadcrumb\",\"itemListElement\":[{\"@type\":\"ListItem\",\"position\":1,\"name\":\"Home\",\"item\":\"https:\\\/\\\/staging.sago.com\\\/fr\\\/\"},{\"@type\":\"ListItem\",\"position\":2,\"name\":\"GET IN TOUCH\"}]},{\"@type\":\"WebSite\",\"@id\":\"https:\\\/\\\/staging.sago.com\\\/fr\\\/#website\",\"url\":\"https:\\\/\\\/staging.sago.com\\\/fr\\\/\",\"name\":\"Sago\",\"description\":\"Adaptable Solutions. Confident Decisions.\",\"publisher\":{\"@id\":\"https:\\\/\\\/staging.sago.com\\\/fr\\\/#organization\"},\"potentialAction\":[{\"@type\":\"SearchAction\",\"target\":{\"@type\":\"EntryPoint\",\"urlTemplate\":\"https:\\\/\\\/staging.sago.com\\\/fr\\\/?s={search_term_string}\"},\"query-input\":{\"@type\":\"PropertyValueSpecification\",\"valueRequired\":true,\"valueName\":\"search_term_string\"}}],\"inLanguage\":\"fr-FR\"},{\"@type\":\"Organization\",\"@id\":\"https:\\\/\\\/staging.sago.com\\\/fr\\\/#organization\",\"name\":\"Sago\",\"url\":\"https:\\\/\\\/staging.sago.com\\\/fr\\\/\",\"logo\":{\"@type\":\"ImageObject\",\"inLanguage\":\"fr-FR\",\"@id\":\"https:\\\/\\\/staging.sago.com\\\/fr\\\/#\\\/schema\\\/logo\\\/image\\\/\",\"url\":\"https:\\\/\\\/3c98cd88ae.nxcli.io\\\/wp-content\\\/uploads\\\/2023\\\/02\\\/Sago-Standard-Logo.jpg\",\"contentUrl\":\"https:\\\/\\\/3c98cd88ae.nxcli.io\\\/wp-content\\\/uploads\\\/2023\\\/02\\\/Sago-Standard-Logo.jpg\",\"width\":200,\"height\":200,\"caption\":\"Sago\"},\"image\":{\"@id\":\"https:\\\/\\\/staging.sago.com\\\/fr\\\/#\\\/schema\\\/logo\\\/image\\\/\"},\"sameAs\":[\"https:\\\/\\\/www.facebook.com\\\/sagomrx\",\"https:\\\/\\\/x.com\\\/sagomrx\",\"https:\\\/\\\/www.instagram.com\\\/sagomrx\\\/\",\"https:\\\/\\\/www.youtube.com\\\/@sago-mrx\",\"https:\\\/\\\/www.linkedin.com\\\/company\\\/sago-mrx\\\/\",\"https:\\\/\\\/vimeo.com\\\/sagomrx\"]}]}<\/script>\n<!-- \/ Yoast SEO Premium plugin. -->","yoast_head_json":{"title":"Get in Touch | Sago | Your Global Research Provider","description":"Sago is the leading data collection and research services company offering comprehensive qualitative and quantitative research solutions.","robots":{"index":"noindex","follow":"follow","max-snippet":"max-snippet:-1","max-image-preview":"max-image-preview:large","max-video-preview":"max-video-preview:-1"},"og_locale":"fr_FR","og_type":"article","og_title":"GET IN TOUCH","og_description":"Sago is the leading data collection and research services company offering comprehensive qualitative and quantitative research solutions.","og_url":"https:\/\/staging.sago.com\/fr\/get-in-touch\/","og_site_name":"Sago","article_publisher":"https:\/\/www.facebook.com\/sagomrx","article_modified_time":"2023-03-15T19:15:18+00:00","og_image":[{"width":200,"height":200,"url":"https:\/\/staging.sago.com\/wp-content\/uploads\/2023\/02\/Sago-Standard-Logo.jpg","type":"image\/jpeg"}],"twitter_card":"summary_large_image","twitter_site":"@sagomrx","twitter_misc":{"Dur\u00e9e de lecture estim\u00e9e":"1 minute"},"schema":{"@context":"https:\/\/schema.org","@graph":[{"@type":"WebPage","@id":"https:\/\/staging.sago.com\/fr\/get-in-touch\/","url":"https:\/\/staging.sago.com\/fr\/get-in-touch\/","name":"Get in Touch | Sago | Your Global Research Provider","isPartOf":{"@id":"https:\/\/staging.sago.com\/fr\/#website"},"primaryImageOfPage":{"@id":"https:\/\/staging.sago.com\/fr\/get-in-touch\/#primaryimage"},"image":{"@id":"https:\/\/staging.sago.com\/fr\/get-in-touch\/#primaryimage"},"thumbnailUrl":"https:\/\/staging.sago.com\/wp-content\/uploads\/2023\/02\/Sago-Standard-Logo.jpg","datePublished":"2016-11-11T20:04:16+00:00","dateModified":"2023-03-15T19:15:18+00:00","description":"Sago is the leading data collection and research services company offering comprehensive qualitative and quantitative research solutions.","breadcrumb":{"@id":"https:\/\/staging.sago.com\/fr\/get-in-touch\/#breadcrumb"},"inLanguage":"fr-FR","potentialAction":[{"@type":"ReadAction","target":["https:\/\/staging.sago.com\/fr\/get-in-touch\/"]}]},{"@type":"ImageObject","inLanguage":"fr-FR","@id":"https:\/\/staging.sago.com\/fr\/get-in-touch\/#primaryimage","url":"https:\/\/staging.sago.com\/wp-content\/uploads\/2023\/02\/Sago-Standard-Logo.jpg","contentUrl":"https:\/\/staging.sago.com\/wp-content\/uploads\/2023\/02\/Sago-Standard-Logo.jpg","width":200,"height":200,"caption":"logo"},{"@type":"BreadcrumbList","@id":"https:\/\/staging.sago.com\/fr\/get-in-touch\/#breadcrumb","itemListElement":[{"@type":"ListItem","position":1,"name":"Home","item":"https:\/\/staging.sago.com\/fr\/"},{"@type":"ListItem","position":2,"name":"GET IN TOUCH"}]},{"@type":"WebSite","@id":"https:\/\/staging.sago.com\/fr\/#website","url":"https:\/\/staging.sago.com\/fr\/","name":"Sago","description":"Adaptable Solutions. Confident Decisions.","publisher":{"@id":"https:\/\/staging.sago.com\/fr\/#organization"},"potentialAction":[{"@type":"SearchAction","target":{"@type":"EntryPoint","urlTemplate":"https:\/\/staging.sago.com\/fr\/?s={search_term_string}"},"query-input":{"@type":"PropertyValueSpecification","valueRequired":true,"valueName":"search_term_string"}}],"inLanguage":"fr-FR"},{"@type":"Organization","@id":"https:\/\/staging.sago.com\/fr\/#organization","name":"Sago","url":"https:\/\/staging.sago.com\/fr\/","logo":{"@type":"ImageObject","inLanguage":"fr-FR","@id":"https:\/\/staging.sago.com\/fr\/#\/schema\/logo\/image\/","url":"https:\/\/3c98cd88ae.nxcli.io\/wp-content\/uploads\/2023\/02\/Sago-Standard-Logo.jpg","contentUrl":"https:\/\/3c98cd88ae.nxcli.io\/wp-content\/uploads\/2023\/02\/Sago-Standard-Logo.jpg","width":200,"height":200,"caption":"Sago"},"image":{"@id":"https:\/\/staging.sago.com\/fr\/#\/schema\/logo\/image\/"},"sameAs":["https:\/\/www.facebook.com\/sagomrx","https:\/\/x.com\/sagomrx","https:\/\/www.instagram.com\/sagomrx\/","https:\/\/www.youtube.com\/@sago-mrx","https:\/\/www.linkedin.com\/company\/sago-mrx\/","https:\/\/vimeo.com\/sagomrx"]}]}},"_links":{"self":[{"href":"https:\/\/staging.sago.com\/fr\/wp-json\/wp\/v2\/pages\/7268","targetHints":{"allow":["GET"]}}],"collection":[{"href":"https:\/\/staging.sago.com\/fr\/wp-json\/wp\/v2\/pages"}],"about":[{"href":"https:\/\/staging.sago.com\/fr\/wp-json\/wp\/v2\/types\/page"}],"author":[{"embeddable":true,"href":"https:\/\/staging.sago.com\/fr\/wp-json\/wp\/v2\/users\/6"}],"replies":[{"embeddable":true,"href":"https:\/\/staging.sago.com\/fr\/wp-json\/wp\/v2\/comments?post=7268"}],"version-history":[{"count":0,"href":"https:\/\/staging.sago.com\/fr\/wp-json\/wp\/v2\/pages\/7268\/revisions"}],"wp:featuredmedia":[{"embeddable":true,"href":"https:\/\/staging.sago.com\/fr\/wp-json\/wp\/v2\/media\/51329"}],"wp:attachment":[{"href":"https:\/\/staging.sago.com\/fr\/wp-json\/wp\/v2\/media?parent=7268"}],"wp:term":[{"taxonomy":"category","embeddable":true,"href":"https:\/\/staging.sago.com\/fr\/wp-json\/wp\/v2\/categories?post=7268"},{"taxonomy":"post_tag","embeddable":true,"href":"https:\/\/staging.sago.com\/fr\/wp-json\/wp\/v2\/tags?post=7268"},{"taxonomy":"city","embeddable":true,"href":"https:\/\/staging.sago.com\/fr\/wp-json\/wp\/v2\/city?post=7268"}],"curies":[{"name":"wp","href":"https:\/\/api.w.org\/{rel}","templated":true}]}}