{"id":56018,"date":"2023-01-20T13:43:02","date_gmt":"2023-01-20T18:43:02","guid":{"rendered":"https:\/\/3c98cd88ae.nxcli.io\/industries\/"},"modified":"2024-04-04T14:46:12","modified_gmt":"2024-04-04T18:46:12","slug":"industries","status":"publish","type":"page","link":"https:\/\/staging.sago.com\/fr\/industries\/","title":{"rendered":"Industries"},"content":{"rendered":"<div class=\"wpb-content-wrapper\"><p>[vc_row animation_type=\u00a0\u00bbfadeInUp\u00a0\u00bb css=\u00a0\u00bb.vc_custom_1676056672014{padding-top: 50px !important;padding-bottom: 50px !important;}\u00a0\u00bb conditional_render=\u00a0\u00bb%5B%7B%22value_role%22%3A%22administrator%22%7D%5D\u00a0\u00bb][vc_column conditional_render=\u00a0\u00bb%5B%7B%22value_role%22%3A%22administrator%22%7D%5D\u00a0\u00bb][vc_column_text]<\/p>\n<h2>Chez Sago, nous proposons des solutions adaptatives permettant de prendre des d\u00e9cisions en toute confiance. Que vous recherchiez l&rsquo;avis des consommateurs sur un nouveau produit ou que vous ayez besoin de conna\u00eetre les difficult\u00e9s d&rsquo;une cible de niche, nos experts fiables vous aideront \u00e0 trouver des r\u00e9ponses humaines aux questions de votre entreprise les plus urgentes.<\/h2>\n<p>[\/vc_column_text][vc_row_inner equal_height=\u00a0\u00bbyes\u00a0\u00bb css=\u00a0\u00bb.vc_custom_1676919593252{margin-bottom: 30px !important;padding-top: 25px !important;}\u00a0\u00bb][vc_column_inner width=\u00a0\u00bb1\/3&Prime;][vc_raw_html el_class=\u00a0\u00bbsago-green-block\u00a0\u00bb]JTNDZGl2JTNFJTNDaW1nJTIwY2xhc3MlM0QlMjJpY29uc2FyZWElMjIlMjBzcmMlM0QlMjJodHRwcyUzQSUyRiUyRjNjOThjZDg4YWUubnhjbGkuaW8lMkZ3cC1jb250ZW50JTJGdXBsb2FkcyUyRjIwMjMlMkYwMiUyRkF1ZGllbmNlSWNvbi5wbmclMjIlMjAlMkYlM0UlM0MlMkZkaXYlM0UlMEElM0NoMyUyMGNsYXNzJTNEJTIyaW1wLXF1ZXN0aW9uJTIyJTNFQmllbnMlMjBkZSUyMGdyYW5kZSUyMGNvbnNvbW1hdGlvbiUzQyUyRmgzJTNFJTBBJTNDcCUyMGNsYXNzJTNEJTIyaW1wLXBhcmElMjIlM0VEJUMzJUE5Y291dnJleiUyMGxlcyUyMHBvaW50cyUyMGZhaWJsZXMlMjBldCUyMGxlcyUyMHByJUMzJUE5ZiVDMyVBOXJlbmNlcyUyMGRlcyUyMGNvbnNvbW1hdGV1cnMlMjBnciVDMyVBMmNlJTIwJUMzJUEwJTIwdW4lMjBhY2MlQzMlQThzJTIwaW4lQzMlQTlnYWwlQzMlQTklMjBhdXglMjBhdWRpZW5jZXMlMjBkb250JTIwdm91cyUyMGF2ZXolMjBiZXNvaW4lMjBldCUyMCVDMyVBMCUyMGRlcyUyMHNvbHV0aW9ucyUyMHBvdXIlMjBsYSUyMHIlQzMlQTlhbGlzYXRpb24lMjByYXBpZGUlMjBkZXMlMjAlQzMlQTl0dWRlcy4lRTIlODAlOEIlRTIlODAlOEIlM0MlMkZwJTNF[\/vc_raw_html][\/vc_column_inner][vc_column_inner width=\u00a0\u00bb1\/3&Prime;][vc_raw_html el_class=\u00a0\u00bbsago-green-block\u00a0\u00bb]JTNDZGl2JTNFJTBBJTNDaW1nJTIwY2xhc3MlM0QlMjJpY29uc2FyZWElMjIlMjBzcmMlM0QlMjJodHRwcyUzQSUyRiUyRjNjOThjZDg4YWUubnhjbGkuaW8lMkZ3cC1jb250ZW50JTJGdXBsb2FkcyUyRjIwMjMlMkYwMiUyRlF1YWxpdGF0aXZlSWNvbi5wbmclMjIlMjAlMkYlM0UlM0MlMkZkaXYlM0UlMEElM0NoMyUyMGNsYXNzJTNEJTIyaW1wLXF1ZXN0aW9uJTIyJTNFU2FudCVDMyVBOSUzQyUyRmgzJTNFJTBBJTNDcCUyMGNsYXNzJTNEJTIyaW1wLXBhcmElMjIlM0VMYSUyMGNvbGxlY3RlJTIwZGUlMjBkb25uJUMzJUE5ZXMlMjBkYW5zJTIwdW4lMjBlbnZpcm9ubmVtZW50JTIwciVDMyVBOWdsZW1lbnQlQzMlQTklMjAlMkIlMjBsJTI3ZXhwZXJ0aXNlJTIwY2xpbmlxdWUlMkMlMjBzaWduaWZpZSUyMGRlcyUyMHNvbHV0aW9ucyUyMGRlJTIwcmVjaGVyY2hlJTIwZGFucyUyMGxlJTIwZG9tYWluZSUyMGRlJTIwbGElMjBzYW50JUMzJUE5JTIwZXQlMjBkZXMlMjBpbmZvcm1hdGlvbnMlMjBzdXIlMjBsZXMlMjBwYXRpZW50cyUyMGV0JTIwbGVzJTIwcHJlc3RhdGFpcmVzJTIwZGUlMjBzb2lucyUyMGRlJTIwc2FudCVDMyVBOSUyQyUyMG9wdGltaXMlQzMlQTllcyUyMHBvdXIlMjB2b3RyZSUyMHN1Y2MlQzMlQThzLiUzQyUyRnAlM0UlMEE=[\/vc_raw_html][\/vc_column_inner][vc_column_inner width=\u00a0\u00bb1\/3&Prime;][vc_raw_html el_class=\u00a0\u00bbsago-green-block\u00a0\u00bb]JTNDZGl2JTNFJTNDaW1nJTIwY2xhc3MlM0QlMjJpY29uc2FyZWElMjIlMjBzcmMlM0QlMjJodHRwcyUzQSUyRiUyRjNjOThjZDg4YWUubnhjbGkuaW8lMkZ3cC1jb250ZW50JTJGdXBsb2FkcyUyRjIwMjMlMkYwMiUyRlF1YW50aXRhdGl2ZUljb24ucG5nJTIyJTIwJTJGJTNFJTNDJTJGZGl2JTNFJTBBJTNDaDMlMjBjbGFzcyUzRCUyMmltcC1xdWVzdGlvbiUyMiUzRUZpbmFuY2VzJTNDJTJGaDMlM0UlMEElM0NwJTIwY2xhc3MlM0QlMjJpbXAtcGFyYSUyMiUzRUludmVzdGlzc2V6JTIwZGFucyUyMHZvcyUyMGNsaWVudHMlMkMlMjBpbHMlMjB2b3VzJTIwbGUlMjByZW5kcm9udCUyMGJpZW4uJTIwTm91cyUyMHZvdXMlMjBhaWRvbnMlMjAlQzMlQTAlMjBjb21wcmVuZHJlJTIwdm90cmUlMjBwdWJsaWMlMjBjaWJsZSUyMHBvdXIlMjBwcmVuZHJlJTIwZGUlMjBtZWlsbGV1cmVzJTIwZCVDMyVBOWNpc2lvbnMlMjBjb21tZXJjaWFsZXMlMkMlMjByZXN0ZXIlMjBjb21wJUMzJUE5dGl0aWYlMjBldCUyMGFjYyVDMyVBOWwlQzMlQTlyZXIlMjBsYSUyMGNyb2lzc2FuY2UuJTNDJTJGcCUzRQ==[\/vc_raw_html][\/vc_column_inner][\/vc_row_inner][vc_row_inner equal_height=\u00a0\u00bbyes\u00a0\u00bb][vc_column_inner width=\u00a0\u00bb1\/3&Prime;][vc_raw_html el_class=\u00a0\u00bbsago-green-block\u00a0\u00bb]JTNDZGl2JTNFJTNDaW1nJTIwY2xhc3MlM0QlMjJpY29uc2FyZWElMjIlMjBzcmMlM0QlMjJodHRwcyUzQSUyRiUyRjNjOThjZDg4YWUubnhjbGkuaW8lMkZ3cC1jb250ZW50JTJGdXBsb2FkcyUyRjIwMjMlMkYwMiUyRkF1ZGllbmNlSWNvbi5wbmclMjIlMjAlMkYlM0UlM0MlMkZkaXYlM0UlMEElM0NoMyUyMGNsYXNzJTNEJTIyaW1wLXF1ZXN0aW9uJTIyJTNFQ29uc2VpbCUzQyUyRmgzJTNFJTBBJTNDcCUyMGNsYXNzJTNEJTIyaW1wLXBhcmElMjIlM0VFbiUyMHRhbnQlMjBxdWUlMjB2b3RyZSUyMHBhcnRlbmFpcmUlMjBkZSUyMGNvbmZpYW5jZSUyMGVuJTIwbWF0aSVDMyVBOHJlJTIwZCUyNyVDMyVBOXR1ZGVzJTJDJTIwbm91cyUyMGFkb3B0b25zJTIwdW5lJTIwYXBwcm9jaGUlMjBjb25zdWx0YXRpdmUuJUUyJTgwJUFGTm91cyUyMHZvdXMlMjBhaWRlcm9ucyUyMCVDMyVBMCUyMGZvdXJuaXIlMjBkZXMlMjBpbmZvcm1hdGlvbnMlMjBlc3NlbnRpZWxsZXMlMjAlQzMlQTAlMjB2b3MlMjBjbGllbnRzJTIwYWZpbiUyMHF1JTI3aWxzJTIwcHVpc3NlbnQlMjBwcmVuZHJlJTIwZGVzJTIwZCVDMyVBOWNpc2lvbnMlMjBvcCVDMyVBOXJhdGlvbm5lbGxlcyUyMGVmZmljYWNlcy4lRTIlODAlOEIlM0MlMkZwJTNF[\/vc_raw_html][\/vc_column_inner][vc_column_inner width=\u00a0\u00bb1\/3&Prime;][vc_raw_html el_class=\u00a0\u00bbsago-green-block\u00a0\u00bb]JTNDZGl2JTNFJTBBJTNDaW1nJTIwY2xhc3MlM0QlMjJpY29uc2FyZWElMjIlMjBzcmMlM0QlMjJodHRwcyUzQSUyRiUyRjNjOThjZDg4YWUubnhjbGkuaW8lMkZ3cC1jb250ZW50JTJGdXBsb2FkcyUyRjIwMjMlMkYwMiUyRlF1YWxpdGF0aXZlSWNvbi5wbmclMjIlMjAlMkYlM0UlM0MlMkZkaXYlM0UlMEElM0NoMyUyMGNsYXNzJTNEJTIyaW1wLXF1ZXN0aW9uJTIyJTNFJUMzJTg5dHVkZSUyMGRlJTIwbWFyY2glQzMlQTklM0MlMkZoMyUzRSUwQSUzQ3AlMjBjbGFzcyUzRCUyMmltcC1wYXJhJTIyJTNFQWNjJUMzJUE5ZGV6JTIwYXV4JTIwb3V0aWxzJTIwZCVFMiU4MCU5OSVDMyVBOXR1ZGUlMkMlMjBkZXMlMjBleHBlcnRzJTIwZXQlMjBhdXglMjByJUMzJUE5cG9uZGFudHMlMkMlMjBsZSUyMHRvdXQlMjBlbiUyMHVuJTIwc2V1bCUyMGVuZHJvaXQuJTIwTm9zJTIwc29sdXRpb25zJTIwYWRhcHRhdGl2ZXMlMjB2b3VzJTIwYWlkZW50JTIwJUMzJUEwJTIwZm91cm5pciUyMGRlcyUyMHBlcnNwZWN0aXZlcyUyMHBsdXMlMjAlQzMlQTljbGFpciVDMyVBOWVzJTIwZW4lMjB0b3V0ZSUyMHNpbXBsaWNpdCVDMyVBOS4lRTIlODAlOEIlRTIlODAlOEIlM0MlMkZwJTNF[\/vc_raw_html][\/vc_column_inner][vc_column_inner width=\u00a0\u00bb1\/3&Prime;][vc_raw_html el_class=\u00a0\u00bbsago-green-block\u00a0\u00bb]JTNDZGl2JTNFJTNDaW1nJTIwY2xhc3MlM0QlMjJpY29uc2FyZWElMjIlMjBzcmMlM0QlMjJodHRwcyUzQSUyRiUyRjNjOThjZDg4YWUubnhjbGkuaW8lMkZ3cC1jb250ZW50JTJGdXBsb2FkcyUyRjIwMjMlMkYwMiUyRlF1YW50aXRhdGl2ZUljb24ucG5nJTIyJTIwJTJGJTNFJTNDJTJGZGl2JTNFJTBBJTNDaDMlMjBjbGFzcyUzRCUyMmltcC1xdWVzdGlvbiUyMiUzRU0lQzMlQTlkaWFzJTIwZXQlMjB0ZWNobm9sb2dpZSUzQyUyRmgzJTNFJTBBJTNDcCUyMGNsYXNzJTNEJTIyaW1wLXBhcmElMjIlM0VOb3RyZSUyMHRlY2hub2xvZ2llJTIwZXhjbHVzaXZlJTIwcGVybWV0JTIwZCUyN29idGVuaXIlMjBwbHVzJTIwZmFjaWxlbWVudCUyMGV0JTIwcGx1cyUyMHJhcGlkZW1lbnQlMjB1biUyMGVuZ2FnZW1lbnQlMjBzaWduaWZpY2F0aWYlMjBkZSUyMGxhJTIwcGFydCUyMGQlMjd1biUyMHRyJUMzJUE4cyUyMGxhcmdlJTIwJUMzJUE5dmVudGFpbCUyMGRlJTIwcGVyc29ubmVzJTIwaW50ZXJyb2clQzMlQTllcy4lRTIlODAlOEIlM0MlMkZwJTNF[\/vc_raw_html][\/vc_column_inner][\/vc_row_inner][vc_row_inner equal_height=\u00a0\u00bbyes\u00a0\u00bb][vc_column_inner width=\u00a0\u00bb1\/3&Prime;][vc_raw_html el_class=\u00a0\u00bbsago-green-block\u00a0\u00bb]JTNDZGl2JTNFJTBBJTNDZGl2JTNFJTNDaW1nJTIwY2xhc3MlM0QlMjJpY29uc2FyZWElMjIlMjBzcmMlM0QlMjJodHRwcyUzQSUyRiUyRjNjOThjZDg4YWUubnhjbGkuaW8lMkZ3cC1jb250ZW50JTJGdXBsb2FkcyUyRjIwMjMlMkYwMiUyRkF1ZGllbmNlSWNvbi5wbmclMjIlMjAlMkYlM0UlM0MlMkZkaXYlM0UlMEElM0NoMyUyMGNsYXNzJTNEJTIyaW1wLXF1ZXN0aW9uJTIyJTNFRmFicmljYXRpb24lMjBkZSUyMGRpc3Bvc2l0aWZzJTIwbSVDMyVBOWRpY2F1eCUzQyUyRmgzJTNFJTBBJTNDcCUyMGNsYXNzJTNEJTIyaW1wLXBhcmElMjIlM0VPYnRlbmV6JTIwcmFwaWRlbWVudCUyMGRlcyUyMGRvbm4lQzMlQTllcyUyMGV4cGxvaXRhYmxlcyUyMGV0JTIwZGVzJTIwaW5mb3JtYXRpb25zJTIwcGVydGluZW50ZXMlMjBwb3VyJTIwYXZhbmNlciUyMGVuJTIwdG91dGUlMjBjb25maWFuY2UlMjBxdWVsJTIwcXVlJTIwc29pdCUyMGxlJTIwc3RhZGUlMjBkZSUyMHZvdHJlJTIwY3ljbGUlMjBkZSUyMGQlQzMlQTl2ZWxvcHBlbWVudC4lM0MlMkZwJTNFJTBBJTNDJTJGZGl2JTNF[\/vc_raw_html][\/vc_column_inner][\/vc_row_inner][\/vc_column][\/vc_row][vc_row full_width=\u00a0\u00bbstretch_row_content\u00a0\u00bb css=\u00a0\u00bb.vc_custom_1641140800665{padding-top: 50px !important;padding-bottom: 50px !important;}\u00a0\u00bb][vc_column]<div class=\"porto-block\" data-id=\"56402\"><style>.vc_custom_1676485761953{padding-top: 50px !important;padding-bottom: 50px !important;}.vc_custom_1676239417174{padding-right: 0px !important;padding-left: 0px !important;}.vc_custom_1676239407838{padding-right: 0px !important;}.vc_custom_1675969268171{padding-right: 0px !important;padding-left: 0px !important;}.vc_custom_1675969278597{padding-right: 0px !important;padding-left: 0px !important;}.vc_custom_1676239706215{padding-right: 0px !important;}<\/style>[vc_row full_width=\"stretch_row_content_no_spaces\" equal_height=\"yes\" conditional_render=\"%5B%7B%22value_role%22%3A%22administrator%22%7D%5D\" css=\".vc_custom_1676485761953{padding-top: 50px !important;padding-bottom: 50px !important;}\"][vc_column css=\".vc_custom_1676239417174{padding-right: 0px !important;padding-left: 0px !important;}\" conditional_render=\"%5B%7B%22value_role%22%3A%22administrator%22%7D%5D\"][vc_row_inner equal_height=\"yes\" content_placement=\"middle\" css=\".vc_custom_1676239407838{padding-right: 0px !important;}\"][vc_column_inner width=\"1\/4\" offset=\"vc_col-xs-1\/5\" css=\".vc_custom_1675969268171{padding-right: 0px !important;padding-left: 0px !important;}\"][vc_single_image image=\"51222\" img_size=\"full\"][\/vc_column_inner][vc_column_inner width=\"1\/2\" offset=\"vc_col-xs-3\/5\"][vc_column_text]<\/p>\r\n<h2 style=\"text-align: center;\">Vous cherchez des r\u00e9ponses aux questions de votre entreprise ? Tout simplement Sago.<\/h2>\r\n<p>[\/vc_column_text][vc_btn title=\"Contactez-nous\" align=\"center\" el_class=\"getintouch\" link=\"url:https%3A%2F%2Fstaging.sago.com%2Ffr%2Fget-in-touch%2F|title:Get%20in%20touch\"][\/vc_column_inner][vc_column_inner width=\"1\/4\" offset=\"vc_col-xs-1\/5\" css=\".vc_custom_1675969278597{padding-right: 0px !important;padding-left: 0px !important;}\"][vc_single_image image=\"51226\" img_size=\"full\" alignment=\"right\" css=\".vc_custom_1676239706215{padding-right: 0px !important;}\"][\/vc_column_inner][\/vc_row_inner][\/vc_column][\/vc_row]<\/div>[\/vc_column][\/vc_row]<\/p>\n<\/div>","protected":false},"excerpt":{"rendered":"<p>[vc_row animation_type=\u00a0\u00bbfadeInUp\u00a0\u00bb css=\u00a0\u00bb.vc_custom_1676056672014{padding-top: 50px !important;padding-bottom: 50px !important;}\u00a0\u00bb conditional_render=\u00a0\u00bb%5B%7B%22value_role%22%3A%22administrator%22%7D%5D\u00a0\u00bb][vc_column conditional_render=\u00a0\u00bb%5B%7B%22value_role%22%3A%22administrator%22%7D%5D\u00a0\u00bb][vc_column_text] Chez Sago, nous proposons des solutions adaptatives permettant de prendre des d\u00e9cisions en toute confiance. Que vous recherchiez l&rsquo;avis des consommateurs sur un nouveau produit ou que vous ayez besoin de conna\u00eetre les difficult\u00e9s d&rsquo;une cible de niche, nos experts fiables vous aideront \u00e0 trouver des [&hellip;]<\/p>\n","protected":false},"author":24,"featured_media":51329,"parent":0,"menu_order":0,"comment_status":"closed","ping_status":"closed","template":"what-we-offer.php","meta":{"_acf_changed":false,"content-type":"","footnotes":""},"categories":[],"tags":[],"city":[],"class_list":["post-56018","page","type-page","status-publish","has-post-thumbnail","hentry"],"acf":[],"yoast_head":"<!-- This site is optimized with the Yoast SEO Premium plugin v19.7 (Yoast SEO v27.3) - https:\/\/yoast.com\/product\/yoast-seo-premium-wordpress\/ -->\n<title>Qui nous servons | Sago<\/title>\n<meta name=\"description\" content=\"Chez Sago, nous proposons des solutions adaptatives permettant de prendre des d\u00e9cisions en toute confiance.\" \/>\n<meta name=\"robots\" content=\"noindex, follow, max-snippet:-1, max-image-preview:large, max-video-preview:-1\" \/>\n<meta property=\"og:locale\" content=\"fr_FR\" \/>\n<meta property=\"og:type\" content=\"article\" \/>\n<meta property=\"og:title\" content=\"Industries\" \/>\n<meta property=\"og:description\" content=\"Chez Sago, nous proposons des solutions adaptatives permettant de prendre des d\u00e9cisions en toute confiance.\" \/>\n<meta property=\"og:url\" content=\"https:\/\/staging.sago.com\/fr\/industries\/\" \/>\n<meta property=\"og:site_name\" content=\"Sago\" \/>\n<meta property=\"article:publisher\" content=\"https:\/\/www.facebook.com\/sagomrx\" \/>\n<meta property=\"article:modified_time\" content=\"2024-04-04T18:46:12+00:00\" \/>\n<meta property=\"og:image\" content=\"https:\/\/staging.sago.com\/wp-content\/uploads\/2023\/02\/Sago-Standard-Logo.jpg\" \/>\n\t<meta property=\"og:image:width\" content=\"200\" \/>\n\t<meta property=\"og:image:height\" content=\"200\" \/>\n\t<meta property=\"og:image:type\" content=\"image\/jpeg\" \/>\n<meta name=\"twitter:card\" content=\"summary_large_image\" \/>\n<meta name=\"twitter:site\" content=\"@sagomrx\" \/>\n<meta name=\"twitter:label1\" content=\"Dur\u00e9e de lecture estim\u00e9e\" \/>\n\t<meta name=\"twitter:data1\" content=\"1 minute\" \/>\n<script type=\"application\/ld+json\" class=\"yoast-schema-graph\">{\"@context\":\"https:\\\/\\\/schema.org\",\"@graph\":[{\"@type\":\"WebPage\",\"@id\":\"https:\\\/\\\/staging.sago.com\\\/fr\\\/industries\\\/\",\"url\":\"https:\\\/\\\/staging.sago.com\\\/fr\\\/industries\\\/\",\"name\":\"Qui nous servons | Sago\",\"isPartOf\":{\"@id\":\"https:\\\/\\\/staging.sago.com\\\/fr\\\/#website\"},\"primaryImageOfPage\":{\"@id\":\"https:\\\/\\\/staging.sago.com\\\/fr\\\/industries\\\/#primaryimage\"},\"image\":{\"@id\":\"https:\\\/\\\/staging.sago.com\\\/fr\\\/industries\\\/#primaryimage\"},\"thumbnailUrl\":\"https:\\\/\\\/staging.sago.com\\\/wp-content\\\/uploads\\\/2023\\\/02\\\/Sago-Standard-Logo.jpg\",\"datePublished\":\"2023-01-20T18:43:02+00:00\",\"dateModified\":\"2024-04-04T18:46:12+00:00\",\"description\":\"Chez Sago, nous proposons des solutions adaptatives permettant de prendre des d\u00e9cisions en toute confiance.\",\"breadcrumb\":{\"@id\":\"https:\\\/\\\/staging.sago.com\\\/fr\\\/industries\\\/#breadcrumb\"},\"inLanguage\":\"fr-FR\",\"potentialAction\":[{\"@type\":\"ReadAction\",\"target\":[\"https:\\\/\\\/staging.sago.com\\\/fr\\\/industries\\\/\"]}]},{\"@type\":\"ImageObject\",\"inLanguage\":\"fr-FR\",\"@id\":\"https:\\\/\\\/staging.sago.com\\\/fr\\\/industries\\\/#primaryimage\",\"url\":\"https:\\\/\\\/staging.sago.com\\\/wp-content\\\/uploads\\\/2023\\\/02\\\/Sago-Standard-Logo.jpg\",\"contentUrl\":\"https:\\\/\\\/staging.sago.com\\\/wp-content\\\/uploads\\\/2023\\\/02\\\/Sago-Standard-Logo.jpg\",\"width\":200,\"height\":200,\"caption\":\"logo\"},{\"@type\":\"BreadcrumbList\",\"@id\":\"https:\\\/\\\/staging.sago.com\\\/fr\\\/industries\\\/#breadcrumb\",\"itemListElement\":[{\"@type\":\"ListItem\",\"position\":1,\"name\":\"Home\",\"item\":\"https:\\\/\\\/staging.sago.com\\\/fr\\\/\"},{\"@type\":\"ListItem\",\"position\":2,\"name\":\"Industries\"}]},{\"@type\":\"WebSite\",\"@id\":\"https:\\\/\\\/staging.sago.com\\\/fr\\\/#website\",\"url\":\"https:\\\/\\\/staging.sago.com\\\/fr\\\/\",\"name\":\"Sago\",\"description\":\"Adaptable Solutions. Confident Decisions.\",\"publisher\":{\"@id\":\"https:\\\/\\\/staging.sago.com\\\/fr\\\/#organization\"},\"potentialAction\":[{\"@type\":\"SearchAction\",\"target\":{\"@type\":\"EntryPoint\",\"urlTemplate\":\"https:\\\/\\\/staging.sago.com\\\/fr\\\/?s={search_term_string}\"},\"query-input\":{\"@type\":\"PropertyValueSpecification\",\"valueRequired\":true,\"valueName\":\"search_term_string\"}}],\"inLanguage\":\"fr-FR\"},{\"@type\":\"Organization\",\"@id\":\"https:\\\/\\\/staging.sago.com\\\/fr\\\/#organization\",\"name\":\"Sago\",\"url\":\"https:\\\/\\\/staging.sago.com\\\/fr\\\/\",\"logo\":{\"@type\":\"ImageObject\",\"inLanguage\":\"fr-FR\",\"@id\":\"https:\\\/\\\/staging.sago.com\\\/fr\\\/#\\\/schema\\\/logo\\\/image\\\/\",\"url\":\"https:\\\/\\\/3c98cd88ae.nxcli.io\\\/wp-content\\\/uploads\\\/2023\\\/02\\\/Sago-Standard-Logo.jpg\",\"contentUrl\":\"https:\\\/\\\/3c98cd88ae.nxcli.io\\\/wp-content\\\/uploads\\\/2023\\\/02\\\/Sago-Standard-Logo.jpg\",\"width\":200,\"height\":200,\"caption\":\"Sago\"},\"image\":{\"@id\":\"https:\\\/\\\/staging.sago.com\\\/fr\\\/#\\\/schema\\\/logo\\\/image\\\/\"},\"sameAs\":[\"https:\\\/\\\/www.facebook.com\\\/sagomrx\",\"https:\\\/\\\/x.com\\\/sagomrx\",\"https:\\\/\\\/www.instagram.com\\\/sagomrx\\\/\",\"https:\\\/\\\/www.youtube.com\\\/@sago-mrx\",\"https:\\\/\\\/www.linkedin.com\\\/company\\\/sago-mrx\\\/\",\"https:\\\/\\\/vimeo.com\\\/sagomrx\"]}]}<\/script>\n<!-- \/ Yoast SEO Premium plugin. -->","yoast_head_json":{"title":"Qui nous servons | Sago","description":"Chez Sago, nous proposons des solutions adaptatives permettant de prendre des d\u00e9cisions en toute confiance.","robots":{"index":"noindex","follow":"follow","max-snippet":"max-snippet:-1","max-image-preview":"max-image-preview:large","max-video-preview":"max-video-preview:-1"},"og_locale":"fr_FR","og_type":"article","og_title":"Industries","og_description":"Chez Sago, nous proposons des solutions adaptatives permettant de prendre des d\u00e9cisions en toute confiance.","og_url":"https:\/\/staging.sago.com\/fr\/industries\/","og_site_name":"Sago","article_publisher":"https:\/\/www.facebook.com\/sagomrx","article_modified_time":"2024-04-04T18:46:12+00:00","og_image":[{"width":200,"height":200,"url":"https:\/\/staging.sago.com\/wp-content\/uploads\/2023\/02\/Sago-Standard-Logo.jpg","type":"image\/jpeg"}],"twitter_card":"summary_large_image","twitter_site":"@sagomrx","twitter_misc":{"Dur\u00e9e de lecture estim\u00e9e":"1 minute"},"schema":{"@context":"https:\/\/schema.org","@graph":[{"@type":"WebPage","@id":"https:\/\/staging.sago.com\/fr\/industries\/","url":"https:\/\/staging.sago.com\/fr\/industries\/","name":"Qui nous servons | Sago","isPartOf":{"@id":"https:\/\/staging.sago.com\/fr\/#website"},"primaryImageOfPage":{"@id":"https:\/\/staging.sago.com\/fr\/industries\/#primaryimage"},"image":{"@id":"https:\/\/staging.sago.com\/fr\/industries\/#primaryimage"},"thumbnailUrl":"https:\/\/staging.sago.com\/wp-content\/uploads\/2023\/02\/Sago-Standard-Logo.jpg","datePublished":"2023-01-20T18:43:02+00:00","dateModified":"2024-04-04T18:46:12+00:00","description":"Chez Sago, nous proposons des solutions adaptatives permettant de prendre des d\u00e9cisions en toute confiance.","breadcrumb":{"@id":"https:\/\/staging.sago.com\/fr\/industries\/#breadcrumb"},"inLanguage":"fr-FR","potentialAction":[{"@type":"ReadAction","target":["https:\/\/staging.sago.com\/fr\/industries\/"]}]},{"@type":"ImageObject","inLanguage":"fr-FR","@id":"https:\/\/staging.sago.com\/fr\/industries\/#primaryimage","url":"https:\/\/staging.sago.com\/wp-content\/uploads\/2023\/02\/Sago-Standard-Logo.jpg","contentUrl":"https:\/\/staging.sago.com\/wp-content\/uploads\/2023\/02\/Sago-Standard-Logo.jpg","width":200,"height":200,"caption":"logo"},{"@type":"BreadcrumbList","@id":"https:\/\/staging.sago.com\/fr\/industries\/#breadcrumb","itemListElement":[{"@type":"ListItem","position":1,"name":"Home","item":"https:\/\/staging.sago.com\/fr\/"},{"@type":"ListItem","position":2,"name":"Industries"}]},{"@type":"WebSite","@id":"https:\/\/staging.sago.com\/fr\/#website","url":"https:\/\/staging.sago.com\/fr\/","name":"Sago","description":"Adaptable Solutions. Confident Decisions.","publisher":{"@id":"https:\/\/staging.sago.com\/fr\/#organization"},"potentialAction":[{"@type":"SearchAction","target":{"@type":"EntryPoint","urlTemplate":"https:\/\/staging.sago.com\/fr\/?s={search_term_string}"},"query-input":{"@type":"PropertyValueSpecification","valueRequired":true,"valueName":"search_term_string"}}],"inLanguage":"fr-FR"},{"@type":"Organization","@id":"https:\/\/staging.sago.com\/fr\/#organization","name":"Sago","url":"https:\/\/staging.sago.com\/fr\/","logo":{"@type":"ImageObject","inLanguage":"fr-FR","@id":"https:\/\/staging.sago.com\/fr\/#\/schema\/logo\/image\/","url":"https:\/\/3c98cd88ae.nxcli.io\/wp-content\/uploads\/2023\/02\/Sago-Standard-Logo.jpg","contentUrl":"https:\/\/3c98cd88ae.nxcli.io\/wp-content\/uploads\/2023\/02\/Sago-Standard-Logo.jpg","width":200,"height":200,"caption":"Sago"},"image":{"@id":"https:\/\/staging.sago.com\/fr\/#\/schema\/logo\/image\/"},"sameAs":["https:\/\/www.facebook.com\/sagomrx","https:\/\/x.com\/sagomrx","https:\/\/www.instagram.com\/sagomrx\/","https:\/\/www.youtube.com\/@sago-mrx","https:\/\/www.linkedin.com\/company\/sago-mrx\/","https:\/\/vimeo.com\/sagomrx"]}]}},"_links":{"self":[{"href":"https:\/\/staging.sago.com\/fr\/wp-json\/wp\/v2\/pages\/56018","targetHints":{"allow":["GET"]}}],"collection":[{"href":"https:\/\/staging.sago.com\/fr\/wp-json\/wp\/v2\/pages"}],"about":[{"href":"https:\/\/staging.sago.com\/fr\/wp-json\/wp\/v2\/types\/page"}],"author":[{"embeddable":true,"href":"https:\/\/staging.sago.com\/fr\/wp-json\/wp\/v2\/users\/24"}],"replies":[{"embeddable":true,"href":"https:\/\/staging.sago.com\/fr\/wp-json\/wp\/v2\/comments?post=56018"}],"version-history":[{"count":0,"href":"https:\/\/staging.sago.com\/fr\/wp-json\/wp\/v2\/pages\/56018\/revisions"}],"wp:featuredmedia":[{"embeddable":true,"href":"https:\/\/staging.sago.com\/fr\/wp-json\/wp\/v2\/media\/51329"}],"wp:attachment":[{"href":"https:\/\/staging.sago.com\/fr\/wp-json\/wp\/v2\/media?parent=56018"}],"wp:term":[{"taxonomy":"category","embeddable":true,"href":"https:\/\/staging.sago.com\/fr\/wp-json\/wp\/v2\/categories?post=56018"},{"taxonomy":"post_tag","embeddable":true,"href":"https:\/\/staging.sago.com\/fr\/wp-json\/wp\/v2\/tags?post=56018"},{"taxonomy":"city","embeddable":true,"href":"https:\/\/staging.sago.com\/fr\/wp-json\/wp\/v2\/city?post=56018"}],"curies":[{"name":"wp","href":"https:\/\/api.w.org\/{rel}","templated":true}]}}