{"id":55610,"date":"2023-01-31T12:34:39","date_gmt":"2023-01-31T17:34:39","guid":{"rendered":"https:\/\/3c98cd88ae.nxcli.io\/solutions\/platforms\/"},"modified":"2024-03-05T10:13:48","modified_gmt":"2024-03-05T15:13:48","slug":"plateformes","status":"publish","type":"page","link":"https:\/\/staging.sago.com\/fr\/solutions\/plateformes\/","title":{"rendered":"Plateformes"},"content":{"rendered":"<div class=\"wpb-content-wrapper\"><p>[vc_row css=\u00a0\u00bb.vc_custom_1676890165986{padding-top: 50px !important;padding-bottom: 50px !important;}\u00a0\u00bb conditional_render=\u00a0\u00bb%5B%7B%22value_role%22%3A%22administrator%22%7D%5D\u00a0\u00bb][vc_column][vc_column_text]<\/p>\n<h2>Comment pouvons-nous vous aider \u00e0 recueillir vos donn\u00e9es ?<\/h2>\n<p>[\/vc_column_text][vc_row_inner gap=\u00a0\u00bb35&Prime; css=\u00a0\u00bb.vc_custom_1677442209151{padding-top: 25px !important;}\u00a0\u00bb el_class=\u00a0\u00bblogoimages\u00a0\u00bb][vc_column_inner width=\u00a0\u00bb1\/3&Prime;][vc_single_image image=\u00a0\u00bb52067&Prime; img_size=\u00a0\u00bbfull\u00a0\u00bb][vc_column_text]<\/p>\n<p><strong>Etude automatis\u00e9e\u00a0<\/strong><\/p>\n<p>Donnez de l\u2019autonomie aux utilisateurs, diminuez la saturation d&rsquo;informations et b\u00e9n\u00e9ficiez d&rsquo;un choix de cible avanc\u00e9 gr\u00e2ce \u00e0 Methodify, une plateforme d&rsquo;\u00e9tude quantitative automatis\u00e9e. Obtenez des r\u00e9sultats plus rapides, plus faciles et plus intelligents en un seul endroit.<\/p>\n<p><span data-mce-type=\"bookmark\" style=\"display: inline-block; width: 0px; overflow: hidden; line-height: 0;\" class=\"mce_SELRES_start\">\ufeff<\/span>[\/vc_column_text][\/vc_column_inner][vc_column_inner width=\u00a0\u00bb1\/3&Prime;][vc_single_image image=\u00a0\u00bb52074&Prime; img_size=\u00a0\u00bbfull\u00a0\u00bb][vc_column_text]<strong>\u200bDiscussions num\u00e9riques\u00a0<\/strong><\/p>\n<p>\u200bConduisez vos \u00e9tudes qualitatives num\u00e9riques de mani\u00e8re plus intelligente. Notre plateforme d\u2019analyse d\u2019entreprise a \u00e9t\u00e9 cr\u00e9\u00e9e pour pour recueillir des informations riches et agiles et est adapt\u00e9e \u00e0 tout, des simples discussions DIY aux projets mondiaux complexes.[\/vc_column_text][\/vc_column_inner][vc_column_inner width=\u00a0\u00bb1\/3&Prime;][vc_single_image image=\u00a0\u00bb52078&Prime; img_size=\u00a0\u00bbfull\u00a0\u00bb][vc_column_text]<strong>Entretiens par webcam \u200b<\/strong><\/p>\n<p>R\u00e9alisez des entretiens qualitatifs exceptionnels par webcam gr\u00e2ce \u00e0 une plateforme d&rsquo;analyse vid\u00e9o qui associe l&rsquo;imm\u00e9diatet\u00e9 et les rep\u00e8res visuels d&rsquo;une \u00e9tude en personne aux gains de temps et d&rsquo;argent d&rsquo;une \u00e9tude num\u00e9rique.[\/vc_column_text][\/vc_column_inner][vc_column_inner el_class=\u00a0\u00bbdisnone\u00a0\u00bb width=\u00a0\u00bb1\/3&Prime;][vc_single_image image=\u00a0\u00bb52071&Prime; img_size=\u00a0\u00bbfull\u00a0\u00bb][vc_column_text]<strong>Ethnographie mobile\u00a0<\/strong><\/p>\n<p>Cette plateforme r\u00e9volutionnaire vous permet d\u2019\u00eatre au plus pr\u00e8s des consommateurs du monde entier. Recueillez des informations d\u00e9taill\u00e9es, depuis les journaux vid\u00e9o mobiles jusqu&rsquo;aux tests de produits dans le monde r\u00e9el.[\/vc_column_text][\/vc_column_inner][\/vc_row_inner][\/vc_column][\/vc_row][vc_row][vc_column]<div class=\"porto-block\" data-id=\"56402\"><style>.vc_custom_1676485761953{padding-top: 50px !important;padding-bottom: 50px !important;}.vc_custom_1676239417174{padding-right: 0px !important;padding-left: 0px !important;}.vc_custom_1676239407838{padding-right: 0px !important;}.vc_custom_1675969268171{padding-right: 0px !important;padding-left: 0px !important;}.vc_custom_1675969278597{padding-right: 0px !important;padding-left: 0px !important;}.vc_custom_1676239706215{padding-right: 0px !important;}<\/style>[vc_row full_width=\"stretch_row_content_no_spaces\" equal_height=\"yes\" conditional_render=\"%5B%7B%22value_role%22%3A%22administrator%22%7D%5D\" css=\".vc_custom_1676485761953{padding-top: 50px !important;padding-bottom: 50px !important;}\"][vc_column css=\".vc_custom_1676239417174{padding-right: 0px !important;padding-left: 0px !important;}\" conditional_render=\"%5B%7B%22value_role%22%3A%22administrator%22%7D%5D\"][vc_row_inner equal_height=\"yes\" content_placement=\"middle\" css=\".vc_custom_1676239407838{padding-right: 0px !important;}\"][vc_column_inner width=\"1\/4\" offset=\"vc_col-xs-1\/5\" css=\".vc_custom_1675969268171{padding-right: 0px !important;padding-left: 0px !important;}\"][vc_single_image image=\"51222\" img_size=\"full\"][\/vc_column_inner][vc_column_inner width=\"1\/2\" offset=\"vc_col-xs-3\/5\"][vc_column_text]<\/p>\r\n<h2 style=\"text-align: center;\">Vous cherchez des r\u00e9ponses aux questions de votre entreprise ? Tout simplement Sago.<\/h2>\r\n<p>[\/vc_column_text][vc_btn title=\"Contactez-nous\" align=\"center\" el_class=\"getintouch\" link=\"url:https%3A%2F%2Fstaging.sago.com%2Ffr%2Fget-in-touch%2F|title:Get%20in%20touch\"][\/vc_column_inner][vc_column_inner width=\"1\/4\" offset=\"vc_col-xs-1\/5\" css=\".vc_custom_1675969278597{padding-right: 0px !important;padding-left: 0px !important;}\"][vc_single_image image=\"51226\" img_size=\"full\" alignment=\"right\" css=\".vc_custom_1676239706215{padding-right: 0px !important;}\"][\/vc_column_inner][\/vc_row_inner][\/vc_column][\/vc_row]<\/div>[\/vc_column][\/vc_row]<\/p>\n<\/div>","protected":false},"excerpt":{"rendered":"<p>[vc_row css=\u00a0\u00bb.vc_custom_1676890165986{padding-top: 50px !important;padding-bottom: 50px !important;}\u00a0\u00bb conditional_render=\u00a0\u00bb%5B%7B%22value_role%22%3A%22administrator%22%7D%5D\u00a0\u00bb][vc_column][vc_column_text] Comment pouvons-nous vous aider \u00e0 recueillir vos donn\u00e9es ? [\/vc_column_text][vc_row_inner gap=\u00a0\u00bb35&Prime; css=\u00a0\u00bb.vc_custom_1677442209151{padding-top: 25px !important;}\u00a0\u00bb el_class=\u00a0\u00bblogoimages\u00a0\u00bb][vc_column_inner width=\u00a0\u00bb1\/3&Prime;][vc_single_image image=\u00a0\u00bb52067&Prime; img_size=\u00a0\u00bbfull\u00a0\u00bb][vc_column_text] Etude automatis\u00e9e\u00a0 Donnez de l\u2019autonomie aux utilisateurs, diminuez la saturation d&rsquo;informations et b\u00e9n\u00e9ficiez d&rsquo;un choix de cible avanc\u00e9 gr\u00e2ce \u00e0 Methodify, une plateforme d&rsquo;\u00e9tude quantitative automatis\u00e9e. Obtenez des r\u00e9sultats plus [&hellip;]<\/p>\n","protected":false},"author":24,"featured_media":51928,"parent":7203,"menu_order":0,"comment_status":"closed","ping_status":"closed","template":"solutions-page.php","meta":{"_acf_changed":false,"content-type":"","footnotes":""},"categories":[],"tags":[],"city":[],"class_list":["post-55610","page","type-page","status-publish","has-post-thumbnail","hentry"],"acf":[],"yoast_head":"<!-- This site is optimized with the Yoast SEO Premium plugin v19.7 (Yoast SEO v27.3) - https:\/\/yoast.com\/product\/yoast-seo-premium-wordpress\/ -->\n<title>Une technologie d\u2019\u00e9tudes de march\u00e9 innovante | Sago<\/title>\n<meta name=\"description\" content=\"Des solutions technologiques innovantes qui vous placent au c\u0153ur de l&#039;action\" \/>\n<meta name=\"robots\" content=\"noindex, follow, max-snippet:-1, max-image-preview:large, max-video-preview:-1\" \/>\n<meta property=\"og:locale\" content=\"fr_FR\" \/>\n<meta property=\"og:type\" content=\"article\" \/>\n<meta property=\"og:title\" content=\"Plateformes\" \/>\n<meta property=\"og:description\" content=\"Des solutions technologiques innovantes qui vous placent au c\u0153ur de l&#039;action\" \/>\n<meta property=\"og:url\" content=\"https:\/\/staging.sago.com\/fr\/solutions\/plateformes\/\" \/>\n<meta property=\"og:site_name\" content=\"Sago\" \/>\n<meta property=\"article:publisher\" content=\"https:\/\/www.facebook.com\/sagomrx\" \/>\n<meta property=\"article:modified_time\" content=\"2024-03-05T15:13:48+00:00\" \/>\n<meta property=\"og:image\" content=\"https:\/\/staging.sago.com\/wp-content\/uploads\/2023\/02\/Woman-Smiling-Laptop.jpg\" \/>\n\t<meta property=\"og:image:width\" content=\"1280\" \/>\n\t<meta property=\"og:image:height\" content=\"854\" \/>\n\t<meta property=\"og:image:type\" content=\"image\/jpeg\" \/>\n<meta name=\"twitter:card\" content=\"summary_large_image\" \/>\n<meta name=\"twitter:site\" content=\"@sagomrx\" \/>\n<meta name=\"twitter:label1\" content=\"Dur\u00e9e de lecture estim\u00e9e\" \/>\n\t<meta name=\"twitter:data1\" content=\"2 minutes\" \/>\n<script type=\"application\/ld+json\" class=\"yoast-schema-graph\">{\"@context\":\"https:\\\/\\\/schema.org\",\"@graph\":[{\"@type\":\"WebPage\",\"@id\":\"https:\\\/\\\/staging.sago.com\\\/fr\\\/solutions\\\/plateformes\\\/\",\"url\":\"https:\\\/\\\/staging.sago.com\\\/fr\\\/solutions\\\/plateformes\\\/\",\"name\":\"Une technologie d\u2019\u00e9tudes de march\u00e9 innovante | Sago\",\"isPartOf\":{\"@id\":\"https:\\\/\\\/staging.sago.com\\\/fr\\\/#website\"},\"primaryImageOfPage\":{\"@id\":\"https:\\\/\\\/staging.sago.com\\\/fr\\\/solutions\\\/plateformes\\\/#primaryimage\"},\"image\":{\"@id\":\"https:\\\/\\\/staging.sago.com\\\/fr\\\/solutions\\\/plateformes\\\/#primaryimage\"},\"thumbnailUrl\":\"https:\\\/\\\/staging.sago.com\\\/wp-content\\\/uploads\\\/2023\\\/02\\\/Woman-Smiling-Laptop.jpg\",\"datePublished\":\"2023-01-31T17:34:39+00:00\",\"dateModified\":\"2024-03-05T15:13:48+00:00\",\"description\":\"Des solutions technologiques innovantes qui vous placent au c\u0153ur de l'action\",\"breadcrumb\":{\"@id\":\"https:\\\/\\\/staging.sago.com\\\/fr\\\/solutions\\\/plateformes\\\/#breadcrumb\"},\"inLanguage\":\"fr-FR\",\"potentialAction\":[{\"@type\":\"ReadAction\",\"target\":[\"https:\\\/\\\/staging.sago.com\\\/fr\\\/solutions\\\/plateformes\\\/\"]}]},{\"@type\":\"ImageObject\",\"inLanguage\":\"fr-FR\",\"@id\":\"https:\\\/\\\/staging.sago.com\\\/fr\\\/solutions\\\/plateformes\\\/#primaryimage\",\"url\":\"https:\\\/\\\/staging.sago.com\\\/wp-content\\\/uploads\\\/2023\\\/02\\\/Woman-Smiling-Laptop.jpg\",\"contentUrl\":\"https:\\\/\\\/staging.sago.com\\\/wp-content\\\/uploads\\\/2023\\\/02\\\/Woman-Smiling-Laptop.jpg\",\"width\":1280,\"height\":854,\"caption\":\"research platforms\"},{\"@type\":\"BreadcrumbList\",\"@id\":\"https:\\\/\\\/staging.sago.com\\\/fr\\\/solutions\\\/plateformes\\\/#breadcrumb\",\"itemListElement\":[{\"@type\":\"ListItem\",\"position\":1,\"name\":\"Home\",\"item\":\"https:\\\/\\\/staging.sago.com\\\/fr\\\/\"},{\"@type\":\"ListItem\",\"position\":2,\"name\":\"Plateformes\"}]},{\"@type\":\"WebSite\",\"@id\":\"https:\\\/\\\/staging.sago.com\\\/fr\\\/#website\",\"url\":\"https:\\\/\\\/staging.sago.com\\\/fr\\\/\",\"name\":\"Sago\",\"description\":\"Adaptable Solutions. Confident Decisions.\",\"publisher\":{\"@id\":\"https:\\\/\\\/staging.sago.com\\\/fr\\\/#organization\"},\"potentialAction\":[{\"@type\":\"SearchAction\",\"target\":{\"@type\":\"EntryPoint\",\"urlTemplate\":\"https:\\\/\\\/staging.sago.com\\\/fr\\\/?s={search_term_string}\"},\"query-input\":{\"@type\":\"PropertyValueSpecification\",\"valueRequired\":true,\"valueName\":\"search_term_string\"}}],\"inLanguage\":\"fr-FR\"},{\"@type\":\"Organization\",\"@id\":\"https:\\\/\\\/staging.sago.com\\\/fr\\\/#organization\",\"name\":\"Sago\",\"url\":\"https:\\\/\\\/staging.sago.com\\\/fr\\\/\",\"logo\":{\"@type\":\"ImageObject\",\"inLanguage\":\"fr-FR\",\"@id\":\"https:\\\/\\\/staging.sago.com\\\/fr\\\/#\\\/schema\\\/logo\\\/image\\\/\",\"url\":\"https:\\\/\\\/3c98cd88ae.nxcli.io\\\/wp-content\\\/uploads\\\/2023\\\/02\\\/Sago-Standard-Logo.jpg\",\"contentUrl\":\"https:\\\/\\\/3c98cd88ae.nxcli.io\\\/wp-content\\\/uploads\\\/2023\\\/02\\\/Sago-Standard-Logo.jpg\",\"width\":200,\"height\":200,\"caption\":\"Sago\"},\"image\":{\"@id\":\"https:\\\/\\\/staging.sago.com\\\/fr\\\/#\\\/schema\\\/logo\\\/image\\\/\"},\"sameAs\":[\"https:\\\/\\\/www.facebook.com\\\/sagomrx\",\"https:\\\/\\\/x.com\\\/sagomrx\",\"https:\\\/\\\/www.instagram.com\\\/sagomrx\\\/\",\"https:\\\/\\\/www.youtube.com\\\/@sago-mrx\",\"https:\\\/\\\/www.linkedin.com\\\/company\\\/sago-mrx\\\/\",\"https:\\\/\\\/vimeo.com\\\/sagomrx\"]}]}<\/script>\n<!-- \/ Yoast SEO Premium plugin. -->","yoast_head_json":{"title":"Une technologie d\u2019\u00e9tudes de march\u00e9 innovante | Sago","description":"Des solutions technologiques innovantes qui vous placent au c\u0153ur de l'action","robots":{"index":"noindex","follow":"follow","max-snippet":"max-snippet:-1","max-image-preview":"max-image-preview:large","max-video-preview":"max-video-preview:-1"},"og_locale":"fr_FR","og_type":"article","og_title":"Plateformes","og_description":"Des solutions technologiques innovantes qui vous placent au c\u0153ur de l'action","og_url":"https:\/\/staging.sago.com\/fr\/solutions\/plateformes\/","og_site_name":"Sago","article_publisher":"https:\/\/www.facebook.com\/sagomrx","article_modified_time":"2024-03-05T15:13:48+00:00","og_image":[{"width":1280,"height":854,"url":"https:\/\/staging.sago.com\/wp-content\/uploads\/2023\/02\/Woman-Smiling-Laptop.jpg","type":"image\/jpeg"}],"twitter_card":"summary_large_image","twitter_site":"@sagomrx","twitter_misc":{"Dur\u00e9e de lecture estim\u00e9e":"2 minutes"},"schema":{"@context":"https:\/\/schema.org","@graph":[{"@type":"WebPage","@id":"https:\/\/staging.sago.com\/fr\/solutions\/plateformes\/","url":"https:\/\/staging.sago.com\/fr\/solutions\/plateformes\/","name":"Une technologie d\u2019\u00e9tudes de march\u00e9 innovante | Sago","isPartOf":{"@id":"https:\/\/staging.sago.com\/fr\/#website"},"primaryImageOfPage":{"@id":"https:\/\/staging.sago.com\/fr\/solutions\/plateformes\/#primaryimage"},"image":{"@id":"https:\/\/staging.sago.com\/fr\/solutions\/plateformes\/#primaryimage"},"thumbnailUrl":"https:\/\/staging.sago.com\/wp-content\/uploads\/2023\/02\/Woman-Smiling-Laptop.jpg","datePublished":"2023-01-31T17:34:39+00:00","dateModified":"2024-03-05T15:13:48+00:00","description":"Des solutions technologiques innovantes qui vous placent au c\u0153ur de l'action","breadcrumb":{"@id":"https:\/\/staging.sago.com\/fr\/solutions\/plateformes\/#breadcrumb"},"inLanguage":"fr-FR","potentialAction":[{"@type":"ReadAction","target":["https:\/\/staging.sago.com\/fr\/solutions\/plateformes\/"]}]},{"@type":"ImageObject","inLanguage":"fr-FR","@id":"https:\/\/staging.sago.com\/fr\/solutions\/plateformes\/#primaryimage","url":"https:\/\/staging.sago.com\/wp-content\/uploads\/2023\/02\/Woman-Smiling-Laptop.jpg","contentUrl":"https:\/\/staging.sago.com\/wp-content\/uploads\/2023\/02\/Woman-Smiling-Laptop.jpg","width":1280,"height":854,"caption":"research platforms"},{"@type":"BreadcrumbList","@id":"https:\/\/staging.sago.com\/fr\/solutions\/plateformes\/#breadcrumb","itemListElement":[{"@type":"ListItem","position":1,"name":"Home","item":"https:\/\/staging.sago.com\/fr\/"},{"@type":"ListItem","position":2,"name":"Plateformes"}]},{"@type":"WebSite","@id":"https:\/\/staging.sago.com\/fr\/#website","url":"https:\/\/staging.sago.com\/fr\/","name":"Sago","description":"Adaptable Solutions. Confident Decisions.","publisher":{"@id":"https:\/\/staging.sago.com\/fr\/#organization"},"potentialAction":[{"@type":"SearchAction","target":{"@type":"EntryPoint","urlTemplate":"https:\/\/staging.sago.com\/fr\/?s={search_term_string}"},"query-input":{"@type":"PropertyValueSpecification","valueRequired":true,"valueName":"search_term_string"}}],"inLanguage":"fr-FR"},{"@type":"Organization","@id":"https:\/\/staging.sago.com\/fr\/#organization","name":"Sago","url":"https:\/\/staging.sago.com\/fr\/","logo":{"@type":"ImageObject","inLanguage":"fr-FR","@id":"https:\/\/staging.sago.com\/fr\/#\/schema\/logo\/image\/","url":"https:\/\/3c98cd88ae.nxcli.io\/wp-content\/uploads\/2023\/02\/Sago-Standard-Logo.jpg","contentUrl":"https:\/\/3c98cd88ae.nxcli.io\/wp-content\/uploads\/2023\/02\/Sago-Standard-Logo.jpg","width":200,"height":200,"caption":"Sago"},"image":{"@id":"https:\/\/staging.sago.com\/fr\/#\/schema\/logo\/image\/"},"sameAs":["https:\/\/www.facebook.com\/sagomrx","https:\/\/x.com\/sagomrx","https:\/\/www.instagram.com\/sagomrx\/","https:\/\/www.youtube.com\/@sago-mrx","https:\/\/www.linkedin.com\/company\/sago-mrx\/","https:\/\/vimeo.com\/sagomrx"]}]}},"_links":{"self":[{"href":"https:\/\/staging.sago.com\/fr\/wp-json\/wp\/v2\/pages\/55610","targetHints":{"allow":["GET"]}}],"collection":[{"href":"https:\/\/staging.sago.com\/fr\/wp-json\/wp\/v2\/pages"}],"about":[{"href":"https:\/\/staging.sago.com\/fr\/wp-json\/wp\/v2\/types\/page"}],"author":[{"embeddable":true,"href":"https:\/\/staging.sago.com\/fr\/wp-json\/wp\/v2\/users\/24"}],"replies":[{"embeddable":true,"href":"https:\/\/staging.sago.com\/fr\/wp-json\/wp\/v2\/comments?post=55610"}],"version-history":[{"count":0,"href":"https:\/\/staging.sago.com\/fr\/wp-json\/wp\/v2\/pages\/55610\/revisions"}],"up":[{"embeddable":true,"href":"https:\/\/staging.sago.com\/fr\/wp-json\/wp\/v2\/pages\/7203"}],"wp:featuredmedia":[{"embeddable":true,"href":"https:\/\/staging.sago.com\/fr\/wp-json\/wp\/v2\/media\/51928"}],"wp:attachment":[{"href":"https:\/\/staging.sago.com\/fr\/wp-json\/wp\/v2\/media?parent=55610"}],"wp:term":[{"taxonomy":"category","embeddable":true,"href":"https:\/\/staging.sago.com\/fr\/wp-json\/wp\/v2\/categories?post=55610"},{"taxonomy":"post_tag","embeddable":true,"href":"https:\/\/staging.sago.com\/fr\/wp-json\/wp\/v2\/tags?post=55610"},{"taxonomy":"city","embeddable":true,"href":"https:\/\/staging.sago.com\/fr\/wp-json\/wp\/v2\/city?post=55610"}],"curies":[{"name":"wp","href":"https:\/\/api.w.org\/{rel}","templated":true}]}}