{"id":15378,"date":"2018-03-14T08:53:47","date_gmt":"2018-03-14T13:53:47","guid":{"rendered":"https:\/\/1aa340fc3d.nxcli.io\/\/stagingrecognize-fraud-in-marketing-research\/"},"modified":"2023-02-21T11:27:03","modified_gmt":"2023-02-21T16:27:03","slug":"recognize-fraud-in-marketing-research","status":"publish","type":"page","link":"https:\/\/staging.sago.com\/fr\/recognize-fraud-in-marketing-research\/","title":{"rendered":"Recognize Fraud in Marketing Research"},"content":{"rendered":"<div class=\"wpb-content-wrapper\"><p>[vc_row css=\u00a0\u00bb.vc_custom_1676134393490{padding-top: 50px !important;padding-bottom: 50px !important;}\u00a0\u00bb conditional_render=\u00a0\u00bb%5B%7B%22value_role%22%3A%22administrator%22%7D%5D\u00a0\u00bb][vc_column][vc_column_text]Il y a malheureusement des personnes peu scrupuleuses qui souhaiteraient vous soutirer de l\u2019argent en pr\u00e9tendant \u00eatre Schlesinger Group ou Opinions partag\u00e9es. Elles peuvent copier notre marque et contacter des gens qui ne se doutent de rien par lettre, email ou sur les r\u00e9seaux sociaux.<\/p>\n<p><strong>Soyez vigilant par rapport \u00e0 la fraude.<\/strong><\/p>\n<ul>\n<li>Nous ne vous demanderons JAMAIS de virer de l\u2019argent quelque part ou d\u2019envoyer de l\u2019argent<\/li>\n<li>Nous ne vous enverrons JAMAIS un paiement avant de participer \u00e0 une \u00e9tude<\/li>\n<li>Nous ne vous demanderons JAMAIS de payer pour participer ou faire un shopping myst\u00e8re<\/li>\n<li>Nous ne vous promettrons JAMAIS que vous pouvez gagner beaucoup d\u2019argent en faisant du shopping myst\u00e8re<\/li>\n<\/ul>\n<div>\n<p>Si une proposition de participation \u00e0 une \u00e9tude semble trop belle pour \u00eatre vraie, elle l\u2019est probablement.<\/p>\n<p>Si vous souhaitez v\u00e9rifier la l\u00e9gitimit\u00e9 d\u2019une invitation \u00e0 une \u00e9tude, contactez, contact\u00a0<a href=\"mailto:Info@OpinionsPartagees.fr\">Info@OpinionsPartagees.fr<\/a>.<\/p>\n<\/div>\n<p>[\/vc_column_text][\/vc_column][\/vc_row][vc_row full_width=\u00a0\u00bbstretch_row\u00a0\u00bb gap=\u00a0\u00bb35&Prime; content_placement=\u00a0\u00bbmiddle\u00a0\u00bb is_section=\u00a0\u00bbyes\u00a0\u00bb section_skin=\u00a0\u00bbsecondary\u00a0\u00bb remove_margin_top=\u00a0\u00bbyes\u00a0\u00bb remove_margin_bottom=\u00a0\u00bbyes\u00a0\u00bb remove_padding_top=\u00a0\u00bbyes\u00a0\u00bb remove_padding_bottom=\u00a0\u00bbyes\u00a0\u00bb remove_border=\u00a0\u00bbyes\u00a0\u00bb css=\u00a0\u00bb.vc_custom_1676996862702{margin-bottom: 0px !important;border-bottom-width: 0px !important;padding-top: 50px !important;padding-bottom: 50px !important;background-position: center !important;background-repeat: no-repeat !important;background-size: cover !important;}\u00a0\u00bb conditional_render=\u00a0\u00bb%5B%7B%22value_role%22%3A%22administrator%22%7D%5D\u00a0\u00bb][vc_column width=\u00a0\u00bb1\/2&Prime;][vc_column_text el_class=\u00a0\u00bbwhite-text\u00a0\u00bb]<\/p>\n<h2>Voici l\u2019exemple d\u2019une escroquerie qui a utilis\u00e9 notre nom et notre logo. Si vous avez re\u00e7u quelque chose de la sorte, ce n\u2019est pas valable.<\/h2>\n<p>[\/vc_column_text][\/vc_column][vc_column width=\u00a0\u00bb1\/2&Prime; css=\u00a0\u00bb.vc_custom_1521039474828{padding-top: 20px !important;padding-right: 20px !important;padding-left: 20px !important;}\u00a0\u00bb][vc_single_image image=\u00a0\u00bb15374&Prime; img_size=\u00a0\u00bbfull\u00a0\u00bb alignment=\u00a0\u00bbcenter\u00a0\u00bb][\/vc_column][\/vc_row]<\/p>\n<\/div>","protected":false},"excerpt":{"rendered":"<p>[vc_row css=\u00a0\u00bb.vc_custom_1676134393490{padding-top: 50px !important;padding-bottom: 50px !important;}\u00a0\u00bb conditional_render=\u00a0\u00bb%5B%7B%22value_role%22%3A%22administrator%22%7D%5D\u00a0\u00bb][vc_column][vc_column_text]Il y a malheureusement des personnes peu scrupuleuses qui souhaiteraient vous soutirer de l\u2019argent en pr\u00e9tendant \u00eatre Schlesinger Group ou Opinions partag\u00e9es. Elles peuvent copier notre marque et contacter des gens qui ne se doutent de rien par lettre, email ou sur les r\u00e9seaux sociaux. Soyez vigilant par rapport [&hellip;]<\/p>\n","protected":false},"author":6,"featured_media":51329,"parent":0,"menu_order":0,"comment_status":"closed","ping_status":"closed","template":"who-we-are.php","meta":{"_acf_changed":false,"content-type":"","footnotes":""},"categories":[],"tags":[],"city":[],"class_list":["post-15378","page","type-page","status-publish","has-post-thumbnail","hentry"],"acf":[],"yoast_head":"<!-- This site is optimized with the Yoast SEO Premium plugin v19.7 (Yoast SEO v27.3) - https:\/\/yoast.com\/product\/yoast-seo-premium-wordpress\/ -->\n<title>Recognize Fraud in Marketing Research | Sago<\/title>\n<meta name=\"robots\" content=\"noindex, follow, max-snippet:-1, max-image-preview:large, max-video-preview:-1\" \/>\n<meta property=\"og:locale\" content=\"fr_FR\" \/>\n<meta property=\"og:type\" content=\"article\" \/>\n<meta property=\"og:title\" content=\"Recognize Fraud in Marketing Research\" \/>\n<meta property=\"og:description\" content=\"[vc_row css=\u00a0\u00bb.vc_custom_1676134393490{padding-top: 50px !important;padding-bottom: 50px !important;}\u00a0\u00bb conditional_render=\u00a0\u00bb%5B%7B%22value_role%22%3A%22administrator%22%7D%5D\u00a0\u00bb][vc_column][vc_column_text]Il y a malheureusement des personnes peu scrupuleuses qui souhaiteraient vous soutirer de l\u2019argent en pr\u00e9tendant \u00eatre Schlesinger Group ou Opinions partag\u00e9es. Elles peuvent copier notre marque et contacter des gens qui ne se doutent de rien par lettre, email ou sur les r\u00e9seaux sociaux. Soyez vigilant par rapport [&hellip;]\" \/>\n<meta property=\"og:url\" content=\"https:\/\/staging.sago.com\/fr\/recognize-fraud-in-marketing-research\/\" \/>\n<meta property=\"og:site_name\" content=\"Sago\" \/>\n<meta property=\"article:publisher\" content=\"https:\/\/www.facebook.com\/sagomrx\" \/>\n<meta property=\"article:modified_time\" content=\"2023-02-21T16:27:03+00:00\" \/>\n<meta property=\"og:image\" content=\"https:\/\/staging.sago.com\/wp-content\/uploads\/2023\/02\/Sago-Standard-Logo.jpg\" \/>\n\t<meta property=\"og:image:width\" content=\"200\" \/>\n\t<meta property=\"og:image:height\" content=\"200\" \/>\n\t<meta property=\"og:image:type\" content=\"image\/jpeg\" \/>\n<meta name=\"twitter:card\" content=\"summary_large_image\" \/>\n<meta name=\"twitter:site\" content=\"@sagomrx\" \/>\n<meta name=\"twitter:label1\" content=\"Dur\u00e9e de lecture estim\u00e9e\" \/>\n\t<meta name=\"twitter:data1\" content=\"1 minute\" \/>\n<script type=\"application\/ld+json\" class=\"yoast-schema-graph\">{\"@context\":\"https:\\\/\\\/schema.org\",\"@graph\":[{\"@type\":\"WebPage\",\"@id\":\"https:\\\/\\\/staging.sago.com\\\/fr\\\/recognize-fraud-in-marketing-research\\\/\",\"url\":\"https:\\\/\\\/staging.sago.com\\\/fr\\\/recognize-fraud-in-marketing-research\\\/\",\"name\":\"Recognize Fraud in Marketing Research | Sago\",\"isPartOf\":{\"@id\":\"https:\\\/\\\/staging.sago.com\\\/fr\\\/#website\"},\"primaryImageOfPage\":{\"@id\":\"https:\\\/\\\/staging.sago.com\\\/fr\\\/recognize-fraud-in-marketing-research\\\/#primaryimage\"},\"image\":{\"@id\":\"https:\\\/\\\/staging.sago.com\\\/fr\\\/recognize-fraud-in-marketing-research\\\/#primaryimage\"},\"thumbnailUrl\":\"https:\\\/\\\/staging.sago.com\\\/wp-content\\\/uploads\\\/2023\\\/02\\\/Sago-Standard-Logo.jpg\",\"datePublished\":\"2018-03-14T13:53:47+00:00\",\"dateModified\":\"2023-02-21T16:27:03+00:00\",\"breadcrumb\":{\"@id\":\"https:\\\/\\\/staging.sago.com\\\/fr\\\/recognize-fraud-in-marketing-research\\\/#breadcrumb\"},\"inLanguage\":\"fr-FR\",\"potentialAction\":[{\"@type\":\"ReadAction\",\"target\":[\"https:\\\/\\\/staging.sago.com\\\/fr\\\/recognize-fraud-in-marketing-research\\\/\"]}]},{\"@type\":\"ImageObject\",\"inLanguage\":\"fr-FR\",\"@id\":\"https:\\\/\\\/staging.sago.com\\\/fr\\\/recognize-fraud-in-marketing-research\\\/#primaryimage\",\"url\":\"https:\\\/\\\/staging.sago.com\\\/wp-content\\\/uploads\\\/2023\\\/02\\\/Sago-Standard-Logo.jpg\",\"contentUrl\":\"https:\\\/\\\/staging.sago.com\\\/wp-content\\\/uploads\\\/2023\\\/02\\\/Sago-Standard-Logo.jpg\",\"width\":200,\"height\":200,\"caption\":\"logo\"},{\"@type\":\"BreadcrumbList\",\"@id\":\"https:\\\/\\\/staging.sago.com\\\/fr\\\/recognize-fraud-in-marketing-research\\\/#breadcrumb\",\"itemListElement\":[{\"@type\":\"ListItem\",\"position\":1,\"name\":\"Home\",\"item\":\"https:\\\/\\\/staging.sago.com\\\/fr\\\/\"},{\"@type\":\"ListItem\",\"position\":2,\"name\":\"Recognize Fraud in Marketing Research\"}]},{\"@type\":\"WebSite\",\"@id\":\"https:\\\/\\\/staging.sago.com\\\/fr\\\/#website\",\"url\":\"https:\\\/\\\/staging.sago.com\\\/fr\\\/\",\"name\":\"Sago\",\"description\":\"Adaptable Solutions. Confident Decisions.\",\"publisher\":{\"@id\":\"https:\\\/\\\/staging.sago.com\\\/fr\\\/#organization\"},\"potentialAction\":[{\"@type\":\"SearchAction\",\"target\":{\"@type\":\"EntryPoint\",\"urlTemplate\":\"https:\\\/\\\/staging.sago.com\\\/fr\\\/?s={search_term_string}\"},\"query-input\":{\"@type\":\"PropertyValueSpecification\",\"valueRequired\":true,\"valueName\":\"search_term_string\"}}],\"inLanguage\":\"fr-FR\"},{\"@type\":\"Organization\",\"@id\":\"https:\\\/\\\/staging.sago.com\\\/fr\\\/#organization\",\"name\":\"Sago\",\"url\":\"https:\\\/\\\/staging.sago.com\\\/fr\\\/\",\"logo\":{\"@type\":\"ImageObject\",\"inLanguage\":\"fr-FR\",\"@id\":\"https:\\\/\\\/staging.sago.com\\\/fr\\\/#\\\/schema\\\/logo\\\/image\\\/\",\"url\":\"https:\\\/\\\/3c98cd88ae.nxcli.io\\\/wp-content\\\/uploads\\\/2023\\\/02\\\/Sago-Standard-Logo.jpg\",\"contentUrl\":\"https:\\\/\\\/3c98cd88ae.nxcli.io\\\/wp-content\\\/uploads\\\/2023\\\/02\\\/Sago-Standard-Logo.jpg\",\"width\":200,\"height\":200,\"caption\":\"Sago\"},\"image\":{\"@id\":\"https:\\\/\\\/staging.sago.com\\\/fr\\\/#\\\/schema\\\/logo\\\/image\\\/\"},\"sameAs\":[\"https:\\\/\\\/www.facebook.com\\\/sagomrx\",\"https:\\\/\\\/x.com\\\/sagomrx\",\"https:\\\/\\\/www.instagram.com\\\/sagomrx\\\/\",\"https:\\\/\\\/www.youtube.com\\\/@sago-mrx\",\"https:\\\/\\\/www.linkedin.com\\\/company\\\/sago-mrx\\\/\",\"https:\\\/\\\/vimeo.com\\\/sagomrx\"]}]}<\/script>\n<!-- \/ Yoast SEO Premium plugin. -->","yoast_head_json":{"title":"Recognize Fraud in Marketing Research | Sago","robots":{"index":"noindex","follow":"follow","max-snippet":"max-snippet:-1","max-image-preview":"max-image-preview:large","max-video-preview":"max-video-preview:-1"},"og_locale":"fr_FR","og_type":"article","og_title":"Recognize Fraud in Marketing Research","og_description":"[vc_row css=\u00a0\u00bb.vc_custom_1676134393490{padding-top: 50px !important;padding-bottom: 50px !important;}\u00a0\u00bb conditional_render=\u00a0\u00bb%5B%7B%22value_role%22%3A%22administrator%22%7D%5D\u00a0\u00bb][vc_column][vc_column_text]Il y a malheureusement des personnes peu scrupuleuses qui souhaiteraient vous soutirer de l\u2019argent en pr\u00e9tendant \u00eatre Schlesinger Group ou Opinions partag\u00e9es. Elles peuvent copier notre marque et contacter des gens qui ne se doutent de rien par lettre, email ou sur les r\u00e9seaux sociaux. Soyez vigilant par rapport [&hellip;]","og_url":"https:\/\/staging.sago.com\/fr\/recognize-fraud-in-marketing-research\/","og_site_name":"Sago","article_publisher":"https:\/\/www.facebook.com\/sagomrx","article_modified_time":"2023-02-21T16:27:03+00:00","og_image":[{"width":200,"height":200,"url":"https:\/\/staging.sago.com\/wp-content\/uploads\/2023\/02\/Sago-Standard-Logo.jpg","type":"image\/jpeg"}],"twitter_card":"summary_large_image","twitter_site":"@sagomrx","twitter_misc":{"Dur\u00e9e de lecture estim\u00e9e":"1 minute"},"schema":{"@context":"https:\/\/schema.org","@graph":[{"@type":"WebPage","@id":"https:\/\/staging.sago.com\/fr\/recognize-fraud-in-marketing-research\/","url":"https:\/\/staging.sago.com\/fr\/recognize-fraud-in-marketing-research\/","name":"Recognize Fraud in Marketing Research | Sago","isPartOf":{"@id":"https:\/\/staging.sago.com\/fr\/#website"},"primaryImageOfPage":{"@id":"https:\/\/staging.sago.com\/fr\/recognize-fraud-in-marketing-research\/#primaryimage"},"image":{"@id":"https:\/\/staging.sago.com\/fr\/recognize-fraud-in-marketing-research\/#primaryimage"},"thumbnailUrl":"https:\/\/staging.sago.com\/wp-content\/uploads\/2023\/02\/Sago-Standard-Logo.jpg","datePublished":"2018-03-14T13:53:47+00:00","dateModified":"2023-02-21T16:27:03+00:00","breadcrumb":{"@id":"https:\/\/staging.sago.com\/fr\/recognize-fraud-in-marketing-research\/#breadcrumb"},"inLanguage":"fr-FR","potentialAction":[{"@type":"ReadAction","target":["https:\/\/staging.sago.com\/fr\/recognize-fraud-in-marketing-research\/"]}]},{"@type":"ImageObject","inLanguage":"fr-FR","@id":"https:\/\/staging.sago.com\/fr\/recognize-fraud-in-marketing-research\/#primaryimage","url":"https:\/\/staging.sago.com\/wp-content\/uploads\/2023\/02\/Sago-Standard-Logo.jpg","contentUrl":"https:\/\/staging.sago.com\/wp-content\/uploads\/2023\/02\/Sago-Standard-Logo.jpg","width":200,"height":200,"caption":"logo"},{"@type":"BreadcrumbList","@id":"https:\/\/staging.sago.com\/fr\/recognize-fraud-in-marketing-research\/#breadcrumb","itemListElement":[{"@type":"ListItem","position":1,"name":"Home","item":"https:\/\/staging.sago.com\/fr\/"},{"@type":"ListItem","position":2,"name":"Recognize Fraud in Marketing Research"}]},{"@type":"WebSite","@id":"https:\/\/staging.sago.com\/fr\/#website","url":"https:\/\/staging.sago.com\/fr\/","name":"Sago","description":"Adaptable Solutions. Confident Decisions.","publisher":{"@id":"https:\/\/staging.sago.com\/fr\/#organization"},"potentialAction":[{"@type":"SearchAction","target":{"@type":"EntryPoint","urlTemplate":"https:\/\/staging.sago.com\/fr\/?s={search_term_string}"},"query-input":{"@type":"PropertyValueSpecification","valueRequired":true,"valueName":"search_term_string"}}],"inLanguage":"fr-FR"},{"@type":"Organization","@id":"https:\/\/staging.sago.com\/fr\/#organization","name":"Sago","url":"https:\/\/staging.sago.com\/fr\/","logo":{"@type":"ImageObject","inLanguage":"fr-FR","@id":"https:\/\/staging.sago.com\/fr\/#\/schema\/logo\/image\/","url":"https:\/\/3c98cd88ae.nxcli.io\/wp-content\/uploads\/2023\/02\/Sago-Standard-Logo.jpg","contentUrl":"https:\/\/3c98cd88ae.nxcli.io\/wp-content\/uploads\/2023\/02\/Sago-Standard-Logo.jpg","width":200,"height":200,"caption":"Sago"},"image":{"@id":"https:\/\/staging.sago.com\/fr\/#\/schema\/logo\/image\/"},"sameAs":["https:\/\/www.facebook.com\/sagomrx","https:\/\/x.com\/sagomrx","https:\/\/www.instagram.com\/sagomrx\/","https:\/\/www.youtube.com\/@sago-mrx","https:\/\/www.linkedin.com\/company\/sago-mrx\/","https:\/\/vimeo.com\/sagomrx"]}]}},"_links":{"self":[{"href":"https:\/\/staging.sago.com\/fr\/wp-json\/wp\/v2\/pages\/15378","targetHints":{"allow":["GET"]}}],"collection":[{"href":"https:\/\/staging.sago.com\/fr\/wp-json\/wp\/v2\/pages"}],"about":[{"href":"https:\/\/staging.sago.com\/fr\/wp-json\/wp\/v2\/types\/page"}],"author":[{"embeddable":true,"href":"https:\/\/staging.sago.com\/fr\/wp-json\/wp\/v2\/users\/6"}],"replies":[{"embeddable":true,"href":"https:\/\/staging.sago.com\/fr\/wp-json\/wp\/v2\/comments?post=15378"}],"version-history":[{"count":0,"href":"https:\/\/staging.sago.com\/fr\/wp-json\/wp\/v2\/pages\/15378\/revisions"}],"wp:featuredmedia":[{"embeddable":true,"href":"https:\/\/staging.sago.com\/fr\/wp-json\/wp\/v2\/media\/51329"}],"wp:attachment":[{"href":"https:\/\/staging.sago.com\/fr\/wp-json\/wp\/v2\/media?parent=15378"}],"wp:term":[{"taxonomy":"category","embeddable":true,"href":"https:\/\/staging.sago.com\/fr\/wp-json\/wp\/v2\/categories?post=15378"},{"taxonomy":"post_tag","embeddable":true,"href":"https:\/\/staging.sago.com\/fr\/wp-json\/wp\/v2\/tags?post=15378"},{"taxonomy":"city","embeddable":true,"href":"https:\/\/staging.sago.com\/fr\/wp-json\/wp\/v2\/city?post=15378"}],"curies":[{"name":"wp","href":"https:\/\/api.w.org\/{rel}","templated":true}]}}