{"id":7161,"date":"2017-03-08T16:23:43","date_gmt":"2017-03-08T16:23:43","guid":{"rendered":"https:\/\/1aa340fc3d.nxcli.io\/\/stagingin-person\/"},"modified":"2023-03-03T16:52:10","modified_gmt":"2023-03-03T21:52:10","slug":"in-person","status":"publish","type":"page","link":"https:\/\/staging.sago.com\/es\/soluciones\/cualitativo\/in-person\/","title":{"rendered":"In-Person"},"content":{"rendered":"<div class=\"wpb-content-wrapper\"><p>[vc_row section_skin=\u00bbquaternary\u00bb animation_type=\u00bbfadeInUp\u00bb css=\u00bb.vc_custom_1676056672014{padding-top: 50px !important;padding-bottom: 50px !important;}\u00bb conditional_render=\u00bb%5B%7B%22value_role%22%3A%22administrator%22%7D%5D\u00bb][vc_column conditional_render=\u00bb%5B%7B%22value_role%22%3A%22administrator%22%7D%5D\u00bb][vc_row_inner equal_height=\u00bbyes\u00bb][vc_column_inner width=\u00bb1\/4&#8243;][vc_raw_html el_class=\u00bbsago-green-block\u00bb]JTNDZGl2JTNFJTBBJTNDYSUyMGhyZWYlM0QlM0UlM0NkaXYlM0UlM0NpbWclMjBjbGFzcyUzRCUyMmljb25zYXJlYSUyMGFsaWdubm9uZSUyMHdwLWltYWdlLTUzMjc5JTIwc2l6ZS1mdWxsJTIyJTIwc3JjJTNEJTIyaHR0cHMlM0ElMkYlMkYzYzk4Y2Q4OGFlLm54Y2xpLmlvJTJGd3AtY29udGVudCUyRnVwbG9hZHMlMkYyMDIzJTJGMDIlMkZsb2NhdGlvbnMucG5nJTIyJTIwYWx0JTNEJTIyaWNvbiUyMiUyMHdpZHRoJTNEJTIyNDAlMjIlMjBoZWlnaHQlM0QlMjI0MCUyMiUyMCUyRiUzRSUzQyUyRmRpdiUzRSUwQSUzQ2gzJTIwY2xhc3MlM0QlMjJpbXAtcXVlc3Rpb24lMjIlM0VVYmljYWNpb25lcyUzQyUyRmgzJTNFJTBBJTNDcCUyMGNsYXNzJTNEJTIyaW1wLXBhcmElMjIlM0VBY2NlZGElMjBhJTIwZXNwYWNpb3MlMjBkZSUyMGludmVzdGlnYWNpJUMzJUIzbiUyMGNvbiUyMHNlcnZpY2lvJTIwY29tcGxldG8lMjBlbiUyMHRvZG8lMjBlbCUyMG11bmRvLiUyMERpc3BvbmVtb3MlMjBkZSUyMGluc3RhbGFjaW9uZXMlMjBwYXJhJTIwZ3J1cG9zJTIweSUyMGNlbnRyb3MlMjBkZSUyMHBydWViYXMlMjBkZSUyMHByaW1lcmElMjBjbGFzZSUyMGVuJTIwbG9zJTIwcHJpbmNpcGFsZXMlMjBtZXJjYWRvcyUyMGRlJTIwTm9ydGVhbSVDMyVBOXJpY2ElMjB5JTIwRXVyb3BhLiUzQyUyRnAlM0UlMEElM0MlMkZhJTNFJTBBJTNDJTJGZGl2JTNF[\/vc_raw_html][\/vc_column_inner][vc_column_inner width=\u00bb1\/4&#8243;][vc_raw_html el_class=\u00bbsago-green-block\u00bb]JTNDZGl2JTNFJTBBJTNDYSUyMGhyZWYlM0QlM0UlM0NkaXYlM0UlM0NpbWclMjBjbGFzcyUzRCUyMmljb25zYXJlYSUyMGFsaWdubm9uZSUyMHdwLWltYWdlLTUzMjU1JTIwc2l6ZS1mdWxsJTIyJTIwc3JjJTNEJTIyaHR0cHMlM0ElMkYlMkYzYzk4Y2Q4OGFlLm54Y2xpLmlvJTJGd3AtY29udGVudCUyRnVwbG9hZHMlMkYyMDIzJTJGMDIlMkZmYWNpbGl0eS1zZXJ2aWNlcy5wbmclMjIlMjBhbHQlM0QlMjJpY29uJTIyJTIwd2lkdGglM0QlMjI0MCUyMiUyMGhlaWdodCUzRCUyMjQwJTIyJTIwJTJGJTNFJTNDJTJGZGl2JTNFJTBBJTNDaDMlMjBjbGFzcyUzRCUyMmltcC1xdWVzdGlvbiUyMiUzRVNlcnZpY2lvcyUyMGVuJTIwU2FsYXMlM0MlMkZoMyUzRSUwQSUzQ3AlMjBjbGFzcyUzRCUyMmltcC1wYXJhJTIyJTNFU2ltcGxpZmlxdWUlMjBzdSUyMGludmVzdGlnYWNpJUMzJUIzbiUyMGNvbiUyMHVuJTIwY29uanVudG8lMjBjb21wbGV0byUyMGRlJTIwY29tcGxlbWVudG9zLiUyME1lam9yZSUyMHN1JTIwZXhwZXJpZW5jaWElMjBlbiUyMHNhbGFzJTIwY29uJTIwc2VydmljaW9zJTIwY29tbyUyMGxhJTIwdHJhbnNjcmlwY2klQzMlQjNuJTJDJTIwbGElMjB0ZWNub2xvZyVDMyVBRGElMjBkZSUyMHYlQzMlQURkZW8lMjB5JTIwbGElMjBtb2RlcmFjaSVDMyVCM24lMjBhJTIwZGlzdGFuY2lhLiUzQyUyRnAlM0UlMEElM0MlMkZhJTNFJTBBJTNDJTJGZGl2JTNF[\/vc_raw_html][\/vc_column_inner][vc_column_inner el_class=\u00bbsago-green-block\u00bb width=\u00bb1\/4&#8243;][vc_raw_html]JTNDZGl2JTNFJTBBJTNDYSUyMGhyZWYlM0QlM0UlM0NkaXYlM0UlM0NpbWclMjBjbGFzcyUzRCUyMmljb25zYXJlYSUyMGFsaWdubm9uZSUyMHdwLWltYWdlLTUzMTkxJTIwc2l6ZS1mdWxsJTIyJTIwc3JjJTNEJTIyaHR0cHMlM0ElMkYlMkYzYzk4Y2Q4OGFlLm54Y2xpLmlvJTJGd3AtY29udGVudCUyRnVwbG9hZHMlMkYyMDIzJTJGMDIlMkZzaW11bGF0aW9uLWNlbnRlci5wbmclMjIlMjBhbHQlM0QlMjJpY29uJTIyJTIwd2lkdGglM0QlMjI0MCUyMiUyMGhlaWdodCUzRCUyMjQwJTIyJTIwJTJGJTNFJTNDJTJGZGl2JTNFJTBBJTNDaDMlMjBjbGFzcyUzRCUyMmltcC1xdWVzdGlvbiUyMiUzRUNlbnRybyUyMGRlJTIwc2ltdWxhY2klQzMlQjNuJTNDJTJGaDMlM0UlMEElM0NwJTIwY2xhc3MlM0QlMjJpbXAtcGFyYSUyMiUzRVRhbnRvJTIwc2klMjBkZXNlYSUyMHByb2JhciUyMHByb2R1Y3RvcyUyMG0lQzMlQTlkaWNvcyUyMGNvbW8lMjBmb3JtYXIlMjBhbCUyMHBlcnNvbmFsJTIwZGUlMjB1biUyMGhvc3BpdGFsJTJDJTIwbnVlc3RybyUyMGNlbnRybyUyMGRlJTIwc2ltdWxhY2klQzMlQjNuJTIwZGUlMjBDaGljYWdvJTIwb2ZyZWNlJTIwdW4lMjBlc3BhY2lvJTIwZGUlMjBwcmltZXJhJTIwY2F0ZWdvciVDMyVBRGElMjBwYXJhJTIwbGFzJTIwbmVjZXNpZGFkZXMlMjBkZSUyMHN1JTIwcHJveWVjdG8uJTNDJTJGcCUzRSUwQSUzQyUyRmElM0UlMEElM0MlMkZkaXYlM0U=[\/vc_raw_html][\/vc_column_inner][vc_column_inner width=\u00bb1\/4&#8243;][vc_raw_html el_class=\u00bbsago-green-block\u00bb]JTNDZGl2JTNFJTBBJTNDYSUyMGhyZWYlM0QlM0UlM0NkaXYlM0UlM0NpbWclMjBjbGFzcyUzRCUyMmljb25zYXJlYSUyMGFsaWdubm9uZSUyMHdwLWltYWdlLTUzMjg3JTIwc2l6ZS1mdWxsJTIyJTIwc3R5bGUlM0QlMjJjb2xvciUzQSUyMCUyMzIxMjgyYyUzQiUyMGZvbnQtc2l6ZSUzQSUyMDE4cHglM0IlMjIlMjBzcmMlM0QlMjJodHRwcyUzQSUyRiUyRjNjOThjZDg4YWUubnhjbGkuaW8lMkZ3cC1jb250ZW50JTJGdXBsb2FkcyUyRjIwMjMlMkYwMiUyRm9mZnNpdGUtb3B0aW9ucy5wbmclMjIlMjBhbHQlM0QlMjJpY29uJTIyJTIwd2lkdGglM0QlMjI0MCUyMiUyMGhlaWdodCUzRCUyMjQwJTIyJTIwJTJGJTNFJTNDJTJGZGl2JTNFJTBBJTNDaDMlMjBjbGFzcyUzRCUyMmltcC1xdWVzdGlvbiUyMiUzRU9wY2lvbmVzJTIwZXh0ZXJuYXMlM0MlMkZoMyUzRSUwQSUzQ3AlMjBjbGFzcyUzRCUyMmltcC1wYXJhJTIyJTNFTGxldmUlMjBzdSUyMGludmVzdGlnYWNpJUMzJUIzbiUyMGFsJTIwY2FtcG8lMjBjb24lMjBudWVzdHJhJTIwYW1wbGlhJTIwZ2FtYSUyMGRlJTIwbWV0b2RvbG9nJUMzJUFEYXMlMjByZW50YWJsZXMuJTIwRGVzZGUlMjBjb21wcmFzJTIwbWlzdGVyaW9zYXMlMjBoYXN0YSUyMGVuY3Vlc3RhcyUyMGRlJTIwaW50ZXJjZXB0YWNpJUMzJUIzbiUyQyUyMHRpZW5lJTIwb3BjaW9uZXMuJTNDJTJGcCUzRSUwQSUzQyUyRmElM0UlMEElM0MlMkZkaXYlM0U=[\/vc_raw_html][\/vc_column_inner][\/vc_row_inner][\/vc_column][\/vc_row][vc_row gap=\u00bb35&#8243; content_placement=\u00bbmiddle\u00bb css=\u00bb.vc_custom_1677622820873{padding-top: 50px !important;padding-bottom: 50px !important;}\u00bb conditional_render=\u00bb%5B%7B%22value_role%22%3A%22administrator%22%7D%5D\u00bb][vc_column width=\u00bb1\/2&#8243;][vc_column_text]<\/p>\n<h2>Realice estudios multimercado sin problemas<\/h2>\n<p>Si est\u00e1 realizando un estudio en varios mercados de uno de nuestros pa\u00edses de origen, estaremos encantados de asesorarle sobre los mercados y las soluciones que mejor se adapten a los objetivos de su estudio y de gestionar cuidadosamente sus necesidades. Con un \u00fanico punto de contacto, podemos colocar su estudio en nuestros espacios propios de an\u00e1lisis, pruebas o simulaci\u00f3n o con otros socios de confianza.[\/vc_column_text][\/vc_column][vc_column width=\u00bb1\/2&#8243;][vc_single_image image=\u00bb56529&#8243; img_size=\u00bblarge\u00bb][\/vc_column][\/vc_row][vc_row gap=\u00bb35&#8243; content_placement=\u00bbmiddle\u00bb css=\u00bb.vc_custom_1677622854511{padding-top: 50px !important;padding-bottom: 50px !important;}\u00bb conditional_render=\u00bb%5B%7B%22value_role%22%3A%22administrator%22%7D%5D\u00bb][vc_column width=\u00bb1\/2&#8243;][vc_single_image image=\u00bb56967&#8243; img_size=\u00bblarge\u00bb][\/vc_column][vc_column width=\u00bb1\/2&#8243;][vc_column_text]<\/p>\n<h2>Conecte F\u00e1cilmente con Su P\u00fablico en Todo el Mundo<\/h2>\n<p>Nuestra red de socios estrat\u00e9gicos globales nos permite ofrecer un alcance mundial para su estudio cualitativo o cuantitativo. En el caso de los estudios cualitativos, un responsable global especializado supervisa la captaci\u00f3n y la recopilaci\u00f3n de datos, y le gu\u00eda a trav\u00e9s del panorama internacional. En el caso de los estudios cuantitativos en l\u00ednea, aplicamos nuestra experiencia en la ejecuci\u00f3n de paneles m\u00faltiples para obtener resultados superiores en las encuestas.[\/vc_column_text][\/vc_column][\/vc_row][vc_row content_placement=\u00bbmiddle\u00bb css=\u00bb.vc_custom_1676376305118{padding-top: 50px !important;}\u00bb conditional_render=\u00bb%5B%7B%22value_role%22%3A%22administrator%22%7D%5D\u00bb][vc_column width=\u00bb1\/2&#8243;][vc_column_text]<\/p>\n<h2>Antes, durante y despu\u00e9s de Covid-19: Marcamos la pauta para una investigaci\u00f3n en persona responsable y fruct\u00edfera<\/h2>\n<p><a class=\"button\" href=\"https:\/\/staging.sago.com\/\">Vea nuestras precauciones<\/a>[\/vc_column_text][\/vc_column][vc_column width=\u00bb1\/2&#8243;][vc_single_image image=\u00bb51957&#8243; img_size=\u00bbfull\u00bb][\/vc_column][\/vc_row][vc_row][vc_column]<div class=\"porto-block\" data-id=\"51974\"><style>.vc_custom_1676491494506{padding-top: 50px !important;padding-bottom: 50px !important;}.vc_custom_1676239417174{padding-right: 0px !important;padding-left: 0px !important;}.vc_custom_1676239407838{padding-right: 0px !important;}.vc_custom_1675969268171{padding-right: 0px !important;padding-left: 0px !important;}.vc_custom_1675969278597{padding-right: 0px !important;padding-left: 0px !important;}.vc_custom_1676239706215{padding-right: 0px !important;}<\/style>[vc_row full_width=\"stretch_row_content_no_spaces\" equal_height=\"yes\" conditional_render=\"%5B%7B%22value_role%22%3A%22administrator%22%7D%5D\" css=\".vc_custom_1676491494506{padding-top: 50px !important;padding-bottom: 50px !important;}\"][vc_column css=\".vc_custom_1676239417174{padding-right: 0px !important;padding-left: 0px !important;}\" conditional_render=\"%5B%7B%22value_role%22%3A%22administrator%22%7D%5D\"][vc_row_inner equal_height=\"yes\" content_placement=\"middle\" css=\".vc_custom_1676239407838{padding-right: 0px !important;}\"][vc_column_inner width=\"1\/4\" offset=\"vc_col-xs-1\/5\" css=\".vc_custom_1675969268171{padding-right: 0px !important;padding-left: 0px !important;}\"][vc_single_image image=\"51222\" img_size=\"full\"][\/vc_column_inner][vc_column_inner width=\"1\/2\" offset=\"vc_col-xs-3\/5\"][vc_column_text]<\/p>\r\n<h2 style=\"text-align: center;\">Ready to get started?<\/h2>\r\n<p>[\/vc_column_text][vc_btn title=\"Get in touch\" align=\"center\" el_class=\"getintouch\" link=\"url:https%3A%2F%2Fstaging.sago.com%2Fget-in-touch%2F|title:get%20in%20touch\"][\/vc_column_inner][vc_column_inner width=\"1\/4\" offset=\"vc_col-xs-1\/5\" css=\".vc_custom_1675969278597{padding-right: 0px !important;padding-left: 0px !important;}\"][vc_single_image image=\"51226\" img_size=\"full\" alignment=\"right\" css=\".vc_custom_1676239706215{padding-right: 0px !important;}\"][\/vc_column_inner][\/vc_row_inner][\/vc_column][\/vc_row][vc_row][vc_column][vc_column_text]<\/p>\r\n<p><span data-mce-type=\"bookmark\" style=\"display: inline-block; width: 0px; overflow: hidden; line-height: 0;\" class=\"mce_SELRES_start\">\ufeff<\/s[\/vc_column_text][\/vc_column][\/vc_row]<\/div>[\/vc_column][\/vc_row]<\/p>\n<\/div>","protected":false},"excerpt":{"rendered":"<p>[vc_row section_skin=\u00bbquaternary\u00bb animation_type=\u00bbfadeInUp\u00bb css=\u00bb.vc_custom_1676056672014{padding-top: 50px !important;padding-bottom: 50px !important;}\u00bb conditional_render=\u00bb%5B%7B%22value_role%22%3A%22administrator%22%7D%5D\u00bb][vc_column conditional_render=\u00bb%5B%7B%22value_role%22%3A%22administrator%22%7D%5D\u00bb][vc_row_inner equal_height=\u00bbyes\u00bb][vc_column_inner width=\u00bb1\/4&#8243;][vc_raw_html el_class=\u00bbsago-green-block\u00bb]JTNDZGl2JTNFJTBBJTNDYSUyMGhyZWYlM0QlM0UlM0NkaXYlM0UlM0NpbWclMjBjbGFzcyUzRCUyMmljb25zYXJlYSUyMGFsaWdubm9uZSUyMHdwLWltYWdlLTUzMjc5JTIwc2l6ZS1mdWxsJTIyJTIwc3JjJTNEJTIyaHR0cHMlM0ElMkYlMkYzYzk4Y2Q4OGFlLm54Y2xpLmlvJTJGd3AtY29udGVudCUyRnVwbG9hZHMlMkYyMDIzJTJGMDIlMkZsb2NhdGlvbnMucG5nJTIyJTIwYWx0JTNEJTIyaWNvbiUyMiUyMHdpZHRoJTNEJTIyNDAlMjIlMjBoZWlnaHQlM0QlMjI0MCUyMiUyMCUyRiUzRSUzQyUyRmRpdiUzRSUwQSUzQ2gzJTIwY2xhc3MlM0QlMjJpbXAtcXVlc3Rpb24lMjIlM0VVYmljYWNpb25lcyUzQyUyRmgzJTNFJTBBJTNDcCUyMGNsYXNzJTNEJTIyaW1wLXBhcmElMjIlM0VBY2NlZGElMjBhJTIwZXNwYWNpb3MlMjBkZSUyMGludmVzdGlnYWNpJUMzJUIzbiUyMGNvbiUyMHNlcnZpY2lvJTIwY29tcGxldG8lMjBlbiUyMHRvZG8lMjBlbCUyMG11bmRvLiUyMERpc3BvbmVtb3MlMjBkZSUyMGluc3RhbGFjaW9uZXMlMjBwYXJhJTIwZ3J1cG9zJTIweSUyMGNlbnRyb3MlMjBkZSUyMHBydWViYXMlMjBkZSUyMHByaW1lcmElMjBjbGFzZSUyMGVuJTIwbG9zJTIwcHJpbmNpcGFsZXMlMjBtZXJjYWRvcyUyMGRlJTIwTm9ydGVhbSVDMyVBOXJpY2ElMjB5JTIwRXVyb3BhLiUzQyUyRnAlM0UlMEElM0MlMkZhJTNFJTBBJTNDJTJGZGl2JTNF[\/vc_raw_html][\/vc_column_inner][vc_column_inner width=\u00bb1\/4&#8243;][vc_raw_html el_class=\u00bbsago-green-block\u00bb]JTNDZGl2JTNFJTBBJTNDYSUyMGhyZWYlM0QlM0UlM0NkaXYlM0UlM0NpbWclMjBjbGFzcyUzRCUyMmljb25zYXJlYSUyMGFsaWdubm9uZSUyMHdwLWltYWdlLTUzMjU1JTIwc2l6ZS1mdWxsJTIyJTIwc3JjJTNEJTIyaHR0cHMlM0ElMkYlMkYzYzk4Y2Q4OGFlLm54Y2xpLmlvJTJGd3AtY29udGVudCUyRnVwbG9hZHMlMkYyMDIzJTJGMDIlMkZmYWNpbGl0eS1zZXJ2aWNlcy5wbmclMjIlMjBhbHQlM0QlMjJpY29uJTIyJTIwd2lkdGglM0QlMjI0MCUyMiUyMGhlaWdodCUzRCUyMjQwJTIyJTIwJTJGJTNFJTNDJTJGZGl2JTNFJTBBJTNDaDMlMjBjbGFzcyUzRCUyMmltcC1xdWVzdGlvbiUyMiUzRVNlcnZpY2lvcyUyMGVuJTIwU2FsYXMlM0MlMkZoMyUzRSUwQSUzQ3AlMjBjbGFzcyUzRCUyMmltcC1wYXJhJTIyJTNFU2ltcGxpZmlxdWUlMjBzdSUyMGludmVzdGlnYWNpJUMzJUIzbiUyMGNvbiUyMHVuJTIwY29uanVudG8lMjBjb21wbGV0byUyMGRlJTIwY29tcGxlbWVudG9zLiUyME1lam9yZSUyMHN1JTIwZXhwZXJpZW5jaWElMjBlbiUyMHNhbGFzJTIwY29uJTIwc2VydmljaW9zJTIwY29tbyUyMGxhJTIwdHJhbnNjcmlwY2klQzMlQjNuJTJDJTIwbGElMjB0ZWNub2xvZyVDMyVBRGElMjBkZSUyMHYlQzMlQURkZW8lMjB5JTIwbGElMjBtb2RlcmFjaSVDMyVCM24lMjBhJTIwZGlzdGFuY2lhLiUzQyUyRnAlM0UlMEElM0MlMkZhJTNFJTBBJTNDJTJGZGl2JTNF[\/vc_raw_html][\/vc_column_inner][vc_column_inner el_class=\u00bbsago-green-block\u00bb width=\u00bb1\/4&#8243;][vc_raw_html]JTNDZGl2JTNFJTBBJTNDYSUyMGhyZWYlM0QlM0UlM0NkaXYlM0UlM0NpbWclMjBjbGFzcyUzRCUyMmljb25zYXJlYSUyMGFsaWdubm9uZSUyMHdwLWltYWdlLTUzMTkxJTIwc2l6ZS1mdWxsJTIyJTIwc3JjJTNEJTIyaHR0cHMlM0ElMkYlMkYzYzk4Y2Q4OGFlLm54Y2xpLmlvJTJGd3AtY29udGVudCUyRnVwbG9hZHMlMkYyMDIzJTJGMDIlMkZzaW11bGF0aW9uLWNlbnRlci5wbmclMjIlMjBhbHQlM0QlMjJpY29uJTIyJTIwd2lkdGglM0QlMjI0MCUyMiUyMGhlaWdodCUzRCUyMjQwJTIyJTIwJTJGJTNFJTNDJTJGZGl2JTNFJTBBJTNDaDMlMjBjbGFzcyUzRCUyMmltcC1xdWVzdGlvbiUyMiUzRUNlbnRybyUyMGRlJTIwc2ltdWxhY2klQzMlQjNuJTNDJTJGaDMlM0UlMEElM0NwJTIwY2xhc3MlM0QlMjJpbXAtcGFyYSUyMiUzRVRhbnRvJTIwc2klMjBkZXNlYSUyMHByb2JhciUyMHByb2R1Y3RvcyUyMG0lQzMlQTlkaWNvcyUyMGNvbW8lMjBmb3JtYXIlMjBhbCUyMHBlcnNvbmFsJTIwZGUlMjB1biUyMGhvc3BpdGFsJTJDJTIwbnVlc3RybyUyMGNlbnRybyUyMGRlJTIwc2ltdWxhY2klQzMlQjNuJTIwZGUlMjBDaGljYWdvJTIwb2ZyZWNlJTIwdW4lMjBlc3BhY2lvJTIwZGUlMjBwcmltZXJhJTIwY2F0ZWdvciVDMyVBRGElMjBwYXJhJTIwbGFzJTIwbmVjZXNpZGFkZXMlMjBkZSUyMHN1JTIwcHJveWVjdG8uJTNDJTJGcCUzRSUwQSUzQyUyRmElM0UlMEElM0MlMkZkaXYlM0U=[\/vc_raw_html][\/vc_column_inner][vc_column_inner width=\u00bb1\/4&#8243;][vc_raw_html el_class=\u00bbsago-green-block\u00bb]JTNDZGl2JTNFJTBBJTNDYSUyMGhyZWYlM0QlM0UlM0NkaXYlM0UlM0NpbWclMjBjbGFzcyUzRCUyMmljb25zYXJlYSUyMGFsaWdubm9uZSUyMHdwLWltYWdlLTUzMjg3JTIwc2l6ZS1mdWxsJTIyJTIwc3R5bGUlM0QlMjJjb2xvciUzQSUyMCUyMzIxMjgyYyUzQiUyMGZvbnQtc2l6ZSUzQSUyMDE4cHglM0IlMjIlMjBzcmMlM0QlMjJodHRwcyUzQSUyRiUyRjNjOThjZDg4YWUubnhjbGkuaW8lMkZ3cC1jb250ZW50JTJGdXBsb2FkcyUyRjIwMjMlMkYwMiUyRm9mZnNpdGUtb3B0aW9ucy5wbmclMjIlMjBhbHQlM0QlMjJpY29uJTIyJTIwd2lkdGglM0QlMjI0MCUyMiUyMGhlaWdodCUzRCUyMjQwJTIyJTIwJTJGJTNFJTNDJTJGZGl2JTNFJTBBJTNDaDMlMjBjbGFzcyUzRCUyMmltcC1xdWVzdGlvbiUyMiUzRU9wY2lvbmVzJTIwZXh0ZXJuYXMlM0MlMkZoMyUzRSUwQSUzQ3AlMjBjbGFzcyUzRCUyMmltcC1wYXJhJTIyJTNFTGxldmUlMjBzdSUyMGludmVzdGlnYWNpJUMzJUIzbiUyMGFsJTIwY2FtcG8lMjBjb24lMjBudWVzdHJhJTIwYW1wbGlhJTIwZ2FtYSUyMGRlJTIwbWV0b2RvbG9nJUMzJUFEYXMlMjByZW50YWJsZXMuJTIwRGVzZGUlMjBjb21wcmFzJTIwbWlzdGVyaW9zYXMlMjBoYXN0YSUyMGVuY3Vlc3RhcyUyMGRlJTIwaW50ZXJjZXB0YWNpJUMzJUIzbiUyQyUyMHRpZW5lJTIwb3BjaW9uZXMuJTNDJTJGcCUzRSUwQSUzQyUyRmElM0UlMEElM0MlMkZkaXYlM0U=[\/vc_raw_html][\/vc_column_inner][\/vc_row_inner][\/vc_column][\/vc_row][vc_row gap=\u00bb35&#8243; content_placement=\u00bbmiddle\u00bb css=\u00bb.vc_custom_1677622820873{padding-top: 50px !important;padding-bottom: 50px !important;}\u00bb conditional_render=\u00bb%5B%7B%22value_role%22%3A%22administrator%22%7D%5D\u00bb][vc_column width=\u00bb1\/2&#8243;][vc_column_text] Realice estudios multimercado sin problemas Si est\u00e1 realizando un estudio en varios mercados de uno de nuestros pa\u00edses de origen, estaremos encantados de asesorarle sobre los mercados [&hellip;]<\/p>\n","protected":false},"author":6,"featured_media":13616,"parent":7155,"menu_order":0,"comment_status":"closed","ping_status":"closed","template":"solutions-page.php","meta":{"_acf_changed":false,"content-type":"","footnotes":""},"categories":[],"tags":[],"city":[],"class_list":["post-7161","page","type-page","status-publish","has-post-thumbnail","hentry"],"acf":[],"yoast_head":"<!-- This site is optimized with the Yoast SEO Premium plugin v19.7 (Yoast SEO v27.3) - https:\/\/yoast.com\/product\/yoast-seo-premium-wordpress\/ -->\n<title>In-Person Research Locations | Focus Group Facilities | Sago<\/title>\n<meta name=\"description\" content=\"Outstanding recruitment and project management optimized for your in-person methodology, including focus groups, IDIs and ethnographies.\" \/>\n<meta name=\"robots\" content=\"noindex, follow, max-snippet:-1, max-image-preview:large, max-video-preview:-1\" \/>\n<meta property=\"og:locale\" content=\"es_ES\" \/>\n<meta property=\"og:type\" content=\"article\" \/>\n<meta property=\"og:title\" content=\"In-Person\" \/>\n<meta property=\"og:description\" content=\"Outstanding recruitment and project management optimized for your in-person methodology, including focus groups, IDIs and ethnographies.\" \/>\n<meta property=\"og:url\" content=\"https:\/\/staging.sago.com\/es\/soluciones\/cualitativo\/in-person\/\" \/>\n<meta property=\"og:site_name\" content=\"Sago\" \/>\n<meta property=\"article:publisher\" content=\"https:\/\/www.facebook.com\/sagomrx\" \/>\n<meta property=\"article:modified_time\" content=\"2023-03-03T21:52:10+00:00\" \/>\n<meta property=\"og:image\" content=\"https:\/\/staging.sago.com\/wp-content\/uploads\/2017\/03\/conducting-a-focus-group.png\" \/>\n\t<meta property=\"og:image:width\" content=\"650\" \/>\n\t<meta property=\"og:image:height\" content=\"365\" \/>\n\t<meta property=\"og:image:type\" content=\"image\/png\" \/>\n<meta name=\"twitter:card\" content=\"summary_large_image\" \/>\n<meta name=\"twitter:site\" content=\"@sagomrx\" \/>\n<meta name=\"twitter:label1\" content=\"Tiempo de lectura\" \/>\n\t<meta name=\"twitter:data1\" content=\"2 minutos\" \/>\n<script type=\"application\/ld+json\" class=\"yoast-schema-graph\">{\"@context\":\"https:\\\/\\\/schema.org\",\"@graph\":[{\"@type\":\"WebPage\",\"@id\":\"https:\\\/\\\/staging.sago.com\\\/es\\\/soluciones\\\/cualitativo\\\/in-person\\\/\",\"url\":\"https:\\\/\\\/staging.sago.com\\\/es\\\/soluciones\\\/cualitativo\\\/in-person\\\/\",\"name\":\"In-Person Research Locations | Focus Group Facilities | Sago\",\"isPartOf\":{\"@id\":\"https:\\\/\\\/staging.sago.com\\\/es\\\/#website\"},\"primaryImageOfPage\":{\"@id\":\"https:\\\/\\\/staging.sago.com\\\/es\\\/soluciones\\\/cualitativo\\\/in-person\\\/#primaryimage\"},\"image\":{\"@id\":\"https:\\\/\\\/staging.sago.com\\\/es\\\/soluciones\\\/cualitativo\\\/in-person\\\/#primaryimage\"},\"thumbnailUrl\":\"https:\\\/\\\/staging.sago.com\\\/wp-content\\\/uploads\\\/2017\\\/03\\\/conducting-a-focus-group.png\",\"datePublished\":\"2017-03-08T16:23:43+00:00\",\"dateModified\":\"2023-03-03T21:52:10+00:00\",\"description\":\"Outstanding recruitment and project management optimized for your in-person methodology, including focus groups, IDIs and ethnographies.\",\"breadcrumb\":{\"@id\":\"https:\\\/\\\/staging.sago.com\\\/es\\\/soluciones\\\/cualitativo\\\/in-person\\\/#breadcrumb\"},\"inLanguage\":\"es\",\"potentialAction\":[{\"@type\":\"ReadAction\",\"target\":[\"https:\\\/\\\/staging.sago.com\\\/es\\\/soluciones\\\/cualitativo\\\/in-person\\\/\"]}]},{\"@type\":\"ImageObject\",\"inLanguage\":\"es\",\"@id\":\"https:\\\/\\\/staging.sago.com\\\/es\\\/soluciones\\\/cualitativo\\\/in-person\\\/#primaryimage\",\"url\":\"https:\\\/\\\/staging.sago.com\\\/wp-content\\\/uploads\\\/2017\\\/03\\\/conducting-a-focus-group.png\",\"contentUrl\":\"https:\\\/\\\/staging.sago.com\\\/wp-content\\\/uploads\\\/2017\\\/03\\\/conducting-a-focus-group.png\",\"width\":650,\"height\":365,\"caption\":\"focus group\"},{\"@type\":\"BreadcrumbList\",\"@id\":\"https:\\\/\\\/staging.sago.com\\\/es\\\/soluciones\\\/cualitativo\\\/in-person\\\/#breadcrumb\",\"itemListElement\":[{\"@type\":\"ListItem\",\"position\":1,\"name\":\"Home\",\"item\":\"https:\\\/\\\/staging.sago.com\\\/es\\\/\"},{\"@type\":\"ListItem\",\"position\":2,\"name\":\"In-Person\"}]},{\"@type\":\"WebSite\",\"@id\":\"https:\\\/\\\/staging.sago.com\\\/es\\\/#website\",\"url\":\"https:\\\/\\\/staging.sago.com\\\/es\\\/\",\"name\":\"Sago\",\"description\":\"Adaptable Solutions. Confident Decisions.\",\"publisher\":{\"@id\":\"https:\\\/\\\/staging.sago.com\\\/es\\\/#organization\"},\"potentialAction\":[{\"@type\":\"SearchAction\",\"target\":{\"@type\":\"EntryPoint\",\"urlTemplate\":\"https:\\\/\\\/staging.sago.com\\\/es\\\/?s={search_term_string}\"},\"query-input\":{\"@type\":\"PropertyValueSpecification\",\"valueRequired\":true,\"valueName\":\"search_term_string\"}}],\"inLanguage\":\"es\"},{\"@type\":\"Organization\",\"@id\":\"https:\\\/\\\/staging.sago.com\\\/es\\\/#organization\",\"name\":\"Sago\",\"url\":\"https:\\\/\\\/staging.sago.com\\\/es\\\/\",\"logo\":{\"@type\":\"ImageObject\",\"inLanguage\":\"es\",\"@id\":\"https:\\\/\\\/staging.sago.com\\\/es\\\/#\\\/schema\\\/logo\\\/image\\\/\",\"url\":\"https:\\\/\\\/3c98cd88ae.nxcli.io\\\/wp-content\\\/uploads\\\/2023\\\/02\\\/Sago-Standard-Logo.jpg\",\"contentUrl\":\"https:\\\/\\\/3c98cd88ae.nxcli.io\\\/wp-content\\\/uploads\\\/2023\\\/02\\\/Sago-Standard-Logo.jpg\",\"width\":200,\"height\":200,\"caption\":\"Sago\"},\"image\":{\"@id\":\"https:\\\/\\\/staging.sago.com\\\/es\\\/#\\\/schema\\\/logo\\\/image\\\/\"},\"sameAs\":[\"https:\\\/\\\/www.facebook.com\\\/sagomrx\",\"https:\\\/\\\/x.com\\\/sagomrx\",\"https:\\\/\\\/www.instagram.com\\\/sagomrx\\\/\",\"https:\\\/\\\/www.youtube.com\\\/@sago-mrx\",\"https:\\\/\\\/www.linkedin.com\\\/company\\\/sago-mrx\\\/\",\"https:\\\/\\\/vimeo.com\\\/sagomrx\"]}]}<\/script>\n<!-- \/ Yoast SEO Premium plugin. -->","yoast_head_json":{"title":"In-Person Research Locations | Focus Group Facilities | Sago","description":"Outstanding recruitment and project management optimized for your in-person methodology, including focus groups, IDIs and ethnographies.","robots":{"index":"noindex","follow":"follow","max-snippet":"max-snippet:-1","max-image-preview":"max-image-preview:large","max-video-preview":"max-video-preview:-1"},"og_locale":"es_ES","og_type":"article","og_title":"In-Person","og_description":"Outstanding recruitment and project management optimized for your in-person methodology, including focus groups, IDIs and ethnographies.","og_url":"https:\/\/staging.sago.com\/es\/soluciones\/cualitativo\/in-person\/","og_site_name":"Sago","article_publisher":"https:\/\/www.facebook.com\/sagomrx","article_modified_time":"2023-03-03T21:52:10+00:00","og_image":[{"width":650,"height":365,"url":"https:\/\/staging.sago.com\/wp-content\/uploads\/2017\/03\/conducting-a-focus-group.png","type":"image\/png"}],"twitter_card":"summary_large_image","twitter_site":"@sagomrx","twitter_misc":{"Tiempo de lectura":"2 minutos"},"schema":{"@context":"https:\/\/schema.org","@graph":[{"@type":"WebPage","@id":"https:\/\/staging.sago.com\/es\/soluciones\/cualitativo\/in-person\/","url":"https:\/\/staging.sago.com\/es\/soluciones\/cualitativo\/in-person\/","name":"In-Person Research Locations | Focus Group Facilities | Sago","isPartOf":{"@id":"https:\/\/staging.sago.com\/es\/#website"},"primaryImageOfPage":{"@id":"https:\/\/staging.sago.com\/es\/soluciones\/cualitativo\/in-person\/#primaryimage"},"image":{"@id":"https:\/\/staging.sago.com\/es\/soluciones\/cualitativo\/in-person\/#primaryimage"},"thumbnailUrl":"https:\/\/staging.sago.com\/wp-content\/uploads\/2017\/03\/conducting-a-focus-group.png","datePublished":"2017-03-08T16:23:43+00:00","dateModified":"2023-03-03T21:52:10+00:00","description":"Outstanding recruitment and project management optimized for your in-person methodology, including focus groups, IDIs and ethnographies.","breadcrumb":{"@id":"https:\/\/staging.sago.com\/es\/soluciones\/cualitativo\/in-person\/#breadcrumb"},"inLanguage":"es","potentialAction":[{"@type":"ReadAction","target":["https:\/\/staging.sago.com\/es\/soluciones\/cualitativo\/in-person\/"]}]},{"@type":"ImageObject","inLanguage":"es","@id":"https:\/\/staging.sago.com\/es\/soluciones\/cualitativo\/in-person\/#primaryimage","url":"https:\/\/staging.sago.com\/wp-content\/uploads\/2017\/03\/conducting-a-focus-group.png","contentUrl":"https:\/\/staging.sago.com\/wp-content\/uploads\/2017\/03\/conducting-a-focus-group.png","width":650,"height":365,"caption":"focus group"},{"@type":"BreadcrumbList","@id":"https:\/\/staging.sago.com\/es\/soluciones\/cualitativo\/in-person\/#breadcrumb","itemListElement":[{"@type":"ListItem","position":1,"name":"Home","item":"https:\/\/staging.sago.com\/es\/"},{"@type":"ListItem","position":2,"name":"In-Person"}]},{"@type":"WebSite","@id":"https:\/\/staging.sago.com\/es\/#website","url":"https:\/\/staging.sago.com\/es\/","name":"Sago","description":"Adaptable Solutions. Confident Decisions.","publisher":{"@id":"https:\/\/staging.sago.com\/es\/#organization"},"potentialAction":[{"@type":"SearchAction","target":{"@type":"EntryPoint","urlTemplate":"https:\/\/staging.sago.com\/es\/?s={search_term_string}"},"query-input":{"@type":"PropertyValueSpecification","valueRequired":true,"valueName":"search_term_string"}}],"inLanguage":"es"},{"@type":"Organization","@id":"https:\/\/staging.sago.com\/es\/#organization","name":"Sago","url":"https:\/\/staging.sago.com\/es\/","logo":{"@type":"ImageObject","inLanguage":"es","@id":"https:\/\/staging.sago.com\/es\/#\/schema\/logo\/image\/","url":"https:\/\/3c98cd88ae.nxcli.io\/wp-content\/uploads\/2023\/02\/Sago-Standard-Logo.jpg","contentUrl":"https:\/\/3c98cd88ae.nxcli.io\/wp-content\/uploads\/2023\/02\/Sago-Standard-Logo.jpg","width":200,"height":200,"caption":"Sago"},"image":{"@id":"https:\/\/staging.sago.com\/es\/#\/schema\/logo\/image\/"},"sameAs":["https:\/\/www.facebook.com\/sagomrx","https:\/\/x.com\/sagomrx","https:\/\/www.instagram.com\/sagomrx\/","https:\/\/www.youtube.com\/@sago-mrx","https:\/\/www.linkedin.com\/company\/sago-mrx\/","https:\/\/vimeo.com\/sagomrx"]}]}},"_links":{"self":[{"href":"https:\/\/staging.sago.com\/es\/wp-json\/wp\/v2\/pages\/7161","targetHints":{"allow":["GET"]}}],"collection":[{"href":"https:\/\/staging.sago.com\/es\/wp-json\/wp\/v2\/pages"}],"about":[{"href":"https:\/\/staging.sago.com\/es\/wp-json\/wp\/v2\/types\/page"}],"author":[{"embeddable":true,"href":"https:\/\/staging.sago.com\/es\/wp-json\/wp\/v2\/users\/6"}],"replies":[{"embeddable":true,"href":"https:\/\/staging.sago.com\/es\/wp-json\/wp\/v2\/comments?post=7161"}],"version-history":[{"count":0,"href":"https:\/\/staging.sago.com\/es\/wp-json\/wp\/v2\/pages\/7161\/revisions"}],"up":[{"embeddable":true,"href":"https:\/\/staging.sago.com\/es\/wp-json\/wp\/v2\/pages\/7155"}],"wp:featuredmedia":[{"embeddable":true,"href":"https:\/\/staging.sago.com\/es\/wp-json\/wp\/v2\/media\/13616"}],"wp:attachment":[{"href":"https:\/\/staging.sago.com\/es\/wp-json\/wp\/v2\/media?parent=7161"}],"wp:term":[{"taxonomy":"category","embeddable":true,"href":"https:\/\/staging.sago.com\/es\/wp-json\/wp\/v2\/categories?post=7161"},{"taxonomy":"post_tag","embeddable":true,"href":"https:\/\/staging.sago.com\/es\/wp-json\/wp\/v2\/tags?post=7161"},{"taxonomy":"city","embeddable":true,"href":"https:\/\/staging.sago.com\/es\/wp-json\/wp\/v2\/city?post=7161"}],"curies":[{"name":"wp","href":"https:\/\/api.w.org\/{rel}","templated":true}]}}