{"id":7155,"date":"2017-01-26T16:05:45","date_gmt":"2017-01-26T16:05:45","guid":{"rendered":"https:\/\/1aa340fc3d.nxcli.io\/\/stagingqualitative\/"},"modified":"2023-03-01T00:59:13","modified_gmt":"2023-03-01T05:59:13","slug":"cualitativo","status":"publish","type":"page","link":"https:\/\/staging.sago.com\/es\/soluciones\/cualitativo\/","title":{"rendered":"Cualitativo"},"content":{"rendered":"<div class=\"wpb-content-wrapper\"><p>[vc_row section_skin=\u00bbquaternary\u00bb animation_type=\u00bbfadeInUp\u00bb css=\u00bb.vc_custom_1676056672014{padding-top: 50px !important;padding-bottom: 50px !important;}\u00bb conditional_render=\u00bb%5B%7B%22value_role%22%3A%22administrator%22%7D%5D\u00bb][vc_column conditional_render=\u00bb%5B%7B%22value_role%22%3A%22administrator%22%7D%5D\u00bb][vc_row_inner equal_height=\u00bbyes\u00bb][vc_column_inner width=\u00bb1\/3&#8243;][vc_column_text el_class=\u00bbsago-green-block\u00bb]<\/p>\n<div><img  title=\"\" loading=\"lazy\" decoding=\"async\" class=\"iconareas alignnone size-full wp-image-53174\" src=\"https:\/\/staging.sago.com\/wp-content\/uploads\/2023\/02\/Recruit.png\"  alt=\"sago\"  width=\"40\" height=\"40\" \/><\/div>\n<h3 class=\"imp-question\">Captaci\u00f3n Inteligente<\/h3>\n<p class=\"imp-para\">Experimente la diferencia con unos participantes dispuestos a interactuar y expresarse con eficacia. Proporcionamos encuestados que se sienten c\u00f3modos con la tecnolog\u00eda y las t\u00e9cnicas utilizadas en su proyecto.<\/p>\n<p>[\/vc_column_text][\/vc_column_inner][vc_column_inner width=\u00bb1\/3&#8243;][vc_column_text el_class=\u00bbsago-green-block\u00bb]<\/p>\n<div><img  title=\"\" loading=\"lazy\" decoding=\"async\" class=\"iconsarea alignnone wp-image-53187 size-full\" src=\"https:\/\/staging.sago.com\/wp-content\/uploads\/2023\/02\/service-excellence.png\"  alt=\"sago\"  width=\"40\" height=\"40\" \/><\/div>\n<h3 class=\"imp-question\">Excelencia en el Servicio<\/h3>\n<p class=\"imp-para\">Trabaje con personas apasionadas que entienden las necesidades y presiones \u00fanicas de sus estudios de investigaci\u00f3n. Nuestro equipo est\u00e1 comprometido con el \u00e9xito de su proyecto y se asegurar\u00e1 de que usted alcance sus objetivos.<\/p>\n<p>[\/vc_column_text][\/vc_column_inner][vc_column_inner width=\u00bb1\/3&#8243;][vc_column_text el_class=\u00bbsago-green-block\u00bb]<\/p>\n<div><img  title=\"\" loading=\"lazy\" decoding=\"async\" class=\"iconsarea alignnone wp-image-53247 size-full\" src=\"https:\/\/staging.sago.com\/wp-content\/uploads\/2023\/02\/data-quality-secuirty.png\"  alt=\"sago\"  width=\"40\" height=\"40\" \/><\/div>\n<h3 class=\"imp-question\">Calidad y Seguridad de los Datos<\/h3>\n<p class=\"imp-para\">Est\u00e9 tranquilo sabiendo que sus datos son nuestra m\u00e1xima prioridad. Nuestro sistema de control interno se ha desarrollado para garantizar la m\u00e1xima seguridad sobre los datos de los clientes y participantes durante todas las fases de su estudio y de nuestra colaboraci\u00f3n continua.<\/p>\n<p>[\/vc_column_text][\/vc_column_inner][\/vc_row_inner][\/vc_column][\/vc_row][vc_row full_width=\u00bbstretch_row\u00bb css=\u00bb.vc_custom_1675964009465{padding-top: 50px !important;padding-bottom: 50px !important;background-color: #f2f2f2 !important;}\u00bb animation_type=\u00bbfadeIn\u00bb conditional_render=\u00bb%5B%7B%22value_role%22%3A%22administrator%22%7D%5D\u00bb][vc_column][vc_column_text]<\/p>\n<h2>Explore nuestra completa cartera de servicios cualitativos, que incluye enfoques cl\u00e1sicos, en l\u00ednea y emocionales.<\/h2>\n<p>[\/vc_column_text][vc_row_inner gap=\u00bb35&#8243; animation_in_type=\u00bbtransition.fadeIn\u00bb animation_in_offset=\u00bb80&#8243; animation_in_duration=\u00bb300&#8243; animation_in_delay=\u00bb0&#8243; css=\u00bb.vc_custom_1675964016243{padding-top: 25px !important;}\u00bb][vc_column_inner width=\u00bb1\/4&#8243;][vc_single_image image=\u00bb51935&#8243; img_size=\u00bbmedium\u00bb el_class=\u00bbsagoimage\u00bb][vc_column_text]<\/p>\n<h3>Digital Cualitativo<\/h3>\n<p>Obtenga informaci\u00f3n convincente de forma r\u00e1pida y sencilla con los enfoques cualitativos digitales de Sago. Nuestra completa gama de soluciones se basa en nuestras plataformas ResTech l\u00edderes en el sector, junto con un excelente servicio de captaci\u00f3n y gesti\u00f3n de proyectos.[\/vc_column_text][\/vc_column_inner][vc_column_inner width=\u00bb1\/4&#8243;][vc_single_image image=\u00bb51931&#8243; img_size=\u00bbmedium\u00bb el_class=\u00bbsagoimage\u00bb][vc_column_text]<\/p>\n<h3>M\u00e9todos presenciales<\/h3>\n<p>Mant\u00e9ngase cerca de su p\u00fablico diana y obs\u00e9rvelo en tiempo real con la gama de m\u00e9todos cualitativos presenciales de Sago. Involucre a sus clientes actuales y futuros m\u00e1s profundamente en \u00e1reas de inter\u00e9s utilizando enfoques como grupos o etnograf\u00edas.[\/vc_column_text][\/vc_column_inner][vc_column_inner width=\u00bb1\/4&#8243;][vc_single_image image=\u00bb5639&#8243; img_size=\u00bbmedium\u00bb el_class=\u00bbsagoimage\u00bb][vc_column_text]<\/p>\n<h3>Entrevistas telef\u00f3nicas<\/h3>\n<p>Acceda a una soluci\u00f3n r\u00e1pida y rentable para llegar a encuestados geogr\u00e1ficamente dispersos con las entrevistas telef\u00f3nicas de Sago. Ayudamos a los investigadores a obtener opiniones o consejos en profundidad de un amplio abanico de destinatarios.[\/vc_column_text][\/vc_column_inner][vc_column_inner width=\u00bb1\/4&#8243;][vc_single_image image=\u00bb2172&#8243; img_size=\u00bbmedium\u00bb el_class=\u00bbsagoimage\u00bb][vc_column_text]<\/p>\n<h3>\u200bLaboratorios de Investigaci\u00f3n<\/h3>\n<p>Obtenga una visi\u00f3n m\u00e1s profunda y una visualizaci\u00f3n de datos convincente con laboratorios de investigaci\u00f3n de vanguardia. IVP Research Labs, una empresa de Sago, ofrece una selecci\u00f3n de tecnolog\u00edas de investigaci\u00f3n cuantitativa \u00fanicas e innovadoras para mejorar la comprensi\u00f3n emocional.[\/vc_column_text][\/vc_column_inner][\/vc_row_inner][\/vc_column][\/vc_row][vc_row full_width=\u00bbstretch_row\u00bb gap=\u00bb35&#8243; is_section=\u00bbyes\u00bb section_skin=\u00bbsecondary\u00bb remove_margin_top=\u00bbyes\u00bb remove_margin_bottom=\u00bbyes\u00bb remove_padding_top=\u00bbyes\u00bb remove_padding_bottom=\u00bbyes\u00bb remove_border=\u00bbyes\u00bb css=\u00bb.vc_custom_1675964060954{padding-top: 50px !important;padding-bottom: 50px !important;}\u00bb conditional_render=\u00bb%5B%7B%22value_role%22%3A%22administrator%22%7D%5D\u00bb][vc_column][vc_column_text el_class=\u00bbwhite-text\u00bb]<\/p>\n<h2>Cuando sus necesidades de investigaci\u00f3n van m\u00e1s all\u00e1 de los enfoques estrictamente cualitativos, Sago puede ayudarle.<\/h2>\n<p>[\/vc_column_text][vc_row_inner gap=\u00bb35&#8243; animation_type=\u00bbfadeIn\u00bb css=\u00bb.vc_custom_1675964056570{padding-top: 25px !important;}\u00bb][vc_column_inner width=\u00bb1\/2&#8243;][vc_single_image image=\u00bb46749&#8243; img_size=\u00bbfull\u00bb el_class=\u00bbsagoimage\u00bb][vc_column_text el_class=\u00bbwhite-text\u00bb]<\/p>\n<h3>\u200bInvestigaci\u00f3n H\u00edbrida<\/h3>\n<p>Sago se encuentra en una posici\u00f3n \u00fanica para combinar a la perfecci\u00f3n los m\u00e9todos cualitativos tradicionales con una serie de soluciones cualitativas o cuantitativas en l\u00ednea. Integre los m\u00e9todos de investigaci\u00f3n de forma creativa para maximizar el compromiso de los participantes y cumplir plenamente su objetivo.[\/vc_column_text][\/vc_column_inner][vc_column_inner width=\u00bb1\/2&#8243; css=\u00bb.vc_custom_1488318052004{padding-right: 20px !important;padding-left: 20px !important;}\u00bb][vc_single_image image=\u00bb26942&#8243; img_size=\u00bbfull\u00bb el_class=\u00bbsagoimage\u00bb][vc_column_text el_class=\u00bbwhite-text\u00bb]<\/p>\n<h3>Tests de productos<\/h3>\n<p>La optimizaci\u00f3n del producto es fundamental para el \u00e9xito en el mercado. Sago apoya diversos m\u00e9todos de prueba de productos y prototipos, desde ensayos en salas y ubicaciones centrales hasta ensayos en el hogar o in situ utilizando enfoques cualitativos, cuantitativos o h\u00edbridos para adaptarse mejor a su producto y a sus objetivos.[\/vc_column_text][\/vc_column_inner][\/vc_row_inner][\/vc_column][\/vc_row][vc_row][vc_column]<div class=\"porto-block\" data-id=\"51974\"><style>.vc_custom_1676491494506{padding-top: 50px !important;padding-bottom: 50px !important;}.vc_custom_1676239417174{padding-right: 0px !important;padding-left: 0px !important;}.vc_custom_1676239407838{padding-right: 0px !important;}.vc_custom_1675969268171{padding-right: 0px !important;padding-left: 0px !important;}.vc_custom_1675969278597{padding-right: 0px !important;padding-left: 0px !important;}.vc_custom_1676239706215{padding-right: 0px !important;}<\/style>[vc_row full_width=\"stretch_row_content_no_spaces\" equal_height=\"yes\" conditional_render=\"%5B%7B%22value_role%22%3A%22administrator%22%7D%5D\" css=\".vc_custom_1676491494506{padding-top: 50px !important;padding-bottom: 50px !important;}\"][vc_column css=\".vc_custom_1676239417174{padding-right: 0px !important;padding-left: 0px !important;}\" conditional_render=\"%5B%7B%22value_role%22%3A%22administrator%22%7D%5D\"][vc_row_inner equal_height=\"yes\" content_placement=\"middle\" css=\".vc_custom_1676239407838{padding-right: 0px !important;}\"][vc_column_inner width=\"1\/4\" offset=\"vc_col-xs-1\/5\" css=\".vc_custom_1675969268171{padding-right: 0px !important;padding-left: 0px !important;}\"][vc_single_image image=\"51222\" img_size=\"full\"][\/vc_column_inner][vc_column_inner width=\"1\/2\" offset=\"vc_col-xs-3\/5\"][vc_column_text]<\/p>\r\n<h2 style=\"text-align: center;\">Ready to get started?<\/h2>\r\n<p>[\/vc_column_text][vc_btn title=\"Get in touch\" align=\"center\" el_class=\"getintouch\" link=\"url:https%3A%2F%2Fstaging.sago.com%2Fget-in-touch%2F|title:get%20in%20touch\"][\/vc_column_inner][vc_column_inner width=\"1\/4\" offset=\"vc_col-xs-1\/5\" css=\".vc_custom_1675969278597{padding-right: 0px !important;padding-left: 0px !important;}\"][vc_single_image image=\"51226\" img_size=\"full\" alignment=\"right\" css=\".vc_custom_1676239706215{padding-right: 0px !important;}\"][\/vc_column_inner][\/vc_row_inner][\/vc_column][\/vc_row][vc_row][vc_column][vc_column_text]<\/p>\r\n<p><span data-mce-type=\"bookmark\" style=\"display: inline-block; width: 0px; overflow: hidden; line-height: 0;\" class=\"mce_SELRES_start\">\ufeff<\/s[\/vc_column_text][\/vc_column][\/vc_row]<\/div>[\/vc_column][\/vc_row]<\/p>\n<\/div>","protected":false},"excerpt":{"rendered":"<p>[vc_row section_skin=\u00bbquaternary\u00bb animation_type=\u00bbfadeInUp\u00bb css=\u00bb.vc_custom_1676056672014{padding-top: 50px !important;padding-bottom: 50px !important;}\u00bb conditional_render=\u00bb%5B%7B%22value_role%22%3A%22administrator%22%7D%5D\u00bb][vc_column conditional_render=\u00bb%5B%7B%22value_role%22%3A%22administrator%22%7D%5D\u00bb][vc_row_inner equal_height=\u00bbyes\u00bb][vc_column_inner width=\u00bb1\/3&#8243;][vc_column_text el_class=\u00bbsago-green-block\u00bb] Captaci\u00f3n Inteligente Experimente la diferencia con unos participantes dispuestos a interactuar y expresarse con eficacia. Proporcionamos encuestados que se sienten c\u00f3modos con la tecnolog\u00eda y las t\u00e9cnicas utilizadas en su proyecto. [\/vc_column_text][\/vc_column_inner][vc_column_inner width=\u00bb1\/3&#8243;][vc_column_text el_class=\u00bbsago-green-block\u00bb] Excelencia en el Servicio Trabaje con personas apasionadas [&hellip;]<\/p>\n","protected":false},"author":6,"featured_media":56822,"parent":7205,"menu_order":2,"comment_status":"closed","ping_status":"closed","template":"solutions-page.php","meta":{"_acf_changed":false,"content-type":"","footnotes":""},"categories":[],"tags":[],"city":[],"class_list":["post-7155","page","type-page","status-publish","has-post-thumbnail","hentry"],"acf":[],"yoast_head":"<!-- This site is optimized with the Yoast SEO Premium plugin v19.7 (Yoast SEO v27.3) - https:\/\/yoast.com\/product\/yoast-seo-premium-wordpress\/ -->\n<title>Qualitative Solutions | In-Person, Online &amp; In-Field | Sago<\/title>\n<meta name=\"description\" content=\"From the qualitative classics to online and more emotional measures, single or hybrid methods, explore our comprehensive portfolio of qualitative solutions.\" \/>\n<meta name=\"robots\" content=\"noindex, follow, max-snippet:-1, max-image-preview:large, max-video-preview:-1\" \/>\n<meta property=\"og:locale\" content=\"es_ES\" \/>\n<meta property=\"og:type\" content=\"article\" \/>\n<meta property=\"og:title\" content=\"Cualitativo\" \/>\n<meta property=\"og:description\" content=\"From the qualitative classics to online and more emotional measures, single or hybrid methods, explore our comprehensive portfolio of qualitative solutions.\" \/>\n<meta property=\"og:url\" content=\"https:\/\/staging.sago.com\/es\/soluciones\/cualitativo\/\" \/>\n<meta property=\"og:site_name\" content=\"Sago\" \/>\n<meta property=\"article:publisher\" content=\"https:\/\/www.facebook.com\/sagomrx\" \/>\n<meta property=\"article:modified_time\" content=\"2023-03-01T05:59:13+00:00\" \/>\n<meta property=\"og:image\" content=\"https:\/\/staging.sago.com\/wp-content\/uploads\/2023\/02\/qualitative-e1677579631783.jpg\" \/>\n\t<meta property=\"og:image:width\" content=\"1000\" \/>\n\t<meta property=\"og:image:height\" content=\"667\" \/>\n\t<meta property=\"og:image:type\" content=\"image\/jpeg\" \/>\n<meta name=\"twitter:card\" content=\"summary_large_image\" \/>\n<meta name=\"twitter:site\" content=\"@sagomrx\" \/>\n<meta name=\"twitter:label1\" content=\"Tiempo de lectura\" \/>\n\t<meta name=\"twitter:data1\" content=\"3 minutos\" \/>\n<script type=\"application\/ld+json\" class=\"yoast-schema-graph\">{\"@context\":\"https:\\\/\\\/schema.org\",\"@graph\":[{\"@type\":\"WebPage\",\"@id\":\"https:\\\/\\\/staging.sago.com\\\/es\\\/soluciones\\\/cualitativo\\\/\",\"url\":\"https:\\\/\\\/staging.sago.com\\\/es\\\/soluciones\\\/cualitativo\\\/\",\"name\":\"Qualitative Solutions | In-Person, Online & In-Field | Sago\",\"isPartOf\":{\"@id\":\"https:\\\/\\\/staging.sago.com\\\/es\\\/#website\"},\"primaryImageOfPage\":{\"@id\":\"https:\\\/\\\/staging.sago.com\\\/es\\\/soluciones\\\/cualitativo\\\/#primaryimage\"},\"image\":{\"@id\":\"https:\\\/\\\/staging.sago.com\\\/es\\\/soluciones\\\/cualitativo\\\/#primaryimage\"},\"thumbnailUrl\":\"https:\\\/\\\/staging.sago.com\\\/wp-content\\\/uploads\\\/2023\\\/02\\\/qualitative-e1677579631783.jpg\",\"datePublished\":\"2017-01-26T16:05:45+00:00\",\"dateModified\":\"2023-03-01T05:59:13+00:00\",\"description\":\"From the qualitative classics to online and more emotional measures, single or hybrid methods, explore our comprehensive portfolio of qualitative solutions.\",\"breadcrumb\":{\"@id\":\"https:\\\/\\\/staging.sago.com\\\/es\\\/soluciones\\\/cualitativo\\\/#breadcrumb\"},\"inLanguage\":\"es\",\"potentialAction\":[{\"@type\":\"ReadAction\",\"target\":[\"https:\\\/\\\/staging.sago.com\\\/es\\\/soluciones\\\/cualitativo\\\/\"]}]},{\"@type\":\"ImageObject\",\"inLanguage\":\"es\",\"@id\":\"https:\\\/\\\/staging.sago.com\\\/es\\\/soluciones\\\/cualitativo\\\/#primaryimage\",\"url\":\"https:\\\/\\\/staging.sago.com\\\/wp-content\\\/uploads\\\/2023\\\/02\\\/qualitative-e1677579631783.jpg\",\"contentUrl\":\"https:\\\/\\\/staging.sago.com\\\/wp-content\\\/uploads\\\/2023\\\/02\\\/qualitative-e1677579631783.jpg\",\"width\":1000,\"height\":667,\"caption\":\"qualitative\"},{\"@type\":\"BreadcrumbList\",\"@id\":\"https:\\\/\\\/staging.sago.com\\\/es\\\/soluciones\\\/cualitativo\\\/#breadcrumb\",\"itemListElement\":[{\"@type\":\"ListItem\",\"position\":1,\"name\":\"Home\",\"item\":\"https:\\\/\\\/staging.sago.com\\\/es\\\/\"},{\"@type\":\"ListItem\",\"position\":2,\"name\":\"Cualitativo\"}]},{\"@type\":\"WebSite\",\"@id\":\"https:\\\/\\\/staging.sago.com\\\/es\\\/#website\",\"url\":\"https:\\\/\\\/staging.sago.com\\\/es\\\/\",\"name\":\"Sago\",\"description\":\"Adaptable Solutions. Confident Decisions.\",\"publisher\":{\"@id\":\"https:\\\/\\\/staging.sago.com\\\/es\\\/#organization\"},\"potentialAction\":[{\"@type\":\"SearchAction\",\"target\":{\"@type\":\"EntryPoint\",\"urlTemplate\":\"https:\\\/\\\/staging.sago.com\\\/es\\\/?s={search_term_string}\"},\"query-input\":{\"@type\":\"PropertyValueSpecification\",\"valueRequired\":true,\"valueName\":\"search_term_string\"}}],\"inLanguage\":\"es\"},{\"@type\":\"Organization\",\"@id\":\"https:\\\/\\\/staging.sago.com\\\/es\\\/#organization\",\"name\":\"Sago\",\"url\":\"https:\\\/\\\/staging.sago.com\\\/es\\\/\",\"logo\":{\"@type\":\"ImageObject\",\"inLanguage\":\"es\",\"@id\":\"https:\\\/\\\/staging.sago.com\\\/es\\\/#\\\/schema\\\/logo\\\/image\\\/\",\"url\":\"https:\\\/\\\/3c98cd88ae.nxcli.io\\\/wp-content\\\/uploads\\\/2023\\\/02\\\/Sago-Standard-Logo.jpg\",\"contentUrl\":\"https:\\\/\\\/3c98cd88ae.nxcli.io\\\/wp-content\\\/uploads\\\/2023\\\/02\\\/Sago-Standard-Logo.jpg\",\"width\":200,\"height\":200,\"caption\":\"Sago\"},\"image\":{\"@id\":\"https:\\\/\\\/staging.sago.com\\\/es\\\/#\\\/schema\\\/logo\\\/image\\\/\"},\"sameAs\":[\"https:\\\/\\\/www.facebook.com\\\/sagomrx\",\"https:\\\/\\\/x.com\\\/sagomrx\",\"https:\\\/\\\/www.instagram.com\\\/sagomrx\\\/\",\"https:\\\/\\\/www.youtube.com\\\/@sago-mrx\",\"https:\\\/\\\/www.linkedin.com\\\/company\\\/sago-mrx\\\/\",\"https:\\\/\\\/vimeo.com\\\/sagomrx\"]}]}<\/script>\n<!-- \/ Yoast SEO Premium plugin. -->","yoast_head_json":{"title":"Qualitative Solutions | In-Person, Online & In-Field | Sago","description":"From the qualitative classics to online and more emotional measures, single or hybrid methods, explore our comprehensive portfolio of qualitative solutions.","robots":{"index":"noindex","follow":"follow","max-snippet":"max-snippet:-1","max-image-preview":"max-image-preview:large","max-video-preview":"max-video-preview:-1"},"og_locale":"es_ES","og_type":"article","og_title":"Cualitativo","og_description":"From the qualitative classics to online and more emotional measures, single or hybrid methods, explore our comprehensive portfolio of qualitative solutions.","og_url":"https:\/\/staging.sago.com\/es\/soluciones\/cualitativo\/","og_site_name":"Sago","article_publisher":"https:\/\/www.facebook.com\/sagomrx","article_modified_time":"2023-03-01T05:59:13+00:00","og_image":[{"width":1000,"height":667,"url":"https:\/\/staging.sago.com\/wp-content\/uploads\/2023\/02\/qualitative-e1677579631783.jpg","type":"image\/jpeg"}],"twitter_card":"summary_large_image","twitter_site":"@sagomrx","twitter_misc":{"Tiempo de lectura":"3 minutos"},"schema":{"@context":"https:\/\/schema.org","@graph":[{"@type":"WebPage","@id":"https:\/\/staging.sago.com\/es\/soluciones\/cualitativo\/","url":"https:\/\/staging.sago.com\/es\/soluciones\/cualitativo\/","name":"Qualitative Solutions | In-Person, Online & In-Field | Sago","isPartOf":{"@id":"https:\/\/staging.sago.com\/es\/#website"},"primaryImageOfPage":{"@id":"https:\/\/staging.sago.com\/es\/soluciones\/cualitativo\/#primaryimage"},"image":{"@id":"https:\/\/staging.sago.com\/es\/soluciones\/cualitativo\/#primaryimage"},"thumbnailUrl":"https:\/\/staging.sago.com\/wp-content\/uploads\/2023\/02\/qualitative-e1677579631783.jpg","datePublished":"2017-01-26T16:05:45+00:00","dateModified":"2023-03-01T05:59:13+00:00","description":"From the qualitative classics to online and more emotional measures, single or hybrid methods, explore our comprehensive portfolio of qualitative solutions.","breadcrumb":{"@id":"https:\/\/staging.sago.com\/es\/soluciones\/cualitativo\/#breadcrumb"},"inLanguage":"es","potentialAction":[{"@type":"ReadAction","target":["https:\/\/staging.sago.com\/es\/soluciones\/cualitativo\/"]}]},{"@type":"ImageObject","inLanguage":"es","@id":"https:\/\/staging.sago.com\/es\/soluciones\/cualitativo\/#primaryimage","url":"https:\/\/staging.sago.com\/wp-content\/uploads\/2023\/02\/qualitative-e1677579631783.jpg","contentUrl":"https:\/\/staging.sago.com\/wp-content\/uploads\/2023\/02\/qualitative-e1677579631783.jpg","width":1000,"height":667,"caption":"qualitative"},{"@type":"BreadcrumbList","@id":"https:\/\/staging.sago.com\/es\/soluciones\/cualitativo\/#breadcrumb","itemListElement":[{"@type":"ListItem","position":1,"name":"Home","item":"https:\/\/staging.sago.com\/es\/"},{"@type":"ListItem","position":2,"name":"Cualitativo"}]},{"@type":"WebSite","@id":"https:\/\/staging.sago.com\/es\/#website","url":"https:\/\/staging.sago.com\/es\/","name":"Sago","description":"Adaptable Solutions. Confident Decisions.","publisher":{"@id":"https:\/\/staging.sago.com\/es\/#organization"},"potentialAction":[{"@type":"SearchAction","target":{"@type":"EntryPoint","urlTemplate":"https:\/\/staging.sago.com\/es\/?s={search_term_string}"},"query-input":{"@type":"PropertyValueSpecification","valueRequired":true,"valueName":"search_term_string"}}],"inLanguage":"es"},{"@type":"Organization","@id":"https:\/\/staging.sago.com\/es\/#organization","name":"Sago","url":"https:\/\/staging.sago.com\/es\/","logo":{"@type":"ImageObject","inLanguage":"es","@id":"https:\/\/staging.sago.com\/es\/#\/schema\/logo\/image\/","url":"https:\/\/3c98cd88ae.nxcli.io\/wp-content\/uploads\/2023\/02\/Sago-Standard-Logo.jpg","contentUrl":"https:\/\/3c98cd88ae.nxcli.io\/wp-content\/uploads\/2023\/02\/Sago-Standard-Logo.jpg","width":200,"height":200,"caption":"Sago"},"image":{"@id":"https:\/\/staging.sago.com\/es\/#\/schema\/logo\/image\/"},"sameAs":["https:\/\/www.facebook.com\/sagomrx","https:\/\/x.com\/sagomrx","https:\/\/www.instagram.com\/sagomrx\/","https:\/\/www.youtube.com\/@sago-mrx","https:\/\/www.linkedin.com\/company\/sago-mrx\/","https:\/\/vimeo.com\/sagomrx"]}]}},"_links":{"self":[{"href":"https:\/\/staging.sago.com\/es\/wp-json\/wp\/v2\/pages\/7155","targetHints":{"allow":["GET"]}}],"collection":[{"href":"https:\/\/staging.sago.com\/es\/wp-json\/wp\/v2\/pages"}],"about":[{"href":"https:\/\/staging.sago.com\/es\/wp-json\/wp\/v2\/types\/page"}],"author":[{"embeddable":true,"href":"https:\/\/staging.sago.com\/es\/wp-json\/wp\/v2\/users\/6"}],"replies":[{"embeddable":true,"href":"https:\/\/staging.sago.com\/es\/wp-json\/wp\/v2\/comments?post=7155"}],"version-history":[{"count":0,"href":"https:\/\/staging.sago.com\/es\/wp-json\/wp\/v2\/pages\/7155\/revisions"}],"up":[{"embeddable":true,"href":"https:\/\/staging.sago.com\/es\/wp-json\/wp\/v2\/pages\/7205"}],"wp:featuredmedia":[{"embeddable":true,"href":"https:\/\/staging.sago.com\/es\/wp-json\/wp\/v2\/media\/56822"}],"wp:attachment":[{"href":"https:\/\/staging.sago.com\/es\/wp-json\/wp\/v2\/media?parent=7155"}],"wp:term":[{"taxonomy":"category","embeddable":true,"href":"https:\/\/staging.sago.com\/es\/wp-json\/wp\/v2\/categories?post=7155"},{"taxonomy":"post_tag","embeddable":true,"href":"https:\/\/staging.sago.com\/es\/wp-json\/wp\/v2\/tags?post=7155"},{"taxonomy":"city","embeddable":true,"href":"https:\/\/staging.sago.com\/es\/wp-json\/wp\/v2\/city?post=7155"}],"curies":[{"name":"wp","href":"https:\/\/api.w.org\/{rel}","templated":true}]}}