{"id":7149,"date":"2017-01-26T16:08:24","date_gmt":"2017-01-26T16:08:24","guid":{"rendered":"https:\/\/1aa340fc3d.nxcli.io\/\/stagingquantitative\/"},"modified":"2023-02-27T15:22:42","modified_gmt":"2023-02-27T20:22:42","slug":"cuantitativo","status":"publish","type":"page","link":"https:\/\/staging.sago.com\/es\/soluciones\/cuantitativo\/","title":{"rendered":"Cuantitativo"},"content":{"rendered":"<div class=\"wpb-content-wrapper\"><p>[vc_row section_skin=\u00bbquaternary\u00bb animation_type=\u00bbfadeInUp\u00bb css=\u00bb.vc_custom_1676057190290{padding-top: 50px !important;padding-bottom: 50px !important;}\u00bb conditional_render=\u00bb%5B%7B%22value_role%22%3A%22administrator%22%7D%5D\u00bb][vc_column conditional_render=\u00bb%5B%7B%22value_role%22%3A%22administrator%22%7D%5D\u00bb][vc_column_text]<\/p>\n<h2>Experimente c\u00f3mo un socio trabaja con usted en cada fase de su proyecto para cumplir sus objetivos de investigaci\u00f3n, plazos y presupuesto.<\/h2>\n<p>[\/vc_column_text][vc_row_inner equal_height=\u00bbyes\u00bb css=\u00bb.vc_custom_1677368398545{padding-top: 25px !important;}\u00bb][vc_column_inner width=\u00bb1\/3&#8243;][vc_column_text el_class=\u00bbsago-green-block\u00bb]<img  title=\"\" loading=\"lazy\" decoding=\"async\" class=\"iconsarea alignnone wp-image-53199 size-full\" src=\"https:\/\/staging.sago.com\/wp-content\/uploads\/2023\/02\/speed.png\"  alt=\"sago\"  width=\"40\" height=\"40\" \/><\/p>\n<h3 class=\"imp-question\">Insights a la Velocidad que Necesita<\/h3>\n<p class=\"imp-para\">Nuestros experimentados equipos aprovechan las avanzadas funciones de programaci\u00f3n y an\u00e1lisis de datos para ofrecer resultados m\u00e1s r\u00e1pidos y de alta calidad a mayor escala.<\/p>\n<p>[\/vc_column_text][\/vc_column_inner][vc_column_inner width=\u00bb1\/3&#8243;][vc_column_text el_class=\u00bbsago-green-block\u00bb]<\/p>\n<div><img  title=\"\" loading=\"lazy\" decoding=\"async\" class=\"iconsarea alignnone wp-image-53291 size-full\" src=\"https:\/\/staging.sago.com\/wp-content\/uploads\/2023\/02\/optimization-goals.png\"  alt=\"sago\"  width=\"40\" height=\"40\" \/><\/div>\n<h3 class=\"imp-question\">Optimizaci\u00f3n de Encuestas para Alcanzar Sus Objetivos<\/h3>\n<p class=\"imp-para\">Desde la captaci\u00f3n de muestras hasta la elaboraci\u00f3n de informes, aprovechamos nuestra experiencia y nuestras soluciones avanzadas para optimizar su investigaci\u00f3n y obtener resultados fiables.<\/p>\n<p>[\/vc_column_text][\/vc_column_inner][vc_column_inner width=\u00bb1\/3&#8243;][vc_column_text el_class=\u00bbsago-green-block\u00bb]<\/p>\n<div><img  title=\"\" loading=\"lazy\" decoding=\"async\" class=\"iconsarea alignnone wp-image-53215 size-full\" src=\"https:\/\/staging.sago.com\/wp-content\/uploads\/2023\/02\/Audience.png\"  alt=\"sago\"  width=\"40\" height=\"40\" \/><\/div>\n<h3 class=\"imp-question\">Acceso sin precedentes a su p\u00fablico diana<\/h3>\n<p class=\"imp-para\">Nuestros amplios paneles mundiales le ponen en contacto con millones de consumidores, empresas, profesionales sanitarios y pacientes verificados y con perfiles muy detallados.<\/p>\n<p>[\/vc_column_text][\/vc_column_inner][\/vc_row_inner][\/vc_column][\/vc_row][vc_row full_width=\u00bbstretch_row\u00bb gap=\u00bb35&#8243; content_placement=\u00bbmiddle\u00bb text_align=\u00bbleft\u00bb is_section=\u00bbyes\u00bb section_skin=\u00bbsecondary\u00bb remove_margin_top=\u00bbyes\u00bb remove_margin_bottom=\u00bbyes\u00bb remove_padding_bottom=\u00bbyes\u00bb remove_border=\u00bbyes\u00bb bg_type=\u00bbbg_color\u00bb css=\u00bb.vc_custom_1675795239100{padding-top: 50px !important;padding-bottom: 50px !important;}\u00bb conditional_render=\u00bb%5B%7B%22value_role%22%3A%22administrator%22%7D%5D\u00bb][vc_column][vc_column_text]<\/p>\n<h2>Desde el perfeccionamiento de la audiencia hasta el asesoramiento sobre los enfoques de investigaci\u00f3n m\u00e1s adecuados, le ayudamos a obtener informaci\u00f3n de calidad que impulse las decisiones empresariales.<\/h2>\n<p>[\/vc_column_text][vc_row_inner content_placement=\u00bbmiddle\u00bb gap=\u00bb35&#8243; css=\u00bb.vc_custom_1676752126325{padding-top: 25px !important;padding-bottom: 50px !important;}\u00bb][vc_column_inner width=\u00bb1\/2&#8243;][vc_single_image image=\u00bb44380&#8243; img_size=\u00bbfull\u00bb el_class=\u00bbsagoimage\u00bb label=\u00bb\u00bb][\/vc_column_inner][vc_column_inner width=\u00bb1\/2&#8243; css=\u00bb.vc_custom_1676752181812{padding-right: 25px !important;padding-left: 25px !important;}\u00bb][vc_column_text]<\/p>\n<h3>Encuestas en l\u00ednea<\/h3>\n<p>Tanto si necesita una soluci\u00f3n integral como si s\u00f3lo necesita una pieza del rompecabezas de la recopilaci\u00f3n de datos, nuestro equipo de expertos en gesti\u00f3n y optimizaci\u00f3n de encuestas le garantiza que alcanzar\u00e1 los objetivos de su proyecto.[\/vc_column_text][\/vc_column_inner][\/vc_row_inner][vc_row_inner content_placement=\u00bbmiddle\u00bb gap=\u00bb35&#8243; css=\u00bb.vc_custom_1676752088684{padding-top: 50px !important;padding-bottom: 50px !important;}\u00bb][vc_column_inner width=\u00bb1\/2&#8243;][vc_single_image image=\u00bb32422&#8243; img_size=\u00bbfull\u00bb el_class=\u00bbsagoimage\u00bb label=\u00bb\u00bb][\/vc_column_inner][vc_column_inner width=\u00bb1\/2&#8243; css=\u00bb.vc_custom_1676752191338{padding-right: 25px !important;padding-left: 25px !important;}\u00bb][vc_column_text]<\/p>\n<h3>Captaci\u00f3n Cuantitativa como Servicio<\/h3>\n<p>Conc\u00e9ntrese en sus percepciones mientras nuestros expertos construyen su comunidad en l\u00ednea a corto o largo plazo para que pueda acceder f\u00e1cilmente a las personas que necesita para tomar decisiones informadas.[\/vc_column_text][\/vc_column_inner][\/vc_row_inner][vc_row_inner content_placement=\u00bbmiddle\u00bb gap=\u00bb35&#8243; css=\u00bb.vc_custom_1676752088684{padding-top: 50px !important;padding-bottom: 50px !important;}\u00bb][vc_column_inner width=\u00bb1\/2&#8243;][vc_single_image image=\u00bb53606&#8243; img_size=\u00bbfull\u00bb el_class=\u00bbsagoimage\u00bb label=\u00bb\u00bb][\/vc_column_inner][vc_column_inner width=\u00bb1\/2&#8243; css=\u00bb.vc_custom_1676752203443{padding-right: 25px !important;padding-left: 25px !important;}\u00bb][vc_column_text]<\/p>\n<h3>Alerta R\u00e1pida Omnibus<\/h3>\n<p>Obtenga r\u00e1pidamente informaci\u00f3n fiable con nuestros servicios integrales. Obtenga respuestas eficaces a sus preguntas de investigaci\u00f3n cuantitativa con una soluci\u00f3n que se ajusta a su presupuesto.[\/vc_column_text][\/vc_column_inner][\/vc_row_inner][\/vc_column][\/vc_row][vc_row css=\u00bb.vc_custom_1675795248435{padding-top: 50px !important;padding-bottom: 50px !important;}\u00bb conditional_render=\u00bb%5B%7B%22value_role%22%3A%22administrator%22%7D%5D\u00bb][vc_column][vc_row_inner content_placement=\u00bbmiddle\u00bb][vc_column_inner width=\u00bb1\/2&#8243;][vc_single_image image=\u00bb56626&#8243; img_size=\u00bbfull\u00bb label=\u00bb\u00bb][\/vc_column_inner][vc_column_inner width=\u00bb1\/2&#8243;][vc_column_text]<\/p>\n<h2>\u00bfBusca un m\u00e9todo de autoservicio para la investigaci\u00f3n cuantitativa? <span style=\"color: #6bc073;\">Tambi\u00e9n lo tenemos.<\/span><\/h2>\n<p>[\/vc_column_text][vc_column_text]<\/p>\n<h3>Methodify\u200b<\/h3>\n<p>Empodere a los usuarios, reduzca el atasco de informaci\u00f3n y consiga una selecci\u00f3n avanzada de audiencias con Methodify, un motor de investigaci\u00f3n cuantitativa automatizado. Obtenga resultados m\u00e1s r\u00e1pidos, sencillos e inteligentes, todo en un solo lugar.[\/vc_column_text][\/vc_column_inner][\/vc_row_inner][\/vc_column][\/vc_row][vc_row][vc_column]<div class=\"porto-block\" data-id=\"51974\"><style>.vc_custom_1676491494506{padding-top: 50px !important;padding-bottom: 50px !important;}.vc_custom_1676239417174{padding-right: 0px !important;padding-left: 0px !important;}.vc_custom_1676239407838{padding-right: 0px !important;}.vc_custom_1675969268171{padding-right: 0px !important;padding-left: 0px !important;}.vc_custom_1675969278597{padding-right: 0px !important;padding-left: 0px !important;}.vc_custom_1676239706215{padding-right: 0px !important;}<\/style>[vc_row full_width=\"stretch_row_content_no_spaces\" equal_height=\"yes\" conditional_render=\"%5B%7B%22value_role%22%3A%22administrator%22%7D%5D\" css=\".vc_custom_1676491494506{padding-top: 50px !important;padding-bottom: 50px !important;}\"][vc_column css=\".vc_custom_1676239417174{padding-right: 0px !important;padding-left: 0px !important;}\" conditional_render=\"%5B%7B%22value_role%22%3A%22administrator%22%7D%5D\"][vc_row_inner equal_height=\"yes\" content_placement=\"middle\" css=\".vc_custom_1676239407838{padding-right: 0px !important;}\"][vc_column_inner width=\"1\/4\" offset=\"vc_col-xs-1\/5\" css=\".vc_custom_1675969268171{padding-right: 0px !important;padding-left: 0px !important;}\"][vc_single_image image=\"51222\" img_size=\"full\"][\/vc_column_inner][vc_column_inner width=\"1\/2\" offset=\"vc_col-xs-3\/5\"][vc_column_text]<\/p>\r\n<h2 style=\"text-align: center;\">Ready to get started?<\/h2>\r\n<p>[\/vc_column_text][vc_btn title=\"Get in touch\" align=\"center\" el_class=\"getintouch\" link=\"url:https%3A%2F%2Fstaging.sago.com%2Fget-in-touch%2F|title:get%20in%20touch\"][\/vc_column_inner][vc_column_inner width=\"1\/4\" offset=\"vc_col-xs-1\/5\" css=\".vc_custom_1675969278597{padding-right: 0px !important;padding-left: 0px !important;}\"][vc_single_image image=\"51226\" img_size=\"full\" alignment=\"right\" css=\".vc_custom_1676239706215{padding-right: 0px !important;}\"][\/vc_column_inner][\/vc_row_inner][\/vc_column][\/vc_row][vc_row][vc_column][vc_column_text]<\/p>\r\n<p><span data-mce-type=\"bookmark\" style=\"display: inline-block; width: 0px; overflow: hidden; line-height: 0;\" class=\"mce_SELRES_start\">\ufeff<\/s[\/vc_column_text][\/vc_column][\/vc_row]<\/div>[\/vc_column][\/vc_row]<\/p>\n<\/div>","protected":false},"excerpt":{"rendered":"<p>[vc_row section_skin=\u00bbquaternary\u00bb animation_type=\u00bbfadeInUp\u00bb css=\u00bb.vc_custom_1676057190290{padding-top: 50px !important;padding-bottom: 50px !important;}\u00bb conditional_render=\u00bb%5B%7B%22value_role%22%3A%22administrator%22%7D%5D\u00bb][vc_column conditional_render=\u00bb%5B%7B%22value_role%22%3A%22administrator%22%7D%5D\u00bb][vc_column_text] Experimente c\u00f3mo un socio trabaja con usted en cada fase de su proyecto para cumplir sus objetivos de investigaci\u00f3n, plazos y presupuesto. [\/vc_column_text][vc_row_inner equal_height=\u00bbyes\u00bb css=\u00bb.vc_custom_1677368398545{padding-top: 25px !important;}\u00bb][vc_column_inner width=\u00bb1\/3&#8243;][vc_column_text el_class=\u00bbsago-green-block\u00bb] Insights a la Velocidad que Necesita Nuestros experimentados equipos aprovechan las avanzadas funciones de programaci\u00f3n y [&hellip;]<\/p>\n","protected":false},"author":6,"featured_media":49807,"parent":7205,"menu_order":3,"comment_status":"closed","ping_status":"closed","template":"solutions-page.php","meta":{"_acf_changed":false,"content-type":"","footnotes":""},"categories":[],"tags":[],"city":[],"class_list":["post-7149","page","type-page","status-publish","has-post-thumbnail","hentry"],"acf":[],"yoast_head":"<!-- This site is optimized with the Yoast SEO Premium plugin v19.7 (Yoast SEO v27.3) - https:\/\/yoast.com\/product\/yoast-seo-premium-wordpress\/ -->\n<title>Sago Quantitative Solutions | Online Surveys &amp; Quant Sample<\/title>\n<meta name=\"description\" content=\"Powering understanding, confidence, and bolder decisions through technology-led quantitative services.\" \/>\n<meta name=\"robots\" content=\"noindex, follow, max-snippet:-1, max-image-preview:large, max-video-preview:-1\" \/>\n<meta property=\"og:locale\" content=\"es_ES\" \/>\n<meta property=\"og:type\" content=\"article\" \/>\n<meta property=\"og:title\" content=\"Cuantitativo\" \/>\n<meta property=\"og:description\" content=\"Powering understanding, confidence, and bolder decisions through technology-led quantitative services.\" \/>\n<meta property=\"og:url\" content=\"https:\/\/staging.sago.com\/es\/soluciones\/cuantitativo\/\" \/>\n<meta property=\"og:site_name\" content=\"Sago\" \/>\n<meta property=\"article:publisher\" content=\"https:\/\/www.facebook.com\/sagomrx\" \/>\n<meta property=\"article:modified_time\" content=\"2023-02-27T20:22:42+00:00\" \/>\n<meta property=\"og:image\" content=\"https:\/\/staging.sago.com\/wp-content\/uploads\/2023\/01\/Ins-and-Outs-of-Omnibus-Survey-e1676751039295.jpg\" \/>\n\t<meta property=\"og:image:width\" content=\"800\" \/>\n\t<meta property=\"og:image:height\" content=\"532\" \/>\n\t<meta property=\"og:image:type\" content=\"image\/jpeg\" \/>\n<meta name=\"twitter:card\" content=\"summary_large_image\" \/>\n<meta name=\"twitter:site\" content=\"@sagomrx\" \/>\n<meta name=\"twitter:label1\" content=\"Tiempo de lectura\" \/>\n\t<meta name=\"twitter:data1\" content=\"3 minutos\" \/>\n<script type=\"application\/ld+json\" class=\"yoast-schema-graph\">{\"@context\":\"https:\\\/\\\/schema.org\",\"@graph\":[{\"@type\":\"WebPage\",\"@id\":\"https:\\\/\\\/staging.sago.com\\\/es\\\/soluciones\\\/cuantitativo\\\/\",\"url\":\"https:\\\/\\\/staging.sago.com\\\/es\\\/soluciones\\\/cuantitativo\\\/\",\"name\":\"Sago Quantitative Solutions | Online Surveys & Quant Sample\",\"isPartOf\":{\"@id\":\"https:\\\/\\\/staging.sago.com\\\/es\\\/#website\"},\"primaryImageOfPage\":{\"@id\":\"https:\\\/\\\/staging.sago.com\\\/es\\\/soluciones\\\/cuantitativo\\\/#primaryimage\"},\"image\":{\"@id\":\"https:\\\/\\\/staging.sago.com\\\/es\\\/soluciones\\\/cuantitativo\\\/#primaryimage\"},\"thumbnailUrl\":\"https:\\\/\\\/staging.sago.com\\\/wp-content\\\/uploads\\\/2023\\\/01\\\/Ins-and-Outs-of-Omnibus-Survey-e1676751039295.jpg\",\"datePublished\":\"2017-01-26T16:08:24+00:00\",\"dateModified\":\"2023-02-27T20:22:42+00:00\",\"description\":\"Powering understanding, confidence, and bolder decisions through technology-led quantitative services.\",\"breadcrumb\":{\"@id\":\"https:\\\/\\\/staging.sago.com\\\/es\\\/soluciones\\\/cuantitativo\\\/#breadcrumb\"},\"inLanguage\":\"es\",\"potentialAction\":[{\"@type\":\"ReadAction\",\"target\":[\"https:\\\/\\\/staging.sago.com\\\/es\\\/soluciones\\\/cuantitativo\\\/\"]}]},{\"@type\":\"ImageObject\",\"inLanguage\":\"es\",\"@id\":\"https:\\\/\\\/staging.sago.com\\\/es\\\/soluciones\\\/cuantitativo\\\/#primaryimage\",\"url\":\"https:\\\/\\\/staging.sago.com\\\/wp-content\\\/uploads\\\/2023\\\/01\\\/Ins-and-Outs-of-Omnibus-Survey-e1676751039295.jpg\",\"contentUrl\":\"https:\\\/\\\/staging.sago.com\\\/wp-content\\\/uploads\\\/2023\\\/01\\\/Ins-and-Outs-of-Omnibus-Survey-e1676751039295.jpg\",\"width\":800,\"height\":532},{\"@type\":\"BreadcrumbList\",\"@id\":\"https:\\\/\\\/staging.sago.com\\\/es\\\/soluciones\\\/cuantitativo\\\/#breadcrumb\",\"itemListElement\":[{\"@type\":\"ListItem\",\"position\":1,\"name\":\"Home\",\"item\":\"https:\\\/\\\/staging.sago.com\\\/es\\\/\"},{\"@type\":\"ListItem\",\"position\":2,\"name\":\"Cuantitativo\"}]},{\"@type\":\"WebSite\",\"@id\":\"https:\\\/\\\/staging.sago.com\\\/es\\\/#website\",\"url\":\"https:\\\/\\\/staging.sago.com\\\/es\\\/\",\"name\":\"Sago\",\"description\":\"Adaptable Solutions. Confident Decisions.\",\"publisher\":{\"@id\":\"https:\\\/\\\/staging.sago.com\\\/es\\\/#organization\"},\"potentialAction\":[{\"@type\":\"SearchAction\",\"target\":{\"@type\":\"EntryPoint\",\"urlTemplate\":\"https:\\\/\\\/staging.sago.com\\\/es\\\/?s={search_term_string}\"},\"query-input\":{\"@type\":\"PropertyValueSpecification\",\"valueRequired\":true,\"valueName\":\"search_term_string\"}}],\"inLanguage\":\"es\"},{\"@type\":\"Organization\",\"@id\":\"https:\\\/\\\/staging.sago.com\\\/es\\\/#organization\",\"name\":\"Sago\",\"url\":\"https:\\\/\\\/staging.sago.com\\\/es\\\/\",\"logo\":{\"@type\":\"ImageObject\",\"inLanguage\":\"es\",\"@id\":\"https:\\\/\\\/staging.sago.com\\\/es\\\/#\\\/schema\\\/logo\\\/image\\\/\",\"url\":\"https:\\\/\\\/3c98cd88ae.nxcli.io\\\/wp-content\\\/uploads\\\/2023\\\/02\\\/Sago-Standard-Logo.jpg\",\"contentUrl\":\"https:\\\/\\\/3c98cd88ae.nxcli.io\\\/wp-content\\\/uploads\\\/2023\\\/02\\\/Sago-Standard-Logo.jpg\",\"width\":200,\"height\":200,\"caption\":\"Sago\"},\"image\":{\"@id\":\"https:\\\/\\\/staging.sago.com\\\/es\\\/#\\\/schema\\\/logo\\\/image\\\/\"},\"sameAs\":[\"https:\\\/\\\/www.facebook.com\\\/sagomrx\",\"https:\\\/\\\/x.com\\\/sagomrx\",\"https:\\\/\\\/www.instagram.com\\\/sagomrx\\\/\",\"https:\\\/\\\/www.youtube.com\\\/@sago-mrx\",\"https:\\\/\\\/www.linkedin.com\\\/company\\\/sago-mrx\\\/\",\"https:\\\/\\\/vimeo.com\\\/sagomrx\"]}]}<\/script>\n<!-- \/ Yoast SEO Premium plugin. -->","yoast_head_json":{"title":"Sago Quantitative Solutions | Online Surveys & Quant Sample","description":"Powering understanding, confidence, and bolder decisions through technology-led quantitative services.","robots":{"index":"noindex","follow":"follow","max-snippet":"max-snippet:-1","max-image-preview":"max-image-preview:large","max-video-preview":"max-video-preview:-1"},"og_locale":"es_ES","og_type":"article","og_title":"Cuantitativo","og_description":"Powering understanding, confidence, and bolder decisions through technology-led quantitative services.","og_url":"https:\/\/staging.sago.com\/es\/soluciones\/cuantitativo\/","og_site_name":"Sago","article_publisher":"https:\/\/www.facebook.com\/sagomrx","article_modified_time":"2023-02-27T20:22:42+00:00","og_image":[{"width":800,"height":532,"url":"https:\/\/staging.sago.com\/wp-content\/uploads\/2023\/01\/Ins-and-Outs-of-Omnibus-Survey-e1676751039295.jpg","type":"image\/jpeg"}],"twitter_card":"summary_large_image","twitter_site":"@sagomrx","twitter_misc":{"Tiempo de lectura":"3 minutos"},"schema":{"@context":"https:\/\/schema.org","@graph":[{"@type":"WebPage","@id":"https:\/\/staging.sago.com\/es\/soluciones\/cuantitativo\/","url":"https:\/\/staging.sago.com\/es\/soluciones\/cuantitativo\/","name":"Sago Quantitative Solutions | Online Surveys & Quant Sample","isPartOf":{"@id":"https:\/\/staging.sago.com\/es\/#website"},"primaryImageOfPage":{"@id":"https:\/\/staging.sago.com\/es\/soluciones\/cuantitativo\/#primaryimage"},"image":{"@id":"https:\/\/staging.sago.com\/es\/soluciones\/cuantitativo\/#primaryimage"},"thumbnailUrl":"https:\/\/staging.sago.com\/wp-content\/uploads\/2023\/01\/Ins-and-Outs-of-Omnibus-Survey-e1676751039295.jpg","datePublished":"2017-01-26T16:08:24+00:00","dateModified":"2023-02-27T20:22:42+00:00","description":"Powering understanding, confidence, and bolder decisions through technology-led quantitative services.","breadcrumb":{"@id":"https:\/\/staging.sago.com\/es\/soluciones\/cuantitativo\/#breadcrumb"},"inLanguage":"es","potentialAction":[{"@type":"ReadAction","target":["https:\/\/staging.sago.com\/es\/soluciones\/cuantitativo\/"]}]},{"@type":"ImageObject","inLanguage":"es","@id":"https:\/\/staging.sago.com\/es\/soluciones\/cuantitativo\/#primaryimage","url":"https:\/\/staging.sago.com\/wp-content\/uploads\/2023\/01\/Ins-and-Outs-of-Omnibus-Survey-e1676751039295.jpg","contentUrl":"https:\/\/staging.sago.com\/wp-content\/uploads\/2023\/01\/Ins-and-Outs-of-Omnibus-Survey-e1676751039295.jpg","width":800,"height":532},{"@type":"BreadcrumbList","@id":"https:\/\/staging.sago.com\/es\/soluciones\/cuantitativo\/#breadcrumb","itemListElement":[{"@type":"ListItem","position":1,"name":"Home","item":"https:\/\/staging.sago.com\/es\/"},{"@type":"ListItem","position":2,"name":"Cuantitativo"}]},{"@type":"WebSite","@id":"https:\/\/staging.sago.com\/es\/#website","url":"https:\/\/staging.sago.com\/es\/","name":"Sago","description":"Adaptable Solutions. Confident Decisions.","publisher":{"@id":"https:\/\/staging.sago.com\/es\/#organization"},"potentialAction":[{"@type":"SearchAction","target":{"@type":"EntryPoint","urlTemplate":"https:\/\/staging.sago.com\/es\/?s={search_term_string}"},"query-input":{"@type":"PropertyValueSpecification","valueRequired":true,"valueName":"search_term_string"}}],"inLanguage":"es"},{"@type":"Organization","@id":"https:\/\/staging.sago.com\/es\/#organization","name":"Sago","url":"https:\/\/staging.sago.com\/es\/","logo":{"@type":"ImageObject","inLanguage":"es","@id":"https:\/\/staging.sago.com\/es\/#\/schema\/logo\/image\/","url":"https:\/\/3c98cd88ae.nxcli.io\/wp-content\/uploads\/2023\/02\/Sago-Standard-Logo.jpg","contentUrl":"https:\/\/3c98cd88ae.nxcli.io\/wp-content\/uploads\/2023\/02\/Sago-Standard-Logo.jpg","width":200,"height":200,"caption":"Sago"},"image":{"@id":"https:\/\/staging.sago.com\/es\/#\/schema\/logo\/image\/"},"sameAs":["https:\/\/www.facebook.com\/sagomrx","https:\/\/x.com\/sagomrx","https:\/\/www.instagram.com\/sagomrx\/","https:\/\/www.youtube.com\/@sago-mrx","https:\/\/www.linkedin.com\/company\/sago-mrx\/","https:\/\/vimeo.com\/sagomrx"]}]}},"_links":{"self":[{"href":"https:\/\/staging.sago.com\/es\/wp-json\/wp\/v2\/pages\/7149","targetHints":{"allow":["GET"]}}],"collection":[{"href":"https:\/\/staging.sago.com\/es\/wp-json\/wp\/v2\/pages"}],"about":[{"href":"https:\/\/staging.sago.com\/es\/wp-json\/wp\/v2\/types\/page"}],"author":[{"embeddable":true,"href":"https:\/\/staging.sago.com\/es\/wp-json\/wp\/v2\/users\/6"}],"replies":[{"embeddable":true,"href":"https:\/\/staging.sago.com\/es\/wp-json\/wp\/v2\/comments?post=7149"}],"version-history":[{"count":0,"href":"https:\/\/staging.sago.com\/es\/wp-json\/wp\/v2\/pages\/7149\/revisions"}],"up":[{"embeddable":true,"href":"https:\/\/staging.sago.com\/es\/wp-json\/wp\/v2\/pages\/7205"}],"wp:featuredmedia":[{"embeddable":true,"href":"https:\/\/staging.sago.com\/es\/wp-json\/wp\/v2\/media\/49807"}],"wp:attachment":[{"href":"https:\/\/staging.sago.com\/es\/wp-json\/wp\/v2\/media?parent=7149"}],"wp:term":[{"taxonomy":"category","embeddable":true,"href":"https:\/\/staging.sago.com\/es\/wp-json\/wp\/v2\/categories?post=7149"},{"taxonomy":"post_tag","embeddable":true,"href":"https:\/\/staging.sago.com\/es\/wp-json\/wp\/v2\/tags?post=7149"},{"taxonomy":"city","embeddable":true,"href":"https:\/\/staging.sago.com\/es\/wp-json\/wp\/v2\/city?post=7149"}],"curies":[{"name":"wp","href":"https:\/\/api.w.org\/{rel}","templated":true}]}}