{"id":56114,"date":"2023-01-31T12:34:39","date_gmt":"2023-01-31T17:34:39","guid":{"rendered":"https:\/\/3c98cd88ae.nxcli.io\/solutions\/platforms\/"},"modified":"2024-03-05T10:14:46","modified_gmt":"2024-03-05T15:14:46","slug":"plataformas","status":"publish","type":"page","link":"https:\/\/staging.sago.com\/es\/soluciones\/plataformas\/","title":{"rendered":"Plataformas"},"content":{"rendered":"<div class=\"wpb-content-wrapper\"><p>[vc_row css=\u00bb.vc_custom_1676890165986{padding-top: 50px !important;padding-bottom: 50px !important;}\u00bb conditional_render=\u00bb%5B%7B%22value_role%22%3A%22administrator%22%7D%5D\u00bb][vc_column][vc_column_text]<\/p>\n<h2>\u00bfC\u00f3mo podemos ayudarle a recopilar sus datos?<\/h2>\n<p>[\/vc_column_text][vc_row_inner gap=\u00bb35&#8243; css=\u00bb.vc_custom_1677442618441{padding-top: 25px !important;}\u00bb el_class=\u00bblogoimages\u00bb][vc_column_inner width=\u00bb1\/3&#8243;][vc_single_image image=\u00bb52069&#8243; img_size=\u00bbfull\u00bb][vc_column_text]<strong>\u200bInvestigaci\u00f3n Automatizada<\/strong><\/p>\n<p>Empodere a los usuarios, reduzca el atasco de informaci\u00f3n y consiga una selecci\u00f3n avanzada de audiencias con Methodify, un motor de investigaci\u00f3n cuantitativa automatizado. Obtenga resultados m\u00e1s r\u00e1pidos, sencillos e inteligentes en un solo lugar.[\/vc_column_text][\/vc_column_inner][vc_column_inner width=\u00bb1\/3&#8243;][vc_single_image image=\u00bb52074&#8243; img_size=\u00bbfull\u00bb][vc_column_text]<strong>Conversaciones Digitales\u00a0<\/strong><\/p>\n<p>Lleve a cabo su investigaci\u00f3n cualitativa digital de la forma m\u00e1s inteligente. Nuestra plataforma de investigaci\u00f3n empresarial se cre\u00f3 para captar informaci\u00f3n rica y \u00e1gil, y es compatible con todo tipo de proyectos, desde conversaciones sencillas llevadas a cabo por usted mismo hasta complejos proyectos globales.[\/vc_column_text][\/vc_column_inner][vc_column_inner width=\u00bb1\/3&#8243;][vc_single_image image=\u00bb52078&#8243; img_size=\u00bbfull\u00bb][vc_column_text]<strong>\u200bEntrevistas con webcam\u00a0<\/strong><\/p>\n<p>Lleve a cabo interacciones cualitativas excepcionales a trav\u00e9s de c\u00e1maras web con una plataforma con v\u00eddeo que combina la inmediatez y las se\u00f1ales visuales de la investigaci\u00f3n en persona con el ahorro de tiempo y de costes de la investigaci\u00f3n digital.[\/vc_column_text][\/vc_column_inner][vc_column_inner el_class=\u00bbdisnone\u00bb width=\u00bb1\/3&#8243;][vc_single_image image=\u00bb52070&#8243; img_size=\u00bbfull\u00bb][vc_column_text]<strong>\u200bEtnograf\u00eda m\u00f3vil\u00a0<\/strong><\/p>\n<p>Esta revolucionaria plataforma le pone en los bolsillos de consumidores de todo el mundo. Obtenga informaci\u00f3n muy valiosa, desde diarios en v\u00eddeo hasta pruebas de productos en el mundo real.[\/vc_column_text][\/vc_column_inner][\/vc_row_inner][\/vc_column][\/vc_row][vc_row][vc_column]<div class=\"porto-block\" data-id=\"56312\"><style>.vc_custom_1676485761953{padding-top: 50px !important;padding-bottom: 50px !important;}.vc_custom_1676239417174{padding-right: 0px !important;padding-left: 0px !important;}.vc_custom_1676239407838{padding-right: 0px !important;}.vc_custom_1675969268171{padding-right: 0px !important;padding-left: 0px !important;}.vc_custom_1675969278597{padding-right: 0px !important;padding-left: 0px !important;}.vc_custom_1676239706215{padding-right: 0px !important;}<\/style>[vc_row full_width=\"stretch_row_content_no_spaces\" equal_height=\"yes\" conditional_render=\"%5B%7B%22value_role%22%3A%22administrator%22%7D%5D\" css=\".vc_custom_1676485761953{padding-top: 50px !important;padding-bottom: 50px !important;}\"][vc_column css=\".vc_custom_1676239417174{padding-right: 0px !important;padding-left: 0px !important;}\" conditional_render=\"%5B%7B%22value_role%22%3A%22administrator%22%7D%5D\"][vc_row_inner equal_height=\"yes\" content_placement=\"middle\" css=\".vc_custom_1676239407838{padding-right: 0px !important;}\"][vc_column_inner width=\"1\/4\" offset=\"vc_col-xs-1\/5\" css=\".vc_custom_1675969268171{padding-right: 0px !important;padding-left: 0px !important;}\"][vc_single_image image=\"51222\" img_size=\"full\"][\/vc_column_inner][vc_column_inner width=\"1\/2\" offset=\"vc_col-xs-3\/5\"][vc_column_text]<\/p>\r\n<h2 style=\"text-align: center;\">\u00bfC\u00f3mo podemos ayudarlo a usted y a sus necesidades de investigaci\u00f3n?<\/h2>\r\n<p>[\/vc_column_text][vc_btn title=\"Get in touch\" align=\"center\" el_class=\"getintouch\" link=\"url:https%3A%2F%2Fstaging.sago.com%2Fes%2Fget-in-touch%2F|title:P%C3%B3ngase%20en%20contacto\"][\/vc_column_inner][vc_column_inner width=\"1\/4\" offset=\"vc_col-xs-1\/5\" css=\".vc_custom_1675969278597{padding-right: 0px !important;padding-left: 0px !important;}\"][vc_single_image image=\"51226\" img_size=\"full\" alignment=\"right\" css=\".vc_custom_1676239706215{padding-right: 0px !important;}\"][\/vc_column_inner][\/vc_row_inner][\/vc_column][\/vc_row]<\/div>[\/vc_column][\/vc_row]<\/p>\n<\/div>","protected":false},"excerpt":{"rendered":"<p>[vc_row css=\u00bb.vc_custom_1676890165986{padding-top: 50px !important;padding-bottom: 50px !important;}\u00bb conditional_render=\u00bb%5B%7B%22value_role%22%3A%22administrator%22%7D%5D\u00bb][vc_column][vc_column_text] \u00bfC\u00f3mo podemos ayudarle a recopilar sus datos? [\/vc_column_text][vc_row_inner gap=\u00bb35&#8243; css=\u00bb.vc_custom_1677442618441{padding-top: 25px !important;}\u00bb el_class=\u00bblogoimages\u00bb][vc_column_inner width=\u00bb1\/3&#8243;][vc_single_image image=\u00bb52069&#8243; img_size=\u00bbfull\u00bb][vc_column_text]\u200bInvestigaci\u00f3n Automatizada Empodere a los usuarios, reduzca el atasco de informaci\u00f3n y consiga una selecci\u00f3n avanzada de audiencias con Methodify, un motor de investigaci\u00f3n cuantitativa automatizado. Obtenga resultados m\u00e1s r\u00e1pidos, sencillos e inteligentes [&hellip;]<\/p>\n","protected":false},"author":24,"featured_media":51930,"parent":7205,"menu_order":0,"comment_status":"closed","ping_status":"closed","template":"solutions-page.php","meta":{"_acf_changed":false,"content-type":"","footnotes":""},"categories":[],"tags":[],"city":[],"class_list":["post-56114","page","type-page","status-publish","has-post-thumbnail","hentry"],"acf":[],"yoast_head":"<!-- This site is optimized with the Yoast SEO Premium plugin v19.7 (Yoast SEO v27.3) - https:\/\/yoast.com\/product\/yoast-seo-premium-wordpress\/ -->\n<title>Tecnolog\u00eda innovadora de investigaci\u00f3n de mercados | Sago<\/title>\n<meta name=\"description\" content=\"Soluciones Tecnol\u00f3gicas Innovadoras que Le Ponen al Volante\" \/>\n<meta name=\"robots\" content=\"noindex, follow, max-snippet:-1, max-image-preview:large, max-video-preview:-1\" \/>\n<meta property=\"og:locale\" content=\"es_ES\" \/>\n<meta property=\"og:type\" content=\"article\" \/>\n<meta property=\"og:title\" content=\"Plataformas\" \/>\n<meta property=\"og:description\" content=\"Soluciones Tecnol\u00f3gicas Innovadoras que Le Ponen al Volante\" \/>\n<meta property=\"og:url\" content=\"https:\/\/staging.sago.com\/es\/soluciones\/plataformas\/\" \/>\n<meta property=\"og:site_name\" content=\"Sago\" \/>\n<meta property=\"article:publisher\" content=\"https:\/\/www.facebook.com\/sagomrx\" \/>\n<meta property=\"article:modified_time\" content=\"2024-03-05T15:14:46+00:00\" \/>\n<meta property=\"og:image\" content=\"https:\/\/staging.sago.com\/wp-content\/uploads\/2023\/02\/Woman-Smiling-Laptop.jpg\" \/>\n\t<meta property=\"og:image:width\" content=\"1280\" \/>\n\t<meta property=\"og:image:height\" content=\"854\" \/>\n\t<meta property=\"og:image:type\" content=\"image\/jpeg\" \/>\n<meta name=\"twitter:card\" content=\"summary_large_image\" \/>\n<meta name=\"twitter:site\" content=\"@sagomrx\" \/>\n<meta name=\"twitter:label1\" content=\"Tiempo de lectura\" \/>\n\t<meta name=\"twitter:data1\" content=\"2 minutos\" \/>\n<script type=\"application\/ld+json\" class=\"yoast-schema-graph\">{\"@context\":\"https:\\\/\\\/schema.org\",\"@graph\":[{\"@type\":\"WebPage\",\"@id\":\"https:\\\/\\\/staging.sago.com\\\/es\\\/soluciones\\\/plataformas\\\/\",\"url\":\"https:\\\/\\\/staging.sago.com\\\/es\\\/soluciones\\\/plataformas\\\/\",\"name\":\"Tecnolog\u00eda innovadora de investigaci\u00f3n de mercados | Sago\",\"isPartOf\":{\"@id\":\"https:\\\/\\\/staging.sago.com\\\/es\\\/#website\"},\"primaryImageOfPage\":{\"@id\":\"https:\\\/\\\/staging.sago.com\\\/es\\\/soluciones\\\/plataformas\\\/#primaryimage\"},\"image\":{\"@id\":\"https:\\\/\\\/staging.sago.com\\\/es\\\/soluciones\\\/plataformas\\\/#primaryimage\"},\"thumbnailUrl\":\"https:\\\/\\\/staging.sago.com\\\/wp-content\\\/uploads\\\/2023\\\/02\\\/Woman-Smiling-Laptop.jpg\",\"datePublished\":\"2023-01-31T17:34:39+00:00\",\"dateModified\":\"2024-03-05T15:14:46+00:00\",\"description\":\"Soluciones Tecnol\u00f3gicas Innovadoras que Le Ponen al Volante\",\"breadcrumb\":{\"@id\":\"https:\\\/\\\/staging.sago.com\\\/es\\\/soluciones\\\/plataformas\\\/#breadcrumb\"},\"inLanguage\":\"es\",\"potentialAction\":[{\"@type\":\"ReadAction\",\"target\":[\"https:\\\/\\\/staging.sago.com\\\/es\\\/soluciones\\\/plataformas\\\/\"]}]},{\"@type\":\"ImageObject\",\"inLanguage\":\"es\",\"@id\":\"https:\\\/\\\/staging.sago.com\\\/es\\\/soluciones\\\/plataformas\\\/#primaryimage\",\"url\":\"https:\\\/\\\/staging.sago.com\\\/wp-content\\\/uploads\\\/2023\\\/02\\\/Woman-Smiling-Laptop.jpg\",\"contentUrl\":\"https:\\\/\\\/staging.sago.com\\\/wp-content\\\/uploads\\\/2023\\\/02\\\/Woman-Smiling-Laptop.jpg\",\"width\":1280,\"height\":854,\"caption\":\"research platforms\"},{\"@type\":\"BreadcrumbList\",\"@id\":\"https:\\\/\\\/staging.sago.com\\\/es\\\/soluciones\\\/plataformas\\\/#breadcrumb\",\"itemListElement\":[{\"@type\":\"ListItem\",\"position\":1,\"name\":\"Home\",\"item\":\"https:\\\/\\\/staging.sago.com\\\/es\\\/\"},{\"@type\":\"ListItem\",\"position\":2,\"name\":\"Plataformas\"}]},{\"@type\":\"WebSite\",\"@id\":\"https:\\\/\\\/staging.sago.com\\\/es\\\/#website\",\"url\":\"https:\\\/\\\/staging.sago.com\\\/es\\\/\",\"name\":\"Sago\",\"description\":\"Adaptable Solutions. Confident Decisions.\",\"publisher\":{\"@id\":\"https:\\\/\\\/staging.sago.com\\\/es\\\/#organization\"},\"potentialAction\":[{\"@type\":\"SearchAction\",\"target\":{\"@type\":\"EntryPoint\",\"urlTemplate\":\"https:\\\/\\\/staging.sago.com\\\/es\\\/?s={search_term_string}\"},\"query-input\":{\"@type\":\"PropertyValueSpecification\",\"valueRequired\":true,\"valueName\":\"search_term_string\"}}],\"inLanguage\":\"es\"},{\"@type\":\"Organization\",\"@id\":\"https:\\\/\\\/staging.sago.com\\\/es\\\/#organization\",\"name\":\"Sago\",\"url\":\"https:\\\/\\\/staging.sago.com\\\/es\\\/\",\"logo\":{\"@type\":\"ImageObject\",\"inLanguage\":\"es\",\"@id\":\"https:\\\/\\\/staging.sago.com\\\/es\\\/#\\\/schema\\\/logo\\\/image\\\/\",\"url\":\"https:\\\/\\\/3c98cd88ae.nxcli.io\\\/wp-content\\\/uploads\\\/2023\\\/02\\\/Sago-Standard-Logo.jpg\",\"contentUrl\":\"https:\\\/\\\/3c98cd88ae.nxcli.io\\\/wp-content\\\/uploads\\\/2023\\\/02\\\/Sago-Standard-Logo.jpg\",\"width\":200,\"height\":200,\"caption\":\"Sago\"},\"image\":{\"@id\":\"https:\\\/\\\/staging.sago.com\\\/es\\\/#\\\/schema\\\/logo\\\/image\\\/\"},\"sameAs\":[\"https:\\\/\\\/www.facebook.com\\\/sagomrx\",\"https:\\\/\\\/x.com\\\/sagomrx\",\"https:\\\/\\\/www.instagram.com\\\/sagomrx\\\/\",\"https:\\\/\\\/www.youtube.com\\\/@sago-mrx\",\"https:\\\/\\\/www.linkedin.com\\\/company\\\/sago-mrx\\\/\",\"https:\\\/\\\/vimeo.com\\\/sagomrx\"]}]}<\/script>\n<!-- \/ Yoast SEO Premium plugin. -->","yoast_head_json":{"title":"Tecnolog\u00eda innovadora de investigaci\u00f3n de mercados | Sago","description":"Soluciones Tecnol\u00f3gicas Innovadoras que Le Ponen al Volante","robots":{"index":"noindex","follow":"follow","max-snippet":"max-snippet:-1","max-image-preview":"max-image-preview:large","max-video-preview":"max-video-preview:-1"},"og_locale":"es_ES","og_type":"article","og_title":"Plataformas","og_description":"Soluciones Tecnol\u00f3gicas Innovadoras que Le Ponen al Volante","og_url":"https:\/\/staging.sago.com\/es\/soluciones\/plataformas\/","og_site_name":"Sago","article_publisher":"https:\/\/www.facebook.com\/sagomrx","article_modified_time":"2024-03-05T15:14:46+00:00","og_image":[{"width":1280,"height":854,"url":"https:\/\/staging.sago.com\/wp-content\/uploads\/2023\/02\/Woman-Smiling-Laptop.jpg","type":"image\/jpeg"}],"twitter_card":"summary_large_image","twitter_site":"@sagomrx","twitter_misc":{"Tiempo de lectura":"2 minutos"},"schema":{"@context":"https:\/\/schema.org","@graph":[{"@type":"WebPage","@id":"https:\/\/staging.sago.com\/es\/soluciones\/plataformas\/","url":"https:\/\/staging.sago.com\/es\/soluciones\/plataformas\/","name":"Tecnolog\u00eda innovadora de investigaci\u00f3n de mercados | Sago","isPartOf":{"@id":"https:\/\/staging.sago.com\/es\/#website"},"primaryImageOfPage":{"@id":"https:\/\/staging.sago.com\/es\/soluciones\/plataformas\/#primaryimage"},"image":{"@id":"https:\/\/staging.sago.com\/es\/soluciones\/plataformas\/#primaryimage"},"thumbnailUrl":"https:\/\/staging.sago.com\/wp-content\/uploads\/2023\/02\/Woman-Smiling-Laptop.jpg","datePublished":"2023-01-31T17:34:39+00:00","dateModified":"2024-03-05T15:14:46+00:00","description":"Soluciones Tecnol\u00f3gicas Innovadoras que Le Ponen al Volante","breadcrumb":{"@id":"https:\/\/staging.sago.com\/es\/soluciones\/plataformas\/#breadcrumb"},"inLanguage":"es","potentialAction":[{"@type":"ReadAction","target":["https:\/\/staging.sago.com\/es\/soluciones\/plataformas\/"]}]},{"@type":"ImageObject","inLanguage":"es","@id":"https:\/\/staging.sago.com\/es\/soluciones\/plataformas\/#primaryimage","url":"https:\/\/staging.sago.com\/wp-content\/uploads\/2023\/02\/Woman-Smiling-Laptop.jpg","contentUrl":"https:\/\/staging.sago.com\/wp-content\/uploads\/2023\/02\/Woman-Smiling-Laptop.jpg","width":1280,"height":854,"caption":"research platforms"},{"@type":"BreadcrumbList","@id":"https:\/\/staging.sago.com\/es\/soluciones\/plataformas\/#breadcrumb","itemListElement":[{"@type":"ListItem","position":1,"name":"Home","item":"https:\/\/staging.sago.com\/es\/"},{"@type":"ListItem","position":2,"name":"Plataformas"}]},{"@type":"WebSite","@id":"https:\/\/staging.sago.com\/es\/#website","url":"https:\/\/staging.sago.com\/es\/","name":"Sago","description":"Adaptable Solutions. Confident Decisions.","publisher":{"@id":"https:\/\/staging.sago.com\/es\/#organization"},"potentialAction":[{"@type":"SearchAction","target":{"@type":"EntryPoint","urlTemplate":"https:\/\/staging.sago.com\/es\/?s={search_term_string}"},"query-input":{"@type":"PropertyValueSpecification","valueRequired":true,"valueName":"search_term_string"}}],"inLanguage":"es"},{"@type":"Organization","@id":"https:\/\/staging.sago.com\/es\/#organization","name":"Sago","url":"https:\/\/staging.sago.com\/es\/","logo":{"@type":"ImageObject","inLanguage":"es","@id":"https:\/\/staging.sago.com\/es\/#\/schema\/logo\/image\/","url":"https:\/\/3c98cd88ae.nxcli.io\/wp-content\/uploads\/2023\/02\/Sago-Standard-Logo.jpg","contentUrl":"https:\/\/3c98cd88ae.nxcli.io\/wp-content\/uploads\/2023\/02\/Sago-Standard-Logo.jpg","width":200,"height":200,"caption":"Sago"},"image":{"@id":"https:\/\/staging.sago.com\/es\/#\/schema\/logo\/image\/"},"sameAs":["https:\/\/www.facebook.com\/sagomrx","https:\/\/x.com\/sagomrx","https:\/\/www.instagram.com\/sagomrx\/","https:\/\/www.youtube.com\/@sago-mrx","https:\/\/www.linkedin.com\/company\/sago-mrx\/","https:\/\/vimeo.com\/sagomrx"]}]}},"_links":{"self":[{"href":"https:\/\/staging.sago.com\/es\/wp-json\/wp\/v2\/pages\/56114","targetHints":{"allow":["GET"]}}],"collection":[{"href":"https:\/\/staging.sago.com\/es\/wp-json\/wp\/v2\/pages"}],"about":[{"href":"https:\/\/staging.sago.com\/es\/wp-json\/wp\/v2\/types\/page"}],"author":[{"embeddable":true,"href":"https:\/\/staging.sago.com\/es\/wp-json\/wp\/v2\/users\/24"}],"replies":[{"embeddable":true,"href":"https:\/\/staging.sago.com\/es\/wp-json\/wp\/v2\/comments?post=56114"}],"version-history":[{"count":0,"href":"https:\/\/staging.sago.com\/es\/wp-json\/wp\/v2\/pages\/56114\/revisions"}],"up":[{"embeddable":true,"href":"https:\/\/staging.sago.com\/es\/wp-json\/wp\/v2\/pages\/7205"}],"wp:featuredmedia":[{"embeddable":true,"href":"https:\/\/staging.sago.com\/es\/wp-json\/wp\/v2\/media\/51930"}],"wp:attachment":[{"href":"https:\/\/staging.sago.com\/es\/wp-json\/wp\/v2\/media?parent=56114"}],"wp:term":[{"taxonomy":"category","embeddable":true,"href":"https:\/\/staging.sago.com\/es\/wp-json\/wp\/v2\/categories?post=56114"},{"taxonomy":"post_tag","embeddable":true,"href":"https:\/\/staging.sago.com\/es\/wp-json\/wp\/v2\/tags?post=56114"},{"taxonomy":"city","embeddable":true,"href":"https:\/\/staging.sago.com\/es\/wp-json\/wp\/v2\/city?post=56114"}],"curies":[{"name":"wp","href":"https:\/\/api.w.org\/{rel}","templated":true}]}}