{"id":56111,"date":"2023-01-20T13:43:02","date_gmt":"2023-01-20T18:43:02","guid":{"rendered":"https:\/\/3c98cd88ae.nxcli.io\/industries\/"},"modified":"2024-04-04T13:41:27","modified_gmt":"2024-04-04T17:41:27","slug":"industrias","status":"publish","type":"page","link":"https:\/\/staging.sago.com\/es\/industrias\/","title":{"rendered":"Industrias"},"content":{"rendered":"<div class=\"wpb-content-wrapper\"><p>[vc_row animation_type=\u00bbfadeInUp\u00bb css=\u00bb.vc_custom_1676056672014{padding-top: 50px !important;padding-bottom: 50px !important;}\u00bb conditional_render=\u00bb%5B%7B%22value_role%22%3A%22administrator%22%7D%5D\u00bb][vc_column conditional_render=\u00bb%5B%7B%22value_role%22%3A%22administrator%22%7D%5D\u00bb][vc_column_text]<\/p>\n<h2>En Sago, proporcionamos soluciones flexibles que permiten tomar decisiones con confianza. Tanto si busca la opini\u00f3n de los consumidores sobre un nuevo producto como si necesita conocer los puntos d\u00e9biles de un p\u00fablico especializado, nuestros expertos de confianza le ayudar\u00e1n a descubrir respuestas humanas a sus preguntas empresariales m\u00e1s apremiantes.<\/h2>\n<p>[\/vc_column_text][vc_row_inner equal_height=\u00bbyes\u00bb css=\u00bb.vc_custom_1676919593252{margin-bottom: 30px !important;padding-top: 25px !important;}\u00bb][vc_column_inner width=\u00bb1\/3&#8243;][vc_raw_html el_class=\u00bbsago-green-block\u00bb]JTNDZGl2JTNFJTNDaW1nJTIwY2xhc3MlM0QlMjJpY29uc2FyZWElMjIlMjBzcmMlM0QlMjJodHRwcyUzQSUyRiUyRjNjOThjZDg4YWUubnhjbGkuaW8lMkZ3cC1jb250ZW50JTJGdXBsb2FkcyUyRjIwMjMlMkYwMiUyRkF1ZGllbmNlSWNvbi5wbmclMjIlMjAlMkYlM0UlM0MlMkZkaXYlM0UlMEElM0NoMyUyMGNsYXNzJTNEJTIyaW1wLXF1ZXN0aW9uJTIyJTNFQ1BHJTNDJTJGaDMlM0UlMEElM0NwJTIwY2xhc3MlM0QlMjJpbXAtcGFyYSUyMiUzRURlc2N1YnJhJTIwbG9zJTIwcHVudG9zJTIwZCVDMyVBOWJpbGVzJTIweSUyMGxhcyUyMHByZWZlcmVuY2lhcyUyMGRlJTIwbG9zJTIwY29uc3VtaWRvcmVzJTIwY29uJTIwdW4lMjBhY2Nlc28lMjBpbmlndWFsYWJsZSUyMGElMjBsYXMlMjBhdWRpZW5jaWFzJTIwcXVlJTIwbmVjZXNpdGElMjB5JTIwY29uJTIwc29sdWNpb25lcyUyMGRlJTIwaW52ZXN0aWdhY2klQzMlQjNuJTIwciVDMyVBMXBpZGFzLiVFMiU4MCU4QiVFMiU4MCU4QiUzQyUyRnAlM0U=[\/vc_raw_html][\/vc_column_inner][vc_column_inner width=\u00bb1\/3&#8243;][vc_raw_html el_class=\u00bbsago-green-block\u00bb]JTNDZGl2JTNFJTBBJTNDaW1nJTIwY2xhc3MlM0QlMjJpY29uc2FyZWElMjIlMjBzcmMlM0QlMjJodHRwcyUzQSUyRiUyRjNjOThjZDg4YWUubnhjbGkuaW8lMkZ3cC1jb250ZW50JTJGdXBsb2FkcyUyRjIwMjMlMkYwMiUyRlF1YWxpdGF0aXZlSWNvbi5wbmclMjIlMjAlMkYlM0UlM0MlMkZkaXYlM0UlMEElM0NoMyUyMGNsYXNzJTNEJTIyaW1wLXF1ZXN0aW9uJTIyJTNFU2FuaWRhZCUzQyUyRmgzJTNFJTBBJTNDcCUyMGNsYXNzJTNEJTIyaW1wLXBhcmElMjIlM0VTb2x1Y2lvbmVzJTIwYmFzYWRhcyUyMGVuJTIwZGF0b3MlMjBjb250cm9sYWRvcyUyMCUyQiUyMGV4cGVyaWVuY2lhJTIwY2wlQzMlQURuaWNhJTIwc2lnbmlmaWNhJTIwc29sdWNpb25lcyUyMGRlJTIwaW52ZXN0aWdhY2klQzMlQjNuJTIwc2FuaXRhcmlhJTIweSUyMGNvbm9jaW1pZW50b3MlMjBkZSUyMHBhY2llbnRlcyUyMHklMjBwcm92ZWVkb3JlcyUyMHNhbml0YXJpb3MlMkMlMjBvcHRpbWl6YWRvcyUyMHBhcmElMjBzdSUyMCVDMyVBOXhpdG8uJTIwJTNDJTJGcCUzRSUwQQ==[\/vc_raw_html][\/vc_column_inner][vc_column_inner width=\u00bb1\/3&#8243;][vc_raw_html el_class=\u00bbsago-green-block\u00bb]JTNDZGl2JTNFJTNDaW1nJTIwY2xhc3MlM0QlMjJpY29uc2FyZWElMjIlMjBzcmMlM0QlMjJodHRwcyUzQSUyRiUyRjNjOThjZDg4YWUubnhjbGkuaW8lMkZ3cC1jb250ZW50JTJGdXBsb2FkcyUyRjIwMjMlMkYwMiUyRlF1YW50aXRhdGl2ZUljb24ucG5nJTIyJTIwJTJGJTNFJTNDJTJGZGl2JTNFJTBBJTNDaDMlMjBjbGFzcyUzRCUyMmltcC1xdWVzdGlvbiUyMiUzRUZpbmFuemFzJTNDJTJGaDMlM0UlMEElM0NwJTIwY2xhc3MlM0QlMjJpbXAtcGFyYSUyMiUzRUludmllcnRhJTIwZW4lMjBzdXMlMjBjbGllbnRlcyUyQyUyMGVsbG9zJTIwbGUlMjBjb3JyZXNwb25kZXIlQzMlQTFuLiUyMExlJTIwYXl1ZGFtb3MlMjBhJTIwY29tcHJlbmRlciUyMGElMjBzdSUyMHAlQzMlQkFibGljbyUyMHBhcmElMjBxdWUlMjBwdWVkYSUyMHRvbWFyJTIwbWVqb3JlcyUyMGRlY2lzaW9uZXMlMjBlbXByZXNhcmlhbGVzJTJDJTIwc2VndWlyJTIwc2llbmRvJTIwY29tcGV0aXRpdm8lMjB5JTIwYWNlbGVyYXIlMjBlbCUyMGNyZWNpbWllbnRvLiUzQyUyRnAlM0U=[\/vc_raw_html][\/vc_column_inner][\/vc_row_inner][vc_row_inner equal_height=\u00bbyes\u00bb][vc_column_inner width=\u00bb1\/3&#8243;][vc_raw_html el_class=\u00bbsago-green-block\u00bb]JTNDZGl2JTNFJTNDaW1nJTIwY2xhc3MlM0QlMjJpY29uc2FyZWElMjIlMjBzcmMlM0QlMjJodHRwcyUzQSUyRiUyRjNjOThjZDg4YWUubnhjbGkuaW8lMkZ3cC1jb250ZW50JTJGdXBsb2FkcyUyRjIwMjMlMkYwMiUyRkF1ZGllbmNlSWNvbi5wbmclMjIlMjAlMkYlM0UlM0MlMkZkaXYlM0UlMEElM0NoMyUyMGNsYXNzJTNEJTIyaW1wLXF1ZXN0aW9uJTIyJTNFQ29uc3VsdG9yJUMzJUFEYSUzQyUyRmgzJTNFJTBBJTNDcCUyMGNsYXNzJTNEJTIyaW1wLXBhcmElMjIlM0VDb21vJTIwc29jaW8lMjBkZSUyMGludmVzdGlnYWNpJUMzJUIzbiUyMGRlJTIwY29uZmlhbnphJTJDJTIwYWRvcHRhbW9zJTIwdW4lMjBlbmZvcXVlJTIwY29uc3VsdGl2by4lMjBMZSUyMGF5dWRhcmVtb3MlMjBhJTIwb2ZyZWNlciUyMGElMjBzdXMlMjBjbGllbnRlcyUyMGluZm9ybWFjaSVDMyVCM24lMjBjciVDMyVBRHRpY2ElMjBwYXJhJTIwcXVlJTIwcHVlZGFuJTIwdG9tYXIlMjBkZWNpc2lvbmVzJTIwZW1wcmVzYXJpYWxlcyUyMGltcGFjdGFudGVzLiVFMiU4MCU4QiUzQyUyRnAlM0U=[\/vc_raw_html][\/vc_column_inner][vc_column_inner width=\u00bb1\/3&#8243;][vc_raw_html el_class=\u00bbsago-green-block\u00bb]JTNDZGl2JTNFJTBBJTNDaW1nJTIwY2xhc3MlM0QlMjJpY29uc2FyZWElMjIlMjBzcmMlM0QlMjJodHRwcyUzQSUyRiUyRjNjOThjZDg4YWUubnhjbGkuaW8lMkZ3cC1jb250ZW50JTJGdXBsb2FkcyUyRjIwMjMlMkYwMiUyRlF1YWxpdGF0aXZlSWNvbi5wbmclMjIlMjAlMkYlM0UlM0MlMkZkaXYlM0UlMEElM0NoMyUyMGNsYXNzJTNEJTIyaW1wLXF1ZXN0aW9uJTIyJTNFRXN0dWRpb3MlMjBkZSUyMG1lcmNhZG8lM0MlMkZoMyUzRSUwQSUzQ3AlMjBjbGFzcyUzRCUyMmltcC1wYXJhJTIyJTNFQWNjZWRhJTIwYSUyMGhlcnJhbWllbnRhcyUyMGRlJTIwaW52ZXN0aWdhY2klQzMlQjNuJTJDJTIwZXhwZXJ0b3MlMjB5JTIwZW5jdWVzdGFkb3MlMkMlMjB0b2RvJTIwZW4lMjB1biUyMG1pc21vJTIwbHVnYXIuJTIwTnVlc3RyYXMlMjBzb2x1Y2lvbmVzJTIwYWRhcHRhYmxlcyUyMGxlJTIwYXl1ZGFuJTIwYSUyMG9mcmVjZXIlMjBjb24lMjBmYWNpbGlkYWQlMjBpbmZvcm1hY2klQzMlQjNuJTIwbSVDMyVBMXMlMjBpbnRlbGlnZW50ZS4lRTIlODAlOEIlRTIlODAlOEIlM0MlMkZwJTNF[\/vc_raw_html][\/vc_column_inner][vc_column_inner width=\u00bb1\/3&#8243;][vc_raw_html el_class=\u00bbsago-green-block\u00bb]JTNDZGl2JTNFJTNDaW1nJTIwY2xhc3MlM0QlMjJpY29uc2FyZWElMjIlMjBzcmMlM0QlMjJodHRwcyUzQSUyRiUyRjNjOThjZDg4YWUubnhjbGkuaW8lMkZ3cC1jb250ZW50JTJGdXBsb2FkcyUyRjIwMjMlMkYwMiUyRlF1YW50aXRhdGl2ZUljb24ucG5nJTIyJTIwJTJGJTNFJTNDJTJGZGl2JTNFJTBBJTNDaDMlMjBjbGFzcyUzRCUyMmltcC1xdWVzdGlvbiUyMiUzRU1lZGlvcyUyMGRlJTIwY29tdW5pY2FjaSVDMyVCM24lMjB5JTIwVGVjbm9sb2clQzMlQURhJTNDJTJGaDMlM0UlMEElM0NwJTIwY2xhc3MlM0QlMjJpbXAtcGFyYSUyMiUzRUVudHJlZ2ElMjBhJTIwbGElMjB2ZWxvY2lkYWQlMjBkZWwlMjBtZXJjYWRvJTNBJTIwbnVlc3RyYSUyMHRlY25vbG9nJUMzJUFEYSUyMHBhdGVudGFkYSUyMGZhY2lsaXRhJTIweSUyMGFjZWxlcmElMjBsYSUyMGNvbnNlY3VjaSVDMyVCM24lMjBkZSUyMHVuYSUyMHBhcnRpY2lwYWNpJUMzJUIzbiUyMHNpZ25pZmljYXRpdmElMjBkZSUyMGxhJTIwYXVkaWVuY2lhJTIwYSUyMHBhcnRpciUyMGRlJTIwZW5jdWVzdGFkb3MlMjBkaXZlcnNvcyUyMHklMjBhbXBsaW9zLiVFMiU4MCU4QiUzQyUyRnAlM0U=[\/vc_raw_html][\/vc_column_inner][\/vc_row_inner][vc_row_inner equal_height=\u00bbyes\u00bb][vc_column_inner width=\u00bb1\/3&#8243;][vc_raw_html el_class=\u00bbsago-green-block\u00bb]JTNDZGl2JTNFJTBBJTNDZGl2JTNFJTNDaW1nJTIwY2xhc3MlM0QlMjJpY29uc2FyZWElMjIlMjBzcmMlM0QlMjJodHRwcyUzQSUyRiUyRjNjOThjZDg4YWUubnhjbGkuaW8lMkZ3cC1jb250ZW50JTJGdXBsb2FkcyUyRjIwMjMlMkYwMiUyRkF1ZGllbmNlSWNvbi5wbmclMjIlMjAlMkYlM0UlM0MlMkZkaXYlM0UlMEElM0NoMyUyMGNsYXNzJTNEJTIyaW1wLXF1ZXN0aW9uJTIyJTNFRmFicmljYWNpJUMzJUIzbiUyMGRlJTIwcHJvZHVjdG9zJTIwc2FuaXRhcmlvcyUzQyUyRmgzJTNFJTBBJTNDcCUyMGNsYXNzJTNEJTIyaW1wLXBhcmElMjIlM0VPYnRlbmdhJTIwZGF0b3MlMjByJUMzJUExcGlkb3MlMjB5JTIwcHJvY2VzYWJsZXMlMjBlJTIwaW5mb3JtYWNpJUMzJUIzbiUyMHJlbGV2YW50ZSUyMHBhcmElMjBxdWUlMjBwdWVkYSUyMGF2YW56YXIlMjBjb24lMjBjb25maWFuemElMjBlbiUyMGN1YWxxdWllciUyMGZhc2UlMjBkZSUyMHN1JTIwY2ljbG8lMjBkZSUyMGRlc2Fycm9sbG8uJUUyJTgwJThCJTNDJTJGcCUzRSUwQSUzQ3AlM0UlM0NpJTIwY2xhc3MlM0QlMjJpbXAtYXJyb3clMjBmYXMlMjBmYS1hcnJvdy1yaWdodCUyMiUzRSUzQyUyRmklM0UlM0MlMkZwJTNFJTBBJTNDJTJGYSUzRSUwQSUzQyUyRmRpdiUzRQ==[\/vc_raw_html][\/vc_column_inner][\/vc_row_inner][\/vc_column][\/vc_row][vc_row][vc_column]<div class=\"porto-block\" data-id=\"56311\"><style>.vc_custom_1676491494506{padding-top: 50px !important;padding-bottom: 50px !important;}.vc_custom_1676239417174{padding-right: 0px !important;padding-left: 0px !important;}.vc_custom_1676239407838{padding-right: 0px !important;}.vc_custom_1675969268171{padding-right: 0px !important;padding-left: 0px !important;}.vc_custom_1675969278597{padding-right: 0px !important;padding-left: 0px !important;}.vc_custom_1676239706215{padding-right: 0px !important;}<\/style>[vc_row full_width=\"stretch_row_content_no_spaces\" equal_height=\"yes\" conditional_render=\"%5B%7B%22value_role%22%3A%22administrator%22%7D%5D\" css=\".vc_custom_1676491494506{padding-top: 50px !important;padding-bottom: 50px !important;}\"][vc_column css=\".vc_custom_1676239417174{padding-right: 0px !important;padding-left: 0px !important;}\" conditional_render=\"%5B%7B%22value_role%22%3A%22administrator%22%7D%5D\"][vc_row_inner equal_height=\"yes\" content_placement=\"middle\" css=\".vc_custom_1676239407838{padding-right: 0px !important;}\"][vc_column_inner width=\"1\/4\" offset=\"vc_col-xs-1\/5\" css=\".vc_custom_1675969268171{padding-right: 0px !important;padding-left: 0px !important;}\"][vc_single_image image=\"51222\" img_size=\"full\"][\/vc_column_inner][vc_column_inner width=\"1\/2\" offset=\"vc_col-xs-3\/5\"][vc_column_text]<\/p>\r\n<h2 style=\"text-align: center;\">Let's work together.<\/h2>\r\n<p>[\/vc_column_text][vc_btn title=\"Get in touch\" align=\"center\" el_class=\"getintouch\" link=\"url:https%3A%2F%2Fstaging.sago.com%2Fget-in-touch%2F|title:Get%20in%20touch\"][\/vc_column_inner][vc_column_inner width=\"1\/4\" offset=\"vc_col-xs-1\/5\" css=\".vc_custom_1675969278597{padding-right: 0px !important;padding-left: 0px !important;}\"][vc_single_image image=\"51226\" img_size=\"full\" alignment=\"right\" css=\".vc_custom_1676239706215{padding-right: 0px !important;}\"][\/vc_column_inner][\/vc_row_inner][\/vc_column][\/vc_row][vc_row][vc_column][vc_column_text]<\/p>\r\n<p><span data-mce-type=\"bookmark\" style=\"display: inline-block; width: 0px; overflow: hidden; line-height: 0;\" class=\"mce_SELRES_start\">\ufeff<\/s[\/vc_column_text][\/vc_column][\/vc_row][vc_row][vc_column][vc_column_text]<\/p>\r\n<p><span data-mce-type=\"bookmark\" style=\"display: inline-block; width: 0px; overflow: hidden; line-height: 0;\" class=\"mce_SELRES_start\">\ufeff<\/s[\/vc_column_text][\/vc_column][\/vc_row]<\/div>[\/vc_column][\/vc_row]<\/p>\n<\/div>","protected":false},"excerpt":{"rendered":"<p>[vc_row animation_type=\u00bbfadeInUp\u00bb css=\u00bb.vc_custom_1676056672014{padding-top: 50px !important;padding-bottom: 50px !important;}\u00bb conditional_render=\u00bb%5B%7B%22value_role%22%3A%22administrator%22%7D%5D\u00bb][vc_column conditional_render=\u00bb%5B%7B%22value_role%22%3A%22administrator%22%7D%5D\u00bb][vc_column_text] En Sago, proporcionamos soluciones flexibles que permiten tomar decisiones con confianza. Tanto si busca la opini\u00f3n de los consumidores sobre un nuevo producto como si necesita conocer los puntos d\u00e9biles de un p\u00fablico especializado, nuestros expertos de confianza le ayudar\u00e1n a descubrir respuestas humanas a sus [&hellip;]<\/p>\n","protected":false},"author":24,"featured_media":51331,"parent":0,"menu_order":0,"comment_status":"closed","ping_status":"closed","template":"what-we-offer.php","meta":{"_acf_changed":false,"content-type":"","footnotes":""},"categories":[],"tags":[],"city":[],"class_list":["post-56111","page","type-page","status-publish","has-post-thumbnail","hentry"],"acf":[],"yoast_head":"<!-- This site is optimized with the Yoast SEO Premium plugin v19.7 (Yoast SEO v27.3) - https:\/\/yoast.com\/product\/yoast-seo-premium-wordpress\/ -->\n<title>Industrias | Sago<\/title>\n<meta name=\"description\" content=\"En Sago, proporcionamos soluciones flexibles que permiten tomar decisiones con confianza. Tanto si busca la opini\u00f3n de los consumidores sobre un nuevo producto como si necesita conocer los puntos d\u00e9biles de un p\u00fablico especializado, nuestros expertos de confianza le ayudar\u00e1n a descubrir respuestas humanas a sus preguntas empresariales m\u00e1s apremiantes.\" \/>\n<meta name=\"robots\" content=\"noindex, follow, max-snippet:-1, max-image-preview:large, max-video-preview:-1\" \/>\n<meta property=\"og:locale\" content=\"es_ES\" \/>\n<meta property=\"og:type\" content=\"article\" \/>\n<meta property=\"og:title\" content=\"Industrias\" \/>\n<meta property=\"og:description\" content=\"En Sago, proporcionamos soluciones flexibles que permiten tomar decisiones con confianza. Tanto si busca la opini\u00f3n de los consumidores sobre un nuevo producto como si necesita conocer los puntos d\u00e9biles de un p\u00fablico especializado, nuestros expertos de confianza le ayudar\u00e1n a descubrir respuestas humanas a sus preguntas empresariales m\u00e1s apremiantes.\" \/>\n<meta property=\"og:url\" content=\"https:\/\/staging.sago.com\/es\/industrias\/\" \/>\n<meta property=\"og:site_name\" content=\"Sago\" \/>\n<meta property=\"article:publisher\" content=\"https:\/\/www.facebook.com\/sagomrx\" \/>\n<meta property=\"article:modified_time\" content=\"2024-04-04T17:41:27+00:00\" \/>\n<meta property=\"og:image\" content=\"https:\/\/staging.sago.com\/wp-content\/uploads\/2023\/02\/Sago-Standard-Logo.jpg\" \/>\n\t<meta property=\"og:image:width\" content=\"200\" \/>\n\t<meta property=\"og:image:height\" content=\"200\" \/>\n\t<meta property=\"og:image:type\" content=\"image\/jpeg\" \/>\n<meta name=\"twitter:card\" content=\"summary_large_image\" \/>\n<meta name=\"twitter:site\" content=\"@sagomrx\" \/>\n<meta name=\"twitter:label1\" content=\"Tiempo de lectura\" \/>\n\t<meta name=\"twitter:data1\" content=\"1 minuto\" \/>\n<script type=\"application\/ld+json\" class=\"yoast-schema-graph\">{\"@context\":\"https:\\\/\\\/schema.org\",\"@graph\":[{\"@type\":\"WebPage\",\"@id\":\"https:\\\/\\\/staging.sago.com\\\/es\\\/industrias\\\/\",\"url\":\"https:\\\/\\\/staging.sago.com\\\/es\\\/industrias\\\/\",\"name\":\"Industrias | Sago\",\"isPartOf\":{\"@id\":\"https:\\\/\\\/staging.sago.com\\\/es\\\/#website\"},\"primaryImageOfPage\":{\"@id\":\"https:\\\/\\\/staging.sago.com\\\/es\\\/industrias\\\/#primaryimage\"},\"image\":{\"@id\":\"https:\\\/\\\/staging.sago.com\\\/es\\\/industrias\\\/#primaryimage\"},\"thumbnailUrl\":\"https:\\\/\\\/staging.sago.com\\\/wp-content\\\/uploads\\\/2023\\\/02\\\/Sago-Standard-Logo.jpg\",\"datePublished\":\"2023-01-20T18:43:02+00:00\",\"dateModified\":\"2024-04-04T17:41:27+00:00\",\"description\":\"En Sago, proporcionamos soluciones flexibles que permiten tomar decisiones con confianza. Tanto si busca la opini\u00f3n de los consumidores sobre un nuevo producto como si necesita conocer los puntos d\u00e9biles de un p\u00fablico especializado, nuestros expertos de confianza le ayudar\u00e1n a descubrir respuestas humanas a sus preguntas empresariales m\u00e1s apremiantes.\",\"breadcrumb\":{\"@id\":\"https:\\\/\\\/staging.sago.com\\\/es\\\/industrias\\\/#breadcrumb\"},\"inLanguage\":\"es\",\"potentialAction\":[{\"@type\":\"ReadAction\",\"target\":[\"https:\\\/\\\/staging.sago.com\\\/es\\\/industrias\\\/\"]}]},{\"@type\":\"ImageObject\",\"inLanguage\":\"es\",\"@id\":\"https:\\\/\\\/staging.sago.com\\\/es\\\/industrias\\\/#primaryimage\",\"url\":\"https:\\\/\\\/staging.sago.com\\\/wp-content\\\/uploads\\\/2023\\\/02\\\/Sago-Standard-Logo.jpg\",\"contentUrl\":\"https:\\\/\\\/staging.sago.com\\\/wp-content\\\/uploads\\\/2023\\\/02\\\/Sago-Standard-Logo.jpg\",\"width\":200,\"height\":200,\"caption\":\"logo\"},{\"@type\":\"BreadcrumbList\",\"@id\":\"https:\\\/\\\/staging.sago.com\\\/es\\\/industrias\\\/#breadcrumb\",\"itemListElement\":[{\"@type\":\"ListItem\",\"position\":1,\"name\":\"Home\",\"item\":\"https:\\\/\\\/staging.sago.com\\\/es\\\/\"},{\"@type\":\"ListItem\",\"position\":2,\"name\":\"Industrias\"}]},{\"@type\":\"WebSite\",\"@id\":\"https:\\\/\\\/staging.sago.com\\\/es\\\/#website\",\"url\":\"https:\\\/\\\/staging.sago.com\\\/es\\\/\",\"name\":\"Sago\",\"description\":\"Adaptable Solutions. Confident Decisions.\",\"publisher\":{\"@id\":\"https:\\\/\\\/staging.sago.com\\\/es\\\/#organization\"},\"potentialAction\":[{\"@type\":\"SearchAction\",\"target\":{\"@type\":\"EntryPoint\",\"urlTemplate\":\"https:\\\/\\\/staging.sago.com\\\/es\\\/?s={search_term_string}\"},\"query-input\":{\"@type\":\"PropertyValueSpecification\",\"valueRequired\":true,\"valueName\":\"search_term_string\"}}],\"inLanguage\":\"es\"},{\"@type\":\"Organization\",\"@id\":\"https:\\\/\\\/staging.sago.com\\\/es\\\/#organization\",\"name\":\"Sago\",\"url\":\"https:\\\/\\\/staging.sago.com\\\/es\\\/\",\"logo\":{\"@type\":\"ImageObject\",\"inLanguage\":\"es\",\"@id\":\"https:\\\/\\\/staging.sago.com\\\/es\\\/#\\\/schema\\\/logo\\\/image\\\/\",\"url\":\"https:\\\/\\\/3c98cd88ae.nxcli.io\\\/wp-content\\\/uploads\\\/2023\\\/02\\\/Sago-Standard-Logo.jpg\",\"contentUrl\":\"https:\\\/\\\/3c98cd88ae.nxcli.io\\\/wp-content\\\/uploads\\\/2023\\\/02\\\/Sago-Standard-Logo.jpg\",\"width\":200,\"height\":200,\"caption\":\"Sago\"},\"image\":{\"@id\":\"https:\\\/\\\/staging.sago.com\\\/es\\\/#\\\/schema\\\/logo\\\/image\\\/\"},\"sameAs\":[\"https:\\\/\\\/www.facebook.com\\\/sagomrx\",\"https:\\\/\\\/x.com\\\/sagomrx\",\"https:\\\/\\\/www.instagram.com\\\/sagomrx\\\/\",\"https:\\\/\\\/www.youtube.com\\\/@sago-mrx\",\"https:\\\/\\\/www.linkedin.com\\\/company\\\/sago-mrx\\\/\",\"https:\\\/\\\/vimeo.com\\\/sagomrx\"]}]}<\/script>\n<!-- \/ Yoast SEO Premium plugin. -->","yoast_head_json":{"title":"Industrias | Sago","description":"En Sago, proporcionamos soluciones flexibles que permiten tomar decisiones con confianza. Tanto si busca la opini\u00f3n de los consumidores sobre un nuevo producto como si necesita conocer los puntos d\u00e9biles de un p\u00fablico especializado, nuestros expertos de confianza le ayudar\u00e1n a descubrir respuestas humanas a sus preguntas empresariales m\u00e1s apremiantes.","robots":{"index":"noindex","follow":"follow","max-snippet":"max-snippet:-1","max-image-preview":"max-image-preview:large","max-video-preview":"max-video-preview:-1"},"og_locale":"es_ES","og_type":"article","og_title":"Industrias","og_description":"En Sago, proporcionamos soluciones flexibles que permiten tomar decisiones con confianza. Tanto si busca la opini\u00f3n de los consumidores sobre un nuevo producto como si necesita conocer los puntos d\u00e9biles de un p\u00fablico especializado, nuestros expertos de confianza le ayudar\u00e1n a descubrir respuestas humanas a sus preguntas empresariales m\u00e1s apremiantes.","og_url":"https:\/\/staging.sago.com\/es\/industrias\/","og_site_name":"Sago","article_publisher":"https:\/\/www.facebook.com\/sagomrx","article_modified_time":"2024-04-04T17:41:27+00:00","og_image":[{"width":200,"height":200,"url":"https:\/\/staging.sago.com\/wp-content\/uploads\/2023\/02\/Sago-Standard-Logo.jpg","type":"image\/jpeg"}],"twitter_card":"summary_large_image","twitter_site":"@sagomrx","twitter_misc":{"Tiempo de lectura":"1 minuto"},"schema":{"@context":"https:\/\/schema.org","@graph":[{"@type":"WebPage","@id":"https:\/\/staging.sago.com\/es\/industrias\/","url":"https:\/\/staging.sago.com\/es\/industrias\/","name":"Industrias | Sago","isPartOf":{"@id":"https:\/\/staging.sago.com\/es\/#website"},"primaryImageOfPage":{"@id":"https:\/\/staging.sago.com\/es\/industrias\/#primaryimage"},"image":{"@id":"https:\/\/staging.sago.com\/es\/industrias\/#primaryimage"},"thumbnailUrl":"https:\/\/staging.sago.com\/wp-content\/uploads\/2023\/02\/Sago-Standard-Logo.jpg","datePublished":"2023-01-20T18:43:02+00:00","dateModified":"2024-04-04T17:41:27+00:00","description":"En Sago, proporcionamos soluciones flexibles que permiten tomar decisiones con confianza. Tanto si busca la opini\u00f3n de los consumidores sobre un nuevo producto como si necesita conocer los puntos d\u00e9biles de un p\u00fablico especializado, nuestros expertos de confianza le ayudar\u00e1n a descubrir respuestas humanas a sus preguntas empresariales m\u00e1s apremiantes.","breadcrumb":{"@id":"https:\/\/staging.sago.com\/es\/industrias\/#breadcrumb"},"inLanguage":"es","potentialAction":[{"@type":"ReadAction","target":["https:\/\/staging.sago.com\/es\/industrias\/"]}]},{"@type":"ImageObject","inLanguage":"es","@id":"https:\/\/staging.sago.com\/es\/industrias\/#primaryimage","url":"https:\/\/staging.sago.com\/wp-content\/uploads\/2023\/02\/Sago-Standard-Logo.jpg","contentUrl":"https:\/\/staging.sago.com\/wp-content\/uploads\/2023\/02\/Sago-Standard-Logo.jpg","width":200,"height":200,"caption":"logo"},{"@type":"BreadcrumbList","@id":"https:\/\/staging.sago.com\/es\/industrias\/#breadcrumb","itemListElement":[{"@type":"ListItem","position":1,"name":"Home","item":"https:\/\/staging.sago.com\/es\/"},{"@type":"ListItem","position":2,"name":"Industrias"}]},{"@type":"WebSite","@id":"https:\/\/staging.sago.com\/es\/#website","url":"https:\/\/staging.sago.com\/es\/","name":"Sago","description":"Adaptable Solutions. Confident Decisions.","publisher":{"@id":"https:\/\/staging.sago.com\/es\/#organization"},"potentialAction":[{"@type":"SearchAction","target":{"@type":"EntryPoint","urlTemplate":"https:\/\/staging.sago.com\/es\/?s={search_term_string}"},"query-input":{"@type":"PropertyValueSpecification","valueRequired":true,"valueName":"search_term_string"}}],"inLanguage":"es"},{"@type":"Organization","@id":"https:\/\/staging.sago.com\/es\/#organization","name":"Sago","url":"https:\/\/staging.sago.com\/es\/","logo":{"@type":"ImageObject","inLanguage":"es","@id":"https:\/\/staging.sago.com\/es\/#\/schema\/logo\/image\/","url":"https:\/\/3c98cd88ae.nxcli.io\/wp-content\/uploads\/2023\/02\/Sago-Standard-Logo.jpg","contentUrl":"https:\/\/3c98cd88ae.nxcli.io\/wp-content\/uploads\/2023\/02\/Sago-Standard-Logo.jpg","width":200,"height":200,"caption":"Sago"},"image":{"@id":"https:\/\/staging.sago.com\/es\/#\/schema\/logo\/image\/"},"sameAs":["https:\/\/www.facebook.com\/sagomrx","https:\/\/x.com\/sagomrx","https:\/\/www.instagram.com\/sagomrx\/","https:\/\/www.youtube.com\/@sago-mrx","https:\/\/www.linkedin.com\/company\/sago-mrx\/","https:\/\/vimeo.com\/sagomrx"]}]}},"_links":{"self":[{"href":"https:\/\/staging.sago.com\/es\/wp-json\/wp\/v2\/pages\/56111","targetHints":{"allow":["GET"]}}],"collection":[{"href":"https:\/\/staging.sago.com\/es\/wp-json\/wp\/v2\/pages"}],"about":[{"href":"https:\/\/staging.sago.com\/es\/wp-json\/wp\/v2\/types\/page"}],"author":[{"embeddable":true,"href":"https:\/\/staging.sago.com\/es\/wp-json\/wp\/v2\/users\/24"}],"replies":[{"embeddable":true,"href":"https:\/\/staging.sago.com\/es\/wp-json\/wp\/v2\/comments?post=56111"}],"version-history":[{"count":0,"href":"https:\/\/staging.sago.com\/es\/wp-json\/wp\/v2\/pages\/56111\/revisions"}],"wp:featuredmedia":[{"embeddable":true,"href":"https:\/\/staging.sago.com\/es\/wp-json\/wp\/v2\/media\/51331"}],"wp:attachment":[{"href":"https:\/\/staging.sago.com\/es\/wp-json\/wp\/v2\/media?parent=56111"}],"wp:term":[{"taxonomy":"category","embeddable":true,"href":"https:\/\/staging.sago.com\/es\/wp-json\/wp\/v2\/categories?post=56111"},{"taxonomy":"post_tag","embeddable":true,"href":"https:\/\/staging.sago.com\/es\/wp-json\/wp\/v2\/tags?post=56111"},{"taxonomy":"city","embeddable":true,"href":"https:\/\/staging.sago.com\/es\/wp-json\/wp\/v2\/city?post=56111"}],"curies":[{"name":"wp","href":"https:\/\/api.w.org\/{rel}","templated":true}]}}