{"id":51014,"date":"2023-02-03T09:58:26","date_gmt":"2023-02-03T14:58:26","guid":{"rendered":"https:\/\/3c98cd88ae.nxcli.io\/audience\/"},"modified":"2023-03-01T00:21:32","modified_gmt":"2023-03-01T05:21:32","slug":"audiencia","status":"publish","type":"page","link":"https:\/\/staging.sago.com\/es\/soluciones\/audiencia\/","title":{"rendered":"Audiencia"},"content":{"rendered":"<div class=\"wpb-content-wrapper\"><p>[vc_row section_skin=\u00bbquaternary\u00bb animation_type=\u00bbfadeInUp\u00bb css=\u00bb.vc_custom_1676653042688{padding-top: 50px !important;padding-bottom: 50px !important;}\u00bb conditional_render=\u00bb%5B%7B%22value_role%22%3A%22administrator%22%7D%5D\u00bb][vc_column conditional_render=\u00bb%5B%7B%22value_role%22%3A%22administrator%22%7D%5D\u00bb][vc_column_text]<\/p>\n<h2>\u00bfC\u00f3mo podemos ayudarle a conectar con su p\u00fablico diana?<\/h2>\n<p>[\/vc_column_text][vc_row_inner equal_height=\u00bbyes\u00bb css=\u00bb.vc_custom_1676920495607{padding-top: 25px !important;}\u00bb][vc_column_inner width=\u00bb1\/3&#8243;][vc_column_text el_class=\u00bbsago-green-block\u00bb]<\/p>\n<div><img  title=\"\" loading=\"lazy\" decoding=\"async\" class=\"iconsarea alignnone size-full wp-image-53296\" src=\"https:\/\/staging.sago.com\/wp-content\/uploads\/2023\/02\/Panel.png\"  alt=\"sago\"  width=\"40\" height=\"40\" \/><\/div>\n<h3 class=\"imp-question\">Panel de Sago<\/h3>\n<p class=\"imp-para\">Es importante tener acceso a un amplio grupo de encuestados de los que recopilar sus datos, por lo que empleamos numerosas t\u00e9cnicas tradicionales e innovadoras para crear paneles diversos y extensos en todo el mundo.<\/p>\n<p>[\/vc_column_text][\/vc_column_inner][vc_column_inner width=\u00bb1\/3&#8243;][vc_column_text el_class=\u00bbsago-green-block\u00bb]<\/p>\n<div><img  title=\"\" loading=\"lazy\" decoding=\"async\" class=\"iconsarea alignnone size-full wp-image-53172\" src=\"https:\/\/staging.sago.com\/wp-content\/uploads\/2023\/02\/Recruit.png\"  alt=\"sago\"  width=\"40\" height=\"40\" \/><\/div>\n<h3 class=\"imp-question\">Sago capta<\/h3>\n<p class=\"imp-para\">Conecte siempre con el p\u00fablico adecuado para sus proyectos de investigaci\u00f3n cualitativa m\u00e1s importantes. Cada a\u00f1o captamos para miles de estudios, por lo que nuestros clientes conf\u00edan en nosotros para realizar sus captaciones con la m\u00e1xima calidad.<\/p>\n<p>[\/vc_column_text][\/vc_column_inner][vc_column_inner width=\u00bb1\/3&#8243;][vc_column_text el_class=\u00bbsago-green-block\u00bb]<\/p>\n<div><img  title=\"\" loading=\"lazy\" decoding=\"async\" class=\"iconsarea alignnone size-full wp-image-53232\" src=\"https:\/\/staging.sago.com\/wp-content\/uploads\/2023\/02\/communities.png\"  alt=\"sago\"  width=\"40\" height=\"40\" \/><\/div>\n<h3 class=\"imp-question\">Comunidades de Sago<\/h3>\n<p class=\"imp-para\">Obtenga percepciones inigualables a partir de una \u00fanica plataforma rentable. Comprenda mejor los comportamientos de los clientes durante periodos de tiempo m\u00e1s largos y mejore la calidad de sus datos con participantes muy comprometidos y receptivos.<\/p>\n<p>[\/vc_column_text][\/vc_column_inner][\/vc_row_inner][\/vc_column][\/vc_row][vc_row][vc_column]<div class=\"porto-block\" data-id=\"56312\"><style>.vc_custom_1676485761953{padding-top: 50px !important;padding-bottom: 50px !important;}.vc_custom_1676239417174{padding-right: 0px !important;padding-left: 0px !important;}.vc_custom_1676239407838{padding-right: 0px !important;}.vc_custom_1675969268171{padding-right: 0px !important;padding-left: 0px !important;}.vc_custom_1675969278597{padding-right: 0px !important;padding-left: 0px !important;}.vc_custom_1676239706215{padding-right: 0px !important;}<\/style>[vc_row full_width=\"stretch_row_content_no_spaces\" equal_height=\"yes\" conditional_render=\"%5B%7B%22value_role%22%3A%22administrator%22%7D%5D\" css=\".vc_custom_1676485761953{padding-top: 50px !important;padding-bottom: 50px !important;}\"][vc_column css=\".vc_custom_1676239417174{padding-right: 0px !important;padding-left: 0px !important;}\" conditional_render=\"%5B%7B%22value_role%22%3A%22administrator%22%7D%5D\"][vc_row_inner equal_height=\"yes\" content_placement=\"middle\" css=\".vc_custom_1676239407838{padding-right: 0px !important;}\"][vc_column_inner width=\"1\/4\" offset=\"vc_col-xs-1\/5\" css=\".vc_custom_1675969268171{padding-right: 0px !important;padding-left: 0px !important;}\"][vc_single_image image=\"51222\" img_size=\"full\"][\/vc_column_inner][vc_column_inner width=\"1\/2\" offset=\"vc_col-xs-3\/5\"][vc_column_text]<\/p>\r\n<h2 style=\"text-align: center;\">\u00bfC\u00f3mo podemos ayudarlo a usted y a sus necesidades de investigaci\u00f3n?<\/h2>\r\n<p>[\/vc_column_text][vc_btn title=\"Get in touch\" align=\"center\" el_class=\"getintouch\" link=\"url:https%3A%2F%2Fstaging.sago.com%2Fes%2Fget-in-touch%2F|title:P%C3%B3ngase%20en%20contacto\"][\/vc_column_inner][vc_column_inner width=\"1\/4\" offset=\"vc_col-xs-1\/5\" css=\".vc_custom_1675969278597{padding-right: 0px !important;padding-left: 0px !important;}\"][vc_single_image image=\"51226\" img_size=\"full\" alignment=\"right\" css=\".vc_custom_1676239706215{padding-right: 0px !important;}\"][\/vc_column_inner][\/vc_row_inner][\/vc_column][\/vc_row]<\/div>[\/vc_column][\/vc_row][vc_row][\/vc_row][vc_column][\/vc_column][vc_column_text]<\/p>\n<p>I am text block. Click edit button to change this text. Lorem ipsum dolor sit amet, consectetur adipiscing elit. Ut elit tellus, luctus nec ullamcorper mattis, pulvinar dapibus leo.<\/p>\n<p>[\/vc_column_text]<\/p>\n<\/div>","protected":false},"excerpt":{"rendered":"<p>[vc_row section_skin=\u00bbquaternary\u00bb animation_type=\u00bbfadeInUp\u00bb css=\u00bb.vc_custom_1676653042688{padding-top: 50px !important;padding-bottom: 50px !important;}\u00bb conditional_render=\u00bb%5B%7B%22value_role%22%3A%22administrator%22%7D%5D\u00bb][vc_column conditional_render=\u00bb%5B%7B%22value_role%22%3A%22administrator%22%7D%5D\u00bb][vc_column_text] \u00bfC\u00f3mo podemos ayudarle a conectar con su p\u00fablico diana? [\/vc_column_text][vc_row_inner equal_height=\u00bbyes\u00bb css=\u00bb.vc_custom_1676920495607{padding-top: 25px !important;}\u00bb][vc_column_inner width=\u00bb1\/3&#8243;][vc_column_text el_class=\u00bbsago-green-block\u00bb] Panel de Sago Es importante tener acceso a un amplio grupo de encuestados de los que recopilar sus datos, por lo que empleamos numerosas t\u00e9cnicas tradicionales e innovadoras para [&hellip;]<\/p>\n","protected":false},"author":6,"featured_media":49556,"parent":7205,"menu_order":0,"comment_status":"closed","ping_status":"closed","template":"solutions-page.php","meta":{"_acf_changed":false,"content-type":"","footnotes":""},"categories":[],"tags":[],"city":[],"class_list":["post-51014","page","type-page","status-publish","has-post-thumbnail","hentry"],"acf":[],"yoast_head":"<!-- This site is optimized with the Yoast SEO Premium plugin v19.7 (Yoast SEO v27.3) - https:\/\/yoast.com\/product\/yoast-seo-premium-wordpress\/ -->\n<title>Audiencia | Sago<\/title>\n<meta name=\"robots\" content=\"noindex, follow, max-snippet:-1, max-image-preview:large, max-video-preview:-1\" \/>\n<meta property=\"og:locale\" content=\"es_ES\" \/>\n<meta property=\"og:type\" content=\"article\" \/>\n<meta property=\"og:title\" content=\"Audiencia\" \/>\n<meta property=\"og:description\" content=\"[vc_row section_skin=\u00bbquaternary\u00bb animation_type=\u00bbfadeInUp\u00bb css=\u00bb.vc_custom_1676653042688{padding-top: 50px !important;padding-bottom: 50px !important;}\u00bb conditional_render=\u00bb%5B%7B%22value_role%22%3A%22administrator%22%7D%5D\u00bb][vc_column conditional_render=\u00bb%5B%7B%22value_role%22%3A%22administrator%22%7D%5D\u00bb][vc_column_text] \u00bfC\u00f3mo podemos ayudarle a conectar con su p\u00fablico diana? [\/vc_column_text][vc_row_inner equal_height=\u00bbyes\u00bb css=\u00bb.vc_custom_1676920495607{padding-top: 25px !important;}\u00bb][vc_column_inner width=\u00bb1\/3&#8243;][vc_column_text el_class=\u00bbsago-green-block\u00bb] Panel de Sago Es importante tener acceso a un amplio grupo de encuestados de los que recopilar sus datos, por lo que empleamos numerosas t\u00e9cnicas tradicionales e innovadoras para [&hellip;]\" \/>\n<meta property=\"og:url\" content=\"https:\/\/staging.sago.com\/es\/soluciones\/audiencia\/\" \/>\n<meta property=\"og:site_name\" content=\"Sago\" \/>\n<meta property=\"article:publisher\" content=\"https:\/\/www.facebook.com\/sagomrx\" \/>\n<meta property=\"article:modified_time\" content=\"2023-03-01T05:21:32+00:00\" \/>\n<meta property=\"og:image\" content=\"https:\/\/staging.sago.com\/wp-content\/uploads\/2023\/01\/Simplify-Your-Research-Connections-with-Methodify.png\" \/>\n\t<meta property=\"og:image:width\" content=\"800\" \/>\n\t<meta property=\"og:image:height\" content=\"533\" \/>\n\t<meta property=\"og:image:type\" content=\"image\/png\" \/>\n<meta name=\"twitter:card\" content=\"summary_large_image\" \/>\n<meta name=\"twitter:site\" content=\"@sagomrx\" \/>\n<meta name=\"twitter:label1\" content=\"Tiempo de lectura\" \/>\n\t<meta name=\"twitter:data1\" content=\"2 minutos\" \/>\n<script type=\"application\/ld+json\" class=\"yoast-schema-graph\">{\"@context\":\"https:\\\/\\\/schema.org\",\"@graph\":[{\"@type\":\"WebPage\",\"@id\":\"https:\\\/\\\/staging.sago.com\\\/es\\\/soluciones\\\/audiencia\\\/\",\"url\":\"https:\\\/\\\/staging.sago.com\\\/es\\\/soluciones\\\/audiencia\\\/\",\"name\":\"Audiencia | Sago\",\"isPartOf\":{\"@id\":\"https:\\\/\\\/staging.sago.com\\\/es\\\/#website\"},\"primaryImageOfPage\":{\"@id\":\"https:\\\/\\\/staging.sago.com\\\/es\\\/soluciones\\\/audiencia\\\/#primaryimage\"},\"image\":{\"@id\":\"https:\\\/\\\/staging.sago.com\\\/es\\\/soluciones\\\/audiencia\\\/#primaryimage\"},\"thumbnailUrl\":\"https:\\\/\\\/staging.sago.com\\\/wp-content\\\/uploads\\\/2023\\\/01\\\/Simplify-Your-Research-Connections-with-Methodify.png\",\"datePublished\":\"2023-02-03T14:58:26+00:00\",\"dateModified\":\"2023-03-01T05:21:32+00:00\",\"breadcrumb\":{\"@id\":\"https:\\\/\\\/staging.sago.com\\\/es\\\/soluciones\\\/audiencia\\\/#breadcrumb\"},\"inLanguage\":\"es\",\"potentialAction\":[{\"@type\":\"ReadAction\",\"target\":[\"https:\\\/\\\/staging.sago.com\\\/es\\\/soluciones\\\/audiencia\\\/\"]}]},{\"@type\":\"ImageObject\",\"inLanguage\":\"es\",\"@id\":\"https:\\\/\\\/staging.sago.com\\\/es\\\/soluciones\\\/audiencia\\\/#primaryimage\",\"url\":\"https:\\\/\\\/staging.sago.com\\\/wp-content\\\/uploads\\\/2023\\\/01\\\/Simplify-Your-Research-Connections-with-Methodify.png\",\"contentUrl\":\"https:\\\/\\\/staging.sago.com\\\/wp-content\\\/uploads\\\/2023\\\/01\\\/Simplify-Your-Research-Connections-with-Methodify.png\",\"width\":800,\"height\":533,\"caption\":\"Simplify Your Research Connections with Methodify\"},{\"@type\":\"BreadcrumbList\",\"@id\":\"https:\\\/\\\/staging.sago.com\\\/es\\\/soluciones\\\/audiencia\\\/#breadcrumb\",\"itemListElement\":[{\"@type\":\"ListItem\",\"position\":1,\"name\":\"Home\",\"item\":\"https:\\\/\\\/staging.sago.com\\\/es\\\/\"},{\"@type\":\"ListItem\",\"position\":2,\"name\":\"Audiencia\"}]},{\"@type\":\"WebSite\",\"@id\":\"https:\\\/\\\/staging.sago.com\\\/es\\\/#website\",\"url\":\"https:\\\/\\\/staging.sago.com\\\/es\\\/\",\"name\":\"Sago\",\"description\":\"Adaptable Solutions. Confident Decisions.\",\"publisher\":{\"@id\":\"https:\\\/\\\/staging.sago.com\\\/es\\\/#organization\"},\"potentialAction\":[{\"@type\":\"SearchAction\",\"target\":{\"@type\":\"EntryPoint\",\"urlTemplate\":\"https:\\\/\\\/staging.sago.com\\\/es\\\/?s={search_term_string}\"},\"query-input\":{\"@type\":\"PropertyValueSpecification\",\"valueRequired\":true,\"valueName\":\"search_term_string\"}}],\"inLanguage\":\"es\"},{\"@type\":\"Organization\",\"@id\":\"https:\\\/\\\/staging.sago.com\\\/es\\\/#organization\",\"name\":\"Sago\",\"url\":\"https:\\\/\\\/staging.sago.com\\\/es\\\/\",\"logo\":{\"@type\":\"ImageObject\",\"inLanguage\":\"es\",\"@id\":\"https:\\\/\\\/staging.sago.com\\\/es\\\/#\\\/schema\\\/logo\\\/image\\\/\",\"url\":\"https:\\\/\\\/3c98cd88ae.nxcli.io\\\/wp-content\\\/uploads\\\/2023\\\/02\\\/Sago-Standard-Logo.jpg\",\"contentUrl\":\"https:\\\/\\\/3c98cd88ae.nxcli.io\\\/wp-content\\\/uploads\\\/2023\\\/02\\\/Sago-Standard-Logo.jpg\",\"width\":200,\"height\":200,\"caption\":\"Sago\"},\"image\":{\"@id\":\"https:\\\/\\\/staging.sago.com\\\/es\\\/#\\\/schema\\\/logo\\\/image\\\/\"},\"sameAs\":[\"https:\\\/\\\/www.facebook.com\\\/sagomrx\",\"https:\\\/\\\/x.com\\\/sagomrx\",\"https:\\\/\\\/www.instagram.com\\\/sagomrx\\\/\",\"https:\\\/\\\/www.youtube.com\\\/@sago-mrx\",\"https:\\\/\\\/www.linkedin.com\\\/company\\\/sago-mrx\\\/\",\"https:\\\/\\\/vimeo.com\\\/sagomrx\"]}]}<\/script>\n<!-- \/ Yoast SEO Premium plugin. -->","yoast_head_json":{"title":"Audiencia | Sago","robots":{"index":"noindex","follow":"follow","max-snippet":"max-snippet:-1","max-image-preview":"max-image-preview:large","max-video-preview":"max-video-preview:-1"},"og_locale":"es_ES","og_type":"article","og_title":"Audiencia","og_description":"[vc_row section_skin=\u00bbquaternary\u00bb animation_type=\u00bbfadeInUp\u00bb css=\u00bb.vc_custom_1676653042688{padding-top: 50px !important;padding-bottom: 50px !important;}\u00bb conditional_render=\u00bb%5B%7B%22value_role%22%3A%22administrator%22%7D%5D\u00bb][vc_column conditional_render=\u00bb%5B%7B%22value_role%22%3A%22administrator%22%7D%5D\u00bb][vc_column_text] \u00bfC\u00f3mo podemos ayudarle a conectar con su p\u00fablico diana? [\/vc_column_text][vc_row_inner equal_height=\u00bbyes\u00bb css=\u00bb.vc_custom_1676920495607{padding-top: 25px !important;}\u00bb][vc_column_inner width=\u00bb1\/3&#8243;][vc_column_text el_class=\u00bbsago-green-block\u00bb] Panel de Sago Es importante tener acceso a un amplio grupo de encuestados de los que recopilar sus datos, por lo que empleamos numerosas t\u00e9cnicas tradicionales e innovadoras para [&hellip;]","og_url":"https:\/\/staging.sago.com\/es\/soluciones\/audiencia\/","og_site_name":"Sago","article_publisher":"https:\/\/www.facebook.com\/sagomrx","article_modified_time":"2023-03-01T05:21:32+00:00","og_image":[{"width":800,"height":533,"url":"https:\/\/staging.sago.com\/wp-content\/uploads\/2023\/01\/Simplify-Your-Research-Connections-with-Methodify.png","type":"image\/png"}],"twitter_card":"summary_large_image","twitter_site":"@sagomrx","twitter_misc":{"Tiempo de lectura":"2 minutos"},"schema":{"@context":"https:\/\/schema.org","@graph":[{"@type":"WebPage","@id":"https:\/\/staging.sago.com\/es\/soluciones\/audiencia\/","url":"https:\/\/staging.sago.com\/es\/soluciones\/audiencia\/","name":"Audiencia | Sago","isPartOf":{"@id":"https:\/\/staging.sago.com\/es\/#website"},"primaryImageOfPage":{"@id":"https:\/\/staging.sago.com\/es\/soluciones\/audiencia\/#primaryimage"},"image":{"@id":"https:\/\/staging.sago.com\/es\/soluciones\/audiencia\/#primaryimage"},"thumbnailUrl":"https:\/\/staging.sago.com\/wp-content\/uploads\/2023\/01\/Simplify-Your-Research-Connections-with-Methodify.png","datePublished":"2023-02-03T14:58:26+00:00","dateModified":"2023-03-01T05:21:32+00:00","breadcrumb":{"@id":"https:\/\/staging.sago.com\/es\/soluciones\/audiencia\/#breadcrumb"},"inLanguage":"es","potentialAction":[{"@type":"ReadAction","target":["https:\/\/staging.sago.com\/es\/soluciones\/audiencia\/"]}]},{"@type":"ImageObject","inLanguage":"es","@id":"https:\/\/staging.sago.com\/es\/soluciones\/audiencia\/#primaryimage","url":"https:\/\/staging.sago.com\/wp-content\/uploads\/2023\/01\/Simplify-Your-Research-Connections-with-Methodify.png","contentUrl":"https:\/\/staging.sago.com\/wp-content\/uploads\/2023\/01\/Simplify-Your-Research-Connections-with-Methodify.png","width":800,"height":533,"caption":"Simplify Your Research Connections with Methodify"},{"@type":"BreadcrumbList","@id":"https:\/\/staging.sago.com\/es\/soluciones\/audiencia\/#breadcrumb","itemListElement":[{"@type":"ListItem","position":1,"name":"Home","item":"https:\/\/staging.sago.com\/es\/"},{"@type":"ListItem","position":2,"name":"Audiencia"}]},{"@type":"WebSite","@id":"https:\/\/staging.sago.com\/es\/#website","url":"https:\/\/staging.sago.com\/es\/","name":"Sago","description":"Adaptable Solutions. Confident Decisions.","publisher":{"@id":"https:\/\/staging.sago.com\/es\/#organization"},"potentialAction":[{"@type":"SearchAction","target":{"@type":"EntryPoint","urlTemplate":"https:\/\/staging.sago.com\/es\/?s={search_term_string}"},"query-input":{"@type":"PropertyValueSpecification","valueRequired":true,"valueName":"search_term_string"}}],"inLanguage":"es"},{"@type":"Organization","@id":"https:\/\/staging.sago.com\/es\/#organization","name":"Sago","url":"https:\/\/staging.sago.com\/es\/","logo":{"@type":"ImageObject","inLanguage":"es","@id":"https:\/\/staging.sago.com\/es\/#\/schema\/logo\/image\/","url":"https:\/\/3c98cd88ae.nxcli.io\/wp-content\/uploads\/2023\/02\/Sago-Standard-Logo.jpg","contentUrl":"https:\/\/3c98cd88ae.nxcli.io\/wp-content\/uploads\/2023\/02\/Sago-Standard-Logo.jpg","width":200,"height":200,"caption":"Sago"},"image":{"@id":"https:\/\/staging.sago.com\/es\/#\/schema\/logo\/image\/"},"sameAs":["https:\/\/www.facebook.com\/sagomrx","https:\/\/x.com\/sagomrx","https:\/\/www.instagram.com\/sagomrx\/","https:\/\/www.youtube.com\/@sago-mrx","https:\/\/www.linkedin.com\/company\/sago-mrx\/","https:\/\/vimeo.com\/sagomrx"]}]}},"_links":{"self":[{"href":"https:\/\/staging.sago.com\/es\/wp-json\/wp\/v2\/pages\/51014","targetHints":{"allow":["GET"]}}],"collection":[{"href":"https:\/\/staging.sago.com\/es\/wp-json\/wp\/v2\/pages"}],"about":[{"href":"https:\/\/staging.sago.com\/es\/wp-json\/wp\/v2\/types\/page"}],"author":[{"embeddable":true,"href":"https:\/\/staging.sago.com\/es\/wp-json\/wp\/v2\/users\/6"}],"replies":[{"embeddable":true,"href":"https:\/\/staging.sago.com\/es\/wp-json\/wp\/v2\/comments?post=51014"}],"version-history":[{"count":0,"href":"https:\/\/staging.sago.com\/es\/wp-json\/wp\/v2\/pages\/51014\/revisions"}],"up":[{"embeddable":true,"href":"https:\/\/staging.sago.com\/es\/wp-json\/wp\/v2\/pages\/7205"}],"wp:featuredmedia":[{"embeddable":true,"href":"https:\/\/staging.sago.com\/es\/wp-json\/wp\/v2\/media\/49556"}],"wp:attachment":[{"href":"https:\/\/staging.sago.com\/es\/wp-json\/wp\/v2\/media?parent=51014"}],"wp:term":[{"taxonomy":"category","embeddable":true,"href":"https:\/\/staging.sago.com\/es\/wp-json\/wp\/v2\/categories?post=51014"},{"taxonomy":"post_tag","embeddable":true,"href":"https:\/\/staging.sago.com\/es\/wp-json\/wp\/v2\/tags?post=51014"},{"taxonomy":"city","embeddable":true,"href":"https:\/\/staging.sago.com\/es\/wp-json\/wp\/v2\/city?post=51014"}],"curies":[{"name":"wp","href":"https:\/\/api.w.org\/{rel}","templated":true}]}}