{"id":7289,"date":"2017-01-25T20:03:29","date_gmt":"2017-01-25T20:03:29","guid":{"rendered":"https:\/\/1aa340fc3d.nxcli.io\/\/stagingget-in-touch\/join-our-panel\/"},"modified":"2024-01-09T14:10:13","modified_gmt":"2024-01-09T19:10:13","slug":"registrieren-im-panel","status":"publish","type":"page","link":"https:\/\/staging.sago.com\/de\/kontakt\/registrieren-im-panel\/","title":{"rendered":"Registrieren Im Panel"},"content":{"rendered":"<div class=\"wpb-content-wrapper\"><p>[vc_row section_skin=&#8220;quaternary&#8220; animation_type=&#8220;fadeInUp&#8220; css=&#8220;.vc_custom_1676659771219{padding-top: 50px !important;padding-bottom: 50px !important;}&#8220; conditional_render=&#8220;%5B%7B%22value_role%22%3A%22administrator%22%7D%5D&#8220;][vc_column conditional_render=&#8220;%5B%7B%22value_role%22%3A%22administrator%22%7D%5D&#8220;][vc_row_inner equal_height=&#8220;yes&#8220;][vc_column_inner width=&#8220;1\/3&#8243;][vc_column_text el_class=&#8220;sago-green-block&#8220;]<\/p>\n<div><img  title=\"\"  alt=\"sago\" decoding=\"async\" class=\"iconsarea\" src=\"https:\/\/staging.sago.com\/wp-content\/uploads\/2023\/02\/AudienceIcon.png\" \/><\/div>\n<h3 class=\"imp-question\">Wer kann teilnehmen?<\/h3>\n<p class=\"imp-para\">Wir suchen redegewandte, enthusiastische und ehrliche Menschen f\u00fcr unser Panel und begr\u00fc\u00dfen die Mitgliedschaft von:<\/p>\n<ul class=\"imp-para-ul\">\n<li>Verbrauchern<\/li>\n<li>Fachleuten aus der Wirtschaft<\/li>\n<li>Fachkr\u00e4fte im Gesundheitswesen<\/li>\n<li>Patienten<\/li>\n<li>Pflegepersonal<\/li>\n<\/ul>\n<p>[\/vc_column_text][\/vc_column_inner][vc_column_inner width=&#8220;1\/3&#8243;][vc_column_text el_class=&#8220;sago-green-block&#8220;]<\/p>\n<div><img  title=\"\"  alt=\"sago\" decoding=\"async\" class=\"iconsarea\" src=\"https:\/\/staging.sago.com\/wp-content\/uploads\/2023\/02\/QualitativeIcon.png\" \/><\/div>\n<h3 class=\"imp-question\">Wie kann ich mich beteiligen?<\/h3>\n<p class=\"imp-para\">Unsere Panelmitglieder nehmen auf unterschiedliche Weise an Marktforschungsstudien teil.<\/p>\n<ul class=\"imp-para-ul\">\n<li>Durch eine Online-Umfrage<\/li>\n<li>Am Telefon, zu einer vereinbarten Zeit<\/li>\n<li>Bei pers\u00f6nlichen Gruppendiskussionen oder Interviews<\/li>\n<li>Als Mitglied einer Online-Community<\/li>\n<li>Durch den Erhalt von Produkten zum Testen<\/li>\n<\/ul>\n<p>[\/vc_column_text][\/vc_column_inner][vc_column_inner width=&#8220;1\/3&#8243;][vc_column_text el_class=&#8220;sago-green-block&#8220;]<\/p>\n<div><img  title=\"\"  alt=\"sago\" decoding=\"async\" class=\"iconsarea\" src=\"https:\/\/staging.sago.com\/wp-content\/uploads\/2023\/02\/QualitativeIcon.png\" \/><\/div>\n<h3 class=\"imp-question\">Bereit zum Beitritt?<\/h3>\n<p class=\"imp-para\">W\u00e4hlen Sie unten Ihren Standort aus, um loszulegen. Sie werden auf die Panel-Website weitergeleitet, wo Sie aufgefordert werden, Ihr Profil zu erstellen, um wertvolle Pr\u00e4mien zu verdienen!<\/p>\n<p class=\"imp-para\"><strong>Noch Fragen?<br \/>\n<\/strong>Sehen Sie sich unsere FAQs an oder wenden Sie sich an ein Mitglied unseres Teams.<\/p>\n<p>[\/vc_column_text][\/vc_column_inner][\/vc_row_inner][\/vc_column][\/vc_row][vc_row full_width=&#8220;stretch_row&#8220; gap=&#8220;35&#8243; css=&#8220;.vc_custom_1676748099548{padding-top: 50px !important;padding-bottom: 50px !important;}&#8220; conditional_render=&#8220;%5B%7B%22value_role%22%3A%22administrator%22%7D%5D&#8220;][vc_column][vc_row_inner css=&#8220;.vc_custom_1676635359167{padding-bottom: 25px !important;}&#8220;][vc_column_inner width=&#8220;1\/4&#8243;][vc_column_text]<\/p>\n<p style=\"text-align: left;\"><strong>GERMANY<\/strong><\/p>\n<p><img  title=\"\" loading=\"lazy\" decoding=\"async\" class=\"alignnone wp-image-52440\" src=\"https:\/\/staging.sago.com\/wp-content\/uploads\/2023\/02\/Sag-uns-die-meinung--e1676634635945-300x26.png\"  alt=\"sago\"  width=\"275\" height=\"24\" \/><\/p>\n<p style=\"text-align: left;\"><a class=\"button\" href=\"https:\/\/www.sagunsdiemeinung.de\/Account\/Join?source=49836\">Join our panel<\/a><\/p>\n<p>[\/vc_column_text][\/vc_column_inner][vc_column_inner width=&#8220;1\/4&#8243;][vc_column_text]<\/p>\n<p style=\"text-align: left;\"><strong>CANADA<\/strong><\/p>\n<p><img  title=\"\" loading=\"lazy\" decoding=\"async\" class=\"alignnone wp-image-52420\" src=\"https:\/\/staging.sago.com\/wp-content\/uploads\/2023\/02\/Asking-Canadians-e1676634265568-300x30.png\"  alt=\"sago\"  width=\"239\" height=\"24\" \/><\/p>\n<p><a class=\"button\" href=\"https:\/\/portal.askingcanadiansprojects.com\/register\">Join our panel<\/a>[\/vc_column_text][\/vc_column_inner][vc_column_inner width=&#8220;1\/4&#8243;][vc_column_text]<\/p>\n<p style=\"text-align: left;\"><strong>UNITED KINGDOM<\/strong><\/p>\n<p><img  title=\"\" loading=\"lazy\" decoding=\"async\" class=\"wp-image-52428 alignnone\" src=\"https:\/\/staging.sago.com\/wp-content\/uploads\/2023\/02\/Inspired-Opinions-e1676634411975-300x31.png\"  alt=\"sago\"  width=\"235\" height=\"24\" \/><\/p>\n<p><a class=\"button\" href=\"https:\/\/www.inspiredopinions.co.uk\/Account\/Join?source=49836\">Join our panel<\/a>[\/vc_column_text][\/vc_column_inner][vc_column_inner width=&#8220;1\/4&#8243;][vc_column_text]<\/p>\n<p style=\"text-align: left;\"><strong>USA<\/strong><\/p>\n<p><img  title=\"\" loading=\"lazy\" decoding=\"async\" class=\"wp-image-52424 alignnone\" src=\"https:\/\/staging.sago.com\/wp-content\/uploads\/2023\/02\/Focus-Group-e1676634137536-300x39.png\"  alt=\"sago\"  width=\"182\" height=\"24\" \/><\/p>\n<p><a class=\"button\" href=\"https:\/\/www.focusgroup.com\/Account\/Join?source=49836\">Join our panel<\/a>[\/vc_column_text][\/vc_column_inner][\/vc_row_inner][vc_row_inner css=&#8220;.vc_custom_1676631905511{padding-top: 25px !important;}&#8220;][vc_column_inner width=&#8220;1\/4&#8243;][vc_column_text]<\/p>\n<p style=\"text-align: left;\"><strong>FRANCE<\/strong><\/p>\n<p><img  title=\"\" loading=\"lazy\" decoding=\"async\" class=\"alignnone wp-image-52432\" src=\"https:\/\/staging.sago.com\/wp-content\/uploads\/2023\/02\/Opinions-Partagees-e1676634518887-300x28.png\"  alt=\"sago\"  width=\"255\" height=\"24\" \/><\/p>\n<p><a class=\"button\" href=\"https:\/\/www.opinionspartagees.fr\/Account\/Join?source=49836\">Join our panel<\/a>[\/vc_column_text][\/vc_column_inner][vc_column_inner width=&#8220;1\/4&#8243;][vc_column_text]<\/p>\n<p style=\"text-align: left;\"><strong>SPAIN<\/strong><\/p>\n<p><img  title=\"\" loading=\"lazy\" decoding=\"async\" class=\"alignnone wp-image-52436\" src=\"https:\/\/staging.sago.com\/wp-content\/uploads\/2023\/02\/Personas-con-opinions-300x24.png\"  alt=\"sago\"  width=\"300\" height=\"24\" \/><\/p>\n<p><a class=\"button\" href=\"https:\/\/www.personasconopinion.com\/Account\/Join?source=49836\">Join our panel<\/a>[\/vc_column_text][\/vc_column_inner][vc_column_inner width=&#8220;1\/4&#8243;][\/vc_column_inner][vc_column_inner width=&#8220;1\/4&#8243;][\/vc_column_inner][\/vc_row_inner][\/vc_column][\/vc_row][vc_row gap=&#8220;35&#8243; equal_height=&#8220;yes&#8220; conditional_render=&#8220;%5B%7B%22value_role%22%3A%22administrator%22%7D%5D&#8220; css=&#8220;.vc_custom_1676920465274{padding-top: 50px !important;padding-bottom: 50px !important;}&#8220;][vc_column width=&#8220;1\/2&#8243; css=&#8220;.vc_custom_1676239417174{padding-right: 0px !important;padding-left: 0px !important;}&#8220; conditional_render=&#8220;%5B%7B%22value_role%22%3A%22administrator%22%7D%5D&#8220;][vc_column_text el_class=&#8220;calloutmatte&#8220;]<\/p>\n<h3 style=\"text-align: left;\">Don&#8217;t see your country listed here?<\/h3>\n<p style=\"text-align: left;\">Check out our global panel, SayMore.<\/p>\n<p style=\"text-align: left;\"><a class=\"button\" href=\"https:\/\/www.saymore.io\/Account\/Join\">Learn more<\/a><\/p>\n<p>[\/vc_column_text][vc_row_inner][vc_column_inner][\/vc_column_inner][\/vc_row_inner][\/vc_column][vc_column width=&#8220;1\/2&#8243;][vc_column_text el_class=&#8220;calloutmatte&#8220;]<\/p>\n<h3>Vorsicht vor Betr\u00fcgern<\/h3>\n<p>Lernen Sie die Grundlagen, um sich vor betr\u00fcgerischen Marktforschungsstudien zu sch\u00fctzen.<\/p>\n<p style=\"text-align: left;\"><a class=\"button\" href=\"https:\/\/staging.sago.com\/de\/schuetzen-sie-sich-vor-betruegern\/\" target=\"_blank\" rel=\"noopener\">Erfahren sie mehr<\/a><\/p>\n<p>[\/vc_column_text][\/vc_column][\/vc_row]<\/p>\n<\/div>","protected":false},"excerpt":{"rendered":"<p>[vc_row section_skin=&#8220;quaternary&#8220; animation_type=&#8220;fadeInUp&#8220; css=&#8220;.vc_custom_1676659771219{padding-top: 50px !important;padding-bottom: 50px !important;}&#8220; conditional_render=&#8220;%5B%7B%22value_role%22%3A%22administrator%22%7D%5D&#8220;][vc_column conditional_render=&#8220;%5B%7B%22value_role%22%3A%22administrator%22%7D%5D&#8220;][vc_row_inner equal_height=&#8220;yes&#8220;][vc_column_inner width=&#8220;1\/3&#8243;][vc_column_text el_class=&#8220;sago-green-block&#8220;] Wer kann teilnehmen? Wir suchen redegewandte, enthusiastische und ehrliche Menschen f\u00fcr unser Panel und begr\u00fc\u00dfen die Mitgliedschaft von: Verbrauchern Fachleuten aus der Wirtschaft Fachkr\u00e4fte im Gesundheitswesen Patienten Pflegepersonal [\/vc_column_text][\/vc_column_inner][vc_column_inner width=&#8220;1\/3&#8243;][vc_column_text el_class=&#8220;sago-green-block&#8220;] Wie kann ich mich beteiligen? Unsere Panelmitglieder nehmen auf unterschiedliche Weise [&hellip;]<\/p>\n","protected":false},"author":6,"featured_media":49824,"parent":7126,"menu_order":4,"comment_status":"closed","ping_status":"closed","template":"who-we-are.php","meta":{"_acf_changed":false,"content-type":"","footnotes":""},"categories":[],"tags":[],"city":[],"class_list":["post-7289","page","type-page","status-publish","has-post-thumbnail","hentry"],"acf":[],"yoast_head":"<!-- This site is optimized with the Yoast SEO Premium plugin v19.7 (Yoast SEO v27.3) - https:\/\/yoast.com\/product\/yoast-seo-premium-wordpress\/ -->\n<title>Wir bezahlen Sie f\u00fcr Ihre Ansichten | Sag uns die Meinung!<\/title>\n<meta name=\"description\" content=\"Unser Panel in Deutschland, Sag uns die Meinung! von Schlesinger, wird Sie f\u00fcr Ihre Ansichten und Erfahrungen bezahlen. Registrieren Sie sich f\u00fcr die Teilnahme an Fokusgruppen, Telefoninterviews und Online-Umfragen.\" \/>\n<meta name=\"robots\" content=\"noindex, follow, max-snippet:-1, max-image-preview:large, max-video-preview:-1\" \/>\n<meta property=\"og:locale\" content=\"de_DE\" \/>\n<meta property=\"og:type\" content=\"article\" \/>\n<meta property=\"og:title\" content=\"Registrieren Im Panel\" \/>\n<meta property=\"og:description\" content=\"Unser Panel in Deutschland, Sag uns die Meinung! von Schlesinger, wird Sie f\u00fcr Ihre Ansichten und Erfahrungen bezahlen. Registrieren Sie sich f\u00fcr die Teilnahme an Fokusgruppen, Telefoninterviews und Online-Umfragen.\" \/>\n<meta property=\"og:url\" content=\"https:\/\/staging.sago.com\/de\/kontakt\/registrieren-im-panel\/\" \/>\n<meta property=\"og:site_name\" content=\"Sago\" \/>\n<meta property=\"article:publisher\" content=\"https:\/\/www.facebook.com\/sagomrx\" \/>\n<meta property=\"article:modified_time\" content=\"2024-01-09T19:10:13+00:00\" \/>\n<meta property=\"og:image\" content=\"https:\/\/staging.sago.com\/wp-content\/uploads\/2023\/01\/shutterstock_708814942.jpg\" \/>\n\t<meta property=\"og:image:width\" content=\"800\" \/>\n\t<meta property=\"og:image:height\" content=\"533\" \/>\n\t<meta property=\"og:image:type\" content=\"image\/jpeg\" \/>\n<meta name=\"twitter:card\" content=\"summary_large_image\" \/>\n<meta name=\"twitter:site\" content=\"@sagomrx\" \/>\n<meta name=\"twitter:label1\" content=\"Gesch\u00e4tzte Lesezeit\" \/>\n\t<meta name=\"twitter:data1\" content=\"4\u00a0Minuten\" \/>\n<script type=\"application\/ld+json\" class=\"yoast-schema-graph\">{\"@context\":\"https:\\\/\\\/schema.org\",\"@graph\":[{\"@type\":\"WebPage\",\"@id\":\"https:\\\/\\\/staging.sago.com\\\/de\\\/kontakt\\\/registrieren-im-panel\\\/\",\"url\":\"https:\\\/\\\/staging.sago.com\\\/de\\\/kontakt\\\/registrieren-im-panel\\\/\",\"name\":\"Wir bezahlen Sie f\u00fcr Ihre Ansichten | Sag uns die Meinung!\",\"isPartOf\":{\"@id\":\"https:\\\/\\\/staging.sago.com\\\/de\\\/#website\"},\"primaryImageOfPage\":{\"@id\":\"https:\\\/\\\/staging.sago.com\\\/de\\\/kontakt\\\/registrieren-im-panel\\\/#primaryimage\"},\"image\":{\"@id\":\"https:\\\/\\\/staging.sago.com\\\/de\\\/kontakt\\\/registrieren-im-panel\\\/#primaryimage\"},\"thumbnailUrl\":\"https:\\\/\\\/staging.sago.com\\\/wp-content\\\/uploads\\\/2023\\\/01\\\/shutterstock_708814942.jpg\",\"datePublished\":\"2017-01-25T20:03:29+00:00\",\"dateModified\":\"2024-01-09T19:10:13+00:00\",\"description\":\"Unser Panel in Deutschland, Sag uns die Meinung! von Schlesinger, wird Sie f\u00fcr Ihre Ansichten und Erfahrungen bezahlen. Registrieren Sie sich f\u00fcr die Teilnahme an Fokusgruppen, Telefoninterviews und Online-Umfragen.\",\"breadcrumb\":{\"@id\":\"https:\\\/\\\/staging.sago.com\\\/de\\\/kontakt\\\/registrieren-im-panel\\\/#breadcrumb\"},\"inLanguage\":\"de\",\"potentialAction\":[{\"@type\":\"ReadAction\",\"target\":[\"https:\\\/\\\/staging.sago.com\\\/de\\\/kontakt\\\/registrieren-im-panel\\\/\"]}]},{\"@type\":\"ImageObject\",\"inLanguage\":\"de\",\"@id\":\"https:\\\/\\\/staging.sago.com\\\/de\\\/kontakt\\\/registrieren-im-panel\\\/#primaryimage\",\"url\":\"https:\\\/\\\/staging.sago.com\\\/wp-content\\\/uploads\\\/2023\\\/01\\\/shutterstock_708814942.jpg\",\"contentUrl\":\"https:\\\/\\\/staging.sago.com\\\/wp-content\\\/uploads\\\/2023\\\/01\\\/shutterstock_708814942.jpg\",\"width\":800,\"height\":533},{\"@type\":\"BreadcrumbList\",\"@id\":\"https:\\\/\\\/staging.sago.com\\\/de\\\/kontakt\\\/registrieren-im-panel\\\/#breadcrumb\",\"itemListElement\":[{\"@type\":\"ListItem\",\"position\":1,\"name\":\"Home\",\"item\":\"https:\\\/\\\/staging.sago.com\\\/de\\\/\"},{\"@type\":\"ListItem\",\"position\":2,\"name\":\"Registrieren Im Panel\"}]},{\"@type\":\"WebSite\",\"@id\":\"https:\\\/\\\/staging.sago.com\\\/de\\\/#website\",\"url\":\"https:\\\/\\\/staging.sago.com\\\/de\\\/\",\"name\":\"Sago\",\"description\":\"Adaptable Solutions. Confident Decisions.\",\"publisher\":{\"@id\":\"https:\\\/\\\/staging.sago.com\\\/de\\\/#organization\"},\"potentialAction\":[{\"@type\":\"SearchAction\",\"target\":{\"@type\":\"EntryPoint\",\"urlTemplate\":\"https:\\\/\\\/staging.sago.com\\\/de\\\/?s={search_term_string}\"},\"query-input\":{\"@type\":\"PropertyValueSpecification\",\"valueRequired\":true,\"valueName\":\"search_term_string\"}}],\"inLanguage\":\"de\"},{\"@type\":\"Organization\",\"@id\":\"https:\\\/\\\/staging.sago.com\\\/de\\\/#organization\",\"name\":\"Sago\",\"url\":\"https:\\\/\\\/staging.sago.com\\\/de\\\/\",\"logo\":{\"@type\":\"ImageObject\",\"inLanguage\":\"de\",\"@id\":\"https:\\\/\\\/staging.sago.com\\\/de\\\/#\\\/schema\\\/logo\\\/image\\\/\",\"url\":\"https:\\\/\\\/3c98cd88ae.nxcli.io\\\/wp-content\\\/uploads\\\/2023\\\/02\\\/Sago-Standard-Logo.jpg\",\"contentUrl\":\"https:\\\/\\\/3c98cd88ae.nxcli.io\\\/wp-content\\\/uploads\\\/2023\\\/02\\\/Sago-Standard-Logo.jpg\",\"width\":200,\"height\":200,\"caption\":\"Sago\"},\"image\":{\"@id\":\"https:\\\/\\\/staging.sago.com\\\/de\\\/#\\\/schema\\\/logo\\\/image\\\/\"},\"sameAs\":[\"https:\\\/\\\/www.facebook.com\\\/sagomrx\",\"https:\\\/\\\/x.com\\\/sagomrx\",\"https:\\\/\\\/www.instagram.com\\\/sagomrx\\\/\",\"https:\\\/\\\/www.youtube.com\\\/@sago-mrx\",\"https:\\\/\\\/www.linkedin.com\\\/company\\\/sago-mrx\\\/\",\"https:\\\/\\\/vimeo.com\\\/sagomrx\"]}]}<\/script>\n<!-- \/ Yoast SEO Premium plugin. -->","yoast_head_json":{"title":"Wir bezahlen Sie f\u00fcr Ihre Ansichten | Sag uns die Meinung!","description":"Unser Panel in Deutschland, Sag uns die Meinung! von Schlesinger, wird Sie f\u00fcr Ihre Ansichten und Erfahrungen bezahlen. Registrieren Sie sich f\u00fcr die Teilnahme an Fokusgruppen, Telefoninterviews und Online-Umfragen.","robots":{"index":"noindex","follow":"follow","max-snippet":"max-snippet:-1","max-image-preview":"max-image-preview:large","max-video-preview":"max-video-preview:-1"},"og_locale":"de_DE","og_type":"article","og_title":"Registrieren Im Panel","og_description":"Unser Panel in Deutschland, Sag uns die Meinung! von Schlesinger, wird Sie f\u00fcr Ihre Ansichten und Erfahrungen bezahlen. Registrieren Sie sich f\u00fcr die Teilnahme an Fokusgruppen, Telefoninterviews und Online-Umfragen.","og_url":"https:\/\/staging.sago.com\/de\/kontakt\/registrieren-im-panel\/","og_site_name":"Sago","article_publisher":"https:\/\/www.facebook.com\/sagomrx","article_modified_time":"2024-01-09T19:10:13+00:00","og_image":[{"width":800,"height":533,"url":"https:\/\/staging.sago.com\/wp-content\/uploads\/2023\/01\/shutterstock_708814942.jpg","type":"image\/jpeg"}],"twitter_card":"summary_large_image","twitter_site":"@sagomrx","twitter_misc":{"Gesch\u00e4tzte Lesezeit":"4\u00a0Minuten"},"schema":{"@context":"https:\/\/schema.org","@graph":[{"@type":"WebPage","@id":"https:\/\/staging.sago.com\/de\/kontakt\/registrieren-im-panel\/","url":"https:\/\/staging.sago.com\/de\/kontakt\/registrieren-im-panel\/","name":"Wir bezahlen Sie f\u00fcr Ihre Ansichten | Sag uns die Meinung!","isPartOf":{"@id":"https:\/\/staging.sago.com\/de\/#website"},"primaryImageOfPage":{"@id":"https:\/\/staging.sago.com\/de\/kontakt\/registrieren-im-panel\/#primaryimage"},"image":{"@id":"https:\/\/staging.sago.com\/de\/kontakt\/registrieren-im-panel\/#primaryimage"},"thumbnailUrl":"https:\/\/staging.sago.com\/wp-content\/uploads\/2023\/01\/shutterstock_708814942.jpg","datePublished":"2017-01-25T20:03:29+00:00","dateModified":"2024-01-09T19:10:13+00:00","description":"Unser Panel in Deutschland, Sag uns die Meinung! von Schlesinger, wird Sie f\u00fcr Ihre Ansichten und Erfahrungen bezahlen. Registrieren Sie sich f\u00fcr die Teilnahme an Fokusgruppen, Telefoninterviews und Online-Umfragen.","breadcrumb":{"@id":"https:\/\/staging.sago.com\/de\/kontakt\/registrieren-im-panel\/#breadcrumb"},"inLanguage":"de","potentialAction":[{"@type":"ReadAction","target":["https:\/\/staging.sago.com\/de\/kontakt\/registrieren-im-panel\/"]}]},{"@type":"ImageObject","inLanguage":"de","@id":"https:\/\/staging.sago.com\/de\/kontakt\/registrieren-im-panel\/#primaryimage","url":"https:\/\/staging.sago.com\/wp-content\/uploads\/2023\/01\/shutterstock_708814942.jpg","contentUrl":"https:\/\/staging.sago.com\/wp-content\/uploads\/2023\/01\/shutterstock_708814942.jpg","width":800,"height":533},{"@type":"BreadcrumbList","@id":"https:\/\/staging.sago.com\/de\/kontakt\/registrieren-im-panel\/#breadcrumb","itemListElement":[{"@type":"ListItem","position":1,"name":"Home","item":"https:\/\/staging.sago.com\/de\/"},{"@type":"ListItem","position":2,"name":"Registrieren Im Panel"}]},{"@type":"WebSite","@id":"https:\/\/staging.sago.com\/de\/#website","url":"https:\/\/staging.sago.com\/de\/","name":"Sago","description":"Adaptable Solutions. Confident Decisions.","publisher":{"@id":"https:\/\/staging.sago.com\/de\/#organization"},"potentialAction":[{"@type":"SearchAction","target":{"@type":"EntryPoint","urlTemplate":"https:\/\/staging.sago.com\/de\/?s={search_term_string}"},"query-input":{"@type":"PropertyValueSpecification","valueRequired":true,"valueName":"search_term_string"}}],"inLanguage":"de"},{"@type":"Organization","@id":"https:\/\/staging.sago.com\/de\/#organization","name":"Sago","url":"https:\/\/staging.sago.com\/de\/","logo":{"@type":"ImageObject","inLanguage":"de","@id":"https:\/\/staging.sago.com\/de\/#\/schema\/logo\/image\/","url":"https:\/\/3c98cd88ae.nxcli.io\/wp-content\/uploads\/2023\/02\/Sago-Standard-Logo.jpg","contentUrl":"https:\/\/3c98cd88ae.nxcli.io\/wp-content\/uploads\/2023\/02\/Sago-Standard-Logo.jpg","width":200,"height":200,"caption":"Sago"},"image":{"@id":"https:\/\/staging.sago.com\/de\/#\/schema\/logo\/image\/"},"sameAs":["https:\/\/www.facebook.com\/sagomrx","https:\/\/x.com\/sagomrx","https:\/\/www.instagram.com\/sagomrx\/","https:\/\/www.youtube.com\/@sago-mrx","https:\/\/www.linkedin.com\/company\/sago-mrx\/","https:\/\/vimeo.com\/sagomrx"]}]}},"_links":{"self":[{"href":"https:\/\/staging.sago.com\/de\/wp-json\/wp\/v2\/pages\/7289","targetHints":{"allow":["GET"]}}],"collection":[{"href":"https:\/\/staging.sago.com\/de\/wp-json\/wp\/v2\/pages"}],"about":[{"href":"https:\/\/staging.sago.com\/de\/wp-json\/wp\/v2\/types\/page"}],"author":[{"embeddable":true,"href":"https:\/\/staging.sago.com\/de\/wp-json\/wp\/v2\/users\/6"}],"replies":[{"embeddable":true,"href":"https:\/\/staging.sago.com\/de\/wp-json\/wp\/v2\/comments?post=7289"}],"version-history":[{"count":0,"href":"https:\/\/staging.sago.com\/de\/wp-json\/wp\/v2\/pages\/7289\/revisions"}],"up":[{"embeddable":true,"href":"https:\/\/staging.sago.com\/de\/wp-json\/wp\/v2\/pages\/7126"}],"wp:featuredmedia":[{"embeddable":true,"href":"https:\/\/staging.sago.com\/de\/wp-json\/wp\/v2\/media\/49824"}],"wp:attachment":[{"href":"https:\/\/staging.sago.com\/de\/wp-json\/wp\/v2\/media?parent=7289"}],"wp:term":[{"taxonomy":"category","embeddable":true,"href":"https:\/\/staging.sago.com\/de\/wp-json\/wp\/v2\/categories?post=7289"},{"taxonomy":"post_tag","embeddable":true,"href":"https:\/\/staging.sago.com\/de\/wp-json\/wp\/v2\/tags?post=7289"},{"taxonomy":"city","embeddable":true,"href":"https:\/\/staging.sago.com\/de\/wp-json\/wp\/v2\/city?post=7289"}],"curies":[{"name":"wp","href":"https:\/\/api.w.org\/{rel}","templated":true}]}}