{"id":7273,"date":"2017-01-25T20:00:22","date_gmt":"2017-01-25T20:00:22","guid":{"rendered":"https:\/\/1aa340fc3d.nxcli.io\/\/stagingget-in-touch\/request-a-bid\/"},"modified":"2025-12-22T02:07:41","modified_gmt":"2025-12-22T07:07:41","slug":"angebotsanfrage","status":"publish","type":"page","link":"https:\/\/staging.sago.com\/de\/kontakt\/angebotsanfrage\/","title":{"rendered":"Angebotsanfrage"},"content":{"rendered":"<div class=\"wpb-content-wrapper\"><p>[vc_row full_width=&#8220;stretch_row&#8220; css=&#8220;.vc_custom_1676986106982{background-color: #6bc073 !important;}&#8220; conditional_render=&#8220;%5B%7B%22value_role%22%3A%22administrator%22%7D%5D&#8220; el_class=&#8220;formmainrow&#8220;][vc_column][vc_row_inner][vc_column_inner][vc_empty_space height=&#8220;70px&#8220;][\/vc_column_inner][\/vc_row_inner][vc_row_inner css=&#8220;.vc_custom_1676752193298{padding-top: 50px !important;}&#8220;][vc_column_inner width=&#8220;1\/2&#8243;][vc_column_text css=&#8220;.vc_custom_1676985935238{padding-right: 20px !important;padding-left: 20px !important;}&#8220;]<\/p>\n<h1 class=\"white-text\">Angebotsanfrage<\/h1>\n<h2 class=\"white-text\">Great Data Starts Here<\/h2>\n<p class=\"white-text\">Wir w\u00fcrden uns freuen, Ihnen ein Angebot f\u00fcr eine Studie zu erstellen. Gern helfen wir aber auch bei allgemeinen Anfragen weiter. Bitte f\u00fcllen Sie das nebenstehende Anfrageformular aus, damit wir Ihnen schnellstm\u00f6glich Antwort geben k\u00f6nnen.<\/p>\n<p>[\/vc_column_text][\/vc_column_inner][vc_column_inner width=&#8220;1\/2&#8243;][vc_raw_js]JTNDc2NyaXB0JTIwc3JjJTNEJTIyaHR0cHMlM0ElMkYlMkZqcy1uYTIuaHNmb3Jtcy5uZXQlMkZmb3JtcyUyRmVtYmVkJTJGZGV2ZWxvcGVyJTJGMjQzNjk3MzM2LmpzJTIyJTIwZGVmZXIlM0UlM0MlMkZzY3JpcHQlM0UlMEQlMEElM0NkaXYlMjBjbGFzcyUzRCUyMmhzLWZvcm0taHRtbCUyMiUyMGRhdGEtcmVnaW9uJTNEJTIybmEyJTIyJTIwZGF0YS1mb3JtLWlkJTNEJTIyOGJmMDgzZjQtZTgzMC00YjZhLTlkMzgtMDNjZmI2MmViMGQyJTIyJTIwZGF0YS1wb3J0YWwtaWQlM0QlMjIyNDM2OTczMzYlMjIlM0UlM0MlMkZkaXYlM0U=[\/vc_raw_js][\/vc_column_inner][\/vc_row_inner][vc_row_inner][vc_column_inner][vc_empty_space height=&#8220;70px&#8220;][\/vc_column_inner][\/vc_row_inner][\/vc_column][\/vc_row]<\/p>\n<\/div>","protected":false},"excerpt":{"rendered":"<p>[vc_row full_width=&#8220;stretch_row&#8220; css=&#8220;.vc_custom_1676986106982{background-color: #6bc073 !important;}&#8220; conditional_render=&#8220;%5B%7B%22value_role%22%3A%22administrator%22%7D%5D&#8220; el_class=&#8220;formmainrow&#8220;][vc_column][vc_row_inner][vc_column_inner][vc_empty_space height=&#8220;70px&#8220;][\/vc_column_inner][\/vc_row_inner][vc_row_inner css=&#8220;.vc_custom_1676752193298{padding-top: 50px !important;}&#8220;][vc_column_inner width=&#8220;1\/2&#8243;][vc_column_text css=&#8220;.vc_custom_1676985935238{padding-right: 20px !important;padding-left: 20px !important;}&#8220;] Angebotsanfrage Great Data Starts Here Wir w\u00fcrden uns freuen, Ihnen ein Angebot f\u00fcr eine Studie zu erstellen. Gern helfen wir aber auch bei allgemeinen Anfragen weiter. Bitte f\u00fcllen Sie das nebenstehende Anfrageformular aus, damit wir Ihnen schnellstm\u00f6glich Antwort [&hellip;]<\/p>\n","protected":false},"author":6,"featured_media":51330,"parent":7126,"menu_order":2,"comment_status":"closed","ping_status":"closed","template":"","meta":{"_acf_changed":false,"content-type":"","footnotes":""},"categories":[],"tags":[],"city":[],"class_list":["post-7273","page","type-page","status-publish","has-post-thumbnail","hentry"],"acf":[],"yoast_head":"<!-- This site is optimized with the Yoast SEO Premium plugin v19.7 (Yoast SEO v27.3) - https:\/\/yoast.com\/product\/yoast-seo-premium-wordpress\/ -->\n<title>Angebotsanfrage | Sago<\/title>\n<meta name=\"robots\" content=\"noindex, follow, max-snippet:-1, max-image-preview:large, max-video-preview:-1\" \/>\n<meta property=\"og:locale\" content=\"de_DE\" \/>\n<meta property=\"og:type\" content=\"article\" \/>\n<meta property=\"og:title\" content=\"Angebotsanfrage\" \/>\n<meta property=\"og:description\" content=\"[vc_row full_width=&#8220;stretch_row&#8220; css=&#8220;.vc_custom_1676986106982{background-color: #6bc073 !important;}&#8220; conditional_render=&#8220;%5B%7B%22value_role%22%3A%22administrator%22%7D%5D&#8220; el_class=&#8220;formmainrow&#8220;][vc_column][vc_row_inner][vc_column_inner][vc_empty_space height=&#8220;70px&#8220;][\/vc_column_inner][\/vc_row_inner][vc_row_inner css=&#8220;.vc_custom_1676752193298{padding-top: 50px !important;}&#8220;][vc_column_inner width=&#8220;1\/2&#8243;][vc_column_text css=&#8220;.vc_custom_1676985935238{padding-right: 20px !important;padding-left: 20px !important;}&#8220;] Angebotsanfrage Great Data Starts Here Wir w\u00fcrden uns freuen, Ihnen ein Angebot f\u00fcr eine Studie zu erstellen. Gern helfen wir aber auch bei allgemeinen Anfragen weiter. Bitte f\u00fcllen Sie das nebenstehende Anfrageformular aus, damit wir Ihnen schnellstm\u00f6glich Antwort [&hellip;]\" \/>\n<meta property=\"og:url\" content=\"https:\/\/staging.sago.com\/de\/kontakt\/angebotsanfrage\/\" \/>\n<meta property=\"og:site_name\" content=\"Sago\" \/>\n<meta property=\"article:publisher\" content=\"https:\/\/www.facebook.com\/sagomrx\" \/>\n<meta property=\"article:modified_time\" content=\"2025-12-22T07:07:41+00:00\" \/>\n<meta property=\"og:image\" content=\"https:\/\/staging.sago.com\/wp-content\/uploads\/2023\/02\/Sago-Standard-Logo.jpg\" \/>\n\t<meta property=\"og:image:width\" content=\"200\" \/>\n\t<meta property=\"og:image:height\" content=\"200\" \/>\n\t<meta property=\"og:image:type\" content=\"image\/jpeg\" \/>\n<meta name=\"twitter:card\" content=\"summary_large_image\" \/>\n<meta name=\"twitter:site\" content=\"@sagomrx\" \/>\n<meta name=\"twitter:label1\" content=\"Gesch\u00e4tzte Lesezeit\" \/>\n\t<meta name=\"twitter:data1\" content=\"1\u00a0Minute\" \/>\n<script type=\"application\/ld+json\" class=\"yoast-schema-graph\">{\"@context\":\"https:\\\/\\\/schema.org\",\"@graph\":[{\"@type\":\"WebPage\",\"@id\":\"https:\\\/\\\/staging.sago.com\\\/de\\\/kontakt\\\/angebotsanfrage\\\/\",\"url\":\"https:\\\/\\\/staging.sago.com\\\/de\\\/kontakt\\\/angebotsanfrage\\\/\",\"name\":\"Angebotsanfrage | Sago\",\"isPartOf\":{\"@id\":\"https:\\\/\\\/staging.sago.com\\\/de\\\/#website\"},\"primaryImageOfPage\":{\"@id\":\"https:\\\/\\\/staging.sago.com\\\/de\\\/kontakt\\\/angebotsanfrage\\\/#primaryimage\"},\"image\":{\"@id\":\"https:\\\/\\\/staging.sago.com\\\/de\\\/kontakt\\\/angebotsanfrage\\\/#primaryimage\"},\"thumbnailUrl\":\"https:\\\/\\\/staging.sago.com\\\/wp-content\\\/uploads\\\/2023\\\/02\\\/Sago-Standard-Logo.jpg\",\"datePublished\":\"2017-01-25T20:00:22+00:00\",\"dateModified\":\"2025-12-22T07:07:41+00:00\",\"breadcrumb\":{\"@id\":\"https:\\\/\\\/staging.sago.com\\\/de\\\/kontakt\\\/angebotsanfrage\\\/#breadcrumb\"},\"inLanguage\":\"de\",\"potentialAction\":[{\"@type\":\"ReadAction\",\"target\":[\"https:\\\/\\\/staging.sago.com\\\/de\\\/kontakt\\\/angebotsanfrage\\\/\"]}]},{\"@type\":\"ImageObject\",\"inLanguage\":\"de\",\"@id\":\"https:\\\/\\\/staging.sago.com\\\/de\\\/kontakt\\\/angebotsanfrage\\\/#primaryimage\",\"url\":\"https:\\\/\\\/staging.sago.com\\\/wp-content\\\/uploads\\\/2023\\\/02\\\/Sago-Standard-Logo.jpg\",\"contentUrl\":\"https:\\\/\\\/staging.sago.com\\\/wp-content\\\/uploads\\\/2023\\\/02\\\/Sago-Standard-Logo.jpg\",\"width\":200,\"height\":200,\"caption\":\"logo\"},{\"@type\":\"BreadcrumbList\",\"@id\":\"https:\\\/\\\/staging.sago.com\\\/de\\\/kontakt\\\/angebotsanfrage\\\/#breadcrumb\",\"itemListElement\":[{\"@type\":\"ListItem\",\"position\":1,\"name\":\"Home\",\"item\":\"https:\\\/\\\/staging.sago.com\\\/de\\\/\"},{\"@type\":\"ListItem\",\"position\":2,\"name\":\"Angebotsanfrage\"}]},{\"@type\":\"WebSite\",\"@id\":\"https:\\\/\\\/staging.sago.com\\\/de\\\/#website\",\"url\":\"https:\\\/\\\/staging.sago.com\\\/de\\\/\",\"name\":\"Sago\",\"description\":\"Adaptable Solutions. Confident Decisions.\",\"publisher\":{\"@id\":\"https:\\\/\\\/staging.sago.com\\\/de\\\/#organization\"},\"potentialAction\":[{\"@type\":\"SearchAction\",\"target\":{\"@type\":\"EntryPoint\",\"urlTemplate\":\"https:\\\/\\\/staging.sago.com\\\/de\\\/?s={search_term_string}\"},\"query-input\":{\"@type\":\"PropertyValueSpecification\",\"valueRequired\":true,\"valueName\":\"search_term_string\"}}],\"inLanguage\":\"de\"},{\"@type\":\"Organization\",\"@id\":\"https:\\\/\\\/staging.sago.com\\\/de\\\/#organization\",\"name\":\"Sago\",\"url\":\"https:\\\/\\\/staging.sago.com\\\/de\\\/\",\"logo\":{\"@type\":\"ImageObject\",\"inLanguage\":\"de\",\"@id\":\"https:\\\/\\\/staging.sago.com\\\/de\\\/#\\\/schema\\\/logo\\\/image\\\/\",\"url\":\"https:\\\/\\\/3c98cd88ae.nxcli.io\\\/wp-content\\\/uploads\\\/2023\\\/02\\\/Sago-Standard-Logo.jpg\",\"contentUrl\":\"https:\\\/\\\/3c98cd88ae.nxcli.io\\\/wp-content\\\/uploads\\\/2023\\\/02\\\/Sago-Standard-Logo.jpg\",\"width\":200,\"height\":200,\"caption\":\"Sago\"},\"image\":{\"@id\":\"https:\\\/\\\/staging.sago.com\\\/de\\\/#\\\/schema\\\/logo\\\/image\\\/\"},\"sameAs\":[\"https:\\\/\\\/www.facebook.com\\\/sagomrx\",\"https:\\\/\\\/x.com\\\/sagomrx\",\"https:\\\/\\\/www.instagram.com\\\/sagomrx\\\/\",\"https:\\\/\\\/www.youtube.com\\\/@sago-mrx\",\"https:\\\/\\\/www.linkedin.com\\\/company\\\/sago-mrx\\\/\",\"https:\\\/\\\/vimeo.com\\\/sagomrx\"]}]}<\/script>\n<!-- \/ Yoast SEO Premium plugin. -->","yoast_head_json":{"title":"Angebotsanfrage | Sago","robots":{"index":"noindex","follow":"follow","max-snippet":"max-snippet:-1","max-image-preview":"max-image-preview:large","max-video-preview":"max-video-preview:-1"},"og_locale":"de_DE","og_type":"article","og_title":"Angebotsanfrage","og_description":"[vc_row full_width=&#8220;stretch_row&#8220; css=&#8220;.vc_custom_1676986106982{background-color: #6bc073 !important;}&#8220; conditional_render=&#8220;%5B%7B%22value_role%22%3A%22administrator%22%7D%5D&#8220; el_class=&#8220;formmainrow&#8220;][vc_column][vc_row_inner][vc_column_inner][vc_empty_space height=&#8220;70px&#8220;][\/vc_column_inner][\/vc_row_inner][vc_row_inner css=&#8220;.vc_custom_1676752193298{padding-top: 50px !important;}&#8220;][vc_column_inner width=&#8220;1\/2&#8243;][vc_column_text css=&#8220;.vc_custom_1676985935238{padding-right: 20px !important;padding-left: 20px !important;}&#8220;] Angebotsanfrage Great Data Starts Here Wir w\u00fcrden uns freuen, Ihnen ein Angebot f\u00fcr eine Studie zu erstellen. Gern helfen wir aber auch bei allgemeinen Anfragen weiter. Bitte f\u00fcllen Sie das nebenstehende Anfrageformular aus, damit wir Ihnen schnellstm\u00f6glich Antwort [&hellip;]","og_url":"https:\/\/staging.sago.com\/de\/kontakt\/angebotsanfrage\/","og_site_name":"Sago","article_publisher":"https:\/\/www.facebook.com\/sagomrx","article_modified_time":"2025-12-22T07:07:41+00:00","og_image":[{"width":200,"height":200,"url":"https:\/\/staging.sago.com\/wp-content\/uploads\/2023\/02\/Sago-Standard-Logo.jpg","type":"image\/jpeg"}],"twitter_card":"summary_large_image","twitter_site":"@sagomrx","twitter_misc":{"Gesch\u00e4tzte Lesezeit":"1\u00a0Minute"},"schema":{"@context":"https:\/\/schema.org","@graph":[{"@type":"WebPage","@id":"https:\/\/staging.sago.com\/de\/kontakt\/angebotsanfrage\/","url":"https:\/\/staging.sago.com\/de\/kontakt\/angebotsanfrage\/","name":"Angebotsanfrage | Sago","isPartOf":{"@id":"https:\/\/staging.sago.com\/de\/#website"},"primaryImageOfPage":{"@id":"https:\/\/staging.sago.com\/de\/kontakt\/angebotsanfrage\/#primaryimage"},"image":{"@id":"https:\/\/staging.sago.com\/de\/kontakt\/angebotsanfrage\/#primaryimage"},"thumbnailUrl":"https:\/\/staging.sago.com\/wp-content\/uploads\/2023\/02\/Sago-Standard-Logo.jpg","datePublished":"2017-01-25T20:00:22+00:00","dateModified":"2025-12-22T07:07:41+00:00","breadcrumb":{"@id":"https:\/\/staging.sago.com\/de\/kontakt\/angebotsanfrage\/#breadcrumb"},"inLanguage":"de","potentialAction":[{"@type":"ReadAction","target":["https:\/\/staging.sago.com\/de\/kontakt\/angebotsanfrage\/"]}]},{"@type":"ImageObject","inLanguage":"de","@id":"https:\/\/staging.sago.com\/de\/kontakt\/angebotsanfrage\/#primaryimage","url":"https:\/\/staging.sago.com\/wp-content\/uploads\/2023\/02\/Sago-Standard-Logo.jpg","contentUrl":"https:\/\/staging.sago.com\/wp-content\/uploads\/2023\/02\/Sago-Standard-Logo.jpg","width":200,"height":200,"caption":"logo"},{"@type":"BreadcrumbList","@id":"https:\/\/staging.sago.com\/de\/kontakt\/angebotsanfrage\/#breadcrumb","itemListElement":[{"@type":"ListItem","position":1,"name":"Home","item":"https:\/\/staging.sago.com\/de\/"},{"@type":"ListItem","position":2,"name":"Angebotsanfrage"}]},{"@type":"WebSite","@id":"https:\/\/staging.sago.com\/de\/#website","url":"https:\/\/staging.sago.com\/de\/","name":"Sago","description":"Adaptable Solutions. Confident Decisions.","publisher":{"@id":"https:\/\/staging.sago.com\/de\/#organization"},"potentialAction":[{"@type":"SearchAction","target":{"@type":"EntryPoint","urlTemplate":"https:\/\/staging.sago.com\/de\/?s={search_term_string}"},"query-input":{"@type":"PropertyValueSpecification","valueRequired":true,"valueName":"search_term_string"}}],"inLanguage":"de"},{"@type":"Organization","@id":"https:\/\/staging.sago.com\/de\/#organization","name":"Sago","url":"https:\/\/staging.sago.com\/de\/","logo":{"@type":"ImageObject","inLanguage":"de","@id":"https:\/\/staging.sago.com\/de\/#\/schema\/logo\/image\/","url":"https:\/\/3c98cd88ae.nxcli.io\/wp-content\/uploads\/2023\/02\/Sago-Standard-Logo.jpg","contentUrl":"https:\/\/3c98cd88ae.nxcli.io\/wp-content\/uploads\/2023\/02\/Sago-Standard-Logo.jpg","width":200,"height":200,"caption":"Sago"},"image":{"@id":"https:\/\/staging.sago.com\/de\/#\/schema\/logo\/image\/"},"sameAs":["https:\/\/www.facebook.com\/sagomrx","https:\/\/x.com\/sagomrx","https:\/\/www.instagram.com\/sagomrx\/","https:\/\/www.youtube.com\/@sago-mrx","https:\/\/www.linkedin.com\/company\/sago-mrx\/","https:\/\/vimeo.com\/sagomrx"]}]}},"_links":{"self":[{"href":"https:\/\/staging.sago.com\/de\/wp-json\/wp\/v2\/pages\/7273","targetHints":{"allow":["GET"]}}],"collection":[{"href":"https:\/\/staging.sago.com\/de\/wp-json\/wp\/v2\/pages"}],"about":[{"href":"https:\/\/staging.sago.com\/de\/wp-json\/wp\/v2\/types\/page"}],"author":[{"embeddable":true,"href":"https:\/\/staging.sago.com\/de\/wp-json\/wp\/v2\/users\/6"}],"replies":[{"embeddable":true,"href":"https:\/\/staging.sago.com\/de\/wp-json\/wp\/v2\/comments?post=7273"}],"version-history":[{"count":0,"href":"https:\/\/staging.sago.com\/de\/wp-json\/wp\/v2\/pages\/7273\/revisions"}],"up":[{"embeddable":true,"href":"https:\/\/staging.sago.com\/de\/wp-json\/wp\/v2\/pages\/7126"}],"wp:featuredmedia":[{"embeddable":true,"href":"https:\/\/staging.sago.com\/de\/wp-json\/wp\/v2\/media\/51330"}],"wp:attachment":[{"href":"https:\/\/staging.sago.com\/de\/wp-json\/wp\/v2\/media?parent=7273"}],"wp:term":[{"taxonomy":"category","embeddable":true,"href":"https:\/\/staging.sago.com\/de\/wp-json\/wp\/v2\/categories?post=7273"},{"taxonomy":"post_tag","embeddable":true,"href":"https:\/\/staging.sago.com\/de\/wp-json\/wp\/v2\/tags?post=7273"},{"taxonomy":"city","embeddable":true,"href":"https:\/\/staging.sago.com\/de\/wp-json\/wp\/v2\/city?post=7273"}],"curies":[{"name":"wp","href":"https:\/\/api.w.org\/{rel}","templated":true}]}}