{"id":7160,"date":"2017-03-08T16:23:43","date_gmt":"2017-03-08T16:23:43","guid":{"rendered":"https:\/\/1aa340fc3d.nxcli.io\/\/stagingin-person\/"},"modified":"2023-03-03T16:51:14","modified_gmt":"2023-03-03T21:51:14","slug":"in-person","status":"publish","type":"page","link":"https:\/\/staging.sago.com\/de\/losungen\/qualitative\/in-person\/","title":{"rendered":"In-Person"},"content":{"rendered":"<div class=\"wpb-content-wrapper\"><p>[vc_row section_skin=&#8220;quaternary&#8220; animation_type=&#8220;fadeInUp&#8220; css=&#8220;.vc_custom_1676056672014{padding-top: 50px !important;padding-bottom: 50px !important;}&#8220; conditional_render=&#8220;%5B%7B%22value_role%22%3A%22administrator%22%7D%5D&#8220;][vc_column conditional_render=&#8220;%5B%7B%22value_role%22%3A%22administrator%22%7D%5D&#8220;][vc_row_inner equal_height=&#8220;yes&#8220;][vc_column_inner width=&#8220;1\/4&#8243;][vc_raw_html el_class=&#8220;sago-green-block&#8220;]JTNDZGl2JTNFJTBBJTNDYSUyMGhyZWYlM0QlM0UlM0NkaXYlM0UlM0NpbWclMjBjbGFzcyUzRCUyMmljb25zYXJlYSUyMGFsaWdubm9uZSUyMHdwLWltYWdlLTUzMjc5JTIwc2l6ZS1mdWxsJTIyJTIwc3JjJTNEJTIyaHR0cHMlM0ElMkYlMkYzYzk4Y2Q4OGFlLm54Y2xpLmlvJTJGd3AtY29udGVudCUyRnVwbG9hZHMlMkYyMDIzJTJGMDIlMkZsb2NhdGlvbnMucG5nJTIyJTIwYWx0JTNEJTIyaWNvbiUyMiUyMHdpZHRoJTNEJTIyNDAlMjIlMjBoZWlnaHQlM0QlMjI0MCUyMiUyMCUyRiUzRSUzQyUyRmRpdiUzRSUwQSUzQ2gzJTIwY2xhc3MlM0QlMjJpbXAtcXVlc3Rpb24lMjIlM0VTdGFuZG9ydGUlM0MlMkZoMyUzRSUwQSUzQ3AlMjBjbGFzcyUzRCUyMmltcC1wYXJhJTIyJTNFR3JlaWZlbiUyMFNpZSUyMGF1ZiUyMEZ1bGwtU2VydmljZS1TdHVkaW9zJTIwcnVuZCUyMHVtJTIwZGVuJTIwR2xvYnVzJTIwenUuJTIwV2lyJTIwdmVyZiVDMyVCQ2dlbiUyMCVDMyVCQ2JlciUyMGVyc3RrbGFzc2lnZSUyMFNhZ28lMjBTdHVkaW9zJTIwdW5kJTIwVGVzdHN0YW5kb3J0ZSUyMGluJTIwZGVuJTIwd2ljaHRpZ3N0ZW4lMjBNJUMzJUE0cmt0ZW4lMjBpbiUyME5vcmRhbWVyaWthJTIwdW5kJTIwRXVyb3BhLiUzQyUyRnAlM0UlMEElM0MlMkZhJTNFJTBBJTNDJTJGZGl2JTNF[\/vc_raw_html][\/vc_column_inner][vc_column_inner width=&#8220;1\/4&#8243;][vc_raw_html el_class=&#8220;sago-green-block&#8220;]JTNDZGl2JTNFJTBBJTNDYSUyMGhyZWYlM0QlM0UlM0NkaXYlM0UlM0NpbWclMjBjbGFzcyUzRCUyMmljb25zYXJlYSUyMGFsaWdubm9uZSUyMHdwLWltYWdlLTUzMjU1JTIwc2l6ZS1mdWxsJTIyJTIwc3JjJTNEJTIyaHR0cHMlM0ElMkYlMkYzYzk4Y2Q4OGFlLm54Y2xpLmlvJTJGd3AtY29udGVudCUyRnVwbG9hZHMlMkYyMDIzJTJGMDIlMkZmYWNpbGl0eS1zZXJ2aWNlcy5wbmclMjIlMjBhbHQlM0QlMjJpY29uJTIyJTIwd2lkdGglM0QlMjI0MCUyMiUyMGhlaWdodCUzRCUyMjQwJTIyJTIwJTJGJTNFJTNDJTJGZGl2JTNFJTBBJTNDaDMlMjBjbGFzcyUzRCUyMmltcC1xdWVzdGlvbiUyMiUzRVN0dWRpbyUyMFNlcnZpY2VzJTNDJTJGaDMlM0UlMEElM0NwJTIwY2xhc3MlM0QlMjJpbXAtcGFyYSUyMiUzRVZlcmVpbmZhY2hlbiUyMFNpZSUyMElocmUlMjBSZWNoZXJjaGVuJTIwbWl0JTIwZWluZXIlMjBnYW56ZW4lMjBSZWloZSUyMHZvbiUyMHp1cyVDMyVBNHR6bGljaGVuJTIwU2VydmljZXMuJTIwVmVyYmVzc2VybiUyMFNpZSUyMGRpZSUyMFN0dWRpby1FcmZhaHJ1bmclMjBkdXJjaCUyMERpZW5zdGxlaXN0dW5nZW4lMjB3aWUlMjBUcmFuc2tyaXB0aW9uJTJDJTIwVmlkZW90ZWNobm9sb2dpZSUyMHVuZCUyMEZlcm5tb2RlcmF0aW9uLiUzQyUyRnAlM0UlMEElM0MlMkZhJTNFJTBBJTNDJTJGZGl2JTNF[\/vc_raw_html][\/vc_column_inner][vc_column_inner el_class=&#8220;sago-green-block&#8220; width=&#8220;1\/4&#8243;][vc_raw_html]JTNDZGl2JTNFJTBBJTNDYSUyMGhyZWYlM0QlM0UlM0NkaXYlM0UlM0NpbWclMjBjbGFzcyUzRCUyMmljb25zYXJlYSUyMGFsaWdubm9uZSUyMHdwLWltYWdlLTUzMTkxJTIwc2l6ZS1mdWxsJTIyJTIwc3JjJTNEJTIyaHR0cHMlM0ElMkYlMkYzYzk4Y2Q4OGFlLm54Y2xpLmlvJTJGd3AtY29udGVudCUyRnVwbG9hZHMlMkYyMDIzJTJGMDIlMkZzaW11bGF0aW9uLWNlbnRlci5wbmclMjIlMjBhbHQlM0QlMjJpY29uJTIyJTIwd2lkdGglM0QlMjI0MCUyMiUyMGhlaWdodCUzRCUyMjQwJTIyJTIwJTJGJTNFJTNDJTJGZGl2JTNFJTBBJTNDaDMlMjBjbGFzcyUzRCUyMmltcC1xdWVzdGlvbiUyMiUzRVNpbXVsYXRpb25zemVudHJ1bSUzQyUyRmgzJTNFJTBBJTNDcCUyMGNsYXNzJTNEJTIyaW1wLXBhcmElMjIlM0VHYW56JTIwZ2xlaWNoJTJDJTIwb2IlMjBTaWUlMjBtZWRpemluaXNjaGUlMjBQcm9kdWt0ZSUyMHRlc3RlbiUyMG9kZXIlMjBLcmFua2VuaGF1c3BlcnNvbmFsJTIwc2NodWxlbiUyMHdvbGxlbiUyQyUyMHVuc2VyJTIwU2ltdWxhdGlvbnN6ZW50cnVtJTIwaW4lMjBDaGljYWdvJTIwYmlldGV0JTIwSWhuZW4lMjBlcnN0a2xhc3NpZ2UlMjBSJUMzJUE0dW1saWNoa2VpdGVuJTIwZiVDMyVCQ3IlMjBJaHJlJTIwQW5mb3JkZXJ1bmdlbi4lM0MlMkZwJTNFJTBBJTNDJTJGYSUzRSUwQSUzQyUyRmRpdiUzRQ==[\/vc_raw_html][\/vc_column_inner][vc_column_inner width=&#8220;1\/4&#8243;][vc_raw_html el_class=&#8220;sago-green-block&#8220;]JTNDZGl2JTNFJTBBJTNDYSUyMGhyZWYlM0QlM0UlM0NkaXYlM0UlM0NpbWclMjBjbGFzcyUzRCUyMmljb25zYXJlYSUyMGFsaWdubm9uZSUyMHdwLWltYWdlLTUzMjg3JTIwc2l6ZS1mdWxsJTIyJTIwc3R5bGUlM0QlMjJjb2xvciUzQSUyMCUyMzIxMjgyYyUzQiUyMGZvbnQtc2l6ZSUzQSUyMDE4cHglM0IlMjIlMjBzcmMlM0QlMjJodHRwcyUzQSUyRiUyRjNjOThjZDg4YWUubnhjbGkuaW8lMkZ3cC1jb250ZW50JTJGdXBsb2FkcyUyRjIwMjMlMkYwMiUyRm9mZnNpdGUtb3B0aW9ucy5wbmclMjIlMjBhbHQlM0QlMjJpY29uJTIyJTIwd2lkdGglM0QlMjI0MCUyMiUyMGhlaWdodCUzRCUyMjQwJTIyJTIwJTJGJTNFJTNDJTJGZGl2JTNFJTBBJTNDaDMlMjBjbGFzcyUzRCUyMmltcC1xdWVzdGlvbiUyMiUzRU9mZnNpdGUtT3B0aW9uZW4lM0MlMkZoMyUzRSUwQSUzQ3AlMjBjbGFzcyUzRCUyMmltcC1wYXJhJTIyJTNFQnJpbmdlbiUyMFNpZSUyMElocmUlMjBGb3JzY2h1bmclMjBtaXQlMjB1bnNlcmVyJTIwYnJlaXRlbiUyMFBhbGV0dGUlMjBhbiUyMGtvc3RlbmVmZml6aWVudGVuJTIwTWV0aG9kZW4lMjBhdWYlMjBkZW4lMjBXZWcuJTIwVm9tJTIwTXlzdGVyeSUyMFNob3BwaW5nJTIwYmlzJTIwaGluJTIwenUlMjBJbnRlcmNlcHQlMjBJbnRlcnZpZXdzJTIwLSUyMFNpZSUyMGhhYmVuJTIwZGllJTIwZnJlaWUlMjBXYWhsLiUzQyUyRnAlM0UlMEElM0MlMkZhJTNFJTBBJTNDJTJGZGl2JTNF[\/vc_raw_html][\/vc_column_inner][\/vc_row_inner][\/vc_column][\/vc_row][vc_row gap=&#8220;35&#8243; content_placement=&#8220;middle&#8220; css=&#8220;.vc_custom_1677622820873{padding-top: 50px !important;padding-bottom: 50px !important;}&#8220; conditional_render=&#8220;%5B%7B%22value_role%22%3A%22administrator%22%7D%5D&#8220;][vc_column width=&#8220;1\/2&#8243;][vc_column_text]<\/p>\n<h2>Nahtlose Durchf\u00fchrung von Multi-Markt-Studien<\/h2>\n<p>Wenn Sie eine Studie \u00fcber mehrere M\u00e4rkte durchf\u00fchren m\u00f6chten, beraten wir Sie gerne und k\u00fcmmern uns sorgf\u00e4ltig um Ihre Bed\u00fcrfnisse in jedem einzelnen Markt. Mit nur einem Ansprechpartner platzieren wir Ihre Studie in unseren Sago Test- oder Simulationsbereichen oder nutzen die Infrastruktur unserer verifizierten Partner weltweit.[\/vc_column_text][\/vc_column][vc_column width=&#8220;1\/2&#8243;][vc_single_image image=&#8220;56529&#8243; img_size=&#8220;large&#8220;][\/vc_column][\/vc_row][vc_row gap=&#8220;35&#8243; content_placement=&#8220;middle&#8220; css=&#8220;.vc_custom_1677622854511{padding-top: 50px !important;padding-bottom: 50px !important;}&#8220; conditional_render=&#8220;%5B%7B%22value_role%22%3A%22administrator%22%7D%5D&#8220;][vc_column width=&#8220;1\/2&#8243;][vc_single_image image=&#8220;56967&#8243; img_size=&#8220;large&#8220;][\/vc_column][vc_column width=&#8220;1\/2&#8243;][vc_column_text]<\/p>\n<h2>Einfache Verbindung mit Ihren Zielgruppen rund um den Globus<\/h2>\n<p>Dank unseres Netzwerks an globalen strategischen Partnern sind wir in der Lage, Ihre qualitative oder quantitative Studie weltweit durchzuf\u00fchren. Bei qualitativen Studien k\u00fcmmert sich ein engagierter globaler Projektmanager um die Rekrutierung und Datenerfassung und ber\u00e4t Sie hinsichtlich der internationalen Regulierungen. Bei quantitativen Online-Studien setzen wir unser Know-how bei der Durchf\u00fchrung mehrerer Panels ein, um hervorragende Umfrageergebnisse zu erzielen.[\/vc_column_text][\/vc_column][\/vc_row][vc_row content_placement=&#8220;middle&#8220; css=&#8220;.vc_custom_1676376305118{padding-top: 50px !important;}&#8220; conditional_render=&#8220;%5B%7B%22value_role%22%3A%22administrator%22%7D%5D&#8220;][vc_column width=&#8220;1\/2&#8243;][vc_column_text]<\/p>\n<h2>Vor, w\u00e4hrend und nach Covid-19: Wir setzen den Ma\u00dfstab f\u00fcr verantwortungsvolle und erfolgreiche In-Person-Forschung<\/h2>\n<p><a class=\"button\" href=\"https:\/\/staging.sago.com\/\">Bitte beachten Sie unsere Vorkehrungsma\u00dfnahmen<\/a>[\/vc_column_text][\/vc_column][vc_column width=&#8220;1\/2&#8243;][vc_single_image image=&#8220;51957&#8243; img_size=&#8220;full&#8220;][\/vc_column][\/vc_row][vc_row][vc_column]<div class=\"porto-block\" data-id=\"51974\"><style>.vc_custom_1676491494506{padding-top: 50px !important;padding-bottom: 50px !important;}.vc_custom_1676239417174{padding-right: 0px !important;padding-left: 0px !important;}.vc_custom_1676239407838{padding-right: 0px !important;}.vc_custom_1675969268171{padding-right: 0px !important;padding-left: 0px !important;}.vc_custom_1675969278597{padding-right: 0px !important;padding-left: 0px !important;}.vc_custom_1676239706215{padding-right: 0px !important;}<\/style>[vc_row full_width=\"stretch_row_content_no_spaces\" equal_height=\"yes\" conditional_render=\"%5B%7B%22value_role%22%3A%22administrator%22%7D%5D\" css=\".vc_custom_1676491494506{padding-top: 50px !important;padding-bottom: 50px !important;}\"][vc_column css=\".vc_custom_1676239417174{padding-right: 0px !important;padding-left: 0px !important;}\" conditional_render=\"%5B%7B%22value_role%22%3A%22administrator%22%7D%5D\"][vc_row_inner equal_height=\"yes\" content_placement=\"middle\" css=\".vc_custom_1676239407838{padding-right: 0px !important;}\"][vc_column_inner width=\"1\/4\" offset=\"vc_col-xs-1\/5\" css=\".vc_custom_1675969268171{padding-right: 0px !important;padding-left: 0px !important;}\"][vc_single_image image=\"51222\" img_size=\"full\"][\/vc_column_inner][vc_column_inner width=\"1\/2\" offset=\"vc_col-xs-3\/5\"][vc_column_text]<\/p>\r\n<h2 style=\"text-align: center;\">Ready to get started?<\/h2>\r\n<p>[\/vc_column_text][vc_btn title=\"Get in touch\" align=\"center\" el_class=\"getintouch\" link=\"url:https%3A%2F%2Fstaging.sago.com%2Fget-in-touch%2F|title:get%20in%20touch\"][\/vc_column_inner][vc_column_inner width=\"1\/4\" offset=\"vc_col-xs-1\/5\" css=\".vc_custom_1675969278597{padding-right: 0px !important;padding-left: 0px !important;}\"][vc_single_image image=\"51226\" img_size=\"full\" alignment=\"right\" css=\".vc_custom_1676239706215{padding-right: 0px !important;}\"][\/vc_column_inner][\/vc_row_inner][\/vc_column][\/vc_row][vc_row][vc_column][vc_column_text]<\/p>\r\n<p><span data-mce-type=\"bookmark\" style=\"display: inline-block; width: 0px; overflow: hidden; line-height: 0;\" class=\"mce_SELRES_start\">\ufeff<\/s[\/vc_column_text][\/vc_column][\/vc_row]<\/div>[\/vc_column][\/vc_row]<\/p>\n<\/div>","protected":false},"excerpt":{"rendered":"<p>[vc_row section_skin=&#8220;quaternary&#8220; animation_type=&#8220;fadeInUp&#8220; css=&#8220;.vc_custom_1676056672014{padding-top: 50px !important;padding-bottom: 50px !important;}&#8220; conditional_render=&#8220;%5B%7B%22value_role%22%3A%22administrator%22%7D%5D&#8220;][vc_column conditional_render=&#8220;%5B%7B%22value_role%22%3A%22administrator%22%7D%5D&#8220;][vc_row_inner equal_height=&#8220;yes&#8220;][vc_column_inner width=&#8220;1\/4&#8243;][vc_raw_html el_class=&#8220;sago-green-block&#8220;]JTNDZGl2JTNFJTBBJTNDYSUyMGhyZWYlM0QlM0UlM0NkaXYlM0UlM0NpbWclMjBjbGFzcyUzRCUyMmljb25zYXJlYSUyMGFsaWdubm9uZSUyMHdwLWltYWdlLTUzMjc5JTIwc2l6ZS1mdWxsJTIyJTIwc3JjJTNEJTIyaHR0cHMlM0ElMkYlMkYzYzk4Y2Q4OGFlLm54Y2xpLmlvJTJGd3AtY29udGVudCUyRnVwbG9hZHMlMkYyMDIzJTJGMDIlMkZsb2NhdGlvbnMucG5nJTIyJTIwYWx0JTNEJTIyaWNvbiUyMiUyMHdpZHRoJTNEJTIyNDAlMjIlMjBoZWlnaHQlM0QlMjI0MCUyMiUyMCUyRiUzRSUzQyUyRmRpdiUzRSUwQSUzQ2gzJTIwY2xhc3MlM0QlMjJpbXAtcXVlc3Rpb24lMjIlM0VTdGFuZG9ydGUlM0MlMkZoMyUzRSUwQSUzQ3AlMjBjbGFzcyUzRCUyMmltcC1wYXJhJTIyJTNFR3JlaWZlbiUyMFNpZSUyMGF1ZiUyMEZ1bGwtU2VydmljZS1TdHVkaW9zJTIwcnVuZCUyMHVtJTIwZGVuJTIwR2xvYnVzJTIwenUuJTIwV2lyJTIwdmVyZiVDMyVCQ2dlbiUyMCVDMyVCQ2JlciUyMGVyc3RrbGFzc2lnZSUyMFNhZ28lMjBTdHVkaW9zJTIwdW5kJTIwVGVzdHN0YW5kb3J0ZSUyMGluJTIwZGVuJTIwd2ljaHRpZ3N0ZW4lMjBNJUMzJUE0cmt0ZW4lMjBpbiUyME5vcmRhbWVyaWthJTIwdW5kJTIwRXVyb3BhLiUzQyUyRnAlM0UlMEElM0MlMkZhJTNFJTBBJTNDJTJGZGl2JTNF[\/vc_raw_html][\/vc_column_inner][vc_column_inner width=&#8220;1\/4&#8243;][vc_raw_html el_class=&#8220;sago-green-block&#8220;]JTNDZGl2JTNFJTBBJTNDYSUyMGhyZWYlM0QlM0UlM0NkaXYlM0UlM0NpbWclMjBjbGFzcyUzRCUyMmljb25zYXJlYSUyMGFsaWdubm9uZSUyMHdwLWltYWdlLTUzMjU1JTIwc2l6ZS1mdWxsJTIyJTIwc3JjJTNEJTIyaHR0cHMlM0ElMkYlMkYzYzk4Y2Q4OGFlLm54Y2xpLmlvJTJGd3AtY29udGVudCUyRnVwbG9hZHMlMkYyMDIzJTJGMDIlMkZmYWNpbGl0eS1zZXJ2aWNlcy5wbmclMjIlMjBhbHQlM0QlMjJpY29uJTIyJTIwd2lkdGglM0QlMjI0MCUyMiUyMGhlaWdodCUzRCUyMjQwJTIyJTIwJTJGJTNFJTNDJTJGZGl2JTNFJTBBJTNDaDMlMjBjbGFzcyUzRCUyMmltcC1xdWVzdGlvbiUyMiUzRVN0dWRpbyUyMFNlcnZpY2VzJTNDJTJGaDMlM0UlMEElM0NwJTIwY2xhc3MlM0QlMjJpbXAtcGFyYSUyMiUzRVZlcmVpbmZhY2hlbiUyMFNpZSUyMElocmUlMjBSZWNoZXJjaGVuJTIwbWl0JTIwZWluZXIlMjBnYW56ZW4lMjBSZWloZSUyMHZvbiUyMHp1cyVDMyVBNHR6bGljaGVuJTIwU2VydmljZXMuJTIwVmVyYmVzc2VybiUyMFNpZSUyMGRpZSUyMFN0dWRpby1FcmZhaHJ1bmclMjBkdXJjaCUyMERpZW5zdGxlaXN0dW5nZW4lMjB3aWUlMjBUcmFuc2tyaXB0aW9uJTJDJTIwVmlkZW90ZWNobm9sb2dpZSUyMHVuZCUyMEZlcm5tb2RlcmF0aW9uLiUzQyUyRnAlM0UlMEElM0MlMkZhJTNFJTBBJTNDJTJGZGl2JTNF[\/vc_raw_html][\/vc_column_inner][vc_column_inner el_class=&#8220;sago-green-block&#8220; width=&#8220;1\/4&#8243;][vc_raw_html]JTNDZGl2JTNFJTBBJTNDYSUyMGhyZWYlM0QlM0UlM0NkaXYlM0UlM0NpbWclMjBjbGFzcyUzRCUyMmljb25zYXJlYSUyMGFsaWdubm9uZSUyMHdwLWltYWdlLTUzMTkxJTIwc2l6ZS1mdWxsJTIyJTIwc3JjJTNEJTIyaHR0cHMlM0ElMkYlMkYzYzk4Y2Q4OGFlLm54Y2xpLmlvJTJGd3AtY29udGVudCUyRnVwbG9hZHMlMkYyMDIzJTJGMDIlMkZzaW11bGF0aW9uLWNlbnRlci5wbmclMjIlMjBhbHQlM0QlMjJpY29uJTIyJTIwd2lkdGglM0QlMjI0MCUyMiUyMGhlaWdodCUzRCUyMjQwJTIyJTIwJTJGJTNFJTNDJTJGZGl2JTNFJTBBJTNDaDMlMjBjbGFzcyUzRCUyMmltcC1xdWVzdGlvbiUyMiUzRVNpbXVsYXRpb25zemVudHJ1bSUzQyUyRmgzJTNFJTBBJTNDcCUyMGNsYXNzJTNEJTIyaW1wLXBhcmElMjIlM0VHYW56JTIwZ2xlaWNoJTJDJTIwb2IlMjBTaWUlMjBtZWRpemluaXNjaGUlMjBQcm9kdWt0ZSUyMHRlc3RlbiUyMG9kZXIlMjBLcmFua2VuaGF1c3BlcnNvbmFsJTIwc2NodWxlbiUyMHdvbGxlbiUyQyUyMHVuc2VyJTIwU2ltdWxhdGlvbnN6ZW50cnVtJTIwaW4lMjBDaGljYWdvJTIwYmlldGV0JTIwSWhuZW4lMjBlcnN0a2xhc3NpZ2UlMjBSJUMzJUE0dW1saWNoa2VpdGVuJTIwZiVDMyVCQ3IlMjBJaHJlJTIwQW5mb3JkZXJ1bmdlbi4lM0MlMkZwJTNFJTBBJTNDJTJGYSUzRSUwQSUzQyUyRmRpdiUzRQ==[\/vc_raw_html][\/vc_column_inner][vc_column_inner width=&#8220;1\/4&#8243;][vc_raw_html el_class=&#8220;sago-green-block&#8220;]JTNDZGl2JTNFJTBBJTNDYSUyMGhyZWYlM0QlM0UlM0NkaXYlM0UlM0NpbWclMjBjbGFzcyUzRCUyMmljb25zYXJlYSUyMGFsaWdubm9uZSUyMHdwLWltYWdlLTUzMjg3JTIwc2l6ZS1mdWxsJTIyJTIwc3R5bGUlM0QlMjJjb2xvciUzQSUyMCUyMzIxMjgyYyUzQiUyMGZvbnQtc2l6ZSUzQSUyMDE4cHglM0IlMjIlMjBzcmMlM0QlMjJodHRwcyUzQSUyRiUyRjNjOThjZDg4YWUubnhjbGkuaW8lMkZ3cC1jb250ZW50JTJGdXBsb2FkcyUyRjIwMjMlMkYwMiUyRm9mZnNpdGUtb3B0aW9ucy5wbmclMjIlMjBhbHQlM0QlMjJpY29uJTIyJTIwd2lkdGglM0QlMjI0MCUyMiUyMGhlaWdodCUzRCUyMjQwJTIyJTIwJTJGJTNFJTNDJTJGZGl2JTNFJTBBJTNDaDMlMjBjbGFzcyUzRCUyMmltcC1xdWVzdGlvbiUyMiUzRU9mZnNpdGUtT3B0aW9uZW4lM0MlMkZoMyUzRSUwQSUzQ3AlMjBjbGFzcyUzRCUyMmltcC1wYXJhJTIyJTNFQnJpbmdlbiUyMFNpZSUyMElocmUlMjBGb3JzY2h1bmclMjBtaXQlMjB1bnNlcmVyJTIwYnJlaXRlbiUyMFBhbGV0dGUlMjBhbiUyMGtvc3RlbmVmZml6aWVudGVuJTIwTWV0aG9kZW4lMjBhdWYlMjBkZW4lMjBXZWcuJTIwVm9tJTIwTXlzdGVyeSUyMFNob3BwaW5nJTIwYmlzJTIwaGluJTIwenUlMjBJbnRlcmNlcHQlMjBJbnRlcnZpZXdzJTIwLSUyMFNpZSUyMGhhYmVuJTIwZGllJTIwZnJlaWUlMjBXYWhsLiUzQyUyRnAlM0UlMEElM0MlMkZhJTNFJTBBJTNDJTJGZGl2JTNF[\/vc_raw_html][\/vc_column_inner][\/vc_row_inner][\/vc_column][\/vc_row][vc_row gap=&#8220;35&#8243; content_placement=&#8220;middle&#8220; css=&#8220;.vc_custom_1677622820873{padding-top: 50px !important;padding-bottom: 50px !important;}&#8220; conditional_render=&#8220;%5B%7B%22value_role%22%3A%22administrator%22%7D%5D&#8220;][vc_column width=&#8220;1\/2&#8243;][vc_column_text] Nahtlose Durchf\u00fchrung von Multi-Markt-Studien Wenn Sie eine Studie \u00fcber mehrere M\u00e4rkte durchf\u00fchren m\u00f6chten, beraten wir Sie gerne und k\u00fcmmern uns sorgf\u00e4ltig um Ihre Bed\u00fcrfnisse in jedem einzelnen [&hellip;]<\/p>\n","protected":false},"author":6,"featured_media":12072,"parent":7154,"menu_order":0,"comment_status":"closed","ping_status":"closed","template":"solutions-page.php","meta":{"_acf_changed":false,"content-type":"","footnotes":""},"categories":[],"tags":[16716,16718],"city":[],"class_list":["post-7160","page","type-page","status-publish","has-post-thumbnail","hentry","tag-defaultraw-de","tag-healthcareraw-de"],"acf":[],"yoast_head":"<!-- This site is optimized with the Yoast SEO Premium plugin v19.7 (Yoast SEO v27.3) - https:\/\/yoast.com\/product\/yoast-seo-premium-wordpress\/ -->\n<title>In-Person Research Locations | Focus Group Facilities | Sago<\/title>\n<meta name=\"description\" content=\"Outstanding recruitment and project management optimized for your in-person methodology, including focus groups, IDIs and ethnographies.\" \/>\n<meta name=\"robots\" content=\"noindex, follow, max-snippet:-1, max-image-preview:large, max-video-preview:-1\" \/>\n<meta property=\"og:locale\" content=\"de_DE\" \/>\n<meta property=\"og:type\" content=\"article\" \/>\n<meta property=\"og:title\" content=\"In-Person\" \/>\n<meta property=\"og:description\" content=\"Outstanding recruitment and project management optimized for your in-person methodology, including focus groups, IDIs and ethnographies.\" \/>\n<meta property=\"og:url\" content=\"https:\/\/staging.sago.com\/de\/losungen\/qualitative\/in-person\/\" \/>\n<meta property=\"og:site_name\" content=\"Sago\" \/>\n<meta property=\"article:publisher\" content=\"https:\/\/www.facebook.com\/sagomrx\" \/>\n<meta property=\"article:modified_time\" content=\"2023-03-03T21:51:14+00:00\" \/>\n<meta property=\"og:image\" content=\"https:\/\/staging.sago.com\/wp-content\/uploads\/2017\/03\/conducting-a-focus-group.png\" \/>\n\t<meta property=\"og:image:width\" content=\"650\" \/>\n\t<meta property=\"og:image:height\" content=\"365\" \/>\n\t<meta property=\"og:image:type\" content=\"image\/png\" \/>\n<meta name=\"twitter:card\" content=\"summary_large_image\" \/>\n<meta name=\"twitter:site\" content=\"@sagomrx\" \/>\n<meta name=\"twitter:label1\" content=\"Gesch\u00e4tzte Lesezeit\" \/>\n\t<meta name=\"twitter:data1\" content=\"1\u00a0Minute\" \/>\n<script type=\"application\/ld+json\" class=\"yoast-schema-graph\">{\"@context\":\"https:\\\/\\\/schema.org\",\"@graph\":[{\"@type\":\"WebPage\",\"@id\":\"https:\\\/\\\/staging.sago.com\\\/de\\\/losungen\\\/qualitative\\\/in-person\\\/\",\"url\":\"https:\\\/\\\/staging.sago.com\\\/de\\\/losungen\\\/qualitative\\\/in-person\\\/\",\"name\":\"In-Person Research Locations | Focus Group Facilities | Sago\",\"isPartOf\":{\"@id\":\"https:\\\/\\\/staging.sago.com\\\/de\\\/#website\"},\"primaryImageOfPage\":{\"@id\":\"https:\\\/\\\/staging.sago.com\\\/de\\\/losungen\\\/qualitative\\\/in-person\\\/#primaryimage\"},\"image\":{\"@id\":\"https:\\\/\\\/staging.sago.com\\\/de\\\/losungen\\\/qualitative\\\/in-person\\\/#primaryimage\"},\"thumbnailUrl\":\"https:\\\/\\\/staging.sago.com\\\/wp-content\\\/uploads\\\/2017\\\/03\\\/conducting-a-focus-group.png\",\"datePublished\":\"2017-03-08T16:23:43+00:00\",\"dateModified\":\"2023-03-03T21:51:14+00:00\",\"description\":\"Outstanding recruitment and project management optimized for your in-person methodology, including focus groups, IDIs and ethnographies.\",\"breadcrumb\":{\"@id\":\"https:\\\/\\\/staging.sago.com\\\/de\\\/losungen\\\/qualitative\\\/in-person\\\/#breadcrumb\"},\"inLanguage\":\"de\",\"potentialAction\":[{\"@type\":\"ReadAction\",\"target\":[\"https:\\\/\\\/staging.sago.com\\\/de\\\/losungen\\\/qualitative\\\/in-person\\\/\"]}]},{\"@type\":\"ImageObject\",\"inLanguage\":\"de\",\"@id\":\"https:\\\/\\\/staging.sago.com\\\/de\\\/losungen\\\/qualitative\\\/in-person\\\/#primaryimage\",\"url\":\"https:\\\/\\\/staging.sago.com\\\/wp-content\\\/uploads\\\/2017\\\/03\\\/conducting-a-focus-group.png\",\"contentUrl\":\"https:\\\/\\\/staging.sago.com\\\/wp-content\\\/uploads\\\/2017\\\/03\\\/conducting-a-focus-group.png\",\"width\":650,\"height\":365,\"caption\":\"focus group\"},{\"@type\":\"BreadcrumbList\",\"@id\":\"https:\\\/\\\/staging.sago.com\\\/de\\\/losungen\\\/qualitative\\\/in-person\\\/#breadcrumb\",\"itemListElement\":[{\"@type\":\"ListItem\",\"position\":1,\"name\":\"Home\",\"item\":\"https:\\\/\\\/staging.sago.com\\\/de\\\/\"},{\"@type\":\"ListItem\",\"position\":2,\"name\":\"In-Person\"}]},{\"@type\":\"WebSite\",\"@id\":\"https:\\\/\\\/staging.sago.com\\\/de\\\/#website\",\"url\":\"https:\\\/\\\/staging.sago.com\\\/de\\\/\",\"name\":\"Sago\",\"description\":\"Adaptable Solutions. Confident Decisions.\",\"publisher\":{\"@id\":\"https:\\\/\\\/staging.sago.com\\\/de\\\/#organization\"},\"potentialAction\":[{\"@type\":\"SearchAction\",\"target\":{\"@type\":\"EntryPoint\",\"urlTemplate\":\"https:\\\/\\\/staging.sago.com\\\/de\\\/?s={search_term_string}\"},\"query-input\":{\"@type\":\"PropertyValueSpecification\",\"valueRequired\":true,\"valueName\":\"search_term_string\"}}],\"inLanguage\":\"de\"},{\"@type\":\"Organization\",\"@id\":\"https:\\\/\\\/staging.sago.com\\\/de\\\/#organization\",\"name\":\"Sago\",\"url\":\"https:\\\/\\\/staging.sago.com\\\/de\\\/\",\"logo\":{\"@type\":\"ImageObject\",\"inLanguage\":\"de\",\"@id\":\"https:\\\/\\\/staging.sago.com\\\/de\\\/#\\\/schema\\\/logo\\\/image\\\/\",\"url\":\"https:\\\/\\\/3c98cd88ae.nxcli.io\\\/wp-content\\\/uploads\\\/2023\\\/02\\\/Sago-Standard-Logo.jpg\",\"contentUrl\":\"https:\\\/\\\/3c98cd88ae.nxcli.io\\\/wp-content\\\/uploads\\\/2023\\\/02\\\/Sago-Standard-Logo.jpg\",\"width\":200,\"height\":200,\"caption\":\"Sago\"},\"image\":{\"@id\":\"https:\\\/\\\/staging.sago.com\\\/de\\\/#\\\/schema\\\/logo\\\/image\\\/\"},\"sameAs\":[\"https:\\\/\\\/www.facebook.com\\\/sagomrx\",\"https:\\\/\\\/x.com\\\/sagomrx\",\"https:\\\/\\\/www.instagram.com\\\/sagomrx\\\/\",\"https:\\\/\\\/www.youtube.com\\\/@sago-mrx\",\"https:\\\/\\\/www.linkedin.com\\\/company\\\/sago-mrx\\\/\",\"https:\\\/\\\/vimeo.com\\\/sagomrx\"]}]}<\/script>\n<!-- \/ Yoast SEO Premium plugin. -->","yoast_head_json":{"title":"In-Person Research Locations | Focus Group Facilities | Sago","description":"Outstanding recruitment and project management optimized for your in-person methodology, including focus groups, IDIs and ethnographies.","robots":{"index":"noindex","follow":"follow","max-snippet":"max-snippet:-1","max-image-preview":"max-image-preview:large","max-video-preview":"max-video-preview:-1"},"og_locale":"de_DE","og_type":"article","og_title":"In-Person","og_description":"Outstanding recruitment and project management optimized for your in-person methodology, including focus groups, IDIs and ethnographies.","og_url":"https:\/\/staging.sago.com\/de\/losungen\/qualitative\/in-person\/","og_site_name":"Sago","article_publisher":"https:\/\/www.facebook.com\/sagomrx","article_modified_time":"2023-03-03T21:51:14+00:00","og_image":[{"width":650,"height":365,"url":"https:\/\/staging.sago.com\/wp-content\/uploads\/2017\/03\/conducting-a-focus-group.png","type":"image\/png"}],"twitter_card":"summary_large_image","twitter_site":"@sagomrx","twitter_misc":{"Gesch\u00e4tzte Lesezeit":"1\u00a0Minute"},"schema":{"@context":"https:\/\/schema.org","@graph":[{"@type":"WebPage","@id":"https:\/\/staging.sago.com\/de\/losungen\/qualitative\/in-person\/","url":"https:\/\/staging.sago.com\/de\/losungen\/qualitative\/in-person\/","name":"In-Person Research Locations | Focus Group Facilities | Sago","isPartOf":{"@id":"https:\/\/staging.sago.com\/de\/#website"},"primaryImageOfPage":{"@id":"https:\/\/staging.sago.com\/de\/losungen\/qualitative\/in-person\/#primaryimage"},"image":{"@id":"https:\/\/staging.sago.com\/de\/losungen\/qualitative\/in-person\/#primaryimage"},"thumbnailUrl":"https:\/\/staging.sago.com\/wp-content\/uploads\/2017\/03\/conducting-a-focus-group.png","datePublished":"2017-03-08T16:23:43+00:00","dateModified":"2023-03-03T21:51:14+00:00","description":"Outstanding recruitment and project management optimized for your in-person methodology, including focus groups, IDIs and ethnographies.","breadcrumb":{"@id":"https:\/\/staging.sago.com\/de\/losungen\/qualitative\/in-person\/#breadcrumb"},"inLanguage":"de","potentialAction":[{"@type":"ReadAction","target":["https:\/\/staging.sago.com\/de\/losungen\/qualitative\/in-person\/"]}]},{"@type":"ImageObject","inLanguage":"de","@id":"https:\/\/staging.sago.com\/de\/losungen\/qualitative\/in-person\/#primaryimage","url":"https:\/\/staging.sago.com\/wp-content\/uploads\/2017\/03\/conducting-a-focus-group.png","contentUrl":"https:\/\/staging.sago.com\/wp-content\/uploads\/2017\/03\/conducting-a-focus-group.png","width":650,"height":365,"caption":"focus group"},{"@type":"BreadcrumbList","@id":"https:\/\/staging.sago.com\/de\/losungen\/qualitative\/in-person\/#breadcrumb","itemListElement":[{"@type":"ListItem","position":1,"name":"Home","item":"https:\/\/staging.sago.com\/de\/"},{"@type":"ListItem","position":2,"name":"In-Person"}]},{"@type":"WebSite","@id":"https:\/\/staging.sago.com\/de\/#website","url":"https:\/\/staging.sago.com\/de\/","name":"Sago","description":"Adaptable Solutions. Confident Decisions.","publisher":{"@id":"https:\/\/staging.sago.com\/de\/#organization"},"potentialAction":[{"@type":"SearchAction","target":{"@type":"EntryPoint","urlTemplate":"https:\/\/staging.sago.com\/de\/?s={search_term_string}"},"query-input":{"@type":"PropertyValueSpecification","valueRequired":true,"valueName":"search_term_string"}}],"inLanguage":"de"},{"@type":"Organization","@id":"https:\/\/staging.sago.com\/de\/#organization","name":"Sago","url":"https:\/\/staging.sago.com\/de\/","logo":{"@type":"ImageObject","inLanguage":"de","@id":"https:\/\/staging.sago.com\/de\/#\/schema\/logo\/image\/","url":"https:\/\/3c98cd88ae.nxcli.io\/wp-content\/uploads\/2023\/02\/Sago-Standard-Logo.jpg","contentUrl":"https:\/\/3c98cd88ae.nxcli.io\/wp-content\/uploads\/2023\/02\/Sago-Standard-Logo.jpg","width":200,"height":200,"caption":"Sago"},"image":{"@id":"https:\/\/staging.sago.com\/de\/#\/schema\/logo\/image\/"},"sameAs":["https:\/\/www.facebook.com\/sagomrx","https:\/\/x.com\/sagomrx","https:\/\/www.instagram.com\/sagomrx\/","https:\/\/www.youtube.com\/@sago-mrx","https:\/\/www.linkedin.com\/company\/sago-mrx\/","https:\/\/vimeo.com\/sagomrx"]}]}},"_links":{"self":[{"href":"https:\/\/staging.sago.com\/de\/wp-json\/wp\/v2\/pages\/7160","targetHints":{"allow":["GET"]}}],"collection":[{"href":"https:\/\/staging.sago.com\/de\/wp-json\/wp\/v2\/pages"}],"about":[{"href":"https:\/\/staging.sago.com\/de\/wp-json\/wp\/v2\/types\/page"}],"author":[{"embeddable":true,"href":"https:\/\/staging.sago.com\/de\/wp-json\/wp\/v2\/users\/6"}],"replies":[{"embeddable":true,"href":"https:\/\/staging.sago.com\/de\/wp-json\/wp\/v2\/comments?post=7160"}],"version-history":[{"count":0,"href":"https:\/\/staging.sago.com\/de\/wp-json\/wp\/v2\/pages\/7160\/revisions"}],"up":[{"embeddable":true,"href":"https:\/\/staging.sago.com\/de\/wp-json\/wp\/v2\/pages\/7154"}],"wp:featuredmedia":[{"embeddable":true,"href":"https:\/\/staging.sago.com\/de\/wp-json\/wp\/v2\/media\/12072"}],"wp:attachment":[{"href":"https:\/\/staging.sago.com\/de\/wp-json\/wp\/v2\/media?parent=7160"}],"wp:term":[{"taxonomy":"category","embeddable":true,"href":"https:\/\/staging.sago.com\/de\/wp-json\/wp\/v2\/categories?post=7160"},{"taxonomy":"post_tag","embeddable":true,"href":"https:\/\/staging.sago.com\/de\/wp-json\/wp\/v2\/tags?post=7160"},{"taxonomy":"city","embeddable":true,"href":"https:\/\/staging.sago.com\/de\/wp-json\/wp\/v2\/city?post=7160"}],"curies":[{"name":"wp","href":"https:\/\/api.w.org\/{rel}","templated":true}]}}