{"id":7154,"date":"2017-01-26T16:05:45","date_gmt":"2017-01-26T16:05:45","guid":{"rendered":"https:\/\/1aa340fc3d.nxcli.io\/\/stagingqualitative\/"},"modified":"2023-02-28T23:15:27","modified_gmt":"2023-03-01T04:15:27","slug":"qualitative","status":"publish","type":"page","link":"https:\/\/staging.sago.com\/de\/losungen\/qualitative\/","title":{"rendered":"Qualitative"},"content":{"rendered":"<div class=\"wpb-content-wrapper\"><p>[vc_row section_skin=&#8220;quaternary&#8220; animation_type=&#8220;fadeInUp&#8220; css=&#8220;.vc_custom_1676056672014{padding-top: 50px !important;padding-bottom: 50px !important;}&#8220; conditional_render=&#8220;%5B%7B%22value_role%22%3A%22administrator%22%7D%5D&#8220;][vc_column conditional_render=&#8220;%5B%7B%22value_role%22%3A%22administrator%22%7D%5D&#8220;][vc_row_inner equal_height=&#8220;yes&#8220;][vc_column_inner width=&#8220;1\/3&#8243;][vc_column_text el_class=&#8220;sago-green-block&#8220;]<\/p>\n<div><img  title=\"\" loading=\"lazy\" decoding=\"async\" class=\"iconareas alignnone size-full wp-image-53173\" src=\"https:\/\/staging.sago.com\/wp-content\/uploads\/2023\/02\/Recruit.png\"  alt=\"sago\"  width=\"40\" height=\"40\" \/><\/div>\n<h3 class=\"imp-question\">Intelligente Rekrutierung<\/h3>\n<p class=\"imp-para\">Erleben Sie Probanden, die bereit sind, zu interagieren und sich effektiv auszudr\u00fccken. Wir stellen Ihnen Probanden zur Seite, die mit den von Ihnen gew\u00fcnschten Methoden und deren technischen Voraussetzungen vertraut sind.<\/p>\n<p>[\/vc_column_text][\/vc_column_inner][vc_column_inner width=&#8220;1\/3&#8243;][vc_column_text el_class=&#8220;sago-green-block&#8220;]<\/p>\n<div><img  title=\"\" loading=\"lazy\" decoding=\"async\" class=\"iconsarea alignnone wp-image-53187 size-full\" src=\"https:\/\/staging.sago.com\/wp-content\/uploads\/2023\/02\/service-excellence.png\"  alt=\"sago\"  width=\"40\" height=\"40\" \/><\/div>\n<h3 class=\"imp-question\">Service Excellence<\/h3>\n<p class=\"imp-para\">Arbeiten Sie mit engagierten Menschen zusammen, die die besonderen Anforderungen und Schwierigkeiten Ihrer Forschungsstudien verstehen. Unser Team setzt sich f\u00fcr den Erfolg Ihres Projekts ein und sorgt daf\u00fcr, dass Sie Ihre Ziele erreichen.<\/p>\n<p>[\/vc_column_text][\/vc_column_inner][vc_column_inner width=&#8220;1\/3&#8243;][vc_column_text el_class=&#8220;sago-green-block&#8220;]<\/p>\n<div><img  title=\"\" loading=\"lazy\" decoding=\"async\" class=\"iconsarea alignnone wp-image-53247 size-full\" src=\"https:\/\/staging.sago.com\/wp-content\/uploads\/2023\/02\/data-quality-secuirty.png\"  alt=\"sago\"  width=\"40\" height=\"40\" \/><\/div>\n<h3 class=\"imp-question\">Datenqualit\u00e4t und -sicherheit<\/h3>\n<p class=\"imp-para\">Lehnen Sie sich entspannt zur\u00fcck, denn Ihre Daten haben f\u00fcr uns h\u00f6chste Priorit\u00e4t. Unser internes Kontrollsystem wurde entwickelt, um den h\u00f6chsten Sicherheitsstandard der Kunden- und Teilnehmerdaten in allen Phasen Ihrer Studie zu gew\u00e4hrleisten.<\/p>\n<p>[\/vc_column_text][\/vc_column_inner][\/vc_row_inner][\/vc_column][\/vc_row][vc_row full_width=&#8220;stretch_row&#8220; css=&#8220;.vc_custom_1675964009465{padding-top: 50px !important;padding-bottom: 50px !important;background-color: #f2f2f2 !important;}&#8220; animation_type=&#8220;fadeIn&#8220; conditional_render=&#8220;%5B%7B%22value_role%22%3A%22administrator%22%7D%5D&#8220;][vc_column][vc_column_text]<\/p>\n<h2>Entdecken Sie unser umfassendes Portfolio an qualitativen Dienstleistungen von klassischen, online- oder emotionalen Methoden.<\/h2>\n<p>[\/vc_column_text][vc_row_inner gap=&#8220;35&#8243; animation_in_type=&#8220;transition.fadeIn&#8220; animation_in_offset=&#8220;80&#8243; animation_in_duration=&#8220;300&#8243; animation_in_delay=&#8220;0&#8243; css=&#8220;.vc_custom_1675964016243{padding-top: 25px !important;}&#8220;][vc_column_inner width=&#8220;1\/4&#8243;][vc_single_image image=&#8220;51935&#8243; img_size=&#8220;full&#8220; el_class=&#8220;sagoimage&#8220; label=&#8220;&#8220;][vc_column_text]<\/p>\n<h3>Digital Qual<\/h3>\n<p>Gewinnen Sie schnell und einfach \u00fcberzeugende Insights mit den digitalen qualitativen Ans\u00e4tzen von Sago. Unser umfassendes L\u00f6sungsangebot wird durch unsere branchenf\u00fchrenden ResTech-Plattformen sowie durch hervorragende Unterst\u00fctzung bei der Rekrutierung und beim Projektmanagement unterst\u00fctzt.[\/vc_column_text][\/vc_column_inner][vc_column_inner width=&#8220;1\/4&#8243;][vc_single_image image=&#8220;51931&#8243; img_size=&#8220;full&#8220; el_class=&#8220;sagoimage&#8220; label=&#8220;&#8220;][vc_column_text]<\/p>\n<h3>In-Person-Methodik<\/h3>\n<p>Bleiben Sie nah an Ihren Zielgruppen und beobachten Sie die Probanden in Echtzeit mit Sago&#8217;s Portfolio an qualitativen In-Person Methoden. Binden Sie die Erkenntnisse Ihrer heutigen und zuk\u00fcnftigen Zielgruppen mit Hilfe von Fokusgruppen, Einzelinterviews oder Ethnographien tiefer in ihre Unternehmensstrategie ein.[\/vc_column_text][\/vc_column_inner][vc_column_inner width=&#8220;1\/4&#8243;][vc_single_image image=&#8220;5639&#8243; img_size=&#8220;full&#8220; el_class=&#8220;sagoimage&#8220; label=&#8220;&#8220;][vc_column_text]<\/p>\n<h3>Telefonische Interviews<\/h3>\n<p>Nutzen Sie die Telefoninterviews von Sago als zweckm\u00e4\u00dfige und kosteneffiziente L\u00f6sung, um eine geografische Streuung von Zielgruppen zu erreichen. Wir helfen Forschern, detaillierte Einblicke und Antworten von regionalen Zielgruppen zu erhalten.[\/vc_column_text][\/vc_column_inner][vc_column_inner width=&#8220;1\/4&#8243;][vc_single_image image=&#8220;2172&#8243; img_size=&#8220;full&#8220; el_class=&#8220;sagoimage&#8220; label=&#8220;&#8220;][vc_column_text]<\/p>\n<h3>Research Labs\u200b<\/h3>\n<p>Gewinnen Sie tiefere Einblicke und \u00fcberzeugende Datenvisualisierung mit modernsten Research Labs. IVP Research Labs ist ein Sago-Tochterunternehmen und bietet eine Auswahl einzigartiger und innovativer quantitativer Forschungstechnologien f\u00fcr ein besseres emotionales Verst\u00e4ndnis Ihrer Zielgruppe.[\/vc_column_text][\/vc_column_inner][\/vc_row_inner][\/vc_column][\/vc_row][vc_row full_width=&#8220;stretch_row&#8220; gap=&#8220;35&#8243; is_section=&#8220;yes&#8220; section_skin=&#8220;secondary&#8220; remove_margin_top=&#8220;yes&#8220; remove_margin_bottom=&#8220;yes&#8220; remove_padding_top=&#8220;yes&#8220; remove_padding_bottom=&#8220;yes&#8220; remove_border=&#8220;yes&#8220; css=&#8220;.vc_custom_1675964060954{padding-top: 50px !important;padding-bottom: 50px !important;}&#8220; conditional_render=&#8220;%5B%7B%22value_role%22%3A%22administrator%22%7D%5D&#8220;][vc_column][vc_column_text el_class=&#8220;white-text&#8220;]<\/p>\n<h2>Auch wenn Ihr Forschungsbedarf \u00fcber rein qualitative Ans\u00e4tze hinausgeht, kann Sago Ihnen helfen.<\/h2>\n<p>[\/vc_column_text][vc_row_inner gap=&#8220;35&#8243; animation_type=&#8220;fadeIn&#8220; css=&#8220;.vc_custom_1675964056570{padding-top: 25px !important;}&#8220;][vc_column_inner width=&#8220;1\/2&#8243;][vc_single_image image=&#8220;46749&#8243; img_size=&#8220;full&#8220; el_class=&#8220;sagoimage&#8220;][vc_column_text el_class=&#8220;white-text&#8220;]<\/p>\n<h3>Hybride Forschung<\/h3>\n<p>Sago bietet Ihnen die idealen Voraussetzungen, um traditionelle qualitative Methoden nahtlos mit einer Reihe von qualitativen oder quantitativen Online-L\u00f6sungen zu kombinieren. Integrieren Sie kreative Forschungsmethoden, um das Engagement der Teilnehmer zu maximieren und Ihre Forschungsfrage vollumf\u00e4nglich abzusichern.[\/vc_column_text][\/vc_column_inner][vc_column_inner width=&#8220;1\/2&#8243; css=&#8220;.vc_custom_1488318052004{padding-right: 20px !important;padding-left: 20px !important;}&#8220;][vc_single_image image=&#8220;26942&#8243; img_size=&#8220;full&#8220; el_class=&#8220;sagoimage&#8220;][vc_column_text el_class=&#8220;white-text&#8220;]<\/p>\n<h3>Produkt-Tests<\/h3>\n<p>Die Produktoptimierung ist entscheidend f\u00fcr Markterfolg. Sago unterst\u00fctzt eine Vielzahl von Methoden f\u00fcr Produkt- und Prototypentests: Von Studiotests an zentralen Standorten bis hin zu InHome-Tests oder jedem anderen Ort Ihrer Wahl &#8211; mit genau den qualitativen, quantitativen oder hybriden Ans\u00e4tzen, die am besten zu Ihrem Produkt und Ihren Testzielen passen.[\/vc_column_text][\/vc_column_inner][\/vc_row_inner][\/vc_column][\/vc_row][vc_row][vc_column]<div class=\"porto-block\" data-id=\"51974\"><style>.vc_custom_1676491494506{padding-top: 50px !important;padding-bottom: 50px !important;}.vc_custom_1676239417174{padding-right: 0px !important;padding-left: 0px !important;}.vc_custom_1676239407838{padding-right: 0px !important;}.vc_custom_1675969268171{padding-right: 0px !important;padding-left: 0px !important;}.vc_custom_1675969278597{padding-right: 0px !important;padding-left: 0px !important;}.vc_custom_1676239706215{padding-right: 0px !important;}<\/style>[vc_row full_width=\"stretch_row_content_no_spaces\" equal_height=\"yes\" conditional_render=\"%5B%7B%22value_role%22%3A%22administrator%22%7D%5D\" css=\".vc_custom_1676491494506{padding-top: 50px !important;padding-bottom: 50px !important;}\"][vc_column css=\".vc_custom_1676239417174{padding-right: 0px !important;padding-left: 0px !important;}\" conditional_render=\"%5B%7B%22value_role%22%3A%22administrator%22%7D%5D\"][vc_row_inner equal_height=\"yes\" content_placement=\"middle\" css=\".vc_custom_1676239407838{padding-right: 0px !important;}\"][vc_column_inner width=\"1\/4\" offset=\"vc_col-xs-1\/5\" css=\".vc_custom_1675969268171{padding-right: 0px !important;padding-left: 0px !important;}\"][vc_single_image image=\"51222\" img_size=\"full\"][\/vc_column_inner][vc_column_inner width=\"1\/2\" offset=\"vc_col-xs-3\/5\"][vc_column_text]<\/p>\r\n<h2 style=\"text-align: center;\">Ready to get started?<\/h2>\r\n<p>[\/vc_column_text][vc_btn title=\"Get in touch\" align=\"center\" el_class=\"getintouch\" link=\"url:https%3A%2F%2Fstaging.sago.com%2Fget-in-touch%2F|title:get%20in%20touch\"][\/vc_column_inner][vc_column_inner width=\"1\/4\" offset=\"vc_col-xs-1\/5\" css=\".vc_custom_1675969278597{padding-right: 0px !important;padding-left: 0px !important;}\"][vc_single_image image=\"51226\" img_size=\"full\" alignment=\"right\" css=\".vc_custom_1676239706215{padding-right: 0px !important;}\"][\/vc_column_inner][\/vc_row_inner][\/vc_column][\/vc_row][vc_row][vc_column][vc_column_text]<\/p>\r\n<p><span data-mce-type=\"bookmark\" style=\"display: inline-block; width: 0px; overflow: hidden; line-height: 0;\" class=\"mce_SELRES_start\">\ufeff<\/s[\/vc_column_text][\/vc_column][\/vc_row]<\/div>[\/vc_column][\/vc_row]<\/p>\n<\/div>","protected":false},"excerpt":{"rendered":"<p>[vc_row section_skin=&#8220;quaternary&#8220; animation_type=&#8220;fadeInUp&#8220; css=&#8220;.vc_custom_1676056672014{padding-top: 50px !important;padding-bottom: 50px !important;}&#8220; conditional_render=&#8220;%5B%7B%22value_role%22%3A%22administrator%22%7D%5D&#8220;][vc_column conditional_render=&#8220;%5B%7B%22value_role%22%3A%22administrator%22%7D%5D&#8220;][vc_row_inner equal_height=&#8220;yes&#8220;][vc_column_inner width=&#8220;1\/3&#8243;][vc_column_text el_class=&#8220;sago-green-block&#8220;] Intelligente Rekrutierung Erleben Sie Probanden, die bereit sind, zu interagieren und sich effektiv auszudr\u00fccken. Wir stellen Ihnen Probanden zur Seite, die mit den von Ihnen gew\u00fcnschten Methoden und deren technischen Voraussetzungen vertraut sind. [\/vc_column_text][\/vc_column_inner][vc_column_inner width=&#8220;1\/3&#8243;][vc_column_text el_class=&#8220;sago-green-block&#8220;] Service Excellence Arbeiten Sie mit engagierten [&hellip;]<\/p>\n","protected":false},"author":6,"featured_media":56821,"parent":7204,"menu_order":2,"comment_status":"closed","ping_status":"closed","template":"solutions-page.php","meta":{"_acf_changed":false,"content-type":"","footnotes":""},"categories":[],"tags":[16716,16735],"city":[],"class_list":["post-7154","page","type-page","status-publish","has-post-thumbnail","hentry","tag-defaultraw-de","tag-insightsrawproduct-de"],"acf":[],"yoast_head":"<!-- This site is optimized with the Yoast SEO Premium plugin v19.7 (Yoast SEO v27.3) - https:\/\/yoast.com\/product\/yoast-seo-premium-wordpress\/ -->\n<title>Qualitative L\u00f6sungen | In-Person, Online &amp; In-Field | Sago<\/title>\n<meta name=\"description\" content=\"Von den qualitativen Klassikern bis hin zu Online- oder emotionaleren Befragungen, einzelnen oder hybriden Methoden \u2013 entdecken Sie unser umfassendes Portfolio an qualitativen L\u00f6sungen.\" \/>\n<meta name=\"robots\" content=\"noindex, follow, max-snippet:-1, max-image-preview:large, max-video-preview:-1\" \/>\n<meta property=\"og:locale\" content=\"de_DE\" \/>\n<meta property=\"og:type\" content=\"article\" \/>\n<meta property=\"og:title\" content=\"Qualitative\" \/>\n<meta property=\"og:description\" content=\"Von den qualitativen Klassikern bis hin zu Online- oder emotionaleren Befragungen, einzelnen oder hybriden Methoden \u2013 entdecken Sie unser umfassendes Portfolio an qualitativen L\u00f6sungen.\" \/>\n<meta property=\"og:url\" content=\"https:\/\/staging.sago.com\/de\/losungen\/qualitative\/\" \/>\n<meta property=\"og:site_name\" content=\"Sago\" \/>\n<meta property=\"article:publisher\" content=\"https:\/\/www.facebook.com\/sagomrx\" \/>\n<meta property=\"article:modified_time\" content=\"2023-03-01T04:15:27+00:00\" \/>\n<meta property=\"og:image\" content=\"https:\/\/staging.sago.com\/wp-content\/uploads\/2023\/02\/qualitative-e1677579631783.jpg\" \/>\n\t<meta property=\"og:image:width\" content=\"1000\" \/>\n\t<meta property=\"og:image:height\" content=\"667\" \/>\n\t<meta property=\"og:image:type\" content=\"image\/jpeg\" \/>\n<meta name=\"twitter:card\" content=\"summary_large_image\" \/>\n<meta name=\"twitter:site\" content=\"@sagomrx\" \/>\n<meta name=\"twitter:label1\" content=\"Gesch\u00e4tzte Lesezeit\" \/>\n\t<meta name=\"twitter:data1\" content=\"3\u00a0Minuten\" \/>\n<script type=\"application\/ld+json\" class=\"yoast-schema-graph\">{\"@context\":\"https:\\\/\\\/schema.org\",\"@graph\":[{\"@type\":\"WebPage\",\"@id\":\"https:\\\/\\\/staging.sago.com\\\/de\\\/losungen\\\/qualitative\\\/\",\"url\":\"https:\\\/\\\/staging.sago.com\\\/de\\\/losungen\\\/qualitative\\\/\",\"name\":\"Qualitative L\u00f6sungen | In-Person, Online & In-Field | Sago\",\"isPartOf\":{\"@id\":\"https:\\\/\\\/staging.sago.com\\\/de\\\/#website\"},\"primaryImageOfPage\":{\"@id\":\"https:\\\/\\\/staging.sago.com\\\/de\\\/losungen\\\/qualitative\\\/#primaryimage\"},\"image\":{\"@id\":\"https:\\\/\\\/staging.sago.com\\\/de\\\/losungen\\\/qualitative\\\/#primaryimage\"},\"thumbnailUrl\":\"https:\\\/\\\/staging.sago.com\\\/wp-content\\\/uploads\\\/2023\\\/02\\\/qualitative-e1677579631783.jpg\",\"datePublished\":\"2017-01-26T16:05:45+00:00\",\"dateModified\":\"2023-03-01T04:15:27+00:00\",\"description\":\"Von den qualitativen Klassikern bis hin zu Online- oder emotionaleren Befragungen, einzelnen oder hybriden Methoden \u2013 entdecken Sie unser umfassendes Portfolio an qualitativen L\u00f6sungen.\",\"breadcrumb\":{\"@id\":\"https:\\\/\\\/staging.sago.com\\\/de\\\/losungen\\\/qualitative\\\/#breadcrumb\"},\"inLanguage\":\"de\",\"potentialAction\":[{\"@type\":\"ReadAction\",\"target\":[\"https:\\\/\\\/staging.sago.com\\\/de\\\/losungen\\\/qualitative\\\/\"]}]},{\"@type\":\"ImageObject\",\"inLanguage\":\"de\",\"@id\":\"https:\\\/\\\/staging.sago.com\\\/de\\\/losungen\\\/qualitative\\\/#primaryimage\",\"url\":\"https:\\\/\\\/staging.sago.com\\\/wp-content\\\/uploads\\\/2023\\\/02\\\/qualitative-e1677579631783.jpg\",\"contentUrl\":\"https:\\\/\\\/staging.sago.com\\\/wp-content\\\/uploads\\\/2023\\\/02\\\/qualitative-e1677579631783.jpg\",\"width\":1000,\"height\":667,\"caption\":\"qualitative\"},{\"@type\":\"BreadcrumbList\",\"@id\":\"https:\\\/\\\/staging.sago.com\\\/de\\\/losungen\\\/qualitative\\\/#breadcrumb\",\"itemListElement\":[{\"@type\":\"ListItem\",\"position\":1,\"name\":\"Home\",\"item\":\"https:\\\/\\\/staging.sago.com\\\/de\\\/\"},{\"@type\":\"ListItem\",\"position\":2,\"name\":\"Qualitative\"}]},{\"@type\":\"WebSite\",\"@id\":\"https:\\\/\\\/staging.sago.com\\\/de\\\/#website\",\"url\":\"https:\\\/\\\/staging.sago.com\\\/de\\\/\",\"name\":\"Sago\",\"description\":\"Adaptable Solutions. Confident Decisions.\",\"publisher\":{\"@id\":\"https:\\\/\\\/staging.sago.com\\\/de\\\/#organization\"},\"potentialAction\":[{\"@type\":\"SearchAction\",\"target\":{\"@type\":\"EntryPoint\",\"urlTemplate\":\"https:\\\/\\\/staging.sago.com\\\/de\\\/?s={search_term_string}\"},\"query-input\":{\"@type\":\"PropertyValueSpecification\",\"valueRequired\":true,\"valueName\":\"search_term_string\"}}],\"inLanguage\":\"de\"},{\"@type\":\"Organization\",\"@id\":\"https:\\\/\\\/staging.sago.com\\\/de\\\/#organization\",\"name\":\"Sago\",\"url\":\"https:\\\/\\\/staging.sago.com\\\/de\\\/\",\"logo\":{\"@type\":\"ImageObject\",\"inLanguage\":\"de\",\"@id\":\"https:\\\/\\\/staging.sago.com\\\/de\\\/#\\\/schema\\\/logo\\\/image\\\/\",\"url\":\"https:\\\/\\\/3c98cd88ae.nxcli.io\\\/wp-content\\\/uploads\\\/2023\\\/02\\\/Sago-Standard-Logo.jpg\",\"contentUrl\":\"https:\\\/\\\/3c98cd88ae.nxcli.io\\\/wp-content\\\/uploads\\\/2023\\\/02\\\/Sago-Standard-Logo.jpg\",\"width\":200,\"height\":200,\"caption\":\"Sago\"},\"image\":{\"@id\":\"https:\\\/\\\/staging.sago.com\\\/de\\\/#\\\/schema\\\/logo\\\/image\\\/\"},\"sameAs\":[\"https:\\\/\\\/www.facebook.com\\\/sagomrx\",\"https:\\\/\\\/x.com\\\/sagomrx\",\"https:\\\/\\\/www.instagram.com\\\/sagomrx\\\/\",\"https:\\\/\\\/www.youtube.com\\\/@sago-mrx\",\"https:\\\/\\\/www.linkedin.com\\\/company\\\/sago-mrx\\\/\",\"https:\\\/\\\/vimeo.com\\\/sagomrx\"]}]}<\/script>\n<!-- \/ Yoast SEO Premium plugin. -->","yoast_head_json":{"title":"Qualitative L\u00f6sungen | In-Person, Online & In-Field | Sago","description":"Von den qualitativen Klassikern bis hin zu Online- oder emotionaleren Befragungen, einzelnen oder hybriden Methoden \u2013 entdecken Sie unser umfassendes Portfolio an qualitativen L\u00f6sungen.","robots":{"index":"noindex","follow":"follow","max-snippet":"max-snippet:-1","max-image-preview":"max-image-preview:large","max-video-preview":"max-video-preview:-1"},"og_locale":"de_DE","og_type":"article","og_title":"Qualitative","og_description":"Von den qualitativen Klassikern bis hin zu Online- oder emotionaleren Befragungen, einzelnen oder hybriden Methoden \u2013 entdecken Sie unser umfassendes Portfolio an qualitativen L\u00f6sungen.","og_url":"https:\/\/staging.sago.com\/de\/losungen\/qualitative\/","og_site_name":"Sago","article_publisher":"https:\/\/www.facebook.com\/sagomrx","article_modified_time":"2023-03-01T04:15:27+00:00","og_image":[{"width":1000,"height":667,"url":"https:\/\/staging.sago.com\/wp-content\/uploads\/2023\/02\/qualitative-e1677579631783.jpg","type":"image\/jpeg"}],"twitter_card":"summary_large_image","twitter_site":"@sagomrx","twitter_misc":{"Gesch\u00e4tzte Lesezeit":"3\u00a0Minuten"},"schema":{"@context":"https:\/\/schema.org","@graph":[{"@type":"WebPage","@id":"https:\/\/staging.sago.com\/de\/losungen\/qualitative\/","url":"https:\/\/staging.sago.com\/de\/losungen\/qualitative\/","name":"Qualitative L\u00f6sungen | In-Person, Online & In-Field | Sago","isPartOf":{"@id":"https:\/\/staging.sago.com\/de\/#website"},"primaryImageOfPage":{"@id":"https:\/\/staging.sago.com\/de\/losungen\/qualitative\/#primaryimage"},"image":{"@id":"https:\/\/staging.sago.com\/de\/losungen\/qualitative\/#primaryimage"},"thumbnailUrl":"https:\/\/staging.sago.com\/wp-content\/uploads\/2023\/02\/qualitative-e1677579631783.jpg","datePublished":"2017-01-26T16:05:45+00:00","dateModified":"2023-03-01T04:15:27+00:00","description":"Von den qualitativen Klassikern bis hin zu Online- oder emotionaleren Befragungen, einzelnen oder hybriden Methoden \u2013 entdecken Sie unser umfassendes Portfolio an qualitativen L\u00f6sungen.","breadcrumb":{"@id":"https:\/\/staging.sago.com\/de\/losungen\/qualitative\/#breadcrumb"},"inLanguage":"de","potentialAction":[{"@type":"ReadAction","target":["https:\/\/staging.sago.com\/de\/losungen\/qualitative\/"]}]},{"@type":"ImageObject","inLanguage":"de","@id":"https:\/\/staging.sago.com\/de\/losungen\/qualitative\/#primaryimage","url":"https:\/\/staging.sago.com\/wp-content\/uploads\/2023\/02\/qualitative-e1677579631783.jpg","contentUrl":"https:\/\/staging.sago.com\/wp-content\/uploads\/2023\/02\/qualitative-e1677579631783.jpg","width":1000,"height":667,"caption":"qualitative"},{"@type":"BreadcrumbList","@id":"https:\/\/staging.sago.com\/de\/losungen\/qualitative\/#breadcrumb","itemListElement":[{"@type":"ListItem","position":1,"name":"Home","item":"https:\/\/staging.sago.com\/de\/"},{"@type":"ListItem","position":2,"name":"Qualitative"}]},{"@type":"WebSite","@id":"https:\/\/staging.sago.com\/de\/#website","url":"https:\/\/staging.sago.com\/de\/","name":"Sago","description":"Adaptable Solutions. Confident Decisions.","publisher":{"@id":"https:\/\/staging.sago.com\/de\/#organization"},"potentialAction":[{"@type":"SearchAction","target":{"@type":"EntryPoint","urlTemplate":"https:\/\/staging.sago.com\/de\/?s={search_term_string}"},"query-input":{"@type":"PropertyValueSpecification","valueRequired":true,"valueName":"search_term_string"}}],"inLanguage":"de"},{"@type":"Organization","@id":"https:\/\/staging.sago.com\/de\/#organization","name":"Sago","url":"https:\/\/staging.sago.com\/de\/","logo":{"@type":"ImageObject","inLanguage":"de","@id":"https:\/\/staging.sago.com\/de\/#\/schema\/logo\/image\/","url":"https:\/\/3c98cd88ae.nxcli.io\/wp-content\/uploads\/2023\/02\/Sago-Standard-Logo.jpg","contentUrl":"https:\/\/3c98cd88ae.nxcli.io\/wp-content\/uploads\/2023\/02\/Sago-Standard-Logo.jpg","width":200,"height":200,"caption":"Sago"},"image":{"@id":"https:\/\/staging.sago.com\/de\/#\/schema\/logo\/image\/"},"sameAs":["https:\/\/www.facebook.com\/sagomrx","https:\/\/x.com\/sagomrx","https:\/\/www.instagram.com\/sagomrx\/","https:\/\/www.youtube.com\/@sago-mrx","https:\/\/www.linkedin.com\/company\/sago-mrx\/","https:\/\/vimeo.com\/sagomrx"]}]}},"_links":{"self":[{"href":"https:\/\/staging.sago.com\/de\/wp-json\/wp\/v2\/pages\/7154","targetHints":{"allow":["GET"]}}],"collection":[{"href":"https:\/\/staging.sago.com\/de\/wp-json\/wp\/v2\/pages"}],"about":[{"href":"https:\/\/staging.sago.com\/de\/wp-json\/wp\/v2\/types\/page"}],"author":[{"embeddable":true,"href":"https:\/\/staging.sago.com\/de\/wp-json\/wp\/v2\/users\/6"}],"replies":[{"embeddable":true,"href":"https:\/\/staging.sago.com\/de\/wp-json\/wp\/v2\/comments?post=7154"}],"version-history":[{"count":0,"href":"https:\/\/staging.sago.com\/de\/wp-json\/wp\/v2\/pages\/7154\/revisions"}],"up":[{"embeddable":true,"href":"https:\/\/staging.sago.com\/de\/wp-json\/wp\/v2\/pages\/7204"}],"wp:featuredmedia":[{"embeddable":true,"href":"https:\/\/staging.sago.com\/de\/wp-json\/wp\/v2\/media\/56821"}],"wp:attachment":[{"href":"https:\/\/staging.sago.com\/de\/wp-json\/wp\/v2\/media?parent=7154"}],"wp:term":[{"taxonomy":"category","embeddable":true,"href":"https:\/\/staging.sago.com\/de\/wp-json\/wp\/v2\/categories?post=7154"},{"taxonomy":"post_tag","embeddable":true,"href":"https:\/\/staging.sago.com\/de\/wp-json\/wp\/v2\/tags?post=7154"},{"taxonomy":"city","embeddable":true,"href":"https:\/\/staging.sago.com\/de\/wp-json\/wp\/v2\/city?post=7154"}],"curies":[{"name":"wp","href":"https:\/\/api.w.org\/{rel}","templated":true}]}}