{"id":7148,"date":"2017-01-26T16:08:24","date_gmt":"2017-01-26T16:08:24","guid":{"rendered":"https:\/\/1aa340fc3d.nxcli.io\/\/stagingquantitative\/"},"modified":"2023-02-28T23:08:13","modified_gmt":"2023-03-01T04:08:13","slug":"quantitative","status":"publish","type":"page","link":"https:\/\/staging.sago.com\/de\/losungen\/quantitative\/","title":{"rendered":"Quantitative"},"content":{"rendered":"<div class=\"wpb-content-wrapper\"><p>[vc_row section_skin=&#8220;quaternary&#8220; animation_type=&#8220;fadeInUp&#8220; css=&#8220;.vc_custom_1676057190290{padding-top: 50px !important;padding-bottom: 50px !important;}&#8220; conditional_render=&#8220;%5B%7B%22value_role%22%3A%22administrator%22%7D%5D&#8220;][vc_column conditional_render=&#8220;%5B%7B%22value_role%22%3A%22administrator%22%7D%5D&#8220;][vc_column_text]<\/p>\n<h2>Wir verstehen uns als einen Partner, der sie bei jeder Phase Ihres Projekts unterst\u00fctzt. Wir bringen Ihre Forschungsziele, den Zeitplan und Ihr Budget in Einklang.<\/h2>\n<p>[\/vc_column_text][vc_row_inner equal_height=&#8220;yes&#8220;][vc_column_inner width=&#8220;1\/3&#8243;][vc_column_text el_class=&#8220;sago-green-block&#8220;]<img  title=\"\" loading=\"lazy\" decoding=\"async\" class=\"iconsarea alignnone wp-image-53199 size-full\" src=\"https:\/\/staging.sago.com\/wp-content\/uploads\/2023\/02\/speed.png\"  alt=\"sago\"  width=\"40\" height=\"40\" \/><\/p>\n<h3 class=\"imp-question\">Marktforschungsdaten in der von Ihnen ben\u00f6tigten Geschwindigkeit<\/h3>\n<p class=\"imp-para\">Unsere erfahrenen Teams nutzen fortschrittliche programmatische und datenwissenschaftliche Funktionen, um schnellstm\u00f6glich qualitativ hochwertige Forschungsergebnisse zu liefern.<\/p>\n<p>[\/vc_column_text][\/vc_column_inner][vc_column_inner width=&#8220;1\/3&#8243;][vc_column_text el_class=&#8220;sago-green-block&#8220;]<\/p>\n<div><img  title=\"\" loading=\"lazy\" decoding=\"async\" class=\"iconsarea alignnone wp-image-53291 size-full\" src=\"https:\/\/staging.sago.com\/wp-content\/uploads\/2023\/02\/optimization-goals.png\"  alt=\"sago\"  width=\"40\" height=\"40\" \/><\/div>\n<h3 class=\"imp-question\">Umfragen-Optimierung zur Erreichung Ihrer Ziele<\/h3>\n<p class=\"imp-para\">Von der Stichprobenrekrutierung bis zur Datenauswertung nutzen wir unser Fachwissen und unsere innovativen L\u00f6sungen, um Ihre Umfragen durch zuverl\u00e4ssige Ergebnisse zu abzurunden.<\/p>\n<p>[\/vc_column_text][\/vc_column_inner][vc_column_inner width=&#8220;1\/3&#8243;][vc_column_text el_class=&#8220;sago-green-block&#8220;]<\/p>\n<div><img  title=\"\" loading=\"lazy\" decoding=\"async\" class=\"iconsarea alignnone wp-image-53215 size-full\" src=\"https:\/\/staging.sago.com\/wp-content\/uploads\/2023\/02\/Audience.png\"  alt=\"sago\"  width=\"40\" height=\"40\" \/><\/div>\n<h3 class=\"imp-question\">Einzigartiger Zugang zu Ihren Zielgruppen<\/h3>\n<p class=\"imp-para\">Unsere umfassenden globalen Panels bringen Sie mit Millionen von verifizierten und profilierten Verbrauchern, Unternehmen, Gesundheitseinrichtungen und Patientengruppen zusammen.<\/p>\n<p>[\/vc_column_text][\/vc_column_inner][\/vc_row_inner][\/vc_column][\/vc_row][vc_row full_width=&#8220;stretch_row&#8220; gap=&#8220;35&#8243; content_placement=&#8220;middle&#8220; text_align=&#8220;left&#8220; is_section=&#8220;yes&#8220; section_skin=&#8220;secondary&#8220; remove_margin_top=&#8220;yes&#8220; remove_margin_bottom=&#8220;yes&#8220; remove_padding_bottom=&#8220;yes&#8220; remove_border=&#8220;yes&#8220; bg_type=&#8220;bg_color&#8220; css=&#8220;.vc_custom_1675795239100{padding-top: 50px !important;padding-bottom: 50px !important;}&#8220; conditional_render=&#8220;%5B%7B%22value_role%22%3A%22administrator%22%7D%5D&#8220;][vc_column][vc_column_text]<\/p>\n<h2>Von der Formulierung der Zielgruppe bis hin zur Beratung f\u00fcr optimale Befragungsans\u00e4tze unterst\u00fctzen wir Sie dabei, qualitativ hochwertige Erkenntnisse zu gewinnen, die Sie f\u00fcr Ihre Unternehmensentscheidungen ben\u00f6tigen.<\/h2>\n<p>[\/vc_column_text][vc_row_inner content_placement=&#8220;middle&#8220; gap=&#8220;35&#8243; css=&#8220;.vc_custom_1676752126325{padding-top: 25px !important;padding-bottom: 50px !important;}&#8220;][vc_column_inner width=&#8220;1\/2&#8243;][vc_single_image image=&#8220;44380&#8243; img_size=&#8220;full&#8220; el_class=&#8220;sagoimage&#8220; label=&#8220;&#8220;][\/vc_column_inner][vc_column_inner width=&#8220;1\/2&#8243; css=&#8220;.vc_custom_1676752181812{padding-right: 25px !important;padding-left: 25px !important;}&#8220;][vc_column_text]<\/p>\n<h3>Online-Umfragen<\/h3>\n<p>Ganz gleich, ob Sie eine Komplettl\u00f6sung oder nur einen Teil des Gesamtpuzzles der Datenerfassung ben\u00f6tigen \u2013 unser Team von Experten f\u00fcr Umfragemanagement und -optimierung stellt sicher, dass Sie Ihre Projektziele erreichen.[\/vc_column_text][\/vc_column_inner][\/vc_row_inner][vc_row_inner content_placement=&#8220;middle&#8220; gap=&#8220;35&#8243; css=&#8220;.vc_custom_1676752088684{padding-top: 50px !important;padding-bottom: 50px !important;}&#8220;][vc_column_inner width=&#8220;1\/2&#8243;][vc_single_image image=&#8220;32422&#8243; img_size=&#8220;full&#8220; el_class=&#8220;sagoimage&#8220; label=&#8220;&#8220;][\/vc_column_inner][vc_column_inner width=&#8220;1\/2&#8243; css=&#8220;.vc_custom_1676752191338{padding-right: 25px !important;padding-left: 25px !important;}&#8220;][vc_column_text]<\/p>\n<h3>Quant Rekrutierung-as-a-Service<\/h3>\n<p>Greifen Sie problemlos auf die ben\u00f6tigten Probanden zu und konzentrieren Sie sich auf die gewonnenen Insights, um fundierte Entscheidungen treffen zu k\u00f6nnen. Unsere Experten k\u00fcmmern sich um Ihre kurz- oder langfristige Online-Community.[\/vc_column_text][\/vc_column_inner][\/vc_row_inner][vc_row_inner content_placement=&#8220;middle&#8220; gap=&#8220;35&#8243; css=&#8220;.vc_custom_1676752088684{padding-top: 50px !important;padding-bottom: 50px !important;}&#8220;][vc_column_inner width=&#8220;1\/2&#8243;][vc_single_image image=&#8220;53606&#8243; img_size=&#8220;full&#8220; el_class=&#8220;sagoimage&#8220; label=&#8220;&#8220;][\/vc_column_inner][vc_column_inner width=&#8220;1\/2&#8243; css=&#8220;.vc_custom_1676752203443{padding-right: 25px !important;padding-left: 25px !important;}&#8220;][vc_column_text]<\/p>\n<h3>Schnellwarnsystem Omnibus<\/h3>\n<p>Gewinnen Sie schnell zuverl\u00e4ssige Erkenntnisse mit unseren Full-Service-Omnibus-Diensten. Erhalten Sie effiziente Antworten auf Ihre quantitativen Forschungsfragen mit einer L\u00f6sung, die in Ihr Budget passt.[\/vc_column_text][\/vc_column_inner][\/vc_row_inner][\/vc_column][\/vc_row][vc_row css=&#8220;.vc_custom_1675795248435{padding-top: 50px !important;padding-bottom: 50px !important;}&#8220; conditional_render=&#8220;%5B%7B%22value_role%22%3A%22administrator%22%7D%5D&#8220;][vc_column][vc_row_inner content_placement=&#8220;middle&#8220;][vc_column_inner width=&#8220;1\/2&#8243;][vc_single_image image=&#8220;56626&#8243; img_size=&#8220;full&#8220;][\/vc_column_inner][vc_column_inner width=&#8220;1\/2&#8243;][vc_column_text]<\/p>\n<h2>Sie suchen nach einem quantitativen Do-it-yourself-Forschungsansatz?\u00a0<span style=\"color: #6bc073;\"> Auch das haben wir im Angebot.<\/span><\/h2>\n<p>[\/vc_column_text][vc_column_text]<\/p>\n<h3>Methodify\u200b<\/h3>\n<p>Methodify\u00ae ist eine automatisierte quantitative Forschungs-Engine. Erzielen Sie selbst schnellere, einfachere und intelligentere Ergebnisse auf nur einer Plattform. Sie werden unter anderem bef\u00e4higt, einen m\u00f6glichen Stillstand bei der Erkenntnisgewinnung zu reduzieren und eine erweiterte Zielgruppenauswahl zu treffen.[\/vc_column_text][\/vc_column_inner][\/vc_row_inner][\/vc_column][\/vc_row][vc_row][vc_column]<div class=\"porto-block\" data-id=\"51974\"><style>.vc_custom_1676491494506{padding-top: 50px !important;padding-bottom: 50px !important;}.vc_custom_1676239417174{padding-right: 0px !important;padding-left: 0px !important;}.vc_custom_1676239407838{padding-right: 0px !important;}.vc_custom_1675969268171{padding-right: 0px !important;padding-left: 0px !important;}.vc_custom_1675969278597{padding-right: 0px !important;padding-left: 0px !important;}.vc_custom_1676239706215{padding-right: 0px !important;}<\/style>[vc_row full_width=\"stretch_row_content_no_spaces\" equal_height=\"yes\" conditional_render=\"%5B%7B%22value_role%22%3A%22administrator%22%7D%5D\" css=\".vc_custom_1676491494506{padding-top: 50px !important;padding-bottom: 50px !important;}\"][vc_column css=\".vc_custom_1676239417174{padding-right: 0px !important;padding-left: 0px !important;}\" conditional_render=\"%5B%7B%22value_role%22%3A%22administrator%22%7D%5D\"][vc_row_inner equal_height=\"yes\" content_placement=\"middle\" css=\".vc_custom_1676239407838{padding-right: 0px !important;}\"][vc_column_inner width=\"1\/4\" offset=\"vc_col-xs-1\/5\" css=\".vc_custom_1675969268171{padding-right: 0px !important;padding-left: 0px !important;}\"][vc_single_image image=\"51222\" img_size=\"full\"][\/vc_column_inner][vc_column_inner width=\"1\/2\" offset=\"vc_col-xs-3\/5\"][vc_column_text]<\/p>\r\n<h2 style=\"text-align: center;\">Ready to get started?<\/h2>\r\n<p>[\/vc_column_text][vc_btn title=\"Get in touch\" align=\"center\" el_class=\"getintouch\" link=\"url:https%3A%2F%2Fstaging.sago.com%2Fget-in-touch%2F|title:get%20in%20touch\"][\/vc_column_inner][vc_column_inner width=\"1\/4\" offset=\"vc_col-xs-1\/5\" css=\".vc_custom_1675969278597{padding-right: 0px !important;padding-left: 0px !important;}\"][vc_single_image image=\"51226\" img_size=\"full\" alignment=\"right\" css=\".vc_custom_1676239706215{padding-right: 0px !important;}\"][\/vc_column_inner][\/vc_row_inner][\/vc_column][\/vc_row][vc_row][vc_column][vc_column_text]<\/p>\r\n<p><span data-mce-type=\"bookmark\" style=\"display: inline-block; width: 0px; overflow: hidden; line-height: 0;\" class=\"mce_SELRES_start\">\ufeff<\/s[\/vc_column_text][\/vc_column][\/vc_row]<\/div>[\/vc_column][\/vc_row]<\/p>\n<p><span data-mce-type=\"bookmark\" style=\"display: inline-block; width: 0px; overflow: hidden; line-height: 0;\" class=\"mce_SELRES_start\">\ufeff<\/s\n<\/p>\n<\/div>","protected":false},"excerpt":{"rendered":"<p>[vc_row section_skin=&#8220;quaternary&#8220; animation_type=&#8220;fadeInUp&#8220; css=&#8220;.vc_custom_1676057190290{padding-top: 50px !important;padding-bottom: 50px !important;}&#8220; conditional_render=&#8220;%5B%7B%22value_role%22%3A%22administrator%22%7D%5D&#8220;][vc_column conditional_render=&#8220;%5B%7B%22value_role%22%3A%22administrator%22%7D%5D&#8220;][vc_column_text] Wir verstehen uns als einen Partner, der sie bei jeder Phase Ihres Projekts unterst\u00fctzt. Wir bringen Ihre Forschungsziele, den Zeitplan und Ihr Budget in Einklang. [\/vc_column_text][vc_row_inner equal_height=&#8220;yes&#8220;][vc_column_inner width=&#8220;1\/3&#8243;][vc_column_text el_class=&#8220;sago-green-block&#8220;] Marktforschungsdaten in der von Ihnen ben\u00f6tigten Geschwindigkeit Unsere erfahrenen Teams nutzen fortschrittliche programmatische und datenwissenschaftliche Funktionen, [&hellip;]<\/p>\n","protected":false},"author":6,"featured_media":49806,"parent":7204,"menu_order":3,"comment_status":"closed","ping_status":"closed","template":"solutions-page.php","meta":{"_acf_changed":false,"content-type":"","footnotes":""},"categories":[],"tags":[16716,16735],"city":[],"class_list":["post-7148","page","type-page","status-publish","has-post-thumbnail","hentry","tag-defaultraw-de","tag-insightsrawproduct-de"],"acf":[],"yoast_head":"<!-- This site is optimized with the Yoast SEO Premium plugin v19.7 (Yoast SEO v27.3) - https:\/\/yoast.com\/product\/yoast-seo-premium-wordpress\/ -->\n<title>Sago Quantitative Solutions | Online Surveys &amp; Quant Sample<\/title>\n<meta name=\"description\" content=\"Powering understanding, confidence, and bolder decisions through technology-led quantitative services.\" \/>\n<meta name=\"robots\" content=\"noindex, follow, max-snippet:-1, max-image-preview:large, max-video-preview:-1\" \/>\n<meta property=\"og:locale\" content=\"de_DE\" \/>\n<meta property=\"og:type\" content=\"article\" \/>\n<meta property=\"og:title\" content=\"Quantitative\" \/>\n<meta property=\"og:description\" content=\"Powering understanding, confidence, and bolder decisions through technology-led quantitative services.\" \/>\n<meta property=\"og:url\" content=\"https:\/\/staging.sago.com\/de\/losungen\/quantitative\/\" \/>\n<meta property=\"og:site_name\" content=\"Sago\" \/>\n<meta property=\"article:publisher\" content=\"https:\/\/www.facebook.com\/sagomrx\" \/>\n<meta property=\"article:modified_time\" content=\"2023-03-01T04:08:13+00:00\" \/>\n<meta property=\"og:image\" content=\"https:\/\/staging.sago.com\/wp-content\/uploads\/2023\/01\/Ins-and-Outs-of-Omnibus-Survey-e1676751039295.jpg\" \/>\n\t<meta property=\"og:image:width\" content=\"800\" \/>\n\t<meta property=\"og:image:height\" content=\"532\" \/>\n\t<meta property=\"og:image:type\" content=\"image\/jpeg\" \/>\n<meta name=\"twitter:card\" content=\"summary_large_image\" \/>\n<meta name=\"twitter:site\" content=\"@sagomrx\" \/>\n<meta name=\"twitter:label1\" content=\"Gesch\u00e4tzte Lesezeit\" \/>\n\t<meta name=\"twitter:data1\" content=\"3\u00a0Minuten\" \/>\n<script type=\"application\/ld+json\" class=\"yoast-schema-graph\">{\"@context\":\"https:\\\/\\\/schema.org\",\"@graph\":[{\"@type\":\"WebPage\",\"@id\":\"https:\\\/\\\/staging.sago.com\\\/de\\\/losungen\\\/quantitative\\\/\",\"url\":\"https:\\\/\\\/staging.sago.com\\\/de\\\/losungen\\\/quantitative\\\/\",\"name\":\"Sago Quantitative Solutions | Online Surveys & Quant Sample\",\"isPartOf\":{\"@id\":\"https:\\\/\\\/staging.sago.com\\\/de\\\/#website\"},\"primaryImageOfPage\":{\"@id\":\"https:\\\/\\\/staging.sago.com\\\/de\\\/losungen\\\/quantitative\\\/#primaryimage\"},\"image\":{\"@id\":\"https:\\\/\\\/staging.sago.com\\\/de\\\/losungen\\\/quantitative\\\/#primaryimage\"},\"thumbnailUrl\":\"https:\\\/\\\/staging.sago.com\\\/wp-content\\\/uploads\\\/2023\\\/01\\\/Ins-and-Outs-of-Omnibus-Survey-e1676751039295.jpg\",\"datePublished\":\"2017-01-26T16:08:24+00:00\",\"dateModified\":\"2023-03-01T04:08:13+00:00\",\"description\":\"Powering understanding, confidence, and bolder decisions through technology-led quantitative services.\",\"breadcrumb\":{\"@id\":\"https:\\\/\\\/staging.sago.com\\\/de\\\/losungen\\\/quantitative\\\/#breadcrumb\"},\"inLanguage\":\"de\",\"potentialAction\":[{\"@type\":\"ReadAction\",\"target\":[\"https:\\\/\\\/staging.sago.com\\\/de\\\/losungen\\\/quantitative\\\/\"]}]},{\"@type\":\"ImageObject\",\"inLanguage\":\"de\",\"@id\":\"https:\\\/\\\/staging.sago.com\\\/de\\\/losungen\\\/quantitative\\\/#primaryimage\",\"url\":\"https:\\\/\\\/staging.sago.com\\\/wp-content\\\/uploads\\\/2023\\\/01\\\/Ins-and-Outs-of-Omnibus-Survey-e1676751039295.jpg\",\"contentUrl\":\"https:\\\/\\\/staging.sago.com\\\/wp-content\\\/uploads\\\/2023\\\/01\\\/Ins-and-Outs-of-Omnibus-Survey-e1676751039295.jpg\",\"width\":800,\"height\":532},{\"@type\":\"BreadcrumbList\",\"@id\":\"https:\\\/\\\/staging.sago.com\\\/de\\\/losungen\\\/quantitative\\\/#breadcrumb\",\"itemListElement\":[{\"@type\":\"ListItem\",\"position\":1,\"name\":\"Home\",\"item\":\"https:\\\/\\\/staging.sago.com\\\/de\\\/\"},{\"@type\":\"ListItem\",\"position\":2,\"name\":\"Quantitative\"}]},{\"@type\":\"WebSite\",\"@id\":\"https:\\\/\\\/staging.sago.com\\\/de\\\/#website\",\"url\":\"https:\\\/\\\/staging.sago.com\\\/de\\\/\",\"name\":\"Sago\",\"description\":\"Adaptable Solutions. Confident Decisions.\",\"publisher\":{\"@id\":\"https:\\\/\\\/staging.sago.com\\\/de\\\/#organization\"},\"potentialAction\":[{\"@type\":\"SearchAction\",\"target\":{\"@type\":\"EntryPoint\",\"urlTemplate\":\"https:\\\/\\\/staging.sago.com\\\/de\\\/?s={search_term_string}\"},\"query-input\":{\"@type\":\"PropertyValueSpecification\",\"valueRequired\":true,\"valueName\":\"search_term_string\"}}],\"inLanguage\":\"de\"},{\"@type\":\"Organization\",\"@id\":\"https:\\\/\\\/staging.sago.com\\\/de\\\/#organization\",\"name\":\"Sago\",\"url\":\"https:\\\/\\\/staging.sago.com\\\/de\\\/\",\"logo\":{\"@type\":\"ImageObject\",\"inLanguage\":\"de\",\"@id\":\"https:\\\/\\\/staging.sago.com\\\/de\\\/#\\\/schema\\\/logo\\\/image\\\/\",\"url\":\"https:\\\/\\\/3c98cd88ae.nxcli.io\\\/wp-content\\\/uploads\\\/2023\\\/02\\\/Sago-Standard-Logo.jpg\",\"contentUrl\":\"https:\\\/\\\/3c98cd88ae.nxcli.io\\\/wp-content\\\/uploads\\\/2023\\\/02\\\/Sago-Standard-Logo.jpg\",\"width\":200,\"height\":200,\"caption\":\"Sago\"},\"image\":{\"@id\":\"https:\\\/\\\/staging.sago.com\\\/de\\\/#\\\/schema\\\/logo\\\/image\\\/\"},\"sameAs\":[\"https:\\\/\\\/www.facebook.com\\\/sagomrx\",\"https:\\\/\\\/x.com\\\/sagomrx\",\"https:\\\/\\\/www.instagram.com\\\/sagomrx\\\/\",\"https:\\\/\\\/www.youtube.com\\\/@sago-mrx\",\"https:\\\/\\\/www.linkedin.com\\\/company\\\/sago-mrx\\\/\",\"https:\\\/\\\/vimeo.com\\\/sagomrx\"]}]}<\/script>\n<!-- \/ Yoast SEO Premium plugin. -->","yoast_head_json":{"title":"Sago Quantitative Solutions | Online Surveys & Quant Sample","description":"Powering understanding, confidence, and bolder decisions through technology-led quantitative services.","robots":{"index":"noindex","follow":"follow","max-snippet":"max-snippet:-1","max-image-preview":"max-image-preview:large","max-video-preview":"max-video-preview:-1"},"og_locale":"de_DE","og_type":"article","og_title":"Quantitative","og_description":"Powering understanding, confidence, and bolder decisions through technology-led quantitative services.","og_url":"https:\/\/staging.sago.com\/de\/losungen\/quantitative\/","og_site_name":"Sago","article_publisher":"https:\/\/www.facebook.com\/sagomrx","article_modified_time":"2023-03-01T04:08:13+00:00","og_image":[{"width":800,"height":532,"url":"https:\/\/staging.sago.com\/wp-content\/uploads\/2023\/01\/Ins-and-Outs-of-Omnibus-Survey-e1676751039295.jpg","type":"image\/jpeg"}],"twitter_card":"summary_large_image","twitter_site":"@sagomrx","twitter_misc":{"Gesch\u00e4tzte Lesezeit":"3\u00a0Minuten"},"schema":{"@context":"https:\/\/schema.org","@graph":[{"@type":"WebPage","@id":"https:\/\/staging.sago.com\/de\/losungen\/quantitative\/","url":"https:\/\/staging.sago.com\/de\/losungen\/quantitative\/","name":"Sago Quantitative Solutions | Online Surveys & Quant Sample","isPartOf":{"@id":"https:\/\/staging.sago.com\/de\/#website"},"primaryImageOfPage":{"@id":"https:\/\/staging.sago.com\/de\/losungen\/quantitative\/#primaryimage"},"image":{"@id":"https:\/\/staging.sago.com\/de\/losungen\/quantitative\/#primaryimage"},"thumbnailUrl":"https:\/\/staging.sago.com\/wp-content\/uploads\/2023\/01\/Ins-and-Outs-of-Omnibus-Survey-e1676751039295.jpg","datePublished":"2017-01-26T16:08:24+00:00","dateModified":"2023-03-01T04:08:13+00:00","description":"Powering understanding, confidence, and bolder decisions through technology-led quantitative services.","breadcrumb":{"@id":"https:\/\/staging.sago.com\/de\/losungen\/quantitative\/#breadcrumb"},"inLanguage":"de","potentialAction":[{"@type":"ReadAction","target":["https:\/\/staging.sago.com\/de\/losungen\/quantitative\/"]}]},{"@type":"ImageObject","inLanguage":"de","@id":"https:\/\/staging.sago.com\/de\/losungen\/quantitative\/#primaryimage","url":"https:\/\/staging.sago.com\/wp-content\/uploads\/2023\/01\/Ins-and-Outs-of-Omnibus-Survey-e1676751039295.jpg","contentUrl":"https:\/\/staging.sago.com\/wp-content\/uploads\/2023\/01\/Ins-and-Outs-of-Omnibus-Survey-e1676751039295.jpg","width":800,"height":532},{"@type":"BreadcrumbList","@id":"https:\/\/staging.sago.com\/de\/losungen\/quantitative\/#breadcrumb","itemListElement":[{"@type":"ListItem","position":1,"name":"Home","item":"https:\/\/staging.sago.com\/de\/"},{"@type":"ListItem","position":2,"name":"Quantitative"}]},{"@type":"WebSite","@id":"https:\/\/staging.sago.com\/de\/#website","url":"https:\/\/staging.sago.com\/de\/","name":"Sago","description":"Adaptable Solutions. Confident Decisions.","publisher":{"@id":"https:\/\/staging.sago.com\/de\/#organization"},"potentialAction":[{"@type":"SearchAction","target":{"@type":"EntryPoint","urlTemplate":"https:\/\/staging.sago.com\/de\/?s={search_term_string}"},"query-input":{"@type":"PropertyValueSpecification","valueRequired":true,"valueName":"search_term_string"}}],"inLanguage":"de"},{"@type":"Organization","@id":"https:\/\/staging.sago.com\/de\/#organization","name":"Sago","url":"https:\/\/staging.sago.com\/de\/","logo":{"@type":"ImageObject","inLanguage":"de","@id":"https:\/\/staging.sago.com\/de\/#\/schema\/logo\/image\/","url":"https:\/\/3c98cd88ae.nxcli.io\/wp-content\/uploads\/2023\/02\/Sago-Standard-Logo.jpg","contentUrl":"https:\/\/3c98cd88ae.nxcli.io\/wp-content\/uploads\/2023\/02\/Sago-Standard-Logo.jpg","width":200,"height":200,"caption":"Sago"},"image":{"@id":"https:\/\/staging.sago.com\/de\/#\/schema\/logo\/image\/"},"sameAs":["https:\/\/www.facebook.com\/sagomrx","https:\/\/x.com\/sagomrx","https:\/\/www.instagram.com\/sagomrx\/","https:\/\/www.youtube.com\/@sago-mrx","https:\/\/www.linkedin.com\/company\/sago-mrx\/","https:\/\/vimeo.com\/sagomrx"]}]}},"_links":{"self":[{"href":"https:\/\/staging.sago.com\/de\/wp-json\/wp\/v2\/pages\/7148","targetHints":{"allow":["GET"]}}],"collection":[{"href":"https:\/\/staging.sago.com\/de\/wp-json\/wp\/v2\/pages"}],"about":[{"href":"https:\/\/staging.sago.com\/de\/wp-json\/wp\/v2\/types\/page"}],"author":[{"embeddable":true,"href":"https:\/\/staging.sago.com\/de\/wp-json\/wp\/v2\/users\/6"}],"replies":[{"embeddable":true,"href":"https:\/\/staging.sago.com\/de\/wp-json\/wp\/v2\/comments?post=7148"}],"version-history":[{"count":0,"href":"https:\/\/staging.sago.com\/de\/wp-json\/wp\/v2\/pages\/7148\/revisions"}],"up":[{"embeddable":true,"href":"https:\/\/staging.sago.com\/de\/wp-json\/wp\/v2\/pages\/7204"}],"wp:featuredmedia":[{"embeddable":true,"href":"https:\/\/staging.sago.com\/de\/wp-json\/wp\/v2\/media\/49806"}],"wp:attachment":[{"href":"https:\/\/staging.sago.com\/de\/wp-json\/wp\/v2\/media?parent=7148"}],"wp:term":[{"taxonomy":"category","embeddable":true,"href":"https:\/\/staging.sago.com\/de\/wp-json\/wp\/v2\/categories?post=7148"},{"taxonomy":"post_tag","embeddable":true,"href":"https:\/\/staging.sago.com\/de\/wp-json\/wp\/v2\/tags?post=7148"},{"taxonomy":"city","embeddable":true,"href":"https:\/\/staging.sago.com\/de\/wp-json\/wp\/v2\/city?post=7148"}],"curies":[{"name":"wp","href":"https:\/\/api.w.org\/{rel}","templated":true}]}}