{"id":56113,"date":"2023-01-31T12:34:39","date_gmt":"2023-01-31T17:34:39","guid":{"rendered":"https:\/\/3c98cd88ae.nxcli.io\/uber-uns\/platforms\/"},"modified":"2024-03-05T10:12:02","modified_gmt":"2024-03-05T15:12:02","slug":"digitale-plattformen","status":"publish","type":"page","link":"https:\/\/staging.sago.com\/de\/losungen\/digitale-plattformen\/","title":{"rendered":"Digitale Plattformen"},"content":{"rendered":"<div class=\"wpb-content-wrapper\"><p>[vc_row css=&#8220;.vc_custom_1676890165986{padding-top: 50px !important;padding-bottom: 50px !important;}&#8220; conditional_render=&#8220;%5B%7B%22value_role%22%3A%22administrator%22%7D%5D&#8220;][vc_column][vc_column_text]<\/p>\n<h2>Wie k\u00f6nnen wir Ihnen bei der Erfassung Ihrer Daten helfen?<\/h2>\n<p>[\/vc_column_text][vc_row_inner gap=&#8220;35&#8243; css=&#8220;.vc_custom_1677442548747{padding-top: 25px !important;}&#8220; el_class=&#8220;logoimages&#8220;][vc_column_inner width=&#8220;1\/3&#8243;][vc_single_image image=&#8220;52068&#8243; img_size=&#8220;full&#8220;][vc_column_text]<strong>\u200bAutomatisierte Forschung<\/strong><\/p>\n<p>Methodify\u00ae ist eine automatisierte quantitative Forschungs-Engine. Erzielen Sie selbst schnellere, einfachere und intelligentere Ergebnisse auf nur einer Plattform. Sie werden unter anderem bef\u00e4higt, einen m\u00f6glichen Stillstand bei der Erkenntnisgewinnung zu reduzieren und eine erweiterte Zielgruppenauswahl zu treffen.[\/vc_column_text][\/vc_column_inner][vc_column_inner width=&#8220;1\/3&#8243;][vc_single_image image=&#8220;52074&#8243; img_size=&#8220;full&#8220;][vc_column_text]<strong>Digitale Diskussionen\u00a0<\/strong><\/p>\n<p>Der clevere Weg zur Durchf\u00fchrung Ihrer qualitativen digitalen Befragung: Unsere Enterprise Insights Platform wurde entwickelt, um umfassende, flexible Erkenntnisse zu gewinnen. Sie werden von der einfachen Do-it-Yourself-Diskussion bis hin zu komplexen globalen Projekten unterst\u00fctzt.[\/vc_column_text][\/vc_column_inner][vc_column_inner width=&#8220;1\/3&#8243;][vc_single_image image=&#8220;52078&#8243; img_size=&#8220;full&#8220;][vc_column_text]<strong>Digitale Interviews und Gruppen-Diskussionen<\/strong><\/p>\n<p>F\u00fchren Sie au\u00dfergew\u00f6hnliche qualitative Webcam-Befragungen mit der Sago Video-Insights-Plattform QualMeeting\u00ae durch. QualMeeting\u00ae kombiniert die Unmittelbarkeit und visuellen Anhaltspunkte einer pers\u00f6nlichen Befragung mit den Zeit- und Kostenersparnissen einer digitalen Befragung.[\/vc_column_text][\/vc_column_inner][vc_column_inner el_class=&#8220;disnone&#8220; width=&#8220;1\/3&#8243;][vc_single_image image=&#8220;52070&#8243; img_size=&#8220;full&#8220;][vc_column_text]<strong>\u200bMobile Ethnographie\u00a0<\/strong><\/p>\n<p>Diese revolution\u00e4re Plattform l\u00e4sst Sie in die Einkaufstaschen und Geldb\u00f6rsen von Verbrauchern auf der ganzen Welt schauen. Sammeln Sie umfassende Erkenntnisse \u2013 von mobilen Videotageb\u00fcchern bis hin zu authentischen Produkttests.[\/vc_column_text][\/vc_column_inner][\/vc_row_inner][\/vc_column][\/vc_row][vc_row][vc_column]<div class=\"porto-block\" data-id=\"9004111222018180\"><style>.vc_custom_1676485761953{padding-top: 50px !important;padding-bottom: 50px !important;}.vc_custom_1676239417174{padding-right: 0px !important;padding-left: 0px !important;}.vc_custom_1676239407838{padding-right: 0px !important;}.vc_custom_1675969268171{padding-right: 0px !important;padding-left: 0px !important;}.vc_custom_1675969278597{padding-right: 0px !important;padding-left: 0px !important;}.vc_custom_1676239706215{padding-right: 0px !important;}<\/style>[vc_row full_width=\"stretch_row_content_no_spaces\" equal_height=\"yes\" conditional_render=\"%5B%7B%22value_role%22%3A%22administrator%22%7D%5D\" css=\".vc_custom_1676485761953{padding-top: 50px !important;padding-bottom: 50px !important;}\"][vc_column css=\".vc_custom_1676239417174{padding-right: 0px !important;padding-left: 0px !important;}\" conditional_render=\"%5B%7B%22value_role%22%3A%22administrator%22%7D%5D\"][vc_row_inner equal_height=\"yes\" content_placement=\"middle\" css=\".vc_custom_1676239407838{padding-right: 0px !important;}\"][vc_column_inner width=\"1\/4\" offset=\"vc_col-xs-1\/5\" css=\".vc_custom_1675969268171{padding-right: 0px !important;padding-left: 0px !important;}\"][vc_single_image image=\"51222\" img_size=\"full\"][\/vc_column_inner][vc_column_inner width=\"1\/2\" offset=\"vc_col-xs-3\/5\"][vc_column_text]<\/p>\r\n<h2 style=\"text-align: center;\">Wie k\u00f6nnen wir Sie bei Ihrer Forschungsarbeit unterst\u00fctzen?<\/h2>\r\n<p>[\/vc_column_text][vc_btn title=\"Kontaktaufnahme\" align=\"center\" el_class=\"getintouch\" link=\"url:https%3A%2F%2Fsago.com%2Fde%2Fkontakt%2F|title:Get%20in%20touch\"][\/vc_column_inner][vc_column_inner width=\"1\/4\" offset=\"vc_col-xs-1\/5\" css=\".vc_custom_1675969278597{padding-right: 0px !important;padding-left: 0px !important;}\"][vc_single_image image=\"51226\" img_size=\"full\" alignment=\"right\" css=\".vc_custom_1676239706215{padding-right: 0px !important;}\"][\/vc_column_inner][\/vc_row_inner][\/vc_column][\/vc_row]<\/div>[\/vc_column][\/vc_row]<\/p>\n<\/div>","protected":false},"excerpt":{"rendered":"<p>[vc_row css=&#8220;.vc_custom_1676890165986{padding-top: 50px !important;padding-bottom: 50px !important;}&#8220; conditional_render=&#8220;%5B%7B%22value_role%22%3A%22administrator%22%7D%5D&#8220;][vc_column][vc_column_text] Wie k\u00f6nnen wir Ihnen bei der Erfassung Ihrer Daten helfen? [\/vc_column_text][vc_row_inner gap=&#8220;35&#8243; css=&#8220;.vc_custom_1677442548747{padding-top: 25px !important;}&#8220; el_class=&#8220;logoimages&#8220;][vc_column_inner width=&#8220;1\/3&#8243;][vc_single_image image=&#8220;52068&#8243; img_size=&#8220;full&#8220;][vc_column_text]\u200bAutomatisierte Forschung Methodify\u00ae ist eine automatisierte quantitative Forschungs-Engine. Erzielen Sie selbst schnellere, einfachere und intelligentere Ergebnisse auf nur einer Plattform. Sie werden unter anderem bef\u00e4higt, einen m\u00f6glichen Stillstand bei der [&hellip;]<\/p>\n","protected":false},"author":24,"featured_media":51929,"parent":7204,"menu_order":0,"comment_status":"closed","ping_status":"closed","template":"solutions-page.php","meta":{"_acf_changed":false,"content-type":"","footnotes":""},"categories":[],"tags":[16716,16733,16735],"city":[],"class_list":["post-56113","page","type-page","status-publish","has-post-thumbnail","hentry","tag-defaultraw-de","tag-dtbrawproduct-de","tag-insightsrawproduct-de"],"acf":[],"yoast_head":"<!-- This site is optimized with the Yoast SEO Premium plugin v19.7 (Yoast SEO v27.3) - https:\/\/yoast.com\/product\/yoast-seo-premium-wordpress\/ -->\n<title>Innovative Marktforschungstechnologie | Sago<\/title>\n<meta name=\"description\" content=\"Innovative technische L\u00f6sungen, bei denen Sie aber immer das Steuer in der Hand haben\" \/>\n<meta name=\"robots\" content=\"noindex, follow, max-snippet:-1, max-image-preview:large, max-video-preview:-1\" \/>\n<meta property=\"og:locale\" content=\"de_DE\" \/>\n<meta property=\"og:type\" content=\"article\" \/>\n<meta property=\"og:title\" content=\"Digitale Plattformen\" \/>\n<meta property=\"og:description\" content=\"Innovative technische L\u00f6sungen, bei denen Sie aber immer das Steuer in der Hand haben\" \/>\n<meta property=\"og:url\" content=\"https:\/\/staging.sago.com\/de\/losungen\/digitale-plattformen\/\" \/>\n<meta property=\"og:site_name\" content=\"Sago\" \/>\n<meta property=\"article:publisher\" content=\"https:\/\/www.facebook.com\/sagomrx\" \/>\n<meta property=\"article:modified_time\" content=\"2024-03-05T15:12:02+00:00\" \/>\n<meta property=\"og:image\" content=\"https:\/\/staging.sago.com\/wp-content\/uploads\/2023\/02\/Woman-Smiling-Laptop.jpg\" \/>\n\t<meta property=\"og:image:width\" content=\"1280\" \/>\n\t<meta property=\"og:image:height\" content=\"854\" \/>\n\t<meta property=\"og:image:type\" content=\"image\/jpeg\" \/>\n<meta name=\"twitter:card\" content=\"summary_large_image\" \/>\n<meta name=\"twitter:site\" content=\"@sagomrx\" \/>\n<meta name=\"twitter:label1\" content=\"Gesch\u00e4tzte Lesezeit\" \/>\n\t<meta name=\"twitter:data1\" content=\"2\u00a0Minuten\" \/>\n<script type=\"application\/ld+json\" class=\"yoast-schema-graph\">{\"@context\":\"https:\\\/\\\/schema.org\",\"@graph\":[{\"@type\":\"WebPage\",\"@id\":\"https:\\\/\\\/staging.sago.com\\\/de\\\/losungen\\\/digitale-plattformen\\\/\",\"url\":\"https:\\\/\\\/staging.sago.com\\\/de\\\/losungen\\\/digitale-plattformen\\\/\",\"name\":\"Innovative Marktforschungstechnologie | Sago\",\"isPartOf\":{\"@id\":\"https:\\\/\\\/staging.sago.com\\\/de\\\/#website\"},\"primaryImageOfPage\":{\"@id\":\"https:\\\/\\\/staging.sago.com\\\/de\\\/losungen\\\/digitale-plattformen\\\/#primaryimage\"},\"image\":{\"@id\":\"https:\\\/\\\/staging.sago.com\\\/de\\\/losungen\\\/digitale-plattformen\\\/#primaryimage\"},\"thumbnailUrl\":\"https:\\\/\\\/staging.sago.com\\\/wp-content\\\/uploads\\\/2023\\\/02\\\/Woman-Smiling-Laptop.jpg\",\"datePublished\":\"2023-01-31T17:34:39+00:00\",\"dateModified\":\"2024-03-05T15:12:02+00:00\",\"description\":\"Innovative technische L\u00f6sungen, bei denen Sie aber immer das Steuer in der Hand haben\",\"breadcrumb\":{\"@id\":\"https:\\\/\\\/staging.sago.com\\\/de\\\/losungen\\\/digitale-plattformen\\\/#breadcrumb\"},\"inLanguage\":\"de\",\"potentialAction\":[{\"@type\":\"ReadAction\",\"target\":[\"https:\\\/\\\/staging.sago.com\\\/de\\\/losungen\\\/digitale-plattformen\\\/\"]}]},{\"@type\":\"ImageObject\",\"inLanguage\":\"de\",\"@id\":\"https:\\\/\\\/staging.sago.com\\\/de\\\/losungen\\\/digitale-plattformen\\\/#primaryimage\",\"url\":\"https:\\\/\\\/staging.sago.com\\\/wp-content\\\/uploads\\\/2023\\\/02\\\/Woman-Smiling-Laptop.jpg\",\"contentUrl\":\"https:\\\/\\\/staging.sago.com\\\/wp-content\\\/uploads\\\/2023\\\/02\\\/Woman-Smiling-Laptop.jpg\",\"width\":1280,\"height\":854,\"caption\":\"research platforms\"},{\"@type\":\"BreadcrumbList\",\"@id\":\"https:\\\/\\\/staging.sago.com\\\/de\\\/losungen\\\/digitale-plattformen\\\/#breadcrumb\",\"itemListElement\":[{\"@type\":\"ListItem\",\"position\":1,\"name\":\"Home\",\"item\":\"https:\\\/\\\/staging.sago.com\\\/de\\\/\"},{\"@type\":\"ListItem\",\"position\":2,\"name\":\"Digitale Plattformen\"}]},{\"@type\":\"WebSite\",\"@id\":\"https:\\\/\\\/staging.sago.com\\\/de\\\/#website\",\"url\":\"https:\\\/\\\/staging.sago.com\\\/de\\\/\",\"name\":\"Sago\",\"description\":\"Adaptable Solutions. Confident Decisions.\",\"publisher\":{\"@id\":\"https:\\\/\\\/staging.sago.com\\\/de\\\/#organization\"},\"potentialAction\":[{\"@type\":\"SearchAction\",\"target\":{\"@type\":\"EntryPoint\",\"urlTemplate\":\"https:\\\/\\\/staging.sago.com\\\/de\\\/?s={search_term_string}\"},\"query-input\":{\"@type\":\"PropertyValueSpecification\",\"valueRequired\":true,\"valueName\":\"search_term_string\"}}],\"inLanguage\":\"de\"},{\"@type\":\"Organization\",\"@id\":\"https:\\\/\\\/staging.sago.com\\\/de\\\/#organization\",\"name\":\"Sago\",\"url\":\"https:\\\/\\\/staging.sago.com\\\/de\\\/\",\"logo\":{\"@type\":\"ImageObject\",\"inLanguage\":\"de\",\"@id\":\"https:\\\/\\\/staging.sago.com\\\/de\\\/#\\\/schema\\\/logo\\\/image\\\/\",\"url\":\"https:\\\/\\\/3c98cd88ae.nxcli.io\\\/wp-content\\\/uploads\\\/2023\\\/02\\\/Sago-Standard-Logo.jpg\",\"contentUrl\":\"https:\\\/\\\/3c98cd88ae.nxcli.io\\\/wp-content\\\/uploads\\\/2023\\\/02\\\/Sago-Standard-Logo.jpg\",\"width\":200,\"height\":200,\"caption\":\"Sago\"},\"image\":{\"@id\":\"https:\\\/\\\/staging.sago.com\\\/de\\\/#\\\/schema\\\/logo\\\/image\\\/\"},\"sameAs\":[\"https:\\\/\\\/www.facebook.com\\\/sagomrx\",\"https:\\\/\\\/x.com\\\/sagomrx\",\"https:\\\/\\\/www.instagram.com\\\/sagomrx\\\/\",\"https:\\\/\\\/www.youtube.com\\\/@sago-mrx\",\"https:\\\/\\\/www.linkedin.com\\\/company\\\/sago-mrx\\\/\",\"https:\\\/\\\/vimeo.com\\\/sagomrx\"]}]}<\/script>\n<!-- \/ Yoast SEO Premium plugin. -->","yoast_head_json":{"title":"Innovative Marktforschungstechnologie | Sago","description":"Innovative technische L\u00f6sungen, bei denen Sie aber immer das Steuer in der Hand haben","robots":{"index":"noindex","follow":"follow","max-snippet":"max-snippet:-1","max-image-preview":"max-image-preview:large","max-video-preview":"max-video-preview:-1"},"og_locale":"de_DE","og_type":"article","og_title":"Digitale Plattformen","og_description":"Innovative technische L\u00f6sungen, bei denen Sie aber immer das Steuer in der Hand haben","og_url":"https:\/\/staging.sago.com\/de\/losungen\/digitale-plattformen\/","og_site_name":"Sago","article_publisher":"https:\/\/www.facebook.com\/sagomrx","article_modified_time":"2024-03-05T15:12:02+00:00","og_image":[{"width":1280,"height":854,"url":"https:\/\/staging.sago.com\/wp-content\/uploads\/2023\/02\/Woman-Smiling-Laptop.jpg","type":"image\/jpeg"}],"twitter_card":"summary_large_image","twitter_site":"@sagomrx","twitter_misc":{"Gesch\u00e4tzte Lesezeit":"2\u00a0Minuten"},"schema":{"@context":"https:\/\/schema.org","@graph":[{"@type":"WebPage","@id":"https:\/\/staging.sago.com\/de\/losungen\/digitale-plattformen\/","url":"https:\/\/staging.sago.com\/de\/losungen\/digitale-plattformen\/","name":"Innovative Marktforschungstechnologie | Sago","isPartOf":{"@id":"https:\/\/staging.sago.com\/de\/#website"},"primaryImageOfPage":{"@id":"https:\/\/staging.sago.com\/de\/losungen\/digitale-plattformen\/#primaryimage"},"image":{"@id":"https:\/\/staging.sago.com\/de\/losungen\/digitale-plattformen\/#primaryimage"},"thumbnailUrl":"https:\/\/staging.sago.com\/wp-content\/uploads\/2023\/02\/Woman-Smiling-Laptop.jpg","datePublished":"2023-01-31T17:34:39+00:00","dateModified":"2024-03-05T15:12:02+00:00","description":"Innovative technische L\u00f6sungen, bei denen Sie aber immer das Steuer in der Hand haben","breadcrumb":{"@id":"https:\/\/staging.sago.com\/de\/losungen\/digitale-plattformen\/#breadcrumb"},"inLanguage":"de","potentialAction":[{"@type":"ReadAction","target":["https:\/\/staging.sago.com\/de\/losungen\/digitale-plattformen\/"]}]},{"@type":"ImageObject","inLanguage":"de","@id":"https:\/\/staging.sago.com\/de\/losungen\/digitale-plattformen\/#primaryimage","url":"https:\/\/staging.sago.com\/wp-content\/uploads\/2023\/02\/Woman-Smiling-Laptop.jpg","contentUrl":"https:\/\/staging.sago.com\/wp-content\/uploads\/2023\/02\/Woman-Smiling-Laptop.jpg","width":1280,"height":854,"caption":"research platforms"},{"@type":"BreadcrumbList","@id":"https:\/\/staging.sago.com\/de\/losungen\/digitale-plattformen\/#breadcrumb","itemListElement":[{"@type":"ListItem","position":1,"name":"Home","item":"https:\/\/staging.sago.com\/de\/"},{"@type":"ListItem","position":2,"name":"Digitale Plattformen"}]},{"@type":"WebSite","@id":"https:\/\/staging.sago.com\/de\/#website","url":"https:\/\/staging.sago.com\/de\/","name":"Sago","description":"Adaptable Solutions. Confident Decisions.","publisher":{"@id":"https:\/\/staging.sago.com\/de\/#organization"},"potentialAction":[{"@type":"SearchAction","target":{"@type":"EntryPoint","urlTemplate":"https:\/\/staging.sago.com\/de\/?s={search_term_string}"},"query-input":{"@type":"PropertyValueSpecification","valueRequired":true,"valueName":"search_term_string"}}],"inLanguage":"de"},{"@type":"Organization","@id":"https:\/\/staging.sago.com\/de\/#organization","name":"Sago","url":"https:\/\/staging.sago.com\/de\/","logo":{"@type":"ImageObject","inLanguage":"de","@id":"https:\/\/staging.sago.com\/de\/#\/schema\/logo\/image\/","url":"https:\/\/3c98cd88ae.nxcli.io\/wp-content\/uploads\/2023\/02\/Sago-Standard-Logo.jpg","contentUrl":"https:\/\/3c98cd88ae.nxcli.io\/wp-content\/uploads\/2023\/02\/Sago-Standard-Logo.jpg","width":200,"height":200,"caption":"Sago"},"image":{"@id":"https:\/\/staging.sago.com\/de\/#\/schema\/logo\/image\/"},"sameAs":["https:\/\/www.facebook.com\/sagomrx","https:\/\/x.com\/sagomrx","https:\/\/www.instagram.com\/sagomrx\/","https:\/\/www.youtube.com\/@sago-mrx","https:\/\/www.linkedin.com\/company\/sago-mrx\/","https:\/\/vimeo.com\/sagomrx"]}]}},"_links":{"self":[{"href":"https:\/\/staging.sago.com\/de\/wp-json\/wp\/v2\/pages\/56113","targetHints":{"allow":["GET"]}}],"collection":[{"href":"https:\/\/staging.sago.com\/de\/wp-json\/wp\/v2\/pages"}],"about":[{"href":"https:\/\/staging.sago.com\/de\/wp-json\/wp\/v2\/types\/page"}],"author":[{"embeddable":true,"href":"https:\/\/staging.sago.com\/de\/wp-json\/wp\/v2\/users\/24"}],"replies":[{"embeddable":true,"href":"https:\/\/staging.sago.com\/de\/wp-json\/wp\/v2\/comments?post=56113"}],"version-history":[{"count":0,"href":"https:\/\/staging.sago.com\/de\/wp-json\/wp\/v2\/pages\/56113\/revisions"}],"up":[{"embeddable":true,"href":"https:\/\/staging.sago.com\/de\/wp-json\/wp\/v2\/pages\/7204"}],"wp:featuredmedia":[{"embeddable":true,"href":"https:\/\/staging.sago.com\/de\/wp-json\/wp\/v2\/media\/51929"}],"wp:attachment":[{"href":"https:\/\/staging.sago.com\/de\/wp-json\/wp\/v2\/media?parent=56113"}],"wp:term":[{"taxonomy":"category","embeddable":true,"href":"https:\/\/staging.sago.com\/de\/wp-json\/wp\/v2\/categories?post=56113"},{"taxonomy":"post_tag","embeddable":true,"href":"https:\/\/staging.sago.com\/de\/wp-json\/wp\/v2\/tags?post=56113"},{"taxonomy":"city","embeddable":true,"href":"https:\/\/staging.sago.com\/de\/wp-json\/wp\/v2\/city?post=56113"}],"curies":[{"name":"wp","href":"https:\/\/api.w.org\/{rel}","templated":true}]}}