{"id":51013,"date":"2023-02-03T09:58:26","date_gmt":"2023-02-03T14:58:26","guid":{"rendered":"https:\/\/3c98cd88ae.nxcli.io\/audience\/"},"modified":"2023-02-28T22:48:22","modified_gmt":"2023-03-01T03:48:22","slug":"zielgruppe","status":"publish","type":"page","link":"https:\/\/staging.sago.com\/de\/losungen\/zielgruppe\/","title":{"rendered":"Zielgruppe"},"content":{"rendered":"<div class=\"wpb-content-wrapper\"><p>[vc_row section_skin=&#8220;quaternary&#8220; animation_type=&#8220;fadeInUp&#8220; css=&#8220;.vc_custom_1676653042688{padding-top: 50px !important;padding-bottom: 50px !important;}&#8220; conditional_render=&#8220;%5B%7B%22value_role%22%3A%22administrator%22%7D%5D&#8220;][vc_column conditional_render=&#8220;%5B%7B%22value_role%22%3A%22administrator%22%7D%5D&#8220;][vc_column_text]<\/p>\n<h2>Wie k\u00f6nnen wir Sie dabei unterst\u00fctzen, mit Ihrer Zielgruppe in Kontakt zu treten?<\/h2>\n<p>[\/vc_column_text][vc_row_inner equal_height=&#8220;yes&#8220; css=&#8220;.vc_custom_1676920495607{padding-top: 25px !important;}&#8220;][vc_column_inner width=&#8220;1\/3&#8243;][vc_column_text el_class=&#8220;sago-green-block&#8220;]<\/p>\n<div><img  title=\"\" loading=\"lazy\" decoding=\"async\" class=\"iconsarea alignnone size-full wp-image-53296\" src=\"https:\/\/staging.sago.com\/wp-content\/uploads\/2023\/02\/Panel.png\"  alt=\"sago\"  width=\"40\" height=\"40\" \/><\/div>\n<h3 class=\"imp-question\">Sago Panel<\/h3>\n<p class=\"imp-para\">Es ist uns wichtig, Zugang zu einem breiten Pool von Probanden zu erhalten, aus dem wir Ihre Daten erheben k\u00f6nnen. Dazu nutzen wir zahlreiche traditionelle und innovative Technologien, um weltweit vielf\u00e4ltige und umfangreiche Panels f\u00fcr Sie auf- und auszubauen.<\/p>\n<p>[\/vc_column_text][\/vc_column_inner][vc_column_inner width=&#8220;1\/3&#8243;][vc_column_text el_class=&#8220;sago-green-block&#8220;]<\/p>\n<div><img  title=\"\" loading=\"lazy\" decoding=\"async\" class=\"iconsarea alignnone size-full wp-image-53172\" src=\"https:\/\/staging.sago.com\/wp-content\/uploads\/2023\/02\/Recruit.png\"  alt=\"sago\"  width=\"40\" height=\"40\" \/><\/div>\n<h3 class=\"imp-question\">Sago Rekrutierung<\/h3>\n<p class=\"imp-para\">Vernetzen Sie sich mit den richtigen Teilnehmern f\u00fcr Ihre wichtigsten qualitativen Forschungsprojekte \u2013 jedes Mal. Wir rekrutieren j\u00e4hrlich f\u00fcr tausende von Studien. Unsere Kunden vertrauen darauf, dass wir als ihr Marktforschungs-Partner qualitativ hochwertige Gespr\u00e4chspartner rekrutieren.<\/p>\n<p>[\/vc_column_text][\/vc_column_inner][vc_column_inner width=&#8220;1\/3&#8243;][vc_column_text el_class=&#8220;sago-green-block&#8220;]<\/p>\n<div><img  title=\"\" loading=\"lazy\" decoding=\"async\" class=\"iconsarea alignnone size-full wp-image-53232\" src=\"https:\/\/staging.sago.com\/wp-content\/uploads\/2023\/02\/communities.png\"  alt=\"sago\"  width=\"40\" height=\"40\" \/><\/div>\n<h3 class=\"imp-question\">Sago Communities<\/h3>\n<p class=\"imp-para\">Erhalten Sie einmalige Einblicke auf nur einer kosteneffizienten Plattform. Verstehen Sie das Verhalten Ihrer Zielgruppe \u00fcber l\u00e4ngere Zeitr\u00e4ume hinweg besser und optimieren Sie Ihre Datenqualit\u00e4t mit hoch engagierten und reaktionsfreudigen Teilnehmern.<\/p>\n<p>[\/vc_column_text][\/vc_column_inner][\/vc_row_inner][\/vc_column][\/vc_row][vc_row][vc_column]<div class=\"porto-block\" data-id=\"9004111222018180\"><style>.vc_custom_1676485761953{padding-top: 50px !important;padding-bottom: 50px !important;}.vc_custom_1676239417174{padding-right: 0px !important;padding-left: 0px !important;}.vc_custom_1676239407838{padding-right: 0px !important;}.vc_custom_1675969268171{padding-right: 0px !important;padding-left: 0px !important;}.vc_custom_1675969278597{padding-right: 0px !important;padding-left: 0px !important;}.vc_custom_1676239706215{padding-right: 0px !important;}<\/style>[vc_row full_width=\"stretch_row_content_no_spaces\" equal_height=\"yes\" conditional_render=\"%5B%7B%22value_role%22%3A%22administrator%22%7D%5D\" css=\".vc_custom_1676485761953{padding-top: 50px !important;padding-bottom: 50px !important;}\"][vc_column css=\".vc_custom_1676239417174{padding-right: 0px !important;padding-left: 0px !important;}\" conditional_render=\"%5B%7B%22value_role%22%3A%22administrator%22%7D%5D\"][vc_row_inner equal_height=\"yes\" content_placement=\"middle\" css=\".vc_custom_1676239407838{padding-right: 0px !important;}\"][vc_column_inner width=\"1\/4\" offset=\"vc_col-xs-1\/5\" css=\".vc_custom_1675969268171{padding-right: 0px !important;padding-left: 0px !important;}\"][vc_single_image image=\"51222\" img_size=\"full\"][\/vc_column_inner][vc_column_inner width=\"1\/2\" offset=\"vc_col-xs-3\/5\"][vc_column_text]<\/p>\r\n<h2 style=\"text-align: center;\">Wie k\u00f6nnen wir Sie bei Ihrer Forschungsarbeit unterst\u00fctzen?<\/h2>\r\n<p>[\/vc_column_text][vc_btn title=\"Kontaktaufnahme\" align=\"center\" el_class=\"getintouch\" link=\"url:https%3A%2F%2Fsago.com%2Fde%2Fkontakt%2F|title:Get%20in%20touch\"][\/vc_column_inner][vc_column_inner width=\"1\/4\" offset=\"vc_col-xs-1\/5\" css=\".vc_custom_1675969278597{padding-right: 0px !important;padding-left: 0px !important;}\"][vc_single_image image=\"51226\" img_size=\"full\" alignment=\"right\" css=\".vc_custom_1676239706215{padding-right: 0px !important;}\"][\/vc_column_inner][\/vc_row_inner][\/vc_column][\/vc_row]<\/div>[\/vc_column][\/vc_row][vc_column][\/vc_column]<\/p>\n<\/div>","protected":false},"excerpt":{"rendered":"<p>[vc_row section_skin=&#8220;quaternary&#8220; animation_type=&#8220;fadeInUp&#8220; css=&#8220;.vc_custom_1676653042688{padding-top: 50px !important;padding-bottom: 50px !important;}&#8220; conditional_render=&#8220;%5B%7B%22value_role%22%3A%22administrator%22%7D%5D&#8220;][vc_column conditional_render=&#8220;%5B%7B%22value_role%22%3A%22administrator%22%7D%5D&#8220;][vc_column_text] Wie k\u00f6nnen wir Sie dabei unterst\u00fctzen, mit Ihrer Zielgruppe in Kontakt zu treten? [\/vc_column_text][vc_row_inner equal_height=&#8220;yes&#8220; css=&#8220;.vc_custom_1676920495607{padding-top: 25px !important;}&#8220;][vc_column_inner width=&#8220;1\/3&#8243;][vc_column_text el_class=&#8220;sago-green-block&#8220;] Sago Panel Es ist uns wichtig, Zugang zu einem breiten Pool von Probanden zu erhalten, aus dem wir Ihre Daten erheben k\u00f6nnen. Dazu nutzen wir [&hellip;]<\/p>\n","protected":false},"author":6,"featured_media":49555,"parent":7204,"menu_order":0,"comment_status":"closed","ping_status":"closed","template":"solutions-page.php","meta":{"_acf_changed":false,"content-type":"","footnotes":""},"categories":[],"tags":[],"city":[],"class_list":["post-51013","page","type-page","status-publish","has-post-thumbnail","hentry"],"acf":[],"yoast_head":"<!-- This site is optimized with the Yoast SEO Premium plugin v19.7 (Yoast SEO v27.3) - https:\/\/yoast.com\/product\/yoast-seo-premium-wordpress\/ -->\n<title>Verbinden Sie sich mit Ihren Kunden | Zielgruppen<\/title>\n<meta name=\"description\" content=\"Sago verbindet Sie schnell und einfach mit spezifischen Zielgruppen f\u00fcr Ihre Marktforschung.\" \/>\n<meta name=\"robots\" content=\"noindex, follow, max-snippet:-1, max-image-preview:large, max-video-preview:-1\" \/>\n<meta property=\"og:locale\" content=\"de_DE\" \/>\n<meta property=\"og:type\" content=\"article\" \/>\n<meta property=\"og:title\" content=\"Zielgruppe\" \/>\n<meta property=\"og:description\" content=\"Sago verbindet Sie schnell und einfach mit spezifischen Zielgruppen f\u00fcr Ihre Marktforschung.\" \/>\n<meta property=\"og:url\" content=\"https:\/\/staging.sago.com\/de\/losungen\/zielgruppe\/\" \/>\n<meta property=\"og:site_name\" content=\"Sago\" \/>\n<meta property=\"article:publisher\" content=\"https:\/\/www.facebook.com\/sagomrx\" \/>\n<meta property=\"article:modified_time\" content=\"2023-03-01T03:48:22+00:00\" \/>\n<meta property=\"og:image\" content=\"https:\/\/staging.sago.com\/wp-content\/uploads\/2023\/01\/Simplify-Your-Research-Connections-with-Methodify.png\" \/>\n\t<meta property=\"og:image:width\" content=\"800\" \/>\n\t<meta property=\"og:image:height\" content=\"533\" \/>\n\t<meta property=\"og:image:type\" content=\"image\/png\" \/>\n<meta name=\"twitter:card\" content=\"summary_large_image\" \/>\n<meta name=\"twitter:site\" content=\"@sagomrx\" \/>\n<meta name=\"twitter:label1\" content=\"Gesch\u00e4tzte Lesezeit\" \/>\n\t<meta name=\"twitter:data1\" content=\"2\u00a0Minuten\" \/>\n<script type=\"application\/ld+json\" class=\"yoast-schema-graph\">{\"@context\":\"https:\\\/\\\/schema.org\",\"@graph\":[{\"@type\":\"WebPage\",\"@id\":\"https:\\\/\\\/staging.sago.com\\\/de\\\/losungen\\\/zielgruppe\\\/\",\"url\":\"https:\\\/\\\/staging.sago.com\\\/de\\\/losungen\\\/zielgruppe\\\/\",\"name\":\"Verbinden Sie sich mit Ihren Kunden | Zielgruppen\",\"isPartOf\":{\"@id\":\"https:\\\/\\\/staging.sago.com\\\/de\\\/#website\"},\"primaryImageOfPage\":{\"@id\":\"https:\\\/\\\/staging.sago.com\\\/de\\\/losungen\\\/zielgruppe\\\/#primaryimage\"},\"image\":{\"@id\":\"https:\\\/\\\/staging.sago.com\\\/de\\\/losungen\\\/zielgruppe\\\/#primaryimage\"},\"thumbnailUrl\":\"https:\\\/\\\/staging.sago.com\\\/wp-content\\\/uploads\\\/2023\\\/01\\\/Simplify-Your-Research-Connections-with-Methodify.png\",\"datePublished\":\"2023-02-03T14:58:26+00:00\",\"dateModified\":\"2023-03-01T03:48:22+00:00\",\"description\":\"Sago verbindet Sie schnell und einfach mit spezifischen Zielgruppen f\u00fcr Ihre Marktforschung.\",\"breadcrumb\":{\"@id\":\"https:\\\/\\\/staging.sago.com\\\/de\\\/losungen\\\/zielgruppe\\\/#breadcrumb\"},\"inLanguage\":\"de\",\"potentialAction\":[{\"@type\":\"ReadAction\",\"target\":[\"https:\\\/\\\/staging.sago.com\\\/de\\\/losungen\\\/zielgruppe\\\/\"]}]},{\"@type\":\"ImageObject\",\"inLanguage\":\"de\",\"@id\":\"https:\\\/\\\/staging.sago.com\\\/de\\\/losungen\\\/zielgruppe\\\/#primaryimage\",\"url\":\"https:\\\/\\\/staging.sago.com\\\/wp-content\\\/uploads\\\/2023\\\/01\\\/Simplify-Your-Research-Connections-with-Methodify.png\",\"contentUrl\":\"https:\\\/\\\/staging.sago.com\\\/wp-content\\\/uploads\\\/2023\\\/01\\\/Simplify-Your-Research-Connections-with-Methodify.png\",\"width\":800,\"height\":533,\"caption\":\"Simplify Your Research Connections with Methodify\"},{\"@type\":\"BreadcrumbList\",\"@id\":\"https:\\\/\\\/staging.sago.com\\\/de\\\/losungen\\\/zielgruppe\\\/#breadcrumb\",\"itemListElement\":[{\"@type\":\"ListItem\",\"position\":1,\"name\":\"Home\",\"item\":\"https:\\\/\\\/staging.sago.com\\\/de\\\/\"},{\"@type\":\"ListItem\",\"position\":2,\"name\":\"Zielgruppe\"}]},{\"@type\":\"WebSite\",\"@id\":\"https:\\\/\\\/staging.sago.com\\\/de\\\/#website\",\"url\":\"https:\\\/\\\/staging.sago.com\\\/de\\\/\",\"name\":\"Sago\",\"description\":\"Adaptable Solutions. Confident Decisions.\",\"publisher\":{\"@id\":\"https:\\\/\\\/staging.sago.com\\\/de\\\/#organization\"},\"potentialAction\":[{\"@type\":\"SearchAction\",\"target\":{\"@type\":\"EntryPoint\",\"urlTemplate\":\"https:\\\/\\\/staging.sago.com\\\/de\\\/?s={search_term_string}\"},\"query-input\":{\"@type\":\"PropertyValueSpecification\",\"valueRequired\":true,\"valueName\":\"search_term_string\"}}],\"inLanguage\":\"de\"},{\"@type\":\"Organization\",\"@id\":\"https:\\\/\\\/staging.sago.com\\\/de\\\/#organization\",\"name\":\"Sago\",\"url\":\"https:\\\/\\\/staging.sago.com\\\/de\\\/\",\"logo\":{\"@type\":\"ImageObject\",\"inLanguage\":\"de\",\"@id\":\"https:\\\/\\\/staging.sago.com\\\/de\\\/#\\\/schema\\\/logo\\\/image\\\/\",\"url\":\"https:\\\/\\\/3c98cd88ae.nxcli.io\\\/wp-content\\\/uploads\\\/2023\\\/02\\\/Sago-Standard-Logo.jpg\",\"contentUrl\":\"https:\\\/\\\/3c98cd88ae.nxcli.io\\\/wp-content\\\/uploads\\\/2023\\\/02\\\/Sago-Standard-Logo.jpg\",\"width\":200,\"height\":200,\"caption\":\"Sago\"},\"image\":{\"@id\":\"https:\\\/\\\/staging.sago.com\\\/de\\\/#\\\/schema\\\/logo\\\/image\\\/\"},\"sameAs\":[\"https:\\\/\\\/www.facebook.com\\\/sagomrx\",\"https:\\\/\\\/x.com\\\/sagomrx\",\"https:\\\/\\\/www.instagram.com\\\/sagomrx\\\/\",\"https:\\\/\\\/www.youtube.com\\\/@sago-mrx\",\"https:\\\/\\\/www.linkedin.com\\\/company\\\/sago-mrx\\\/\",\"https:\\\/\\\/vimeo.com\\\/sagomrx\"]}]}<\/script>\n<!-- \/ Yoast SEO Premium plugin. -->","yoast_head_json":{"title":"Verbinden Sie sich mit Ihren Kunden | Zielgruppen","description":"Sago verbindet Sie schnell und einfach mit spezifischen Zielgruppen f\u00fcr Ihre Marktforschung.","robots":{"index":"noindex","follow":"follow","max-snippet":"max-snippet:-1","max-image-preview":"max-image-preview:large","max-video-preview":"max-video-preview:-1"},"og_locale":"de_DE","og_type":"article","og_title":"Zielgruppe","og_description":"Sago verbindet Sie schnell und einfach mit spezifischen Zielgruppen f\u00fcr Ihre Marktforschung.","og_url":"https:\/\/staging.sago.com\/de\/losungen\/zielgruppe\/","og_site_name":"Sago","article_publisher":"https:\/\/www.facebook.com\/sagomrx","article_modified_time":"2023-03-01T03:48:22+00:00","og_image":[{"width":800,"height":533,"url":"https:\/\/staging.sago.com\/wp-content\/uploads\/2023\/01\/Simplify-Your-Research-Connections-with-Methodify.png","type":"image\/png"}],"twitter_card":"summary_large_image","twitter_site":"@sagomrx","twitter_misc":{"Gesch\u00e4tzte Lesezeit":"2\u00a0Minuten"},"schema":{"@context":"https:\/\/schema.org","@graph":[{"@type":"WebPage","@id":"https:\/\/staging.sago.com\/de\/losungen\/zielgruppe\/","url":"https:\/\/staging.sago.com\/de\/losungen\/zielgruppe\/","name":"Verbinden Sie sich mit Ihren Kunden | Zielgruppen","isPartOf":{"@id":"https:\/\/staging.sago.com\/de\/#website"},"primaryImageOfPage":{"@id":"https:\/\/staging.sago.com\/de\/losungen\/zielgruppe\/#primaryimage"},"image":{"@id":"https:\/\/staging.sago.com\/de\/losungen\/zielgruppe\/#primaryimage"},"thumbnailUrl":"https:\/\/staging.sago.com\/wp-content\/uploads\/2023\/01\/Simplify-Your-Research-Connections-with-Methodify.png","datePublished":"2023-02-03T14:58:26+00:00","dateModified":"2023-03-01T03:48:22+00:00","description":"Sago verbindet Sie schnell und einfach mit spezifischen Zielgruppen f\u00fcr Ihre Marktforschung.","breadcrumb":{"@id":"https:\/\/staging.sago.com\/de\/losungen\/zielgruppe\/#breadcrumb"},"inLanguage":"de","potentialAction":[{"@type":"ReadAction","target":["https:\/\/staging.sago.com\/de\/losungen\/zielgruppe\/"]}]},{"@type":"ImageObject","inLanguage":"de","@id":"https:\/\/staging.sago.com\/de\/losungen\/zielgruppe\/#primaryimage","url":"https:\/\/staging.sago.com\/wp-content\/uploads\/2023\/01\/Simplify-Your-Research-Connections-with-Methodify.png","contentUrl":"https:\/\/staging.sago.com\/wp-content\/uploads\/2023\/01\/Simplify-Your-Research-Connections-with-Methodify.png","width":800,"height":533,"caption":"Simplify Your Research Connections with Methodify"},{"@type":"BreadcrumbList","@id":"https:\/\/staging.sago.com\/de\/losungen\/zielgruppe\/#breadcrumb","itemListElement":[{"@type":"ListItem","position":1,"name":"Home","item":"https:\/\/staging.sago.com\/de\/"},{"@type":"ListItem","position":2,"name":"Zielgruppe"}]},{"@type":"WebSite","@id":"https:\/\/staging.sago.com\/de\/#website","url":"https:\/\/staging.sago.com\/de\/","name":"Sago","description":"Adaptable Solutions. Confident Decisions.","publisher":{"@id":"https:\/\/staging.sago.com\/de\/#organization"},"potentialAction":[{"@type":"SearchAction","target":{"@type":"EntryPoint","urlTemplate":"https:\/\/staging.sago.com\/de\/?s={search_term_string}"},"query-input":{"@type":"PropertyValueSpecification","valueRequired":true,"valueName":"search_term_string"}}],"inLanguage":"de"},{"@type":"Organization","@id":"https:\/\/staging.sago.com\/de\/#organization","name":"Sago","url":"https:\/\/staging.sago.com\/de\/","logo":{"@type":"ImageObject","inLanguage":"de","@id":"https:\/\/staging.sago.com\/de\/#\/schema\/logo\/image\/","url":"https:\/\/3c98cd88ae.nxcli.io\/wp-content\/uploads\/2023\/02\/Sago-Standard-Logo.jpg","contentUrl":"https:\/\/3c98cd88ae.nxcli.io\/wp-content\/uploads\/2023\/02\/Sago-Standard-Logo.jpg","width":200,"height":200,"caption":"Sago"},"image":{"@id":"https:\/\/staging.sago.com\/de\/#\/schema\/logo\/image\/"},"sameAs":["https:\/\/www.facebook.com\/sagomrx","https:\/\/x.com\/sagomrx","https:\/\/www.instagram.com\/sagomrx\/","https:\/\/www.youtube.com\/@sago-mrx","https:\/\/www.linkedin.com\/company\/sago-mrx\/","https:\/\/vimeo.com\/sagomrx"]}]}},"_links":{"self":[{"href":"https:\/\/staging.sago.com\/de\/wp-json\/wp\/v2\/pages\/51013","targetHints":{"allow":["GET"]}}],"collection":[{"href":"https:\/\/staging.sago.com\/de\/wp-json\/wp\/v2\/pages"}],"about":[{"href":"https:\/\/staging.sago.com\/de\/wp-json\/wp\/v2\/types\/page"}],"author":[{"embeddable":true,"href":"https:\/\/staging.sago.com\/de\/wp-json\/wp\/v2\/users\/6"}],"replies":[{"embeddable":true,"href":"https:\/\/staging.sago.com\/de\/wp-json\/wp\/v2\/comments?post=51013"}],"version-history":[{"count":0,"href":"https:\/\/staging.sago.com\/de\/wp-json\/wp\/v2\/pages\/51013\/revisions"}],"up":[{"embeddable":true,"href":"https:\/\/staging.sago.com\/de\/wp-json\/wp\/v2\/pages\/7204"}],"wp:featuredmedia":[{"embeddable":true,"href":"https:\/\/staging.sago.com\/de\/wp-json\/wp\/v2\/media\/49555"}],"wp:attachment":[{"href":"https:\/\/staging.sago.com\/de\/wp-json\/wp\/v2\/media?parent=51013"}],"wp:term":[{"taxonomy":"category","embeddable":true,"href":"https:\/\/staging.sago.com\/de\/wp-json\/wp\/v2\/categories?post=51013"},{"taxonomy":"post_tag","embeddable":true,"href":"https:\/\/staging.sago.com\/de\/wp-json\/wp\/v2\/tags?post=51013"},{"taxonomy":"city","embeddable":true,"href":"https:\/\/staging.sago.com\/de\/wp-json\/wp\/v2\/city?post=51013"}],"curies":[{"name":"wp","href":"https:\/\/api.w.org\/{rel}","templated":true}]}}